{"id":98,"date":"2020-02-19T21:35:00","date_gmt":"2020-02-20T03:35:00","guid":{"rendered":"https:\/\/sitios.iztacala.unam.mx\/redesenred\/?page_id=98"},"modified":"2025-08-14T12:44:13","modified_gmt":"2025-08-14T18:44:13","slug":"inicio-2","status":"publish","type":"page","link":"https:\/\/sitios.iztacala.unam.mx\/redesenred\/","title":{"rendered":"Inicio"},"content":{"rendered":"<div class=\"gb-container gb-container-f55f990e\">\n<div class=\"wp-block-image\">\n<figure class=\"aligncenter size-full is-resized\"><img loading=\"lazy\" decoding=\"async\" width=\"797\" height=\"930\" src=\"https:\/\/sitios.iztacala.unam.mx\/redesenred\/wp-content\/uploads\/sites\/25\/2024\/12\/rer-logo.png\" alt=\"\" class=\"wp-image-66\" style=\"width:155px;height:auto\" srcset=\"https:\/\/sitios.iztacala.unam.mx\/redesenred\/wp-content\/uploads\/sites\/25\/2024\/12\/rer-logo.png 797w, https:\/\/sitios.iztacala.unam.mx\/redesenred\/wp-content\/uploads\/sites\/25\/2024\/12\/rer-logo-257x300.png 257w, https:\/\/sitios.iztacala.unam.mx\/redesenred\/wp-content\/uploads\/sites\/25\/2024\/12\/rer-logo-768x896.png 768w\" sizes=\"auto, (max-width: 767px) 89vw, (max-width: 1000px) 54vw, (max-width: 1071px) 543px, 580px\" \/><\/figure>\n<\/div>\n<\/div>\n\n\n<p class=\"has-text-align-center\"><strong>Redes en Red &#8211; RER<\/strong><\/p>\n\n\n\n<p class=\"has-base-background-color has-background\">RER es una red de laboratorios y grupos que decidieron unir esfuerzos para colaborar en \u00e1reas de las ciencias sociales y las humanidades. <\/p>\n\n\n\n<hr class=\"wp-block-separator has-alpha-channel-opacity\" \/>\n\n\n<div class=\"gb-container gb-container-e24b1448\">\n<div class=\"gb-container gb-container-cdd5259f\">\n<div class=\"gb-container gb-container-265a6a7d\">\n\n<h2 class=\"gb-headline gb-headline-df479f46 gb-headline-text\">Publicaciones recientes<\/h2>\n\n<\/div>\n<\/div>\n\n<div class=\"gb-container gb-container-8c905691\">\n\n<div class=\"gb-grid-wrapper gb-grid-wrapper-f57578d4 gb-query-loop-wrapper\">\n<div class=\"gb-grid-column gb-grid-column-92cc9f8d gb-query-loop-item post-832 post type-post status-publish format-standard hentry category-cartas-descriptivas tag-2024-1 tag-8vo-semestre tag-adriana-hernandez-gomez tag-iztasocial\"><div class=\"gb-container gb-container-92cc9f8d\">\n<h3 class=\"gb-headline gb-headline-b4bb835d gb-headline-text\"><a href=\"https:\/\/sitios.iztacala.unam.mx\/redesenred\/2026\/02\/19\/carta-descriptiva-investigacion-en-psicologia-clinica-2024-1-2\/\">Carta Descriptiva. Investigaci\u00f3n en Psicolog\u00eda Cl\u00ednica. 2024-1<\/a><\/h3>\n\n<div class=\"gb-headline gb-headline-9b7faf81 gb-headline-text\">PAPIME &lt;PE307825&gt; Red social disciplinar como recurso did\u00e1ctico para la ense\u00f1anza de la psicolog\u00eda en l\u00ednea. Informaci\u00f3n general de la asignatura y actividades relacionadas &#8230;<\/div>\n\n<div class=\"gb-headline gb-headline-cb4c7230 gb-headline-text\"><span class=\"post-term-item term-cartas-descriptivas\">Cartas Descriptivas<\/span><\/div>\n<\/div><\/div>\n\n<div class=\"gb-grid-column gb-grid-column-92cc9f8d gb-query-loop-item post-829 post type-post status-publish format-standard hentry category-cartas-descriptivas tag-2023-1 tag-8vo-semestre tag-adriana-hernandez-gomez tag-iztasocial\"><div class=\"gb-container gb-container-92cc9f8d\">\n<h3 class=\"gb-headline gb-headline-b4bb835d gb-headline-text\"><a href=\"https:\/\/sitios.iztacala.unam.mx\/redesenred\/2026\/02\/19\/carta-descriptiva-investigacion-en-psicologia-clinica-2023-1\/\">Carta Descriptiva. Investigaci\u00f3n en Psicolog\u00eda Cl\u00ednica. 2023-1<\/a><\/h3>\n\n<div class=\"gb-headline gb-headline-9b7faf81 gb-headline-text\">PAPIME &lt;PE307825&gt; Red social disciplinar como recurso did\u00e1ctico para la ense\u00f1anza de la psicolog\u00eda en l\u00ednea. Informaci\u00f3n general de la asignatura y actividades relacionadas &#8230;<\/div>\n\n<div class=\"gb-headline gb-headline-cb4c7230 gb-headline-text\"><span class=\"post-term-item term-cartas-descriptivas\">Cartas Descriptivas<\/span><\/div>\n<\/div><\/div>\n\n<div class=\"gb-grid-column gb-grid-column-92cc9f8d gb-query-loop-item post-826 post type-post status-publish format-standard hentry category-cartas-descriptivas tag-2025-1 tag-3er-semestre tag-adriana-hernandez-gomez tag-iztasocial\"><div class=\"gb-container gb-container-92cc9f8d\">\n<h3 class=\"gb-headline gb-headline-b4bb835d gb-headline-text\"><a href=\"https:\/\/sitios.iztacala.unam.mx\/redesenred\/2026\/02\/19\/carta-descriptiva-la-investigacion-social-2025-1\/\">Carta Descriptiva. La investigaci\u00f3n social. 2025-1<\/a><\/h3>\n\n<div class=\"gb-headline gb-headline-9b7faf81 gb-headline-text\">PAPIME &lt;PE307825&gt; Red social disciplinar como recurso did\u00e1ctico para la ense\u00f1anza de la psicolog\u00eda en l\u00ednea. Informaci\u00f3n general de la asignatura y actividades relacionadas &#8230;<\/div>\n\n<div class=\"gb-headline gb-headline-cb4c7230 gb-headline-text\"><span class=\"post-term-item term-cartas-descriptivas\">Cartas Descriptivas<\/span><\/div>\n<\/div><\/div>\n\n<div class=\"gb-grid-column gb-grid-column-92cc9f8d gb-query-loop-item post-823 post type-post status-publish format-standard hentry category-cartas-descriptivas tag-2024-1 tag-3er-semestre tag-adriana-hernandez-gomez tag-iztasocial\"><div class=\"gb-container gb-container-92cc9f8d\">\n<h3 class=\"gb-headline gb-headline-b4bb835d gb-headline-text\"><a href=\"https:\/\/sitios.iztacala.unam.mx\/redesenred\/2026\/02\/19\/carta-descriptiva-investigaciones-cualitativas-en-el-estudio-de-lo-psicosocial-2024-1\/\">Carta Descriptiva. Investigaciones cualitativas en el estudio de lo Psicosocial. 2024-1<\/a><\/h3>\n\n<div class=\"gb-headline gb-headline-9b7faf81 gb-headline-text\">PAPIME &lt;PE307825&gt; Red social disciplinar como recurso did\u00e1ctico para la ense\u00f1anza de la psicolog\u00eda en l\u00ednea. Informaci\u00f3n general de la asignatura y actividades relacionadas &#8230;<\/div>\n\n<div class=\"gb-headline gb-headline-cb4c7230 gb-headline-text\"><span class=\"post-term-item term-cartas-descriptivas\">Cartas Descriptivas<\/span><\/div>\n<\/div><\/div>\n\n<div class=\"gb-grid-column gb-grid-column-92cc9f8d gb-query-loop-item post-820 post type-post status-publish format-standard hentry category-cartas-descriptivas tag-2023-1 tag-3er-semestre tag-adriana-hernandez-gomez tag-iztasocial\"><div class=\"gb-container gb-container-92cc9f8d\">\n<h3 class=\"gb-headline gb-headline-b4bb835d gb-headline-text\"><a href=\"https:\/\/sitios.iztacala.unam.mx\/redesenred\/2026\/02\/19\/carta-descriptiva-investigaciones-cualitativas-en-el-estudio-de-lo-psicosocial\/\">Carta Descriptiva. Investigaciones cualitativas en el estudio de lo Psicosocial.<\/a><\/h3>\n\n<div class=\"gb-headline gb-headline-9b7faf81 gb-headline-text\">PAPIME &lt;PE307825&gt; Red social disciplinar como recurso did\u00e1ctico para la ense\u00f1anza de la psicolog\u00eda en l\u00ednea. Informaci\u00f3n general de la asignatura y actividades relacionadas &#8230;<\/div>\n\n<div class=\"gb-headline gb-headline-cb4c7230 gb-headline-text\"><span class=\"post-term-item term-cartas-descriptivas\">Cartas Descriptivas<\/span><\/div>\n<\/div><\/div>\n\n<div class=\"gb-grid-column gb-grid-column-92cc9f8d gb-query-loop-item post-817 post type-post status-publish format-standard hentry category-cartas-descriptivas tag-2022-1 tag-3er-semestre tag-adriana-hernandez-gomez tag-iztasocial\"><div class=\"gb-container gb-container-92cc9f8d\">\n<h3 class=\"gb-headline gb-headline-b4bb835d gb-headline-text\"><a href=\"https:\/\/sitios.iztacala.unam.mx\/redesenred\/2026\/02\/19\/carta-descriptiva-investigacion-intervencion-2022-1\/\">Carta Descriptiva. Investigaci\u00f3n-Intervenci\u00f3n. 2022-1<\/a><\/h3>\n\n<div class=\"gb-headline gb-headline-9b7faf81 gb-headline-text\">PAPIME &lt;PE307825&gt; Red social disciplinar como recurso did\u00e1ctico para la ense\u00f1anza de la psicolog\u00eda en l\u00ednea. Informaci\u00f3n general de la asignatura y actividades relacionadas &#8230;<\/div>\n\n<div class=\"gb-headline gb-headline-cb4c7230 gb-headline-text\"><span class=\"post-term-item term-cartas-descriptivas\">Cartas Descriptivas<\/span><\/div>\n<\/div><\/div>\n<\/div>\n\n<\/div>\n<\/div>\n\n<p class=\"wp-block-tag-cloud\"><a href=\"https:\/\/sitios.iztacala.unam.mx\/redesenred\/tag\/1er-semestre\/\" class=\"tag-cloud-link tag-link-52 tag-link-position-1\" style=\"font-size: 10.258064516129pt;\" aria-label=\"1er semestre (3 elementos)\">1er semestre<\/a>\n<a href=\"https:\/\/sitios.iztacala.unam.mx\/redesenred\/tag\/2do-semestre\/\" class=\"tag-cloud-link tag-link-60 tag-link-position-2\" style=\"font-size: 11.612903225806pt;\" aria-label=\"2do semestre (5 elementos)\">2do semestre<\/a>\n<a href=\"https:\/\/sitios.iztacala.unam.mx\/redesenred\/tag\/3er-semestre\/\" class=\"tag-cloud-link tag-link-66 tag-link-position-3\" style=\"font-size: 15.978494623656pt;\" aria-label=\"3er semestre (22 elementos)\">3er semestre<\/a>\n<a href=\"https:\/\/sitios.iztacala.unam.mx\/redesenred\/tag\/4to-semestre\/\" class=\"tag-cloud-link tag-link-61 tag-link-position-4\" style=\"font-size: 11.010752688172pt;\" aria-label=\"4to semestre (4 elementos)\">4to semestre<\/a>\n<a href=\"https:\/\/sitios.iztacala.unam.mx\/redesenred\/tag\/5to-semestre\/\" class=\"tag-cloud-link tag-link-78 tag-link-position-5\" style=\"font-size: 12.139784946237pt;\" aria-label=\"5to semestre (6 elementos)\">5to semestre<\/a>\n<a href=\"https:\/\/sitios.iztacala.unam.mx\/redesenred\/tag\/6to-semestre\/\" class=\"tag-cloud-link tag-link-55 tag-link-position-6\" style=\"font-size: 14.623655913978pt;\" aria-label=\"6to semestre (14 elementos)\">6to semestre<\/a>\n<a href=\"https:\/\/sitios.iztacala.unam.mx\/redesenred\/tag\/7mo-semestre\/\" class=\"tag-cloud-link tag-link-77 tag-link-position-7\" style=\"font-size: 13.569892473118pt;\" aria-label=\"7mo semestre (10 elementos)\">7mo semestre<\/a>\n<a href=\"https:\/\/sitios.iztacala.unam.mx\/redesenred\/tag\/8vo-semestre\/\" class=\"tag-cloud-link tag-link-70 tag-link-position-8\" style=\"font-size: 16.505376344086pt;\" aria-label=\"8vo semestre (26 elementos)\">8vo semestre<\/a>\n<a href=\"https:\/\/sitios.iztacala.unam.mx\/redesenred\/tag\/2021-1\/\" class=\"tag-cloud-link tag-link-73 tag-link-position-9\" style=\"font-size: 11.612903225806pt;\" aria-label=\"2021-1 (5 elementos)\">2021-1<\/a>\n<a href=\"https:\/\/sitios.iztacala.unam.mx\/redesenred\/tag\/2021-2\/\" class=\"tag-cloud-link tag-link-74 tag-link-position-10\" style=\"font-size: 11.612903225806pt;\" aria-label=\"2021-2 (5 elementos)\">2021-2<\/a>\n<a href=\"https:\/\/sitios.iztacala.unam.mx\/redesenred\/tag\/2022-1\/\" class=\"tag-cloud-link tag-link-72 tag-link-position-11\" style=\"font-size: 12.139784946237pt;\" aria-label=\"2022-1 (6 elementos)\">2022-1<\/a>\n<a href=\"https:\/\/sitios.iztacala.unam.mx\/redesenred\/tag\/2022-2\/\" class=\"tag-cloud-link tag-link-75 tag-link-position-12\" style=\"font-size: 12.516129032258pt;\" aria-label=\"2022-2 (7 elementos)\">2022-2<\/a>\n<a href=\"https:\/\/sitios.iztacala.unam.mx\/redesenred\/tag\/2023-1\/\" class=\"tag-cloud-link tag-link-76 tag-link-position-13\" style=\"font-size: 12.139784946237pt;\" aria-label=\"2023-1 (6 elementos)\">2023-1<\/a>\n<a href=\"https:\/\/sitios.iztacala.unam.mx\/redesenred\/tag\/2023-2\/\" class=\"tag-cloud-link tag-link-56 tag-link-position-14\" style=\"font-size: 14.623655913978pt;\" aria-label=\"2023-2 (14 elementos)\">2023-2<\/a>\n<a href=\"https:\/\/sitios.iztacala.unam.mx\/redesenred\/tag\/2024-1\/\" class=\"tag-cloud-link tag-link-64 tag-link-position-15\" style=\"font-size: 14.623655913978pt;\" aria-label=\"2024-1 (14 elementos)\">2024-1<\/a>\n<a href=\"https:\/\/sitios.iztacala.unam.mx\/redesenred\/tag\/2024-2\/\" class=\"tag-cloud-link tag-link-71 tag-link-position-16\" style=\"font-size: 12.139784946237pt;\" aria-label=\"2024-2 (6 elementos)\">2024-2<\/a>\n<a href=\"https:\/\/sitios.iztacala.unam.mx\/redesenred\/tag\/2025-1\/\" class=\"tag-cloud-link tag-link-68 tag-link-position-17\" style=\"font-size: 13.870967741935pt;\" aria-label=\"2025-1 (11 elementos)\">2025-1<\/a>\n<a href=\"https:\/\/sitios.iztacala.unam.mx\/redesenred\/tag\/2025-2\/\" class=\"tag-cloud-link tag-link-53 tag-link-position-18\" style=\"font-size: 14.774193548387pt;\" aria-label=\"2025-2 (15 elementos)\">2025-2<\/a>\n<a href=\"https:\/\/sitios.iztacala.unam.mx\/redesenred\/tag\/2026-1\/\" class=\"tag-cloud-link tag-link-79 tag-link-position-19\" style=\"font-size: 8pt;\" aria-label=\"2026-1 (1 elemento)\">2026-1<\/a>\n<a href=\"https:\/\/sitios.iztacala.unam.mx\/redesenred\/tag\/adriana-hernandez-gomez\/\" class=\"tag-cloud-link tag-link-46 tag-link-position-20\" style=\"font-size: 17.10752688172pt;\" aria-label=\"Adriana Hern\u00e1ndez G\u00f3mez (31 elementos)\">Adriana Hern\u00e1ndez G\u00f3mez<\/a>\n<a href=\"https:\/\/sitios.iztacala.unam.mx\/redesenred\/tag\/alumnos\/\" class=\"tag-cloud-link tag-link-23 tag-link-position-21\" style=\"font-size: 9.3548387096774pt;\" aria-label=\"Alumnos (2 elementos)\">Alumnos<\/a>\n<a href=\"https:\/\/sitios.iztacala.unam.mx\/redesenred\/tag\/angie-ximena-valles-ramirez-2\/\" class=\"tag-cloud-link tag-link-39 tag-link-position-22\" style=\"font-size: 13.268817204301pt;\" aria-label=\"Angie Ximena Valles Ram\u00edrez (9 elementos)\">Angie Ximena Valles Ram\u00edrez<\/a>\n<a href=\"https:\/\/sitios.iztacala.unam.mx\/redesenred\/tag\/blanca-delia-arias-garcia\/\" class=\"tag-cloud-link tag-link-47 tag-link-position-23\" style=\"font-size: 11.612903225806pt;\" aria-label=\"Blanca Delia Arias Garc\u00eda (5 elementos)\">Blanca Delia Arias Garc\u00eda<\/a>\n<a href=\"https:\/\/sitios.iztacala.unam.mx\/redesenred\/tag\/divulgacion\/\" class=\"tag-cloud-link tag-link-19 tag-link-position-24\" style=\"font-size: 8pt;\" aria-label=\"Divulgaci\u00f3n (1 elemento)\">Divulgaci\u00f3n<\/a>\n<a href=\"https:\/\/sitios.iztacala.unam.mx\/redesenred\/tag\/edith-gonzalez-santiago\/\" class=\"tag-cloud-link tag-link-37 tag-link-position-25\" style=\"font-size: 14.623655913978pt;\" aria-label=\"Edith Gonz\u00e1lez Santiago (14 elementos)\">Edith Gonz\u00e1lez Santiago<\/a>\n<a href=\"https:\/\/sitios.iztacala.unam.mx\/redesenred\/tag\/educacion\/\" class=\"tag-cloud-link tag-link-20 tag-link-position-26\" style=\"font-size: 12.139784946237pt;\" aria-label=\"Educaci\u00f3n (6 elementos)\">Educaci\u00f3n<\/a>\n<a href=\"https:\/\/sitios.iztacala.unam.mx\/redesenred\/tag\/efrain-trejo-diaz\/\" class=\"tag-cloud-link tag-link-41 tag-link-position-27\" style=\"font-size: 11.612903225806pt;\" aria-label=\"Efra\u00edn Trejo D\u00edaz (5 elementos)\">Efra\u00edn Trejo D\u00edaz<\/a>\n<a href=\"https:\/\/sitios.iztacala.unam.mx\/redesenred\/tag\/eventos\/\" class=\"tag-cloud-link tag-link-51 tag-link-position-28\" style=\"font-size: 8pt;\" aria-label=\"Eventos (1 elemento)\">Eventos<\/a>\n<a href=\"https:\/\/sitios.iztacala.unam.mx\/redesenred\/tag\/fediverse\/\" class=\"tag-cloud-link tag-link-4 tag-link-position-29\" style=\"font-size: 13.569892473118pt;\" aria-label=\"fediverse (10 elementos)\">fediverse<\/a>\n<a href=\"https:\/\/sitios.iztacala.unam.mx\/redesenred\/tag\/fediverso\/\" class=\"tag-cloud-link tag-link-5 tag-link-position-30\" style=\"font-size: 15pt;\" aria-label=\"fediverso (16 elementos)\">fediverso<\/a>\n<a href=\"https:\/\/sitios.iztacala.unam.mx\/redesenred\/tag\/iztasocial\/\" class=\"tag-cloud-link tag-link-6 tag-link-position-31\" style=\"font-size: 22pt;\" aria-label=\"iztasocial (145 elementos)\">iztasocial<\/a>\n<a href=\"https:\/\/sitios.iztacala.unam.mx\/redesenred\/tag\/javier-dario-rios-castillo\/\" class=\"tag-cloud-link tag-link-50 tag-link-position-32\" style=\"font-size: 12.516129032258pt;\" aria-label=\"Javier Dar\u00edo R\u00edos Castillo (7 elementos)\">Javier Dar\u00edo R\u00edos Castillo<\/a>\n<a href=\"https:\/\/sitios.iztacala.unam.mx\/redesenred\/tag\/jessica-gomez-rodriguez\/\" class=\"tag-cloud-link tag-link-36 tag-link-position-33\" style=\"font-size: 9.3548387096774pt;\" aria-label=\"Jessica G\u00f3mez Rodr\u00edguez (2 elementos)\">Jessica G\u00f3mez Rodr\u00edguez<\/a>\n<a href=\"https:\/\/sitios.iztacala.unam.mx\/redesenred\/tag\/jose-manuel-meza-cano\/\" class=\"tag-cloud-link tag-link-45 tag-link-position-34\" style=\"font-size: 15.52688172043pt;\" aria-label=\"Jos\u00e9 Manuel Meza Cano (19 elementos)\">Jos\u00e9 Manuel Meza Cano<\/a>\n<a href=\"https:\/\/sitios.iztacala.unam.mx\/redesenred\/tag\/judith-rivera-banos\/\" class=\"tag-cloud-link tag-link-48 tag-link-position-35\" style=\"font-size: 16.279569892473pt;\" aria-label=\"Judith Rivera Ba\u00f1os (24 elementos)\">Judith Rivera Ba\u00f1os<\/a>\n<a href=\"https:\/\/sitios.iztacala.unam.mx\/redesenred\/tag\/manuscrito-recepcional\/\" class=\"tag-cloud-link tag-link-22 tag-link-position-36\" style=\"font-size: 14.623655913978pt;\" aria-label=\"Manuscrito recepcional (14 elementos)\">Manuscrito recepcional<\/a>\n<a href=\"https:\/\/sitios.iztacala.unam.mx\/redesenred\/tag\/maria-arantxa-elizarraras-rios\/\" class=\"tag-cloud-link tag-link-42 tag-link-position-37\" style=\"font-size: 12.139784946237pt;\" aria-label=\"Maria Arantxa Elizarraras R\u00edos (6 elementos)\">Maria Arantxa Elizarraras R\u00edos<\/a>\n<a href=\"https:\/\/sitios.iztacala.unam.mx\/redesenred\/tag\/maria-fernanda-lozano-quiroz-2\/\" class=\"tag-cloud-link tag-link-80 tag-link-position-38\" style=\"font-size: 9.3548387096774pt;\" aria-label=\"Maria Fernanda Lozano Quiroz (2 elementos)\">Maria Fernanda Lozano Quiroz<\/a>\n<a href=\"https:\/\/sitios.iztacala.unam.mx\/redesenred\/tag\/mario-ernesto-morales-ruiz-2\/\" class=\"tag-cloud-link tag-link-44 tag-link-position-39\" style=\"font-size: 10.258064516129pt;\" aria-label=\"Mario Ernesto Morales Ruiz (3 elementos)\">Mario Ernesto Morales Ruiz<\/a>\n<a href=\"https:\/\/sitios.iztacala.unam.mx\/redesenred\/tag\/mastodon\/\" class=\"tag-cloud-link tag-link-7 tag-link-position-40\" style=\"font-size: 14.096774193548pt;\" aria-label=\"mastodon (12 elementos)\">mastodon<\/a>\n<a href=\"https:\/\/sitios.iztacala.unam.mx\/redesenred\/tag\/planeacion\/\" class=\"tag-cloud-link tag-link-21 tag-link-position-41\" style=\"font-size: 11.612903225806pt;\" aria-label=\"planeaci\u00f3n (5 elementos)\">planeaci\u00f3n<\/a>\n<a href=\"https:\/\/sitios.iztacala.unam.mx\/redesenred\/tag\/psicologia\/\" class=\"tag-cloud-link tag-link-13 tag-link-position-42\" style=\"font-size: 18.387096774194pt;\" aria-label=\"Psicolog\u00eda (47 elementos)\">Psicolog\u00eda<\/a>\n<a href=\"https:\/\/sitios.iztacala.unam.mx\/redesenred\/tag\/rodrigo-daniel-medrano-figueroa\/\" class=\"tag-cloud-link tag-link-40 tag-link-position-43\" style=\"font-size: 10.258064516129pt;\" aria-label=\"Rodrigo Daniel Medrano Figueroa (3 elementos)\">Rodrigo Daniel Medrano Figueroa<\/a>\n<a href=\"https:\/\/sitios.iztacala.unam.mx\/redesenred\/tag\/rubrica\/\" class=\"tag-cloud-link tag-link-24 tag-link-position-44\" style=\"font-size: 8pt;\" aria-label=\"R\u00fabrica (1 elemento)\">R\u00fabrica<\/a>\n<a href=\"https:\/\/sitios.iztacala.unam.mx\/redesenred\/tag\/unam\/\" class=\"tag-cloud-link tag-link-12 tag-link-position-45\" style=\"font-size: 18.236559139785pt;\" aria-label=\"UNAM (45 elementos)\">UNAM<\/a><\/p>\n\n\n<p><\/p>\n","protected":false},"excerpt":{"rendered":"<p>Redes en Red &#8211; RER RER es una red de laboratorios y grupos que decidieron unir esfuerzos para colaborar en \u00e1reas de las ciencias sociales y las humanidades. Publicaciones recientes<\/p>\n","protected":false},"author":26,"featured_media":0,"parent":0,"menu_order":0,"comment_status":"closed","ping_status":"closed","template":"","meta":{"footnotes":""},"class_list":["post-98","page","type-page","status-publish","hentry"],"jetpack_sharing_enabled":true,"_links":{"self":[{"href":"https:\/\/sitios.iztacala.unam.mx\/redesenred\/wp-json\/wp\/v2\/pages\/98","targetHints":{"allow":["GET"]}}],"collection":[{"href":"https:\/\/sitios.iztacala.unam.mx\/redesenred\/wp-json\/wp\/v2\/pages"}],"about":[{"href":"https:\/\/sitios.iztacala.unam.mx\/redesenred\/wp-json\/wp\/v2\/types\/page"}],"author":[{"embeddable":true,"href":"https:\/\/sitios.iztacala.unam.mx\/redesenred\/wp-json\/wp\/v2\/users\/26"}],"replies":[{"embeddable":true,"href":"https:\/\/sitios.iztacala.unam.mx\/redesenred\/wp-json\/wp\/v2\/comments?post=98"}],"version-history":[{"count":23,"href":"https:\/\/sitios.iztacala.unam.mx\/redesenred\/wp-json\/wp\/v2\/pages\/98\/revisions"}],"predecessor-version":[{"id":258,"href":"https:\/\/sitios.iztacala.unam.mx\/redesenred\/wp-json\/wp\/v2\/pages\/98\/revisions\/258"}],"wp:attachment":[{"href":"https:\/\/sitios.iztacala.unam.mx\/redesenred\/wp-json\/wp\/v2\/media?parent=98"}],"curies":[{"name":"wp","href":"https:\/\/api.w.org\/{rel}","templated":true}]}}