{"id":7,"date":"2024-02-01T19:49:24","date_gmt":"2024-02-01T19:49:24","guid":{"rendered":"https:\/\/sitios.iztacala.unam.mx\/redesenred\/?page_id=7"},"modified":"2025-08-11T12:51:27","modified_gmt":"2025-08-11T18:51:27","slug":"red-hobos","status":"publish","type":"page","link":"https:\/\/sitios.iztacala.unam.mx\/redesenred\/red-hobos\/","title":{"rendered":"Red Hobos"},"content":{"rendered":"\n<figure class=\"wp-block-image size-full\"><img loading=\"lazy\" decoding=\"async\" width=\"320\" height=\"100\" src=\"https:\/\/sitios.iztacala.unam.mx\/redesenred\/wp-content\/uploads\/sites\/25\/2024\/11\/hoboslogored.png\" alt=\"hobos\" class=\"wp-image-59\" srcset=\"https:\/\/sitios.iztacala.unam.mx\/redesenred\/wp-content\/uploads\/sites\/25\/2024\/11\/hoboslogored.png 320w, https:\/\/sitios.iztacala.unam.mx\/redesenred\/wp-content\/uploads\/sites\/25\/2024\/11\/hoboslogored-300x94.png 300w\" sizes=\"auto, (max-width: 320px) 100vw, 320px\" \/><\/figure>\n\n\n\n<p>Somos una red de profesores que estamos f\u00edsicamente en muchos lugares, vamos cambiando constantemente.<\/p>\n\n\n\n<p>Trabajamos en este grupo, pero tambi\u00e9n en otros grupos, hoy estamos aqu\u00ed, colaborando, ma\u00f1ana tal vez colaboremos con otros grupos.<\/p>\n\n\n\n<p>Se trata de un grupo con relaciones abiertas y l\u00edmites difusos entre los miembros.<\/p>\n\n\n\n<p>Nos dedicamos principalmente a educaci\u00f3n con tecnolog\u00eda en \u00e1reas como: psicolog\u00eda, sexualidad, redes sociales, conocimiento de internet, nuevas literacidades, desinformaci\u00f3n y noticias falsas, toma de decisiones morales, entre otras.<\/p>\n\n\n\n<p><strong>Miembros<\/strong><\/p>\n\n\n\n<p>Dr. Jos\u00e9 Manuel Meza Cano<\/p>\n\n\n\n<p>Mtra. Edith Gonz\u00e1lez Santiago<\/p>\n\n\n\n<p>Mtra. Mariana Ca\u00f1izales Espinosa<\/p>\n\n\n\n<p>Dr. Mario Ernesto Morales Ruiz<\/p>\n\n\n\n<p>Mtra. Karla Mar\u00eda Gonz\u00e1lez Mancera<\/p>\n\n\n\n<p>Lic. Efra\u00edn Trejo D\u00edaz<\/p>\n\n\n\n<p>Lic. Leticia B\u00e1ez P\u00e9rez<\/p>\n\n\n\n<p>Lic. Ma. Del Carmen Vargas Flores<\/p>\n\n\n\n<p>Dra. Laura In\u00e9s Ram\u00edrez Hern\u00e1ndez<\/p>\n\n\n\n<p>Mtra. Pamela Vanessa Rub\u00ed Hern\u00e1ndez Amezcua<\/p>\n\n\n\n<p>Lic. V\u00edctor Eduardo Salas Garc\u00eda<\/p>\n\n\n\n<figure class=\"wp-block-gallery has-nested-images columns-default is-cropped wp-block-gallery-1 is-layout-flex wp-block-gallery-is-layout-flex\"><\/figure>\n","protected":false},"excerpt":{"rendered":"<p>Somos una red de profesores que estamos f\u00edsicamente en muchos lugares, vamos cambiando constantemente. Trabajamos en este grupo, pero tambi\u00e9n en otros grupos, hoy estamos aqu\u00ed, colaborando, ma\u00f1ana tal vez colaboremos con otros grupos. Se trata de un grupo con relaciones abiertas y l\u00edmites difusos entre los miembros. Nos dedicamos principalmente a educaci\u00f3n con tecnolog\u00eda &#8230; <a title=\"Red Hobos\" class=\"read-more\" href=\"https:\/\/sitios.iztacala.unam.mx\/redesenred\/red-hobos\/\" aria-label=\"More on Red Hobos\">Read more<\/a><\/p>\n","protected":false},"author":26,"featured_media":0,"parent":0,"menu_order":0,"comment_status":"closed","ping_status":"closed","template":"","meta":{"footnotes":""},"class_list":["post-7","page","type-page","status-publish","hentry"],"jetpack_sharing_enabled":true,"_links":{"self":[{"href":"https:\/\/sitios.iztacala.unam.mx\/redesenred\/wp-json\/wp\/v2\/pages\/7","targetHints":{"allow":["GET"]}}],"collection":[{"href":"https:\/\/sitios.iztacala.unam.mx\/redesenred\/wp-json\/wp\/v2\/pages"}],"about":[{"href":"https:\/\/sitios.iztacala.unam.mx\/redesenred\/wp-json\/wp\/v2\/types\/page"}],"author":[{"embeddable":true,"href":"https:\/\/sitios.iztacala.unam.mx\/redesenred\/wp-json\/wp\/v2\/users\/26"}],"replies":[{"embeddable":true,"href":"https:\/\/sitios.iztacala.unam.mx\/redesenred\/wp-json\/wp\/v2\/comments?post=7"}],"version-history":[{"count":4,"href":"https:\/\/sitios.iztacala.unam.mx\/redesenred\/wp-json\/wp\/v2\/pages\/7\/revisions"}],"predecessor-version":[{"id":89,"href":"https:\/\/sitios.iztacala.unam.mx\/redesenred\/wp-json\/wp\/v2\/pages\/7\/revisions\/89"}],"wp:attachment":[{"href":"https:\/\/sitios.iztacala.unam.mx\/redesenred\/wp-json\/wp\/v2\/media?parent=7"}],"curies":[{"name":"wp","href":"https:\/\/api.w.org\/{rel}","templated":true}]}}