{"id":38,"date":"2024-11-09T01:41:28","date_gmt":"2024-11-09T01:41:28","guid":{"rendered":"https:\/\/sitios.iztacala.unam.mx\/redesenred\/?page_id=38"},"modified":"2025-08-11T12:52:19","modified_gmt":"2025-08-11T18:52:19","slug":"grupos","status":"publish","type":"page","link":"https:\/\/sitios.iztacala.unam.mx\/redesenred\/grupos\/","title":{"rendered":"Grupos, laboratorios y redes participantes"},"content":{"rendered":"\n<div class=\"wp-block-group\"><div class=\"wp-block-group__inner-container is-layout-constrained wp-block-group-is-layout-constrained\"><div class=\"wp-block-image\">\n<figure class=\"aligncenter size-full is-resized\"><img loading=\"lazy\" decoding=\"async\" width=\"797\" height=\"930\" src=\"https:\/\/sitios.iztacala.unam.mx\/redesenred\/wp-content\/uploads\/sites\/25\/2024\/12\/rer-logo.png\" alt=\"\" class=\"wp-image-66\" style=\"width:147px;height:auto\" srcset=\"https:\/\/sitios.iztacala.unam.mx\/redesenred\/wp-content\/uploads\/sites\/25\/2024\/12\/rer-logo.png 797w, https:\/\/sitios.iztacala.unam.mx\/redesenred\/wp-content\/uploads\/sites\/25\/2024\/12\/rer-logo-257x300.png 257w, https:\/\/sitios.iztacala.unam.mx\/redesenred\/wp-content\/uploads\/sites\/25\/2024\/12\/rer-logo-768x896.png 768w\" sizes=\"auto, (max-width: 767px) 89vw, (max-width: 1000px) 54vw, (max-width: 1071px) 543px, 580px\" \/><\/figure>\n<\/div>\n\n\n<p class=\"has-text-align-center has-large-font-size\">Redes en Red &#8211; RER<\/p>\n<\/div><\/div>\n\n\n\n<p>Es una agrupaci\u00f3n de personas que, a su vez, se encuentran colaborando de manera libre y voluntaria en uno o m\u00e1s grupos, proyectos, redes y laboratorios. Han decidido colaborar en RER para unir conocimientos, recursos, experiencias y saberes en torno a diversos temas relacionados con las ciencias sociales y humanidades.<\/p>\n\n\n\n<p>Hasta enero del a\u00f1o 2025 los grupos, redes y laboratorios colaboradores de la red son:<\/p>\n\n\n\n<hr class=\"wp-block-separator has-alpha-channel-opacity\" \/>\n\n\n\n<p class=\"has-normal-font-size\"><strong>Laboratorio Universidad, Trabajo y Subjetividad<\/strong><br><a href=\"https:\/\/posgrado.iztacala.unam.mx\/universidad-trabajo-y-subjetividad\/\">https:\/\/posgrado.iztacala.unam.mx\/universidad-trabajo-y-subjetividad\/<\/a><\/p>\n\n\n\n<p><img loading=\"lazy\" decoding=\"async\" width=\"1900\" height=\"1464\" class=\"wp-image-58\" style=\"width: 155px\" src=\"https:\/\/sitios.iztacala.unam.mx\/redesenred\/wp-content\/uploads\/sites\/25\/2024\/11\/labtrabajouni.jpg\" alt=\"trabajo uni\" srcset=\"https:\/\/sitios.iztacala.unam.mx\/redesenred\/wp-content\/uploads\/sites\/25\/2024\/11\/labtrabajouni.jpg 1900w, https:\/\/sitios.iztacala.unam.mx\/redesenred\/wp-content\/uploads\/sites\/25\/2024\/11\/labtrabajouni-300x231.jpg 300w, https:\/\/sitios.iztacala.unam.mx\/redesenred\/wp-content\/uploads\/sites\/25\/2024\/11\/labtrabajouni-1024x789.jpg 1024w, https:\/\/sitios.iztacala.unam.mx\/redesenred\/wp-content\/uploads\/sites\/25\/2024\/11\/labtrabajouni-768x592.jpg 768w, https:\/\/sitios.iztacala.unam.mx\/redesenred\/wp-content\/uploads\/sites\/25\/2024\/11\/labtrabajouni-1536x1184.jpg 1536w, https:\/\/sitios.iztacala.unam.mx\/redesenred\/wp-content\/uploads\/sites\/25\/2024\/11\/labtrabajouni-1568x1208.jpg 1568w\" sizes=\"auto, (max-width: 767px) 89vw, (max-width: 1000px) 54vw, (max-width: 1071px) 543px, 580px\" \/><br>Facultad de Estudios Superiores Iztacala &#8211; (8 miembros) <br>Representante: Dra. Adriana I. Hern\u00e1ndez G\u00f3mez<\/p>\n\n\n\n<hr class=\"wp-block-separator has-alpha-channel-opacity\" \/>\n\n\n\n<p><strong>Grupo de Investigaci\u00f3n para el Desarrollo de la Autonom\u00eda en el Aprendizaje GIDAA<\/strong><br><a href=\"https:\/\/gidaa.net\/\">https:\/\/gidaa.net\/<\/a><br><img loading=\"lazy\" decoding=\"async\" width=\"1594\" height=\"1429\" class=\"wp-image-57\" style=\"width: 150px\" src=\"https:\/\/sitios.iztacala.unam.mx\/redesenred\/wp-content\/uploads\/sites\/25\/2024\/11\/GIDAA_03.png\" alt=\"gidaa\" srcset=\"https:\/\/sitios.iztacala.unam.mx\/redesenred\/wp-content\/uploads\/sites\/25\/2024\/11\/GIDAA_03.png 1594w, https:\/\/sitios.iztacala.unam.mx\/redesenred\/wp-content\/uploads\/sites\/25\/2024\/11\/GIDAA_03-300x269.png 300w, https:\/\/sitios.iztacala.unam.mx\/redesenred\/wp-content\/uploads\/sites\/25\/2024\/11\/GIDAA_03-1024x918.png 1024w, https:\/\/sitios.iztacala.unam.mx\/redesenred\/wp-content\/uploads\/sites\/25\/2024\/11\/GIDAA_03-768x689.png 768w, https:\/\/sitios.iztacala.unam.mx\/redesenred\/wp-content\/uploads\/sites\/25\/2024\/11\/GIDAA_03-1536x1377.png 1536w, https:\/\/sitios.iztacala.unam.mx\/redesenred\/wp-content\/uploads\/sites\/25\/2024\/11\/GIDAA_03-1568x1406.png 1568w\" sizes=\"auto, (max-width: 767px) 89vw, (max-width: 1000px) 54vw, (max-width: 1071px) 543px, 580px\" \/><br>7 miembros<br>Facultad de Psicolog\u00eda, UNAM<br>Representante: Dra. Luiza Bontempo E Silva<\/p>\n\n\n\n<hr class=\"wp-block-separator has-alpha-channel-opacity\" \/>\n\n\n\n<p><strong>Laboratorio de Dise\u00f1o Educativo de Entornos de Aprendizaje en L\u00ednea, H\u00edbridos y Presenciales LADED<\/strong><br><a href=\"https:\/\/laded.net\/\">https:\/\/laded.net\/<\/a> <br><img loading=\"lazy\" decoding=\"async\" width=\"3300\" height=\"1655\" class=\"wp-image-64\" style=\"width: 150px\" src=\"https:\/\/sitios.iztacala.unam.mx\/redesenred\/wp-content\/uploads\/sites\/25\/2024\/12\/laded.png\" alt=\"\" srcset=\"https:\/\/sitios.iztacala.unam.mx\/redesenred\/wp-content\/uploads\/sites\/25\/2024\/12\/laded.png 3300w, https:\/\/sitios.iztacala.unam.mx\/redesenred\/wp-content\/uploads\/sites\/25\/2024\/12\/laded-300x150.png 300w, https:\/\/sitios.iztacala.unam.mx\/redesenred\/wp-content\/uploads\/sites\/25\/2024\/12\/laded-1024x514.png 1024w, https:\/\/sitios.iztacala.unam.mx\/redesenred\/wp-content\/uploads\/sites\/25\/2024\/12\/laded-768x385.png 768w, https:\/\/sitios.iztacala.unam.mx\/redesenred\/wp-content\/uploads\/sites\/25\/2024\/12\/laded-1536x770.png 1536w, https:\/\/sitios.iztacala.unam.mx\/redesenred\/wp-content\/uploads\/sites\/25\/2024\/12\/laded-2048x1027.png 2048w, https:\/\/sitios.iztacala.unam.mx\/redesenred\/wp-content\/uploads\/sites\/25\/2024\/12\/laded-1568x786.png 1568w\" sizes=\"auto, (max-width: 767px) 89vw, (max-width: 1000px) 54vw, (max-width: 1071px) 543px, 580px\" \/><\/p>\n\n\n\n<p>15 miembros<br>Facultad de Psicolog\u00eda, UNAM <br>Representante: Dra. Yunu\u00e9n Ixchel Guzm\u00e1n Cedillo<\/p>\n\n\n\n<hr class=\"wp-block-separator has-alpha-channel-opacity\" \/>\n\n\n\n<p class=\"has-text-align-left\"><strong>Grupo de Investigaci\u00f3n en Psicolog\u00eda y Salud Sexual (GIPSS)<\/strong><br><a href=\"https:\/\/posgrado.iztacala.unam.mx\/grupo-de-investigacion-en-psicologia-y-salud-sexual\/\">https:\/\/posgrado.iztacala.unam.mx\/grupo-de-investigacion-en-psicologia-y-salud-sexual\/<\/a><\/p>\n\n\n\n<div class=\"wp-block-group\"><div class=\"wp-block-group__inner-container is-layout-constrained wp-block-group-is-layout-constrained\">\n<figure class=\"wp-block-image size-full is-resized\"><img loading=\"lazy\" decoding=\"async\" width=\"439\" height=\"297\" src=\"https:\/\/sitios.iztacala.unam.mx\/redesenred\/wp-content\/uploads\/sites\/25\/2025\/02\/GIPSS.png\" alt=\"\" class=\"wp-image-75\" style=\"width:159px;height:auto\" srcset=\"https:\/\/sitios.iztacala.unam.mx\/redesenred\/wp-content\/uploads\/sites\/25\/2025\/02\/GIPSS.png 439w, https:\/\/sitios.iztacala.unam.mx\/redesenred\/wp-content\/uploads\/sites\/25\/2025\/02\/GIPSS-300x203.png 300w\" sizes=\"auto, (max-width: 439px) 100vw, 439px\" \/><\/figure>\n\n\n\n<p>5 Miembros<br>Facultad de Estudios Superiores Iztacala.<br>Representante: Dra. Susana X\u00f3chitl B\u00e1rcena Gaona<\/p>\n<\/div><\/div>\n\n\n\n<hr class=\"wp-block-separator has-alpha-channel-opacity\" \/>\n\n\n\n<p class=\"has-text-align-left\"><strong>Red HOBOS<\/strong><br><a href=\"https:\/\/sitios.iztacala.unam.mx\/redesenred\/red-hobos\/\">https:\/\/sitios.iztacala.unam.mx\/redesenred\/red-hobos\/<\/a><\/p>\n\n\n\n<p><img loading=\"lazy\" decoding=\"async\" width=\"320\" height=\"100\" class=\"wp-image-59\" style=\"width: 150px\" src=\"https:\/\/sitios.iztacala.unam.mx\/redesenred\/wp-content\/uploads\/sites\/25\/2024\/11\/hoboslogored.png\" alt=\"hobos\" srcset=\"https:\/\/sitios.iztacala.unam.mx\/redesenred\/wp-content\/uploads\/sites\/25\/2024\/11\/hoboslogored.png 320w, https:\/\/sitios.iztacala.unam.mx\/redesenred\/wp-content\/uploads\/sites\/25\/2024\/11\/hoboslogored-300x94.png 300w\" sizes=\"auto, (max-width: 320px) 100vw, 320px\" \/><br>10 miembros<br>Miembros de varias instituciones.<br>Representante: Dr. Jos\u00e9 Manuel Meza Cano<\/p>\n","protected":false},"excerpt":{"rendered":"<p>Redes en Red &#8211; RER Es una agrupaci\u00f3n de personas que, a su vez, se encuentran colaborando de manera libre y voluntaria en uno o m\u00e1s grupos, proyectos, redes y laboratorios. Han decidido colaborar en RER para unir conocimientos, recursos, experiencias y saberes en torno a diversos temas relacionados con las ciencias sociales y humanidades. &#8230; <a title=\"Grupos, laboratorios y redes participantes\" class=\"read-more\" href=\"https:\/\/sitios.iztacala.unam.mx\/redesenred\/grupos\/\" aria-label=\"More on Grupos, laboratorios y redes participantes\">Read more<\/a><\/p>\n","protected":false},"author":26,"featured_media":0,"parent":0,"menu_order":0,"comment_status":"closed","ping_status":"closed","template":"","meta":{"footnotes":""},"class_list":["post-38","page","type-page","status-publish","hentry"],"jetpack_sharing_enabled":true,"_links":{"self":[{"href":"https:\/\/sitios.iztacala.unam.mx\/redesenred\/wp-json\/wp\/v2\/pages\/38","targetHints":{"allow":["GET"]}}],"collection":[{"href":"https:\/\/sitios.iztacala.unam.mx\/redesenred\/wp-json\/wp\/v2\/pages"}],"about":[{"href":"https:\/\/sitios.iztacala.unam.mx\/redesenred\/wp-json\/wp\/v2\/types\/page"}],"author":[{"embeddable":true,"href":"https:\/\/sitios.iztacala.unam.mx\/redesenred\/wp-json\/wp\/v2\/users\/26"}],"replies":[{"embeddable":true,"href":"https:\/\/sitios.iztacala.unam.mx\/redesenred\/wp-json\/wp\/v2\/comments?post=38"}],"version-history":[{"count":25,"href":"https:\/\/sitios.iztacala.unam.mx\/redesenred\/wp-json\/wp\/v2\/pages\/38\/revisions"}],"predecessor-version":[{"id":173,"href":"https:\/\/sitios.iztacala.unam.mx\/redesenred\/wp-json\/wp\/v2\/pages\/38\/revisions\/173"}],"wp:attachment":[{"href":"https:\/\/sitios.iztacala.unam.mx\/redesenred\/wp-json\/wp\/v2\/media?parent=38"}],"curies":[{"name":"wp","href":"https:\/\/api.w.org\/{rel}","templated":true}]}}