{"id":667,"date":"2024-10-16T15:39:26","date_gmt":"2024-10-16T15:39:26","guid":{"rendered":"https:\/\/sitios.iztacala.unam.mx\/poc\/?page_id=667"},"modified":"2024-10-16T15:40:31","modified_gmt":"2024-10-16T15:40:31","slug":"lexicon-de-genero","status":"publish","type":"page","link":"https:\/\/sitios.iztacala.unam.mx\/poc\/lexicon-de-genero\/","title":{"rendered":"LEXIC\u00d3N"},"content":{"rendered":"\n<p>Definiciones importantes<\/p>\n\n\n<style>.wp-show-posts-columns#wpsp-666 {margin-left: -2em; }.wp-show-posts-columns#wpsp-666 .wp-show-posts-inner {margin: 0 0 2em 2em; }<\/style><section id=\"wpsp-666\" class=\" wp-show-posts-columns wp-show-posts\" style=\"\"><article class=\" wp-show-posts-single post-832 post type-post status-publish format-standard has-post-thumbnail hentry category-lexicon category-noticias wpsp-col-6\" itemtype=\"http:\/\/schema.org\/CreativeWork\" itemscope><div class=\"wp-show-posts-inner\" style=\"\">\t\t\t\t\t\t<header class=\"wp-show-posts-entry-header\">\n\t\t\t\t\t\t\t<h2 class=\"wp-show-posts-entry-title\" itemprop=\"headline\"><a href=\"https:\/\/sitios.iztacala.unam.mx\/poc\/lexicon-de-genero-machismo\/\" rel=\"bookmark\">Lexic\u00f3n de g\u00e9nero &#8211; Machismo<\/a><\/h2><div class=\"wp-show-posts-entry-meta wp-show-posts-entry-meta-below-title post-meta-inline\"><span class=\"wp-show-posts-posted-on wp-show-posts-meta\">\n\t\t\t\t\t<a href=\"https:\/\/sitios.iztacala.unam.mx\/poc\/lexicon-de-genero-machismo\/\" title=\"7:35 pm\" rel=\"bookmark\"><time class=\"wp-show-posts-entry-date published\" datetime=\"2025-12-04T19:35:13+00:00\" itemprop=\"datePublished\">4 diciembre, 2025<\/time><\/a>\n\t\t\t\t<\/span><\/div>\t\t\t\t\t\t<\/header><!-- .entry-header -->\n\t\t\t\t\t\t\t<div class=\"wp-show-posts-image  wpsp-image-center \">\n\t\t\t<a href=\"https:\/\/sitios.iztacala.unam.mx\/poc\/lexicon-de-genero-machismo\/\"  title=\"Lexic\u00f3n de g\u00e9nero &#8211; Machismo\">\t\t\t\t\t<img decoding=\"async\" src=\"https:\/\/i0.wp.com\/sitios.iztacala.unam.mx\/poc\/wp-content\/uploads\/sites\/11\/2025\/12\/ID_LX_machismo.jpg?fit=1200%2C627&ssl=1&resize=240%2C125\" alt=\"Lexic\u00f3n de g\u00e9nero &#8211; Machismo\" itemprop=\"image\" class=\"center\" \/>\n\t\t\t\t<\/a>\t\t<\/div>\n\t\t\t\t\t\t\t\t<div class=\"wp-show-posts-entry-summary\" itemprop=\"text\">\n\t\t\t\t\t\t\t\t\t\t\t\t\t<\/div><!-- .entry-summary -->\n\t\t\t\t\t<div class=\"wpsp-read-more\"><a title=\"Lexic\u00f3n de g\u00e9nero &#8211; Machismo\" class=\"wp-show-posts-read-more\" href=\"https:\/\/sitios.iztacala.unam.mx\/poc\/lexicon-de-genero-machismo\/\">Leer m\u00e1s . . <\/a><\/div><\/div><!-- wp-show-posts-inner --><\/article><article class=\" wp-show-posts-single post-827 post type-post status-publish format-standard has-post-thumbnail hentry category-lexicon category-noticias wpsp-col-6\" itemtype=\"http:\/\/schema.org\/CreativeWork\" itemscope><div class=\"wp-show-posts-inner\" style=\"\">\t\t\t\t\t\t<header class=\"wp-show-posts-entry-header\">\n\t\t\t\t\t\t\t<h2 class=\"wp-show-posts-entry-title\" itemprop=\"headline\"><a href=\"https:\/\/sitios.iztacala.unam.mx\/poc\/lexicon-de-genero-micromachismo\/\" rel=\"bookmark\">Lexic\u00f3n de g\u00e9nero &#8211; Micromachismo<\/a><\/h2><div class=\"wp-show-posts-entry-meta wp-show-posts-entry-meta-below-title post-meta-inline\"><span class=\"wp-show-posts-posted-on wp-show-posts-meta\">\n\t\t\t\t\t<a href=\"https:\/\/sitios.iztacala.unam.mx\/poc\/lexicon-de-genero-micromachismo\/\" title=\"7:32 pm\" rel=\"bookmark\"><time class=\"wp-show-posts-entry-date published\" datetime=\"2025-12-04T19:32:37+00:00\" itemprop=\"datePublished\">4 diciembre, 2025<\/time><\/a>\n\t\t\t\t<\/span><\/div>\t\t\t\t\t\t<\/header><!-- .entry-header -->\n\t\t\t\t\t\t\t<div class=\"wp-show-posts-image  wpsp-image-center \">\n\t\t\t<a href=\"https:\/\/sitios.iztacala.unam.mx\/poc\/lexicon-de-genero-micromachismo\/\"  title=\"Lexic\u00f3n de g\u00e9nero &#8211; Micromachismo\">\t\t\t\t\t<img decoding=\"async\" src=\"https:\/\/i0.wp.com\/sitios.iztacala.unam.mx\/poc\/wp-content\/uploads\/sites\/11\/2025\/12\/ID_LX_micromach.jpg?fit=1200%2C627&ssl=1&resize=240%2C125\" alt=\"Lexic\u00f3n de g\u00e9nero &#8211; Micromachismo\" itemprop=\"image\" class=\"center\" \/>\n\t\t\t\t<\/a>\t\t<\/div>\n\t\t\t\t\t\t\t\t<div class=\"wp-show-posts-entry-summary\" itemprop=\"text\">\n\t\t\t\t\t\t\t\t\t\t\t\t\t<\/div><!-- .entry-summary -->\n\t\t\t\t\t<div class=\"wpsp-read-more\"><a title=\"Lexic\u00f3n de g\u00e9nero &#8211; Micromachismo\" class=\"wp-show-posts-read-more\" href=\"https:\/\/sitios.iztacala.unam.mx\/poc\/lexicon-de-genero-micromachismo\/\">Leer m\u00e1s . . <\/a><\/div><\/div><!-- wp-show-posts-inner --><\/article><article class=\" wp-show-posts-single post-822 post type-post status-publish format-standard has-post-thumbnail hentry category-lexicon category-noticias wpsp-col-6\" itemtype=\"http:\/\/schema.org\/CreativeWork\" itemscope><div class=\"wp-show-posts-inner\" style=\"\">\t\t\t\t\t\t<header class=\"wp-show-posts-entry-header\">\n\t\t\t\t\t\t\t<h2 class=\"wp-show-posts-entry-title\" itemprop=\"headline\"><a href=\"https:\/\/sitios.iztacala.unam.mx\/poc\/822-2\/\" rel=\"bookmark\">Lexic\u00f3n de g\u00e9nero &#8211; Interseccionalidad de g\u00e9nero<\/a><\/h2><div class=\"wp-show-posts-entry-meta wp-show-posts-entry-meta-below-title post-meta-inline\"><span class=\"wp-show-posts-posted-on wp-show-posts-meta\">\n\t\t\t\t\t<a href=\"https:\/\/sitios.iztacala.unam.mx\/poc\/822-2\/\" title=\"7:30 pm\" rel=\"bookmark\"><time class=\"wp-show-posts-entry-date published\" datetime=\"2025-12-04T19:30:59+00:00\" itemprop=\"datePublished\">4 diciembre, 2025<\/time><time class=\"wp-show-posts-updated\" datetime=\"2025-12-04T19:32:52+00:00\" itemprop=\"dateModified\">4 diciembre, 2025<\/time><\/a>\n\t\t\t\t<\/span><\/div>\t\t\t\t\t\t<\/header><!-- .entry-header -->\n\t\t\t\t\t\t\t<div class=\"wp-show-posts-image  wpsp-image-center \">\n\t\t\t<a href=\"https:\/\/sitios.iztacala.unam.mx\/poc\/822-2\/\"  title=\"Lexic\u00f3n de g\u00e9nero &#8211; Interseccionalidad de g\u00e9nero\">\t\t\t\t\t<img decoding=\"async\" src=\"https:\/\/i0.wp.com\/sitios.iztacala.unam.mx\/poc\/wp-content\/uploads\/sites\/11\/2025\/12\/ID_LX_intersecc.jpg?fit=1200%2C627&ssl=1&resize=240%2C125\" alt=\"Lexic\u00f3n de g\u00e9nero &#8211; Interseccionalidad de g\u00e9nero\" itemprop=\"image\" class=\"center\" \/>\n\t\t\t\t<\/a>\t\t<\/div>\n\t\t\t\t\t\t\t\t<div class=\"wp-show-posts-entry-summary\" itemprop=\"text\">\n\t\t\t\t\t\t\t\t\t\t\t\t\t<\/div><!-- .entry-summary -->\n\t\t\t\t\t<div class=\"wpsp-read-more\"><a title=\"Lexic\u00f3n de g\u00e9nero &#8211; Interseccionalidad de g\u00e9nero\" class=\"wp-show-posts-read-more\" href=\"https:\/\/sitios.iztacala.unam.mx\/poc\/822-2\/\">Leer m\u00e1s . . <\/a><\/div><\/div><!-- wp-show-posts-inner --><\/article><article class=\" wp-show-posts-single post-729 post type-post status-publish format-standard has-post-thumbnail hentry category-lexicon wpsp-col-6\" itemtype=\"http:\/\/schema.org\/CreativeWork\" itemscope><div class=\"wp-show-posts-inner\" style=\"\">\t\t\t\t\t\t<header class=\"wp-show-posts-entry-header\">\n\t\t\t\t\t\t\t<h2 class=\"wp-show-posts-entry-title\" itemprop=\"headline\"><a href=\"https:\/\/sitios.iztacala.unam.mx\/poc\/lexicon-de-genero-misoginia\/\" rel=\"bookmark\">Lexic\u00f3n de g\u00e9nero \u2013 Misog\u00ednia<\/a><\/h2><div class=\"wp-show-posts-entry-meta wp-show-posts-entry-meta-below-title post-meta-inline\"><span class=\"wp-show-posts-posted-on wp-show-posts-meta\">\n\t\t\t\t\t<a href=\"https:\/\/sitios.iztacala.unam.mx\/poc\/lexicon-de-genero-misoginia\/\" title=\"12:04 am\" rel=\"bookmark\"><time class=\"wp-show-posts-entry-date published\" datetime=\"2025-02-14T00:04:56+00:00\" itemprop=\"datePublished\">14 febrero, 2025<\/time><time class=\"wp-show-posts-updated\" datetime=\"2025-12-04T19:23:40+00:00\" itemprop=\"dateModified\">4 diciembre, 2025<\/time><\/a>\n\t\t\t\t<\/span><\/div>\t\t\t\t\t\t<\/header><!-- .entry-header -->\n\t\t\t\t\t\t\t<div class=\"wp-show-posts-image  wpsp-image-center \">\n\t\t\t<a href=\"https:\/\/sitios.iztacala.unam.mx\/poc\/lexicon-de-genero-misoginia\/\"  title=\"Lexic\u00f3n de g\u00e9nero \u2013 Misog\u00ednia\">\t\t\t\t\t<img decoding=\"async\" src=\"https:\/\/i0.wp.com\/sitios.iztacala.unam.mx\/poc\/wp-content\/uploads\/sites\/11\/2025\/02\/ID_lxcnmisoginia.jpg?fit=1200%2C627&ssl=1&resize=240%2C125\" alt=\"Lexic\u00f3n de g\u00e9nero \u2013 Misog\u00ednia\" itemprop=\"image\" class=\"center\" \/>\n\t\t\t\t<\/a>\t\t<\/div>\n\t\t\t\t\t\t\t\t<div class=\"wp-show-posts-entry-summary\" itemprop=\"text\">\n\t\t\t\t\t\t\t\t\t\t\t\t\t<\/div><!-- .entry-summary -->\n\t\t\t\t\t<div class=\"wpsp-read-more\"><a title=\"Lexic\u00f3n de g\u00e9nero \u2013 Misog\u00ednia\" class=\"wp-show-posts-read-more\" href=\"https:\/\/sitios.iztacala.unam.mx\/poc\/lexicon-de-genero-misoginia\/\">Leer m\u00e1s . . <\/a><\/div><\/div><!-- wp-show-posts-inner --><\/article><article class=\" wp-show-posts-single post-723 post type-post status-publish format-standard has-post-thumbnail hentry category-lexicon wpsp-col-6\" itemtype=\"http:\/\/schema.org\/CreativeWork\" itemscope><div class=\"wp-show-posts-inner\" style=\"\">\t\t\t\t\t\t<header class=\"wp-show-posts-entry-header\">\n\t\t\t\t\t\t\t<h2 class=\"wp-show-posts-entry-title\" itemprop=\"headline\"><a href=\"https:\/\/sitios.iztacala.unam.mx\/poc\/lexicon-de-genero-violencia-de-genero\/\" rel=\"bookmark\">Lexic\u00f3n de g\u00e9nero \u2013 Violencia de g\u00e9nero<\/a><\/h2><div class=\"wp-show-posts-entry-meta wp-show-posts-entry-meta-below-title post-meta-inline\"><span class=\"wp-show-posts-posted-on wp-show-posts-meta\">\n\t\t\t\t\t<a href=\"https:\/\/sitios.iztacala.unam.mx\/poc\/lexicon-de-genero-violencia-de-genero\/\" title=\"11:31 pm\" rel=\"bookmark\"><time class=\"wp-show-posts-entry-date published\" datetime=\"2025-01-29T23:31:12+00:00\" itemprop=\"datePublished\">29 enero, 2025<\/time><time class=\"wp-show-posts-updated\" datetime=\"2025-12-04T19:23:49+00:00\" itemprop=\"dateModified\">4 diciembre, 2025<\/time><\/a>\n\t\t\t\t<\/span><\/div>\t\t\t\t\t\t<\/header><!-- .entry-header -->\n\t\t\t\t\t\t\t<div class=\"wp-show-posts-image  wpsp-image-center \">\n\t\t\t<a href=\"https:\/\/sitios.iztacala.unam.mx\/poc\/lexicon-de-genero-violencia-de-genero\/\"  title=\"Lexic\u00f3n de g\u00e9nero \u2013 Violencia de g\u00e9nero\">\t\t\t\t\t<img decoding=\"async\" src=\"https:\/\/i0.wp.com\/sitios.iztacala.unam.mx\/poc\/wp-content\/uploads\/sites\/11\/2025\/01\/lxcn_ViolGen.jpg?fit=1200%2C627&ssl=1&resize=240%2C125\" alt=\"Lexic\u00f3n de g\u00e9nero \u2013 Violencia de g\u00e9nero\" itemprop=\"image\" class=\"center\" \/>\n\t\t\t\t<\/a>\t\t<\/div>\n\t\t\t\t\t\t\t\t<div class=\"wp-show-posts-entry-summary\" itemprop=\"text\">\n\t\t\t\t\t\t\t\t\t\t\t\t\t<\/div><!-- .entry-summary -->\n\t\t\t\t\t<div class=\"wpsp-read-more\"><a title=\"Lexic\u00f3n de g\u00e9nero \u2013 Violencia de g\u00e9nero\" class=\"wp-show-posts-read-more\" href=\"https:\/\/sitios.iztacala.unam.mx\/poc\/lexicon-de-genero-violencia-de-genero\/\">Leer m\u00e1s . . <\/a><\/div><\/div><!-- wp-show-posts-inner --><\/article><article class=\" wp-show-posts-single post-702 post type-post status-publish format-standard has-post-thumbnail hentry category-lexicon wpsp-col-6\" itemtype=\"http:\/\/schema.org\/CreativeWork\" itemscope><div class=\"wp-show-posts-inner\" style=\"\">\t\t\t\t\t\t<header class=\"wp-show-posts-entry-header\">\n\t\t\t\t\t\t\t<h2 class=\"wp-show-posts-entry-title\" itemprop=\"headline\"><a href=\"https:\/\/sitios.iztacala.unam.mx\/poc\/lexicon-de-genero-violencia-por-razones-de-genero\/\" rel=\"bookmark\">Lexic\u00f3n de g\u00e9nero \u2013 Violencia por razones de g\u00e9nero<\/a><\/h2><div class=\"wp-show-posts-entry-meta wp-show-posts-entry-meta-below-title post-meta-inline\"><span class=\"wp-show-posts-posted-on wp-show-posts-meta\">\n\t\t\t\t\t<a href=\"https:\/\/sitios.iztacala.unam.mx\/poc\/lexicon-de-genero-violencia-por-razones-de-genero\/\" title=\"5:25 pm\" rel=\"bookmark\"><time class=\"wp-show-posts-entry-date published\" datetime=\"2024-11-20T17:25:12+00:00\" itemprop=\"datePublished\">20 noviembre, 2024<\/time><time class=\"wp-show-posts-updated\" datetime=\"2025-02-13T23:58:01+00:00\" itemprop=\"dateModified\">13 febrero, 2025<\/time><\/a>\n\t\t\t\t<\/span><\/div>\t\t\t\t\t\t<\/header><!-- .entry-header -->\n\t\t\t\t\t\t\t<div class=\"wp-show-posts-image  wpsp-image-center \">\n\t\t\t<a href=\"https:\/\/sitios.iztacala.unam.mx\/poc\/lexicon-de-genero-violencia-por-razones-de-genero\/\"  title=\"Lexic\u00f3n de g\u00e9nero \u2013 Violencia por razones de g\u00e9nero\">\t\t\t\t\t<img decoding=\"async\" src=\"https:\/\/i0.wp.com\/sitios.iztacala.unam.mx\/poc\/wp-content\/uploads\/sites\/11\/2024\/11\/ID_lxcnViolencia-por-razones-de-genero.jpg?fit=1200%2C627&ssl=1&resize=240%2C125\" alt=\"Lexic\u00f3n de g\u00e9nero \u2013 Violencia por razones de g\u00e9nero\" itemprop=\"image\" class=\"center\" \/>\n\t\t\t\t<\/a>\t\t<\/div>\n\t\t\t\t\t\t\t\t<div class=\"wp-show-posts-entry-summary\" itemprop=\"text\">\n\t\t\t\t\t\t\t\t\t\t\t\t\t<\/div><!-- .entry-summary -->\n\t\t\t\t\t<div class=\"wpsp-read-more\"><a title=\"Lexic\u00f3n de g\u00e9nero \u2013 Violencia por razones de g\u00e9nero\" class=\"wp-show-posts-read-more\" href=\"https:\/\/sitios.iztacala.unam.mx\/poc\/lexicon-de-genero-violencia-por-razones-de-genero\/\">Leer m\u00e1s . . <\/a><\/div><\/div><!-- wp-show-posts-inner --><\/article><article class=\" wp-show-posts-single post-695 post type-post status-publish format-standard has-post-thumbnail hentry category-lexicon wpsp-col-6\" itemtype=\"http:\/\/schema.org\/CreativeWork\" itemscope><div class=\"wp-show-posts-inner\" style=\"\">\t\t\t\t\t\t<header class=\"wp-show-posts-entry-header\">\n\t\t\t\t\t\t\t<h2 class=\"wp-show-posts-entry-title\" itemprop=\"headline\"><a href=\"https:\/\/sitios.iztacala.unam.mx\/poc\/lexicon-de-genero-igualdad-de-genero\/\" rel=\"bookmark\">Lexic\u00f3n de g\u00e9nero \u2013 Igualdad de g\u00e9nero<\/a><\/h2><div class=\"wp-show-posts-entry-meta wp-show-posts-entry-meta-below-title post-meta-inline\"><span class=\"wp-show-posts-posted-on wp-show-posts-meta\">\n\t\t\t\t\t<a href=\"https:\/\/sitios.iztacala.unam.mx\/poc\/lexicon-de-genero-igualdad-de-genero\/\" title=\"5:23 pm\" rel=\"bookmark\"><time class=\"wp-show-posts-entry-date published\" datetime=\"2024-11-20T17:23:05+00:00\" itemprop=\"datePublished\">20 noviembre, 2024<\/time><time class=\"wp-show-posts-updated\" datetime=\"2025-02-13T23:58:14+00:00\" itemprop=\"dateModified\">13 febrero, 2025<\/time><\/a>\n\t\t\t\t<\/span><\/div>\t\t\t\t\t\t<\/header><!-- .entry-header -->\n\t\t\t\t\t\t\t<div class=\"wp-show-posts-image  wpsp-image-center \">\n\t\t\t<a href=\"https:\/\/sitios.iztacala.unam.mx\/poc\/lexicon-de-genero-igualdad-de-genero\/\"  title=\"Lexic\u00f3n de g\u00e9nero \u2013 Igualdad de g\u00e9nero\">\t\t\t\t\t<img decoding=\"async\" src=\"https:\/\/i0.wp.com\/sitios.iztacala.unam.mx\/poc\/wp-content\/uploads\/sites\/11\/2024\/11\/ID_lxcnIgualdad-de-genero.jpg?fit=1200%2C627&ssl=1&resize=240%2C125\" alt=\"Lexic\u00f3n de g\u00e9nero \u2013 Igualdad de g\u00e9nero\" itemprop=\"image\" class=\"center\" \/>\n\t\t\t\t<\/a>\t\t<\/div>\n\t\t\t\t\t\t\t\t<div class=\"wp-show-posts-entry-summary\" itemprop=\"text\">\n\t\t\t\t\t\t\t\t\t\t\t\t\t<\/div><!-- .entry-summary -->\n\t\t\t\t\t<div class=\"wpsp-read-more\"><a title=\"Lexic\u00f3n de g\u00e9nero \u2013 Igualdad de g\u00e9nero\" class=\"wp-show-posts-read-more\" href=\"https:\/\/sitios.iztacala.unam.mx\/poc\/lexicon-de-genero-igualdad-de-genero\/\">Leer m\u00e1s . . <\/a><\/div><\/div><!-- wp-show-posts-inner --><\/article><article class=\" wp-show-posts-single post-691 post type-post status-publish format-standard has-post-thumbnail hentry category-lexicon wpsp-col-6\" itemtype=\"http:\/\/schema.org\/CreativeWork\" itemscope><div class=\"wp-show-posts-inner\" style=\"\">\t\t\t\t\t\t<header class=\"wp-show-posts-entry-header\">\n\t\t\t\t\t\t\t<h2 class=\"wp-show-posts-entry-title\" itemprop=\"headline\"><a href=\"https:\/\/sitios.iztacala.unam.mx\/poc\/lexicon-de-genero-identidad-de-genero\/\" rel=\"bookmark\">Lexic\u00f3n de g\u00e9nero \u2013 Identidad de g\u00e9nero<\/a><\/h2><div class=\"wp-show-posts-entry-meta wp-show-posts-entry-meta-below-title post-meta-inline\"><span class=\"wp-show-posts-posted-on wp-show-posts-meta\">\n\t\t\t\t\t<a href=\"https:\/\/sitios.iztacala.unam.mx\/poc\/lexicon-de-genero-identidad-de-genero\/\" title=\"5:20 pm\" rel=\"bookmark\"><time class=\"wp-show-posts-entry-date published\" datetime=\"2024-11-20T17:20:53+00:00\" itemprop=\"datePublished\">20 noviembre, 2024<\/time><time class=\"wp-show-posts-updated\" datetime=\"2025-02-13T23:58:25+00:00\" itemprop=\"dateModified\">13 febrero, 2025<\/time><\/a>\n\t\t\t\t<\/span><\/div>\t\t\t\t\t\t<\/header><!-- .entry-header -->\n\t\t\t\t\t\t\t<div class=\"wp-show-posts-image  wpsp-image-center \">\n\t\t\t<a href=\"https:\/\/sitios.iztacala.unam.mx\/poc\/lexicon-de-genero-identidad-de-genero\/\"  title=\"Lexic\u00f3n de g\u00e9nero \u2013 Identidad de g\u00e9nero\">\t\t\t\t\t<img decoding=\"async\" src=\"https:\/\/i0.wp.com\/sitios.iztacala.unam.mx\/poc\/wp-content\/uploads\/sites\/11\/2024\/11\/ID_lxcnIdentidad-de-genero.jpg?fit=1200%2C627&ssl=1&resize=240%2C125\" alt=\"Lexic\u00f3n de g\u00e9nero \u2013 Identidad de g\u00e9nero\" itemprop=\"image\" class=\"center\" \/>\n\t\t\t\t<\/a>\t\t<\/div>\n\t\t\t\t\t\t\t\t<div class=\"wp-show-posts-entry-summary\" itemprop=\"text\">\n\t\t\t\t\t\t\t\t\t\t\t\t\t<\/div><!-- .entry-summary -->\n\t\t\t\t\t<div class=\"wpsp-read-more\"><a title=\"Lexic\u00f3n de g\u00e9nero \u2013 Identidad de g\u00e9nero\" class=\"wp-show-posts-read-more\" href=\"https:\/\/sitios.iztacala.unam.mx\/poc\/lexicon-de-genero-identidad-de-genero\/\">Leer m\u00e1s . . <\/a><\/div><\/div><!-- wp-show-posts-inner --><\/article><article class=\" wp-show-posts-single post-677 post type-post status-publish format-standard has-post-thumbnail hentry category-lexicon wpsp-col-6\" itemtype=\"http:\/\/schema.org\/CreativeWork\" itemscope><div class=\"wp-show-posts-inner\" style=\"\">\t\t\t\t\t\t<header class=\"wp-show-posts-entry-header\">\n\t\t\t\t\t\t\t<h2 class=\"wp-show-posts-entry-title\" itemprop=\"headline\"><a href=\"https:\/\/sitios.iztacala.unam.mx\/poc\/lexicon-de-genero-sororidad\/\" rel=\"bookmark\">Lexic\u00f3n de g\u00e9nero &#8211; Sororidad<\/a><\/h2><div class=\"wp-show-posts-entry-meta wp-show-posts-entry-meta-below-title post-meta-inline\"><span class=\"wp-show-posts-posted-on wp-show-posts-meta\">\n\t\t\t\t\t<a href=\"https:\/\/sitios.iztacala.unam.mx\/poc\/lexicon-de-genero-sororidad\/\" title=\"1:47 am\" rel=\"bookmark\"><time class=\"wp-show-posts-entry-date published\" datetime=\"2024-10-25T01:47:29+00:00\" itemprop=\"datePublished\">25 octubre, 2024<\/time><time class=\"wp-show-posts-updated\" datetime=\"2024-11-20T17:16:48+00:00\" itemprop=\"dateModified\">20 noviembre, 2024<\/time><\/a>\n\t\t\t\t<\/span><\/div>\t\t\t\t\t\t<\/header><!-- .entry-header -->\n\t\t\t\t\t\t\t<div class=\"wp-show-posts-image  wpsp-image-center \">\n\t\t\t<a href=\"https:\/\/sitios.iztacala.unam.mx\/poc\/lexicon-de-genero-sororidad\/\"  title=\"Lexic\u00f3n de g\u00e9nero &#8211; Sororidad\">\t\t\t\t\t<img decoding=\"async\" src=\"https:\/\/i0.wp.com\/sitios.iztacala.unam.mx\/poc\/wp-content\/uploads\/sites\/11\/2024\/10\/IDsororidad.jpg?fit=1200%2C627&ssl=1&resize=240%2C125\" alt=\"Lexic\u00f3n de g\u00e9nero &#8211; Sororidad\" itemprop=\"image\" class=\"center\" \/>\n\t\t\t\t<\/a>\t\t<\/div>\n\t\t\t\t\t\t\t\t<div class=\"wp-show-posts-entry-summary\" itemprop=\"text\">\n\t\t\t\t\t\t\t\t\t\t\t\t\t<\/div><!-- .entry-summary -->\n\t\t\t\t\t<div class=\"wpsp-read-more\"><a title=\"Lexic\u00f3n de g\u00e9nero &#8211; Sororidad\" class=\"wp-show-posts-read-more\" href=\"https:\/\/sitios.iztacala.unam.mx\/poc\/lexicon-de-genero-sororidad\/\">Leer m\u00e1s . . <\/a><\/div><\/div><!-- wp-show-posts-inner --><\/article><article class=\" wp-show-posts-single post-673 post type-post status-publish format-standard has-post-thumbnail hentry category-lexicon wpsp-col-6\" itemtype=\"http:\/\/schema.org\/CreativeWork\" itemscope><div class=\"wp-show-posts-inner\" style=\"\">\t\t\t\t\t\t<header class=\"wp-show-posts-entry-header\">\n\t\t\t\t\t\t\t<h2 class=\"wp-show-posts-entry-title\" itemprop=\"headline\"><a href=\"https:\/\/sitios.iztacala.unam.mx\/poc\/lexicon-de-genero-genero\/\" rel=\"bookmark\">Lexic\u00f3n de g\u00e9nero &#8211; G\u00e9nero<\/a><\/h2><div class=\"wp-show-posts-entry-meta wp-show-posts-entry-meta-below-title post-meta-inline\"><span class=\"wp-show-posts-posted-on wp-show-posts-meta\">\n\t\t\t\t\t<a href=\"https:\/\/sitios.iztacala.unam.mx\/poc\/lexicon-de-genero-genero\/\" title=\"1:46 am\" rel=\"bookmark\"><time class=\"wp-show-posts-entry-date published\" datetime=\"2024-10-25T01:46:36+00:00\" itemprop=\"datePublished\">25 octubre, 2024<\/time><time class=\"wp-show-posts-updated\" datetime=\"2024-11-20T17:17:30+00:00\" itemprop=\"dateModified\">20 noviembre, 2024<\/time><\/a>\n\t\t\t\t<\/span><\/div>\t\t\t\t\t\t<\/header><!-- .entry-header -->\n\t\t\t\t\t\t\t<div class=\"wp-show-posts-image  wpsp-image-center \">\n\t\t\t<a href=\"https:\/\/sitios.iztacala.unam.mx\/poc\/lexicon-de-genero-genero\/\"  title=\"Lexic\u00f3n de g\u00e9nero &#8211; G\u00e9nero\">\t\t\t\t\t<img decoding=\"async\" src=\"https:\/\/i0.wp.com\/sitios.iztacala.unam.mx\/poc\/wp-content\/uploads\/sites\/11\/2024\/10\/IDgenero.jpg?fit=1200%2C627&ssl=1&resize=240%2C125\" alt=\"Lexic\u00f3n de g\u00e9nero &#8211; G\u00e9nero\" itemprop=\"image\" class=\"center\" \/>\n\t\t\t\t<\/a>\t\t<\/div>\n\t\t\t\t\t\t\t\t<div class=\"wp-show-posts-entry-summary\" itemprop=\"text\">\n\t\t\t\t\t\t\t\t\t\t\t\t\t<\/div><!-- .entry-summary -->\n\t\t\t\t\t<div class=\"wpsp-read-more\"><a title=\"Lexic\u00f3n de g\u00e9nero &#8211; G\u00e9nero\" class=\"wp-show-posts-read-more\" href=\"https:\/\/sitios.iztacala.unam.mx\/poc\/lexicon-de-genero-genero\/\">Leer m\u00e1s . . <\/a><\/div><\/div><!-- wp-show-posts-inner --><\/article><article class=\" wp-show-posts-single post-662 post type-post status-publish format-standard has-post-thumbnail hentry category-lexicon wpsp-col-6\" itemtype=\"http:\/\/schema.org\/CreativeWork\" itemscope><div class=\"wp-show-posts-inner\" style=\"\">\t\t\t\t\t\t<header class=\"wp-show-posts-entry-header\">\n\t\t\t\t\t\t\t<h2 class=\"wp-show-posts-entry-title\" itemprop=\"headline\"><a href=\"https:\/\/sitios.iztacala.unam.mx\/poc\/lexicon-de-genero-sexo\/\" rel=\"bookmark\">Lexic\u00f3n de g\u00e9nero &#8211; Sexo<\/a><\/h2><div class=\"wp-show-posts-entry-meta wp-show-posts-entry-meta-below-title post-meta-inline\"><span class=\"wp-show-posts-posted-on wp-show-posts-meta\">\n\t\t\t\t\t<a href=\"https:\/\/sitios.iztacala.unam.mx\/poc\/lexicon-de-genero-sexo\/\" title=\"3:35 pm\" rel=\"bookmark\"><time class=\"wp-show-posts-entry-date published\" datetime=\"2024-10-16T15:35:06+00:00\" itemprop=\"datePublished\">16 octubre, 2024<\/time><time class=\"wp-show-posts-updated\" datetime=\"2024-11-20T17:17:35+00:00\" itemprop=\"dateModified\">20 noviembre, 2024<\/time><\/a>\n\t\t\t\t<\/span><\/div>\t\t\t\t\t\t<\/header><!-- .entry-header -->\n\t\t\t\t\t\t\t<div class=\"wp-show-posts-image  wpsp-image-center \">\n\t\t\t<a href=\"https:\/\/sitios.iztacala.unam.mx\/poc\/lexicon-de-genero-sexo\/\"  title=\"Lexic\u00f3n de g\u00e9nero &#8211; Sexo\">\t\t\t\t\t<img decoding=\"async\" src=\"https:\/\/i0.wp.com\/sitios.iztacala.unam.mx\/poc\/wp-content\/uploads\/sites\/11\/2024\/10\/ID_LX_sexo.jpg?fit=1200%2C627&ssl=1&resize=240%2C125\" alt=\"Lexic\u00f3n de g\u00e9nero &#8211; Sexo\" itemprop=\"image\" class=\"center\" \/>\n\t\t\t\t<\/a>\t\t<\/div>\n\t\t\t\t\t\t\t\t<div class=\"wp-show-posts-entry-summary\" itemprop=\"text\">\n\t\t\t\t\t\t\t\t\t\t\t\t\t<\/div><!-- .entry-summary -->\n\t\t\t\t\t<div class=\"wpsp-read-more\"><a title=\"Lexic\u00f3n de g\u00e9nero &#8211; Sexo\" class=\"wp-show-posts-read-more\" href=\"https:\/\/sitios.iztacala.unam.mx\/poc\/lexicon-de-genero-sexo\/\">Leer m\u00e1s . . <\/a><\/div><\/div><!-- wp-show-posts-inner --><\/article><div class=\"wpsp-clear\"><\/div><\/section><!-- .wp-show-posts -->\n","protected":false},"excerpt":{"rendered":"<p>Definiciones importantes<\/p>\n","protected":false},"author":2,"featured_media":0,"parent":0,"menu_order":0,"comment_status":"closed","ping_status":"closed","template":"","meta":{"footnotes":""},"class_list":["post-667","page","type-page","status-publish","hentry"],"jetpack_sharing_enabled":true,"_links":{"self":[{"href":"https:\/\/sitios.iztacala.unam.mx\/poc\/wp-json\/wp\/v2\/pages\/667","targetHints":{"allow":["GET"]}}],"collection":[{"href":"https:\/\/sitios.iztacala.unam.mx\/poc\/wp-json\/wp\/v2\/pages"}],"about":[{"href":"https:\/\/sitios.iztacala.unam.mx\/poc\/wp-json\/wp\/v2\/types\/page"}],"author":[{"embeddable":true,"href":"https:\/\/sitios.iztacala.unam.mx\/poc\/wp-json\/wp\/v2\/users\/2"}],"replies":[{"embeddable":true,"href":"https:\/\/sitios.iztacala.unam.mx\/poc\/wp-json\/wp\/v2\/comments?post=667"}],"version-history":[{"count":2,"href":"https:\/\/sitios.iztacala.unam.mx\/poc\/wp-json\/wp\/v2\/pages\/667\/revisions"}],"predecessor-version":[{"id":669,"href":"https:\/\/sitios.iztacala.unam.mx\/poc\/wp-json\/wp\/v2\/pages\/667\/revisions\/669"}],"wp:attachment":[{"href":"https:\/\/sitios.iztacala.unam.mx\/poc\/wp-json\/wp\/v2\/media?parent=667"}],"curies":[{"name":"wp","href":"https:\/\/api.w.org\/{rel}","templated":true}]}}