{"id":95,"date":"2023-07-28T17:45:12","date_gmt":"2023-07-28T17:45:12","guid":{"rendered":"https:\/\/sitios.iztacala.unam.mx\/liiceg\/?page_id=95"},"modified":"2023-08-15T21:27:49","modified_gmt":"2023-08-15T21:27:49","slug":"nuestras-actividades","status":"publish","type":"page","link":"https:\/\/sitios.iztacala.unam.mx\/liiceg\/nuestras-actividades\/","title":{"rendered":"NUESTRAS ACTIVIDADES"},"content":{"rendered":"<div class=\"gb-container gb-container-19f4b9fc\">\n<div class=\"gb-grid-wrapper gb-grid-wrapper-4dda2b72\">\n<div class=\"gb-grid-column gb-grid-column-5707c9ed\"><div class=\"gb-container gb-container-5707c9ed\">\n\n<figure class=\"wp-block-image size-full\"><img loading=\"lazy\" decoding=\"async\" width=\"976\" height=\"839\" src=\"https:\/\/sitios.iztacala.unam.mx\/liiceg\/wp-content\/uploads\/sites\/21\/2023\/08\/Estancias-de-investigacion-1.png\" alt=\"\" class=\"wp-image-271\" srcset=\"https:\/\/sitios.iztacala.unam.mx\/liiceg\/wp-content\/uploads\/sites\/21\/2023\/08\/Estancias-de-investigacion-1.png 976w, https:\/\/sitios.iztacala.unam.mx\/liiceg\/wp-content\/uploads\/sites\/21\/2023\/08\/Estancias-de-investigacion-1-300x258.png 300w, https:\/\/sitios.iztacala.unam.mx\/liiceg\/wp-content\/uploads\/sites\/21\/2023\/08\/Estancias-de-investigacion-1-768x660.png 768w\" sizes=\"auto, (max-width: 976px) 100vw, 976px\" \/><\/figure>\n\n<\/div><\/div>\n\n<div class=\"gb-grid-column gb-grid-column-474d3c37\"><div class=\"gb-container gb-container-474d3c37\">\n\n<ul class=\"wp-block-list\">\n<li><em>Seminario Permanente: Cuerpo, G\u00e9nero, Salud y Sexualidad<\/em><\/li>\n<\/ul>\n\n\n\n<ul class=\"wp-block-list\">\n<li><em>Proyectos culturales y cient\u00edficos<\/em><\/li>\n<\/ul>\n\n\n\n<ul class=\"wp-block-list\">\n<li><em>Recepci\u00f3n de estancias acad\u00e9micas y de investigaci\u00f3n<\/em><\/li>\n<\/ul>\n\n\n\n<ul class=\"wp-block-list\">\n<li><em>Proyectos de investigaci\u00f3n con financiamiento PAPIIT, DGAPA-UNAM <\/em><\/li>\n<\/ul>\n\n<\/div><\/div>\n<\/div>\n<\/div>","protected":false},"excerpt":{"rendered":"","protected":false},"author":22,"featured_media":0,"parent":0,"menu_order":0,"comment_status":"closed","ping_status":"closed","template":"","meta":{"footnotes":""},"class_list":["post-95","page","type-page","status-publish"],"jetpack_sharing_enabled":true,"_links":{"self":[{"href":"https:\/\/sitios.iztacala.unam.mx\/liiceg\/wp-json\/wp\/v2\/pages\/95","targetHints":{"allow":["GET"]}}],"collection":[{"href":"https:\/\/sitios.iztacala.unam.mx\/liiceg\/wp-json\/wp\/v2\/pages"}],"about":[{"href":"https:\/\/sitios.iztacala.unam.mx\/liiceg\/wp-json\/wp\/v2\/types\/page"}],"author":[{"embeddable":true,"href":"https:\/\/sitios.iztacala.unam.mx\/liiceg\/wp-json\/wp\/v2\/users\/22"}],"replies":[{"embeddable":true,"href":"https:\/\/sitios.iztacala.unam.mx\/liiceg\/wp-json\/wp\/v2\/comments?post=95"}],"version-history":[{"count":3,"href":"https:\/\/sitios.iztacala.unam.mx\/liiceg\/wp-json\/wp\/v2\/pages\/95\/revisions"}],"predecessor-version":[{"id":274,"href":"https:\/\/sitios.iztacala.unam.mx\/liiceg\/wp-json\/wp\/v2\/pages\/95\/revisions\/274"}],"wp:attachment":[{"href":"https:\/\/sitios.iztacala.unam.mx\/liiceg\/wp-json\/wp\/v2\/media?parent=95"}],"curies":[{"name":"wp","href":"https:\/\/api.w.org\/{rel}","templated":true}]}}