{"id":508,"date":"2024-01-31T18:15:36","date_gmt":"2024-01-31T18:15:36","guid":{"rendered":"https:\/\/sitios.iztacala.unam.mx\/liiceg\/?page_id=508"},"modified":"2024-02-01T16:48:51","modified_gmt":"2024-02-01T16:48:51","slug":"catarsis","status":"publish","type":"page","link":"https:\/\/sitios.iztacala.unam.mx\/liiceg\/catarsis\/","title":{"rendered":"CATARSIS"},"content":{"rendered":"\n<p class=\"has-text-align-center has-x-large-font-size\"><mark style=\"background-color:var(--base-3);color:#901fbf\" class=\"has-inline-color\"><em><strong>Catarsis en un tiempo a la deriva<\/strong><\/em><\/mark><\/p>\n\n\n<div class=\"gb-grid-wrapper gb-grid-wrapper-72d17207\">\n<div class=\"gb-grid-column gb-grid-column-0fa091d1\"><div class=\"gb-container gb-container-0fa091d1\">\n\n<figure class=\"wp-block-image size-large is-resized\"><img loading=\"lazy\" decoding=\"async\" width=\"683\" height=\"1024\" src=\"https:\/\/sitios.iztacala.unam.mx\/liiceg\/wp-content\/uploads\/sites\/21\/2023\/08\/Cartel-Catarsis-2-683x1024.jpg\" alt=\"\" class=\"wp-image-195\" style=\"width:270px;height:auto\" srcset=\"https:\/\/sitios.iztacala.unam.mx\/liiceg\/wp-content\/uploads\/sites\/21\/2023\/08\/Cartel-Catarsis-2-683x1024.jpg 683w, https:\/\/sitios.iztacala.unam.mx\/liiceg\/wp-content\/uploads\/sites\/21\/2023\/08\/Cartel-Catarsis-2-200x300.jpg 200w, https:\/\/sitios.iztacala.unam.mx\/liiceg\/wp-content\/uploads\/sites\/21\/2023\/08\/Cartel-Catarsis-2-768x1152.jpg 768w, https:\/\/sitios.iztacala.unam.mx\/liiceg\/wp-content\/uploads\/sites\/21\/2023\/08\/Cartel-Catarsis-2-1024x1536.jpg 1024w, https:\/\/sitios.iztacala.unam.mx\/liiceg\/wp-content\/uploads\/sites\/21\/2023\/08\/Cartel-Catarsis-2-1365x2048.jpg 1365w, https:\/\/sitios.iztacala.unam.mx\/liiceg\/wp-content\/uploads\/sites\/21\/2023\/08\/Cartel-Catarsis-2-scaled.jpg 1707w\" sizes=\"auto, (max-width: 683px) 100vw, 683px\" \/><\/figure>\n\n<\/div><\/div>\n\n<div class=\"gb-grid-column gb-grid-column-2dd109d6\"><div class=\"gb-container gb-container-2dd109d6\">\n\n<p class=\"has-contrast-color has-base-3-background-color has-text-color has-background has-link-color wp-elements-e685a652cdc8a5f545fa070f7eccc36b\"><em>Catarsis en un tiempo a la deriva<\/em>, una experiencia de inmersi\u00f3n visual y sonora con m\u00fasica original interpretada en vivo que recupera la experiencia emocional de la comunidad universitaria durante la pandemia.  Este video fue un proyecto experimental art\u00edstico-cient\u00edfico con im\u00e1genes, m\u00fasica y teor\u00eda social de las emociones es resultado de la participaci\u00f3n de quienes pertenecen a la comunidad iztacalteca que de manera entusiasta enviaron sus fotograf\u00edas para conformar esta exposici\u00f3n performativa. Para la presentaci\u00f3n se tuvo apoyo de la Secretar\u00eda de Desarrollo y Relaciones Institucionales, la Unidad de Promoci\u00f3n Cultural y Divulgaci\u00f3n de la Ciencia, los Departamentos de Comunicaci\u00f3n Social y Medios y de Producci\u00f3n de FESI. El trabajo de curadur\u00eda de la m\u00fasica estuvo a cargo del dueto de m\u00fasicos-compositores Rasen, integrado por estudiantes de la Facultad de M\u00fasica de la UNAM y de la Escuela Superior de M\u00fasica de Bellas Artes. La curadur\u00eda en imagen estuvo a cago de las doctoras Oliva L\u00f3pez S\u00e1nchez de FES Iztacala y Patricia Mass\u00e9 Zendejas, especialista en fotograf\u00eda del Sistema de Fototecas del Instituto Nacional de Antropolog\u00eda e Historia; se cont\u00f3 con la participaci\u00f3n de la artista visual Nayeli Guti\u00e9rrez, de la Escuela Nacional de Pintura, Escultura y Grabado \u201cLa Esmeralda\u201d, y la fot\u00f3grafa Patricia Aridjis. La coordinaci\u00f3n general del proyecto estuvo a cargo de la doctora Oliva L\u00f3pez S\u00e1nchez.<\/p>\n\n<\/div><\/div>\n<\/div>\n\n<div class=\"gb-grid-wrapper gb-grid-wrapper-0abe45ca\">\n<div class=\"gb-grid-column gb-grid-column-843e0596\"><div class=\"gb-container gb-container-843e0596\">\n\n<figure class=\"wp-block-embed is-type-video is-provider-youtube wp-block-embed-youtube wp-embed-aspect-16-9 wp-has-aspect-ratio\"><div class=\"wp-block-embed__wrapper\">\n<iframe loading=\"lazy\" title=\"Catarsis en un tiempo a la deriva - Coordinado por la Dra. Oliva L\u00f3pez\" width=\"1200\" height=\"675\" src=\"https:\/\/www.youtube.com\/embed\/GCDCaE9SgF0?feature=oembed\" frameborder=\"0\" allow=\"accelerometer; autoplay; clipboard-write; encrypted-media; gyroscope; picture-in-picture; web-share\" allowfullscreen><\/iframe>\n<\/div><\/figure>\n\n\n\n<div style=\"height:21px\" aria-hidden=\"true\" class=\"wp-block-spacer\"><\/div>\n\n<\/div><\/div>\n<\/div>\n\n\n<div class=\"wp-block-columns is-layout-flex wp-container-core-columns-is-layout-9d6595d7 wp-block-columns-is-layout-flex\">\n<div class=\"wp-block-column is-layout-flow wp-block-column-is-layout-flow\" style=\"flex-basis:66.66%\">\n<p>Disfruta de la presentaci\u00f3n nuevamente con interpretaci\u00f3n en vivo de los m\u00fasicos-compositores Rasen.<\/p>\n\n\n\n<figure class=\"wp-block-embed is-type-video is-provider-youtube wp-block-embed-youtube wp-embed-aspect-16-9 wp-has-aspect-ratio\"><div class=\"wp-block-embed__wrapper\">\n<iframe loading=\"lazy\" title=\"Catarsis en un tiempo a la deriva 2022\" width=\"1200\" height=\"675\" src=\"https:\/\/www.youtube.com\/embed\/hPmdDvGSY1k?feature=oembed\" frameborder=\"0\" allow=\"accelerometer; autoplay; clipboard-write; encrypted-media; gyroscope; picture-in-picture; web-share\" allowfullscreen><\/iframe>\n<\/div><\/figure>\n<\/div>\n\n\n\n<div class=\"wp-block-column is-layout-flow wp-block-column-is-layout-flow\" style=\"flex-basis:33.33%\">\n<p class=\"has-text-align-center\"> Conoce m\u00e1s del evento de presentaci\u00f3n en la siguiente nota titulada: <\/p>\n\n\n\n<p class=\"has-text-align-center has-accent-color has-text-color has-link-color has-medium-font-size wp-elements-e2bd7dec7c904dbaafed30f6989039d9\"><em><a href=\"https:\/\/fenix.iztacala.unam.mx\/?p=36102\">Se present\u00f3 en el CCI el proyecto experimental:\u00a0Catarsis en un Tiempo a la Deriva<\/a><\/em><\/p>\n\n\n<div class=\"wp-block-image\">\n<figure class=\"aligncenter size-full is-resized\"><a href=\"https:\/\/fenix.iztacala.unam.mx\/?p=36102\"><img loading=\"lazy\" decoding=\"async\" width=\"309\" height=\"163\" src=\"https:\/\/sitios.iztacala.unam.mx\/liiceg\/wp-content\/uploads\/sites\/21\/2023\/06\/GacetaIztacala_logo.png\" alt=\"\" class=\"wp-image-13\" style=\"width:194px;height:auto\" srcset=\"https:\/\/sitios.iztacala.unam.mx\/liiceg\/wp-content\/uploads\/sites\/21\/2023\/06\/GacetaIztacala_logo.png 309w, https:\/\/sitios.iztacala.unam.mx\/liiceg\/wp-content\/uploads\/sites\/21\/2023\/06\/GacetaIztacala_logo-300x158.png 300w\" sizes=\"auto, (max-width: 309px) 100vw, 309px\" \/><\/a><\/figure>\n<\/div><\/div>\n<\/div>\n\n\n<div class=\"gb-grid-wrapper gb-grid-wrapper-676d9876\">\n<div class=\"gb-grid-column gb-grid-column-b34ea28c\"><div class=\"gb-container gb-container-b34ea28c\">\n\n<div style=\"height:20px\" aria-hidden=\"true\" class=\"wp-block-spacer\"><\/div>\n\n\n<div class=\"gb-grid-wrapper gb-grid-wrapper-f9783b50\">\n<div class=\"gb-grid-column gb-grid-column-8e723fbc\"><div class=\"gb-container gb-container-8e723fbc\">\n\n<p><em>Programa del evento de presentaci\u00f3n:<\/em><\/p>\n\n<\/div><\/div>\n\n<div class=\"gb-grid-column gb-grid-column-2d5b6cb8\"><div class=\"gb-container gb-container-2d5b6cb8\">\n\n<figure class=\"wp-block-image size-full\"><img loading=\"lazy\" decoding=\"async\" width=\"960\" height=\"720\" src=\"https:\/\/sitios.iztacala.unam.mx\/liiceg\/wp-content\/uploads\/sites\/21\/2024\/02\/Programa-Presentacion-Catarsis_Web.jpg\" alt=\"\" class=\"wp-image-556\" srcset=\"https:\/\/sitios.iztacala.unam.mx\/liiceg\/wp-content\/uploads\/sites\/21\/2024\/02\/Programa-Presentacion-Catarsis_Web.jpg 960w, https:\/\/sitios.iztacala.unam.mx\/liiceg\/wp-content\/uploads\/sites\/21\/2024\/02\/Programa-Presentacion-Catarsis_Web-300x225.jpg 300w, https:\/\/sitios.iztacala.unam.mx\/liiceg\/wp-content\/uploads\/sites\/21\/2024\/02\/Programa-Presentacion-Catarsis_Web-768x576.jpg 768w\" sizes=\"auto, (max-width: 960px) 100vw, 960px\" \/><\/figure>\n\n<\/div><\/div>\n<\/div>\n\n\n<p class=\"has-text-align-center has-accent-color has-base-3-background-color has-text-color has-background has-link-color has-medium-font-size wp-elements-e247f7fd5573e38ea7f79037056b0e4b\">Fotos del evento de presentaci\u00f3n de Catarsis en un tiempo a la deriva<\/p>\n\n<\/div><\/div>\n<\/div>\n\n<div class=\"gb-grid-wrapper gb-grid-wrapper-2f8ceecd\">\n<div class=\"gb-grid-column gb-grid-column-8522482d\"><div class=\"gb-container gb-container-8522482d\">\n<div class=\"wp-block-image\">\n<figure class=\"aligncenter size-large is-resized\"><img loading=\"lazy\" decoding=\"async\" width=\"1024\" height=\"683\" src=\"https:\/\/sitios.iztacala.unam.mx\/liiceg\/wp-content\/uploads\/sites\/21\/2024\/01\/IMG_9361-1024x683.jpg\" alt=\"\" class=\"wp-image-513\" style=\"width:541px;height:auto\" srcset=\"https:\/\/sitios.iztacala.unam.mx\/liiceg\/wp-content\/uploads\/sites\/21\/2024\/01\/IMG_9361-1024x683.jpg 1024w, https:\/\/sitios.iztacala.unam.mx\/liiceg\/wp-content\/uploads\/sites\/21\/2024\/01\/IMG_9361-300x200.jpg 300w, https:\/\/sitios.iztacala.unam.mx\/liiceg\/wp-content\/uploads\/sites\/21\/2024\/01\/IMG_9361-768x512.jpg 768w, https:\/\/sitios.iztacala.unam.mx\/liiceg\/wp-content\/uploads\/sites\/21\/2024\/01\/IMG_9361-1536x1024.jpg 1536w, https:\/\/sitios.iztacala.unam.mx\/liiceg\/wp-content\/uploads\/sites\/21\/2024\/01\/IMG_9361-2048x1365.jpg 2048w\" sizes=\"auto, (max-width: 1024px) 100vw, 1024px\" \/><\/figure>\n<\/div>\n<\/div><\/div>\n\n<div class=\"gb-grid-column gb-grid-column-a42d9eaf\"><div class=\"gb-container gb-container-a42d9eaf\">\n<div class=\"wp-block-image\">\n<figure class=\"aligncenter size-large is-resized\"><img loading=\"lazy\" decoding=\"async\" width=\"1024\" height=\"683\" src=\"https:\/\/sitios.iztacala.unam.mx\/liiceg\/wp-content\/uploads\/sites\/21\/2024\/01\/IMG_9337-1024x683.jpg\" alt=\"\" class=\"wp-image-514\" style=\"width:539px;height:auto\" srcset=\"https:\/\/sitios.iztacala.unam.mx\/liiceg\/wp-content\/uploads\/sites\/21\/2024\/01\/IMG_9337-1024x683.jpg 1024w, https:\/\/sitios.iztacala.unam.mx\/liiceg\/wp-content\/uploads\/sites\/21\/2024\/01\/IMG_9337-300x200.jpg 300w, https:\/\/sitios.iztacala.unam.mx\/liiceg\/wp-content\/uploads\/sites\/21\/2024\/01\/IMG_9337-768x512.jpg 768w, https:\/\/sitios.iztacala.unam.mx\/liiceg\/wp-content\/uploads\/sites\/21\/2024\/01\/IMG_9337-1536x1024.jpg 1536w, https:\/\/sitios.iztacala.unam.mx\/liiceg\/wp-content\/uploads\/sites\/21\/2024\/01\/IMG_9337-2048x1365.jpg 2048w\" sizes=\"auto, (max-width: 1024px) 100vw, 1024px\" \/><\/figure>\n<\/div>\n<\/div><\/div>\n<\/div>\n\n\n<div style=\"height:21px\" aria-hidden=\"true\" class=\"wp-block-spacer\"><\/div>\n\n\n\n<div class=\"wp-block-columns is-layout-flex wp-container-core-columns-is-layout-9d6595d7 wp-block-columns-is-layout-flex\">\n<div class=\"wp-block-column is-layout-flow wp-block-column-is-layout-flow\"><div class=\"wp-block-image\">\n<figure class=\"aligncenter size-large is-resized\"><img loading=\"lazy\" decoding=\"async\" width=\"1024\" height=\"683\" src=\"https:\/\/sitios.iztacala.unam.mx\/liiceg\/wp-content\/uploads\/sites\/21\/2024\/01\/IMG_9364-1024x683.jpg\" alt=\"\" class=\"wp-image-516\" style=\"width:547px;height:auto\" srcset=\"https:\/\/sitios.iztacala.unam.mx\/liiceg\/wp-content\/uploads\/sites\/21\/2024\/01\/IMG_9364-1024x683.jpg 1024w, https:\/\/sitios.iztacala.unam.mx\/liiceg\/wp-content\/uploads\/sites\/21\/2024\/01\/IMG_9364-300x200.jpg 300w, https:\/\/sitios.iztacala.unam.mx\/liiceg\/wp-content\/uploads\/sites\/21\/2024\/01\/IMG_9364-768x512.jpg 768w, https:\/\/sitios.iztacala.unam.mx\/liiceg\/wp-content\/uploads\/sites\/21\/2024\/01\/IMG_9364-1536x1024.jpg 1536w, https:\/\/sitios.iztacala.unam.mx\/liiceg\/wp-content\/uploads\/sites\/21\/2024\/01\/IMG_9364-2048x1365.jpg 2048w\" sizes=\"auto, (max-width: 1024px) 100vw, 1024px\" \/><\/figure>\n<\/div><\/div>\n\n\n\n<div class=\"wp-block-column is-layout-flow wp-block-column-is-layout-flow\"><div class=\"wp-block-image\">\n<figure class=\"aligncenter size-large is-resized\"><img loading=\"lazy\" decoding=\"async\" width=\"1024\" height=\"683\" src=\"https:\/\/sitios.iztacala.unam.mx\/liiceg\/wp-content\/uploads\/sites\/21\/2024\/01\/IMG_9313-1024x683.jpg\" alt=\"\" class=\"wp-image-515\" style=\"width:547px;height:auto\" srcset=\"https:\/\/sitios.iztacala.unam.mx\/liiceg\/wp-content\/uploads\/sites\/21\/2024\/01\/IMG_9313-1024x683.jpg 1024w, https:\/\/sitios.iztacala.unam.mx\/liiceg\/wp-content\/uploads\/sites\/21\/2024\/01\/IMG_9313-300x200.jpg 300w, https:\/\/sitios.iztacala.unam.mx\/liiceg\/wp-content\/uploads\/sites\/21\/2024\/01\/IMG_9313-768x512.jpg 768w, https:\/\/sitios.iztacala.unam.mx\/liiceg\/wp-content\/uploads\/sites\/21\/2024\/01\/IMG_9313-1536x1024.jpg 1536w, https:\/\/sitios.iztacala.unam.mx\/liiceg\/wp-content\/uploads\/sites\/21\/2024\/01\/IMG_9313-2048x1365.jpg 2048w\" sizes=\"auto, (max-width: 1024px) 100vw, 1024px\" \/><\/figure>\n<\/div><\/div>\n<\/div>\n\n\n<div class=\"gb-container gb-container-2a0bb32f\">\n\n<figure class=\"wp-block-embed is-type-video is-provider-youtube wp-block-embed-youtube wp-embed-aspect-16-9 wp-has-aspect-ratio\"><div class=\"wp-block-embed__wrapper\">\n<iframe loading=\"lazy\" title=\"Impacto psicosocial y psicoemocional de la pandemia de COVID-19 en estudiantes. La UNAM responde 166\" width=\"1200\" height=\"675\" src=\"https:\/\/www.youtube.com\/embed\/y4s6MmOcefg?feature=oembed\" frameborder=\"0\" allow=\"accelerometer; autoplay; clipboard-write; encrypted-media; gyroscope; picture-in-picture; web-share\" allowfullscreen><\/iframe>\n<\/div><figcaption class=\"wp-element-caption\">Entrevista en el programa LA UNAM RESPONDE (166), Impacto psicosocial y psicoemocional de la pandemia de COVID-19 en estudiantes (9 de noviembre de 2020).<br><\/figcaption><\/figure>\n\n<\/div>","protected":false},"excerpt":{"rendered":"<p>Catarsis en un tiempo a la deriva Disfruta de la presentaci\u00f3n nuevamente con interpretaci\u00f3n en vivo de los m\u00fasicos-compositores Rasen. Conoce m\u00e1s del evento de presentaci\u00f3n en la siguiente nota titulada: Se present\u00f3 en el CCI el proyecto experimental:\u00a0Catarsis en un Tiempo a la Deriva<\/p>\n","protected":false},"author":22,"featured_media":0,"parent":0,"menu_order":0,"comment_status":"closed","ping_status":"closed","template":"","meta":{"footnotes":""},"class_list":["post-508","page","type-page","status-publish"],"jetpack_sharing_enabled":true,"_links":{"self":[{"href":"https:\/\/sitios.iztacala.unam.mx\/liiceg\/wp-json\/wp\/v2\/pages\/508","targetHints":{"allow":["GET"]}}],"collection":[{"href":"https:\/\/sitios.iztacala.unam.mx\/liiceg\/wp-json\/wp\/v2\/pages"}],"about":[{"href":"https:\/\/sitios.iztacala.unam.mx\/liiceg\/wp-json\/wp\/v2\/types\/page"}],"author":[{"embeddable":true,"href":"https:\/\/sitios.iztacala.unam.mx\/liiceg\/wp-json\/wp\/v2\/users\/22"}],"replies":[{"embeddable":true,"href":"https:\/\/sitios.iztacala.unam.mx\/liiceg\/wp-json\/wp\/v2\/comments?post=508"}],"version-history":[{"count":12,"href":"https:\/\/sitios.iztacala.unam.mx\/liiceg\/wp-json\/wp\/v2\/pages\/508\/revisions"}],"predecessor-version":[{"id":557,"href":"https:\/\/sitios.iztacala.unam.mx\/liiceg\/wp-json\/wp\/v2\/pages\/508\/revisions\/557"}],"wp:attachment":[{"href":"https:\/\/sitios.iztacala.unam.mx\/liiceg\/wp-json\/wp\/v2\/media?parent=508"}],"curies":[{"name":"wp","href":"https:\/\/api.w.org\/{rel}","templated":true}]}}