{"id":43,"date":"2023-06-29T18:46:03","date_gmt":"2023-06-29T18:46:03","guid":{"rendered":"https:\/\/sitios.iztacala.unam.mx\/liiceg\/?page_id=43"},"modified":"2025-09-25T16:56:38","modified_gmt":"2025-09-25T16:56:38","slug":"integrantes","status":"publish","type":"page","link":"https:\/\/sitios.iztacala.unam.mx\/liiceg\/integrantes\/","title":{"rendered":"INTEGRANTES"},"content":{"rendered":"\n<div class=\"wp-block-columns is-layout-flex wp-container-core-columns-is-layout-9d6595d7 wp-block-columns-is-layout-flex\">\n<div class=\"wp-block-column is-layout-flow wp-block-column-is-layout-flow\">\n<div class=\"wp-block-columns is-layout-flex wp-container-core-columns-is-layout-9d6595d7 wp-block-columns-is-layout-flex\">\n<div class=\"wp-block-column has-base-2-background-color has-background is-layout-flow wp-block-column-is-layout-flow\">\n<figure class=\"wp-block-image size-large\"><img loading=\"lazy\" decoding=\"async\" width=\"1024\" height=\"683\" src=\"https:\/\/sitios.iztacala.unam.mx\/liiceg\/wp-content\/uploads\/sites\/21\/2023\/06\/Oliva-Lopez-1024x683.png\" alt=\"\" class=\"wp-image-50\" srcset=\"https:\/\/sitios.iztacala.unam.mx\/liiceg\/wp-content\/uploads\/sites\/21\/2023\/06\/Oliva-Lopez-1024x683.png 1024w, https:\/\/sitios.iztacala.unam.mx\/liiceg\/wp-content\/uploads\/sites\/21\/2023\/06\/Oliva-Lopez-300x200.png 300w, https:\/\/sitios.iztacala.unam.mx\/liiceg\/wp-content\/uploads\/sites\/21\/2023\/06\/Oliva-Lopez-768x512.png 768w, https:\/\/sitios.iztacala.unam.mx\/liiceg\/wp-content\/uploads\/sites\/21\/2023\/06\/Oliva-Lopez-1536x1024.png 1536w, https:\/\/sitios.iztacala.unam.mx\/liiceg\/wp-content\/uploads\/sites\/21\/2023\/06\/Oliva-Lopez-2048x1365.png 2048w\" sizes=\"auto, (max-width: 1024px) 100vw, 1024px\" \/><\/figure>\n\n\n\n<p class=\"has-text-align-center\"><strong>Oliva L\u00f3pez S\u00e1nchez<\/strong><br><strong>(Coordinadora del LIICEG)<\/strong><\/p>\n\n\n\n<p>Profesora Titular C, T.C. Licenciatura en Psicolog\u00eda de la FES Iztacala-UNAM. Maestra en Psicoterapia corporal por la Universidad Intercontinental. Especialista en estudios de la mujer en el Programa Interdisciplinario de Estudios de la Mujer de El Colegio de M\u00e9xico. Doctora en Antropolog\u00eda por el Centro de Investigaciones y Estudios Superiores en Antropolog\u00eda Social, con especialidad en Antropolog\u00eda M\u00e9dica. Coordinadora y Cofundadora de la Red Nacional de los Estudios Socioculturales de las Emociones, RENISCE. Persona Orientadora Comunitaria.<\/p>\n<\/div>\n\n\n\n<div class=\"wp-block-column has-base-2-background-color has-background is-layout-flow wp-block-column-is-layout-flow\">\n<figure class=\"wp-block-image size-large\"><img loading=\"lazy\" decoding=\"async\" width=\"1024\" height=\"683\" src=\"https:\/\/sitios.iztacala.unam.mx\/liiceg\/wp-content\/uploads\/sites\/21\/2023\/06\/Oscar-Sotomayor-1024x683.png\" alt=\"\" class=\"wp-image-49\" srcset=\"https:\/\/sitios.iztacala.unam.mx\/liiceg\/wp-content\/uploads\/sites\/21\/2023\/06\/Oscar-Sotomayor-1024x683.png 1024w, https:\/\/sitios.iztacala.unam.mx\/liiceg\/wp-content\/uploads\/sites\/21\/2023\/06\/Oscar-Sotomayor-300x200.png 300w, https:\/\/sitios.iztacala.unam.mx\/liiceg\/wp-content\/uploads\/sites\/21\/2023\/06\/Oscar-Sotomayor-768x512.png 768w, https:\/\/sitios.iztacala.unam.mx\/liiceg\/wp-content\/uploads\/sites\/21\/2023\/06\/Oscar-Sotomayor-1536x1024.png 1536w, https:\/\/sitios.iztacala.unam.mx\/liiceg\/wp-content\/uploads\/sites\/21\/2023\/06\/Oscar-Sotomayor-2048x1365.png 2048w\" sizes=\"auto, (max-width: 1024px) 100vw, 1024px\" \/><\/figure>\n\n\n\n<p class=\"has-text-align-center\"><strong>Mtro. Oscar Sotomayor Flores<\/strong><\/p>\n\n\n\n<p>Lic. Psicolog\u00eda por FES Iztacala UNAM. Mtro. En Trabajo Social por la ENTS-UNAM. Mtro. En Ciencias por la Fac. De Medicina UNAM. Actualmente Profesor en la FES Iztacala del m\u00f3dulo te\u00f3rico, del \u00e1mbito organizacional Conductual Intercinductual y Cognitivo Conductual, as\u00ed como del \u00e1mbito de investigaci\u00f3n sociocultural y de la actividad.<\/p>\n<\/div>\n<\/div>\n\n\n\n<div class=\"wp-block-columns is-layout-flex wp-container-core-columns-is-layout-9d6595d7 wp-block-columns-is-layout-flex\">\n<div class=\"wp-block-column has-base-2-background-color has-background is-layout-flow wp-block-column-is-layout-flow\">\n<figure class=\"wp-block-image size-full is-resized\"><img loading=\"lazy\" decoding=\"async\" width=\"360\" height=\"238\" src=\"https:\/\/sitios.iztacala.unam.mx\/liiceg\/wp-content\/uploads\/sites\/21\/2023\/06\/Hibraim-Perez-1.png\" alt=\"\" class=\"wp-image-53\" style=\"aspect-ratio:1.5146443514644352;width:543px;height:auto\" srcset=\"https:\/\/sitios.iztacala.unam.mx\/liiceg\/wp-content\/uploads\/sites\/21\/2023\/06\/Hibraim-Perez-1.png 360w, https:\/\/sitios.iztacala.unam.mx\/liiceg\/wp-content\/uploads\/sites\/21\/2023\/06\/Hibraim-Perez-1-300x198.png 300w\" sizes=\"auto, (max-width: 360px) 100vw, 360px\" \/><\/figure>\n\n\n\n<p class=\"has-text-align-center\"><strong>Dr. Hibraim Ad\u00e1n P\u00e9rez Mendoza<\/strong><\/p>\n\n\n\n<p>Egresado de la carrera de biolog\u00eda de la Facultad de Estudios Superiores Iztacala y curs\u00f3 la maestr\u00eda y doctorado en el Posgrado en Ciencias. Actualmente es Profesor titular B de tiempo completo y Jefe del Departamento de Investigaci\u00f3n y Posgrado en la FES-Iztacala.<\/p>\n<\/div>\n\n\n\n<div class=\"wp-block-column has-base-2-background-color has-background is-layout-flow wp-block-column-is-layout-flow\">\n<figure class=\"wp-block-image size-large\"><img loading=\"lazy\" decoding=\"async\" width=\"1024\" height=\"757\" src=\"https:\/\/sitios.iztacala.unam.mx\/liiceg\/wp-content\/uploads\/sites\/21\/2023\/06\/Veronica-Flores-1024x757.jpg\" alt=\"\" class=\"wp-image-51\" srcset=\"https:\/\/sitios.iztacala.unam.mx\/liiceg\/wp-content\/uploads\/sites\/21\/2023\/06\/Veronica-Flores-1024x757.jpg 1024w, https:\/\/sitios.iztacala.unam.mx\/liiceg\/wp-content\/uploads\/sites\/21\/2023\/06\/Veronica-Flores-300x222.jpg 300w, https:\/\/sitios.iztacala.unam.mx\/liiceg\/wp-content\/uploads\/sites\/21\/2023\/06\/Veronica-Flores-768x568.jpg 768w, https:\/\/sitios.iztacala.unam.mx\/liiceg\/wp-content\/uploads\/sites\/21\/2023\/06\/Veronica-Flores-1536x1135.jpg 1536w, https:\/\/sitios.iztacala.unam.mx\/liiceg\/wp-content\/uploads\/sites\/21\/2023\/06\/Veronica-Flores-2048x1514.jpg 2048w\" sizes=\"auto, (max-width: 1024px) 100vw, 1024px\" \/><\/figure>\n\n\n\n<p class=\"has-text-align-center\"><strong>Mtra. Ver\u00f3nica Flores Huerta<\/strong><\/p>\n\n\n\n<p>Licenciadx en Psicolog\u00eda de la FES Iztacala. Actualmente docente de asignatura A de la FESI en el m\u00f3dulo te\u00f3rico e Investigaci\u00f3n Sociocultural y de la actividad. Maestrx en Gesti\u00f3n Administrativa en Servicios de Salud y Hospitales por la UVM Coyoac\u00e1n. Colaboradorx del proyecto de investigaci\u00f3n GESEEX. Activistx y colaboradorx transfeminista en A.C. Musas de Metal Grupo de mujeres Gay.<\/p>\n<\/div>\n<\/div>\n\n\n\n<div class=\"wp-block-columns is-layout-flex wp-container-core-columns-is-layout-9d6595d7 wp-block-columns-is-layout-flex\">\n<div class=\"wp-block-column has-base-2-background-color has-background is-layout-flow wp-block-column-is-layout-flow\"><div class=\"wp-block-image\">\n<figure class=\"aligncenter size-full is-resized\"><img loading=\"lazy\" decoding=\"async\" width=\"240\" height=\"320\" src=\"https:\/\/sitios.iztacala.unam.mx\/liiceg\/wp-content\/uploads\/sites\/21\/2023\/06\/Carlos-Olivier-1-rotated.jpg\" alt=\"\" class=\"wp-image-45\" style=\"aspect-ratio:0.7489711934156379;width:271px;height:auto\" srcset=\"https:\/\/sitios.iztacala.unam.mx\/liiceg\/wp-content\/uploads\/sites\/21\/2023\/06\/Carlos-Olivier-1-rotated.jpg 240w, https:\/\/sitios.iztacala.unam.mx\/liiceg\/wp-content\/uploads\/sites\/21\/2023\/06\/Carlos-Olivier-1-225x300.jpg 225w\" sizes=\"auto, (max-width: 240px) 100vw, 240px\" \/><\/figure>\n<\/div>\n\n\n<p class=\"has-text-align-center\"><strong>Dr. Carlos Olivier Toledo<\/strong><\/p>\n\n\n\n<p>Adscrito actualmente en la Facultad de Estudios Profesionales Iztacala, UNAM en el \u00e1rea de Psicolog\u00eda Social y Teor\u00eda de las Ciencias Sociales.<\/p>\n<\/div>\n\n\n\n<div class=\"wp-block-column has-base-2-background-color has-background is-layout-flow wp-block-column-is-layout-flow\">\n<figure class=\"wp-block-image size-large\"><img loading=\"lazy\" decoding=\"async\" width=\"1024\" height=\"683\" src=\"https:\/\/sitios.iztacala.unam.mx\/liiceg\/wp-content\/uploads\/sites\/21\/2023\/06\/Victoria-Rojas-1024x683.png\" alt=\"\" class=\"wp-image-48\" srcset=\"https:\/\/sitios.iztacala.unam.mx\/liiceg\/wp-content\/uploads\/sites\/21\/2023\/06\/Victoria-Rojas-1024x683.png 1024w, https:\/\/sitios.iztacala.unam.mx\/liiceg\/wp-content\/uploads\/sites\/21\/2023\/06\/Victoria-Rojas-300x200.png 300w, https:\/\/sitios.iztacala.unam.mx\/liiceg\/wp-content\/uploads\/sites\/21\/2023\/06\/Victoria-Rojas-768x512.png 768w, https:\/\/sitios.iztacala.unam.mx\/liiceg\/wp-content\/uploads\/sites\/21\/2023\/06\/Victoria-Rojas-1536x1024.png 1536w, https:\/\/sitios.iztacala.unam.mx\/liiceg\/wp-content\/uploads\/sites\/21\/2023\/06\/Victoria-Rojas-2048x1365.png 2048w\" sizes=\"auto, (max-width: 1024px) 100vw, 1024px\" \/><\/figure>\n\n\n\n<p class=\"has-text-align-center\"><strong>Dra. Victoria Raquel Rojas Lozano<\/strong><\/p>\n\n\n\n<p>Adscrito actualmente en la Facultad de Estudios Profesionales Iztacala, UNAM en el \u00e1rea de Psicolog\u00eda Social y Teor\u00eda de las Ciencias Sociales.<\/p>\n<\/div>\n<\/div>\n<\/div>\n<\/div>\n\n\n\n<div class=\"wp-block-columns is-layout-flex wp-container-core-columns-is-layout-9d6595d7 wp-block-columns-is-layout-flex\">\n<div class=\"wp-block-column has-base-2-background-color has-background is-layout-flow wp-block-column-is-layout-flow\"><div class=\"wp-block-image\">\n<figure class=\"aligncenter size-full is-resized\"><img loading=\"lazy\" decoding=\"async\" width=\"325\" height=\"446\" src=\"https:\/\/sitios.iztacala.unam.mx\/liiceg\/wp-content\/uploads\/sites\/21\/2023\/12\/Dyana-Erika-Marron-Luna_.png\" alt=\"\" class=\"wp-image-418\" style=\"width:258px;height:auto\" srcset=\"https:\/\/sitios.iztacala.unam.mx\/liiceg\/wp-content\/uploads\/sites\/21\/2023\/12\/Dyana-Erika-Marron-Luna_.png 325w, https:\/\/sitios.iztacala.unam.mx\/liiceg\/wp-content\/uploads\/sites\/21\/2023\/12\/Dyana-Erika-Marron-Luna_-219x300.png 219w\" sizes=\"auto, (max-width: 325px) 100vw, 325px\" \/><\/figure>\n<\/div>\n\n\n<p class=\"has-text-align-center\"><strong>Mtra. Dyana Erika Marr\u00f3n Luna<\/strong><\/p>\n\n\n\n<p>Adscrita actualmente \u00e1rea de Desarrollo de Sistemas y Control de Procesos de la Secretar\u00eda Acad\u00e9mica de la Facultad de Estudios Profesionales Iztacala, UNAM. Profesor de Asignatura A Interino en la FES Acatl\u00e1n. Maestr\u00eda en Administraci\u00f3n con Certificaci\u00f3n en Liderazgo Efectivo para Proyectos de Alto Impacto.<\/p>\n<\/div>\n\n\n\n<div class=\"wp-block-column has-base-2-background-color has-background is-layout-flow wp-block-column-is-layout-flow\">\n<figure class=\"wp-block-image size-large\"><img loading=\"lazy\" decoding=\"async\" width=\"1024\" height=\"683\" src=\"https:\/\/sitios.iztacala.unam.mx\/liiceg\/wp-content\/uploads\/sites\/21\/2023\/06\/Edith-Gonzalez-1024x683.png\" alt=\"\" class=\"wp-image-47\" srcset=\"https:\/\/sitios.iztacala.unam.mx\/liiceg\/wp-content\/uploads\/sites\/21\/2023\/06\/Edith-Gonzalez-1024x683.png 1024w, https:\/\/sitios.iztacala.unam.mx\/liiceg\/wp-content\/uploads\/sites\/21\/2023\/06\/Edith-Gonzalez-300x200.png 300w, https:\/\/sitios.iztacala.unam.mx\/liiceg\/wp-content\/uploads\/sites\/21\/2023\/06\/Edith-Gonzalez-768x512.png 768w, https:\/\/sitios.iztacala.unam.mx\/liiceg\/wp-content\/uploads\/sites\/21\/2023\/06\/Edith-Gonzalez-1536x1024.png 1536w, https:\/\/sitios.iztacala.unam.mx\/liiceg\/wp-content\/uploads\/sites\/21\/2023\/06\/Edith-Gonzalez-2048x1365.png 2048w\" sizes=\"auto, (max-width: 1024px) 100vw, 1024px\" \/><\/figure>\n\n\n\n<p class=\"has-text-align-center\"><strong>Lic. Edith Gonz\u00e1lez Carrada<\/strong><\/p>\n\n\n\n<p>Adscrita actualmente en la Facultad de Estudios Profesionales Iztacala, UNAM como asistente de LIICEG y moderadora de la Red Nacional de Investigaci\u00f3n en los Estudios Socioculturales de las Emociones (RENISCE).<\/p>\n<\/div>\n<\/div>\n\n\n\n<div class=\"wp-block-columns is-layout-flex wp-container-core-columns-is-layout-9d6595d7 wp-block-columns-is-layout-flex\">\n<div class=\"wp-block-column has-base-2-background-color has-background is-layout-flow wp-block-column-is-layout-flow\" style=\"flex-basis:50%\">\n<figure class=\"wp-block-image size-large\"><img loading=\"lazy\" decoding=\"async\" width=\"1024\" height=\"683\" src=\"https:\/\/sitios.iztacala.unam.mx\/liiceg\/wp-content\/uploads\/sites\/21\/2023\/06\/Dulce-Sanchez-1024x683.png\" alt=\"\" class=\"wp-image-46\" srcset=\"https:\/\/sitios.iztacala.unam.mx\/liiceg\/wp-content\/uploads\/sites\/21\/2023\/06\/Dulce-Sanchez-1024x683.png 1024w, https:\/\/sitios.iztacala.unam.mx\/liiceg\/wp-content\/uploads\/sites\/21\/2023\/06\/Dulce-Sanchez-300x200.png 300w, https:\/\/sitios.iztacala.unam.mx\/liiceg\/wp-content\/uploads\/sites\/21\/2023\/06\/Dulce-Sanchez-768x512.png 768w, https:\/\/sitios.iztacala.unam.mx\/liiceg\/wp-content\/uploads\/sites\/21\/2023\/06\/Dulce-Sanchez-1536x1024.png 1536w, https:\/\/sitios.iztacala.unam.mx\/liiceg\/wp-content\/uploads\/sites\/21\/2023\/06\/Dulce-Sanchez-2048x1365.png 2048w\" sizes=\"auto, (max-width: 1024px) 100vw, 1024px\" \/><\/figure>\n\n\n\n<p class=\"has-text-align-center\"><strong><strong>Lic. Dulce Ivone S\u00e1nchez Monz\u00f3n<\/strong><\/strong><\/p>\n\n\n<div class=\"gb-container gb-container-15414a9f\">\n\n<p class=\"has-base-2-background-color has-background\">Adscrita actualmente en la Facultad de Estudios Profesionales Iztacala, UNAM como asistente de LIICEG.<\/p>\n\n\n<div class=\"gb-grid-wrapper gb-grid-wrapper-ce2f2dac\"><\/div>\n<\/div><\/div>\n\n\n\n<div class=\"wp-block-column has-base-2-background-color has-background is-layout-flow wp-block-column-is-layout-flow\" style=\"flex-basis:50%\"><div class=\"wp-block-image\">\n<figure class=\"aligncenter size-full is-resized\"><img loading=\"lazy\" decoding=\"async\" width=\"2000\" height=\"1414\" src=\"https:\/\/sitios.iztacala.unam.mx\/liiceg\/wp-content\/uploads\/sites\/21\/2025\/07\/Christian-Jesus-Martinez-Chavez_N.png\" alt=\"\" class=\"wp-image-996\" style=\"width:508px;height:auto\" srcset=\"https:\/\/sitios.iztacala.unam.mx\/liiceg\/wp-content\/uploads\/sites\/21\/2025\/07\/Christian-Jesus-Martinez-Chavez_N.png 2000w, https:\/\/sitios.iztacala.unam.mx\/liiceg\/wp-content\/uploads\/sites\/21\/2025\/07\/Christian-Jesus-Martinez-Chavez_N-300x212.png 300w, https:\/\/sitios.iztacala.unam.mx\/liiceg\/wp-content\/uploads\/sites\/21\/2025\/07\/Christian-Jesus-Martinez-Chavez_N-1024x724.png 1024w, https:\/\/sitios.iztacala.unam.mx\/liiceg\/wp-content\/uploads\/sites\/21\/2025\/07\/Christian-Jesus-Martinez-Chavez_N-768x543.png 768w, https:\/\/sitios.iztacala.unam.mx\/liiceg\/wp-content\/uploads\/sites\/21\/2025\/07\/Christian-Jesus-Martinez-Chavez_N-1536x1086.png 1536w\" sizes=\"auto, (max-width: 2000px) 100vw, 2000px\" \/><\/figure>\n<\/div>\n\n\n<p class=\"has-text-align-center\"><strong><strong>Est. Med. <strong>Christian Jes\u00fas Mart\u00ednez Ch\u00e1vez<\/strong><\/strong><\/strong><\/p>\n\n\n<div class=\"gb-container gb-container-7b7572f5\">\n\n<p class=\"has-base-2-background-color has-background\">Estudiante de la Carrera de Medicina de la Facultad de Estudios Profesionales Iztacala, UNAM.<\/p>\n\n\n<div class=\"gb-grid-wrapper gb-grid-wrapper-0acd3b17\"><\/div>\n<\/div><\/div>\n<\/div>\n","protected":false},"excerpt":{"rendered":"<p>Oliva L\u00f3pez S\u00e1nchez(Coordinadora del LIICEG) Profesora Titular C, T.C. Licenciatura en Psicolog\u00eda de la FES Iztacala-UNAM. Maestra en Psicoterapia corporal por la Universidad Intercontinental. Especialista en estudios de la mujer en el Programa Interdisciplinario de Estudios de la Mujer de El Colegio de M\u00e9xico. Doctora en Antropolog\u00eda por el Centro de Investigaciones y Estudios Superiores &#8230; <a title=\"INTEGRANTES\" class=\"read-more\" href=\"https:\/\/sitios.iztacala.unam.mx\/liiceg\/integrantes\/\" aria-label=\"Leer m\u00e1s sobre INTEGRANTES\">Read more<\/a><\/p>\n","protected":false},"author":22,"featured_media":0,"parent":0,"menu_order":0,"comment_status":"closed","ping_status":"closed","template":"","meta":{"footnotes":""},"class_list":["post-43","page","type-page","status-publish"],"jetpack_sharing_enabled":true,"_links":{"self":[{"href":"https:\/\/sitios.iztacala.unam.mx\/liiceg\/wp-json\/wp\/v2\/pages\/43","targetHints":{"allow":["GET"]}}],"collection":[{"href":"https:\/\/sitios.iztacala.unam.mx\/liiceg\/wp-json\/wp\/v2\/pages"}],"about":[{"href":"https:\/\/sitios.iztacala.unam.mx\/liiceg\/wp-json\/wp\/v2\/types\/page"}],"author":[{"embeddable":true,"href":"https:\/\/sitios.iztacala.unam.mx\/liiceg\/wp-json\/wp\/v2\/users\/22"}],"replies":[{"embeddable":true,"href":"https:\/\/sitios.iztacala.unam.mx\/liiceg\/wp-json\/wp\/v2\/comments?post=43"}],"version-history":[{"count":10,"href":"https:\/\/sitios.iztacala.unam.mx\/liiceg\/wp-json\/wp\/v2\/pages\/43\/revisions"}],"predecessor-version":[{"id":1126,"href":"https:\/\/sitios.iztacala.unam.mx\/liiceg\/wp-json\/wp\/v2\/pages\/43\/revisions\/1126"}],"wp:attachment":[{"href":"https:\/\/sitios.iztacala.unam.mx\/liiceg\/wp-json\/wp\/v2\/media?parent=43"}],"curies":[{"name":"wp","href":"https:\/\/api.w.org\/{rel}","templated":true}]}}