{"id":22,"date":"2024-10-19T01:15:47","date_gmt":"2024-10-19T01:15:47","guid":{"rendered":"https:\/\/sitios.iztacala.unam.mx\/lactancia\/?page_id=22"},"modified":"2025-04-02T00:05:12","modified_gmt":"2025-04-02T00:05:12","slug":"inicio","status":"publish","type":"page","link":"https:\/\/sitios.iztacala.unam.mx\/lactancia\/","title":{"rendered":"ACERCA DE"},"content":{"rendered":"\n<div class=\"wp-block-columns is-layout-flex wp-container-core-columns-is-layout-9d6595d7 wp-block-columns-is-layout-flex\">\n<div class=\"wp-block-column is-layout-flow wp-block-column-is-layout-flow\" style=\"flex-basis:10%\"><\/div>\n\n\n\n<div class=\"wp-block-column is-layout-flow wp-block-column-is-layout-flow\" style=\"flex-basis:80%\">\n<div class=\"alignnormal\"><div id=\"metaslider-id-495\" style=\"width: 100%;\" class=\"ml-slider-3-108-0 ml-slider-pro-2-53-0 metaslider metaslider-flex metaslider-495 ml-slider has-dots-nav ms-theme-default\" role=\"region\" aria-label=\"NewsLactancia\" data-height=\"630\" data-width=\"1200\">\n    <div id=\"metaslider_container_495\">\n        <div id=\"metaslider_495\">\n            <ul class='slides'>\n                <li class=\"slide-496 ms-postfeed post-549 \" style=\"display: block; width: 100%;\" data-slide-type=\"post_feed\" data-date=\"2025-04-01 23:31:39\" data-filename=\"IDs_SMLM.jpg\"><a href=\"https:\/\/sitios.iztacala.unam.mx\/lactancia\/semana-mundial-de-la-lactancia-materna-2025\/\" target=\"_self\"><img loading=\"lazy\" decoding=\"async\" src=\"https:\/\/sitios.iztacala.unam.mx\/lactancia\/wp-content\/uploads\/sites\/29\/2025\/08\/IDs_SMLM.jpg\" height=\"630\" width=\"1200\" alt=\"\" class=\"msDefaultImage\" \/><\/a><div class='caption-wrap'><div class='caption'><div><strong><span class=\"post-feed-title\" data-title=\"Semana Mundial de la Lactancia Materna 2025\" data-smartphone-length=\"100\" data-tablet-length=\"100\" data-laptop-length=\"100\" data-desktop-length=\"100\">Semana Mundial de la Lactancia Materna 2025<\/span><\/strong><\/div> <div><em>vmoreno, 11 agosto, 2025<\/em><\/div> <div><a href=\"https:\/\/sitios.iztacala.unam.mx\/lactancia\/semana-mundial-de-la-lactancia-materna-2025\/\">Read more\u2026<\/a><\/div><\/div><\/div><\/li>\n                <li class=\"slide-496 ms-postfeed post-533 \" style=\"display: none; width: 100%;\" data-slide-type=\"post_feed\" data-date=\"2025-04-01 23:31:39\" data-filename=\"IDs_enfs.jpg\"><a href=\"https:\/\/sitios.iztacala.unam.mx\/lactancia\/enfermedades-transmisibles-durante-la-lactancia-materna\/\" target=\"_self\"><img loading=\"lazy\" decoding=\"async\" src=\"https:\/\/sitios.iztacala.unam.mx\/lactancia\/wp-content\/uploads\/sites\/29\/2025\/04\/IDs_enfs.jpg\" height=\"630\" width=\"1200\" alt=\"\" class=\"msDefaultImage\" \/><\/a><div class='caption-wrap'><div class='caption'><div><strong><span class=\"post-feed-title\" data-title=\"Enfermedades transmisibles durante la lactancia materna\" data-smartphone-length=\"100\" data-tablet-length=\"100\" data-laptop-length=\"100\" data-desktop-length=\"100\">Enfermedades transmisibles durante la lactancia materna<\/span><\/strong><\/div> <div><em>vmoreno, 2 abril, 2025<\/em><\/div> <div><a href=\"https:\/\/sitios.iztacala.unam.mx\/lactancia\/enfermedades-transmisibles-durante-la-lactancia-materna\/\">Read more\u2026<\/a><\/div><\/div><\/div><\/li>\n                <li class=\"slide-496 ms-postfeed post-519 \" style=\"display: none; width: 100%;\" data-slide-type=\"post_feed\" data-date=\"2025-04-01 23:31:39\" data-filename=\"IDs_fiebre.jpg\"><a href=\"https:\/\/sitios.iztacala.unam.mx\/lactancia\/fiebre-en-bebes-y-lactantes\/\" target=\"_self\"><img loading=\"lazy\" decoding=\"async\" src=\"https:\/\/sitios.iztacala.unam.mx\/lactancia\/wp-content\/uploads\/sites\/29\/2025\/04\/IDs_fiebre.jpg\" height=\"630\" width=\"1200\" alt=\"\" class=\"msDefaultImage\" \/><\/a><div class='caption-wrap'><div class='caption'><div><strong><span class=\"post-feed-title\" data-title=\"Fiebre en beb\u00e9s y lactantes\" data-smartphone-length=\"100\" data-tablet-length=\"100\" data-laptop-length=\"100\" data-desktop-length=\"100\">Fiebre en beb\u00e9s y lactantes<\/span><\/strong><\/div> <div><em>vmoreno, 1 abril, 2025<\/em><\/div> <div><a href=\"https:\/\/sitios.iztacala.unam.mx\/lactancia\/fiebre-en-bebes-y-lactantes\/\">Read more\u2026<\/a><\/div><\/div><\/div><\/li>\n            <\/ul>\n        <\/div>\n        \n    <\/div>\n<\/div><\/div>\n<\/div>\n\n\n\n<div class=\"wp-block-column is-layout-flow wp-block-column-is-layout-flow\" style=\"flex-basis:10%\"><\/div>\n<\/div>\n\n\n\n<p class=\"has-base-3-color has-text-color has-link-color wp-elements-6fd0f21400364dda7d3ce84a0d6f65e4\">.<\/p>\n\n\n\n<div class=\"wp-block-cover alignfull wp-duotone-unset-1\" style=\"font-style:normal;font-weight:400;min-height:528px;aspect-ratio:unset;\"><span aria-hidden=\"true\" class=\"wp-block-cover__background has-background-dim-100 has-background-dim has-background-gradient\" style=\"background:linear-gradient(135deg,rgb(223,255,196) 0%,rgb(254,254,254) 50%,rgb(182,241,248) 100%)\"><\/span><div class=\"wp-block-cover__inner-container is-layout-flow wp-block-cover-is-layout-flow\">\n<div class=\"wp-block-media-text alignwide is-stacked-on-mobile is-vertically-aligned-center\" style=\"grid-template-columns:30% auto\"><figure class=\"wp-block-media-text__media\"><img loading=\"lazy\" decoding=\"async\" width=\"624\" height=\"467\" src=\"https:\/\/sitios.iztacala.unam.mx\/lactancia\/wp-content\/uploads\/sites\/29\/2025\/01\/motherbaby2.png\" alt=\"\" class=\"wp-image-356 size-full\" srcset=\"https:\/\/sitios.iztacala.unam.mx\/lactancia\/wp-content\/uploads\/sites\/29\/2025\/01\/motherbaby2.png 624w, https:\/\/sitios.iztacala.unam.mx\/lactancia\/wp-content\/uploads\/sites\/29\/2025\/01\/motherbaby2-300x225.png 300w\" sizes=\"auto, (max-width: 624px) 100vw, 624px\" \/><\/figure><div class=\"wp-block-media-text__content\">\n<h2 class=\"wp-block-heading has-text-color\" style=\"color:#000000;font-size:32px\"><strong>\u00bfQu\u00e9 es la SALA DE LACTANCIA?<\/strong><\/h2>\n\n\n\n<p class=\"has-text-color\" style=\"color:#000000;font-size:17px\">La Sala de Lactancia, es un espacio digno, privado, higi\u00e9nico y accesible para que las madres lactantes, incluyendo estudiantes, trabajadoras y el p\u00fablico en general, puedan amamantar, extraer o conservar adecuadamente la leche de manera c\u00f3moda, este lugar proporciona un entorno seguro y adecuado que respeta la intimidad y bienestar de las madres y sus hijos.<\/p>\n\n\n\n<p class=\"has-text-color\" style=\"color:#000000;font-size:17px\">Su objetivo es facilitar la continuidad de la lactancia, promover la salud materno-infantil y apoyar a las madres, padres y familias en este proceso, al tiempo que se fomenta la cultura de apoyo y respeto hacia la lactancia en el entorno educativo y laboral.<\/p>\n<\/div><\/div>\n<\/div><\/div>\n\n\n\n<hr class=\"wp-block-separator has-alpha-channel-opacity\"\/>\n\n\n\n<div class=\"wp-block-cover alignfull wp-duotone-unset-2\" style=\"font-style:normal;font-weight:400;min-height:528px;aspect-ratio:unset;\"><span aria-hidden=\"true\" class=\"wp-block-cover__background has-background-dim-100 has-background-dim has-background-gradient\" style=\"background:linear-gradient(135deg,rgb(255,255,233) 0%,rgb(254,254,254) 50%,rgb(226,255,241) 100%)\"><\/span><div class=\"wp-block-cover__inner-container is-layout-flow wp-block-cover-is-layout-flow\">\n<div class=\"wp-block-media-text alignfull has-media-on-the-right is-stacked-on-mobile\" style=\"grid-template-columns:auto 35%\"><div class=\"wp-block-media-text__content\">\n<h2 class=\"wp-block-heading has-text-color\" style=\"color:#000000;font-size:32px\"><strong>\u00bfQu\u00e9 hacemos en la Sala de Lactancia?<\/strong><\/h2>\n\n\n\n<ul style=\"color:#000000;font-size:17px\" class=\"wp-block-list has-text-color\">\n<li><strong>Amamantamiento:<\/strong> Proporcionar un espacio privado y c\u00f3modo para que las madres lactantes amamanten a sus beb\u00e9s.<br><br><\/li>\n\n\n\n<li><strong>Extracci\u00f3n de Leche:<\/strong> Facilitar el uso de extractores de leche para aquellas madres que necesiten extraer y conservar su leche.<br><br><\/li>\n\n\n\n<li><strong>Conservaci\u00f3n de Leche: <\/strong>Ofrecer almacenamiento adecuado para la leche materna extra\u00edda, garantizando su higiene y frescura.<br><br><\/li>\n\n\n\n<li><strong>Asesor\u00eda:<\/strong> Brindar orientaci\u00f3n y apoyo sobre t\u00e9cnicas de lactancia, manejo de la alimentaci\u00f3n y resoluci\u00f3n de dudas relacionadas.<br><br><\/li>\n\n\n\n<li><strong>Material Informativo: <\/strong>Proporcionar recursos educativos sobre los beneficios de la lactancia materna y consejos pr\u00e1cticos.<br><br><\/li>\n\n\n\n<li><strong>Actividades Educativas:<\/strong> Organizar talleres, charlas y sesiones de sensibilizaci\u00f3n sobre la importancia de la lactancia materna.<br><br><\/li>\n\n\n\n<li><strong>Apoyo Integral:<\/strong> Ofrecer un ambiente de apoyo emocional para madres, padres, familias y grupos fomentando la interacci\u00f3n y el intercambio de experiencias.<br><br><\/li>\n\n\n\n<li><strong>Promoci\u00f3n de la Salud: <\/strong>Facilitar la concienciaci\u00f3n sobre la salud materno-infantil en la comunidad a trav\u00e9s de campa\u00f1as y eventos.<\/li>\n<\/ul>\n\n\n\n<p class=\"has-text-color\" style=\"color:#000000;font-size:17px\"><\/p>\n<\/div><figure class=\"wp-block-media-text__media\"><img loading=\"lazy\" decoding=\"async\" width=\"768\" height=\"1024\" src=\"https:\/\/sitios.iztacala.unam.mx\/lactancia\/wp-content\/uploads\/sites\/29\/2024\/10\/saludmujereslact1-768x1024.png\" alt=\"\" class=\"wp-image-162 size-full\" srcset=\"https:\/\/sitios.iztacala.unam.mx\/lactancia\/wp-content\/uploads\/sites\/29\/2024\/10\/saludmujereslact1-768x1024.png 768w, https:\/\/sitios.iztacala.unam.mx\/lactancia\/wp-content\/uploads\/sites\/29\/2024\/10\/saludmujereslact1-225x300.png 225w, https:\/\/sitios.iztacala.unam.mx\/lactancia\/wp-content\/uploads\/sites\/29\/2024\/10\/saludmujereslact1.png 900w\" sizes=\"auto, (max-width: 768px) 100vw, 768px\" \/><\/figure><\/div>\n<\/div><\/div>\n","protected":false},"excerpt":{"rendered":"<p>.<\/p>\n","protected":false},"author":2,"featured_media":0,"parent":0,"menu_order":0,"comment_status":"closed","ping_status":"closed","template":"","meta":{"footnotes":""},"class_list":["post-22","page","type-page","status-publish","hentry"],"_links":{"self":[{"href":"https:\/\/sitios.iztacala.unam.mx\/lactancia\/wp-json\/wp\/v2\/pages\/22","targetHints":{"allow":["GET"]}}],"collection":[{"href":"https:\/\/sitios.iztacala.unam.mx\/lactancia\/wp-json\/wp\/v2\/pages"}],"about":[{"href":"https:\/\/sitios.iztacala.unam.mx\/lactancia\/wp-json\/wp\/v2\/types\/page"}],"author":[{"embeddable":true,"href":"https:\/\/sitios.iztacala.unam.mx\/lactancia\/wp-json\/wp\/v2\/users\/2"}],"replies":[{"embeddable":true,"href":"https:\/\/sitios.iztacala.unam.mx\/lactancia\/wp-json\/wp\/v2\/comments?post=22"}],"version-history":[{"count":43,"href":"https:\/\/sitios.iztacala.unam.mx\/lactancia\/wp-json\/wp\/v2\/pages\/22\/revisions"}],"predecessor-version":[{"id":547,"href":"https:\/\/sitios.iztacala.unam.mx\/lactancia\/wp-json\/wp\/v2\/pages\/22\/revisions\/547"}],"wp:attachment":[{"href":"https:\/\/sitios.iztacala.unam.mx\/lactancia\/wp-json\/wp\/v2\/media?parent=22"}],"curies":[{"name":"wp","href":"https:\/\/api.w.org\/{rel}","templated":true}]}}