{"id":446,"date":"2022-02-14T03:34:21","date_gmt":"2022-02-14T03:34:21","guid":{"rendered":"https:\/\/sitios.iztacala.unam.mx\/jabiz\/?page_id=446"},"modified":"2022-02-14T03:43:25","modified_gmt":"2022-02-14T03:43:25","slug":"soledad-chino-vargas","status":"publish","type":"page","link":"https:\/\/sitios.iztacala.unam.mx\/jabiz\/soledad-chino-vargas\/","title":{"rendered":"Soledad Chino Vargas"},"content":{"rendered":"\n<figure class=\"wp-block-table\"><table class=\"has-fixed-layout\"><tbody><tr><td>Trayectoria acad\u00e9mica. Bi\u00f3loga egresada de la FESI\/UNAM. En la carrera de Biolog\u00eda. FESI\/UNAM. Imparte los cursos obligatorios en los primeros semestres: Qu\u00edmica, Fisicoqu\u00edmica y Biomol\u00e9culas, y en los \u00faltimos semestres de la carrera imparte el curso Monogr\u00e1fico: Etnobot\u00e1nica, Direcci\u00f3n de tesis en etnobot\u00e1nica y sinodal en los proyectos de investigaci\u00f3n de tesis en las \u00e1reas afines. Entre las publicaciones en los que ha participado: \u00a7Libros de Teor\u00eda y Laboratorio: Qu\u00edmica, Fisicoqu\u00edmica y Biomol\u00e9culas. FES-Iztacala\/UNAM. \u00a7Herbario Medicinal del Instituto Mexicano del Seguro Social. Informaci\u00f3n etnobot\u00e1nica. \u00a7Plantas Medicinales del Herbario IMSS, Cuadros b\u00e1sicos por Aparatos y Sistemas del Cuerpo Humano. IMSS. \u00a7Plantas Medicinales Herbario IMSS. Su distribuci\u00f3n por enfermedades. Ed. Roche \u00a7Importancia de las zonas Boscosas en el ambiente y en la salud de las comunidades rurales. IMSS-SOLIDARIDAD. Asesor en los Proyectos de Investigaci\u00f3n: Laboratorios de Investigaci\u00f3n Cient\u00edfica (LIC)&nbsp; (plan actual), y en el Laboratorio de Investigaci\u00f3n Cient\u00edfica y Tecnol\u00f3gica (LICyT) (plan anterior). Participaci\u00f3n en la elaboraci\u00f3n de material de apoyo en las \u00e1reas de docencia que imparte. En el \u00e1rea de la educaci\u00f3n, ha publicado diversos cap\u00edtulos sobre la complejidad de las asignaturas . Ha asistido a diversos cursos de actualizaci\u00f3n. Ponente y asistente en diversos foros nacional e internacional. Responsable del Servicio Social en Etnobot\u00e1nica. Ha dirigido y asesorado: Tesis y Proyectos de Investigaci\u00f3n. Ha participaci\u00f3n en Proyectos PAPIME y PAPCA.<\/td><td class=\"has-text-align-center\" data-align=\"center\"><img decoding=\"async\" src=\"https:\/\/sitios.iztacala.unam.mx\/jabiz\/wp-content\/uploads\/sites\/9\/2022\/02\/imagen-3.png\" alt=\"\"><br><img decoding=\"async\" src=\"https:\/\/sitios.iztacala.unam.mx\/jabiz\/wp-content\/uploads\/sites\/9\/2022\/02\/imagen-2.png\" alt=\"\"><\/td><\/tr><\/tbody><\/table><\/figure>\n","protected":false},"excerpt":{"rendered":"<p>Trayectoria acad\u00e9mica. Bi\u00f3loga egresada de la FESI\/UNAM. En la carrera de Biolog\u00eda. FESI\/UNAM. Imparte los cursos obligatorios en los primeros semestres: Qu\u00edmica, Fisicoqu\u00edmica y Biomol\u00e9culas, y en los \u00faltimos semestres de la carrera imparte el curso Monogr\u00e1fico: Etnobot\u00e1nica, Direcci\u00f3n de tesis en etnobot\u00e1nica y sinodal en los proyectos de investigaci\u00f3n de tesis en las \u00e1reas &#8230; <a title=\"Soledad Chino Vargas\" class=\"read-more\" href=\"https:\/\/sitios.iztacala.unam.mx\/jabiz\/soledad-chino-vargas\/\" aria-label=\"Leer m\u00e1s sobre Soledad Chino Vargas\">Read more<\/a><\/p>\n","protected":false},"author":9,"featured_media":0,"parent":0,"menu_order":0,"comment_status":"closed","ping_status":"closed","template":"","meta":{"footnotes":""},"class_list":["post-446","page","type-page","status-publish"],"jetpack_sharing_enabled":true,"_links":{"self":[{"href":"https:\/\/sitios.iztacala.unam.mx\/jabiz\/wp-json\/wp\/v2\/pages\/446","targetHints":{"allow":["GET"]}}],"collection":[{"href":"https:\/\/sitios.iztacala.unam.mx\/jabiz\/wp-json\/wp\/v2\/pages"}],"about":[{"href":"https:\/\/sitios.iztacala.unam.mx\/jabiz\/wp-json\/wp\/v2\/types\/page"}],"author":[{"embeddable":true,"href":"https:\/\/sitios.iztacala.unam.mx\/jabiz\/wp-json\/wp\/v2\/users\/9"}],"replies":[{"embeddable":true,"href":"https:\/\/sitios.iztacala.unam.mx\/jabiz\/wp-json\/wp\/v2\/comments?post=446"}],"version-history":[{"count":4,"href":"https:\/\/sitios.iztacala.unam.mx\/jabiz\/wp-json\/wp\/v2\/pages\/446\/revisions"}],"predecessor-version":[{"id":454,"href":"https:\/\/sitios.iztacala.unam.mx\/jabiz\/wp-json\/wp\/v2\/pages\/446\/revisions\/454"}],"wp:attachment":[{"href":"https:\/\/sitios.iztacala.unam.mx\/jabiz\/wp-json\/wp\/v2\/media?parent=446"}],"curies":[{"name":"wp","href":"https:\/\/api.w.org\/{rel}","templated":true}]}}