{"id":69,"date":"2024-02-05T22:31:49","date_gmt":"2024-02-05T22:31:49","guid":{"rendered":"https:\/\/sitios.iztacala.unam.mx\/idiomas\/?page_id=69"},"modified":"2026-02-27T20:10:25","modified_gmt":"2026-02-27T20:10:25","slug":"exa-acreditacion","status":"publish","type":"page","link":"https:\/\/sitios.iztacala.unam.mx\/idiomas\/exa-acreditacion\/","title":{"rendered":"Examen de Acreditaci\u00f3n"},"content":{"rendered":"<div class=\"gb-container gb-container-235e297a\">\n\n<h5 class=\"wp-block-heading has-accent-color has-text-color has-link-color wp-elements-64d235affd3b4392ad59d6537e3295e4\"><strong>Informaci\u00f3n general<\/strong><\/h5>\n\n\n\n<p>Los ex\u00e1menes de acreditaci\u00f3n de comprensi\u00f3n de lectura en ingl\u00e9s y franc\u00e9s est\u00e1n disponibles para las \u00e1reas de&nbsp;medicina, odontolog\u00eda, enfermer\u00eda, optometr\u00eda, biolog\u00eda, ecolog\u00eda, psicolog\u00eda y Posgrados&nbsp;afines a estas carreras. <\/p>\n\n<\/div>\n\n\n<p>El examen se aplica de manera presencial y tiene una duraci\u00f3n de 1 hora con 45 minutos. S\u00f3lo tienes 3 oportunidades para acreditar por examen de acreditaci\u00f3n, s\u00ed en estas 3 oportunidades no logras acreditar, deber\u00e1s realizar alguno de los cursos para liberar tu requisito.<\/p>\n\n\n\n<p>Al aprobar tu examen de acreditaci\u00f3n, obtendr\u00e1s tu constancia con la que cumplir\u00e1s tu requisito de titulaci\u00f3n.<\/p>\n\n\n\n<p>La inscripci\u00f3n a los&nbsp;<strong>Ex\u00e1menes de Acreditaci\u00f3n<\/strong>&nbsp;se realiza a trav\u00e9s de <a href=\"https:\/\/sicei.iztacala.unam.mx\/idiomas_adm\/index.php\/php\/login\">SICE<\/a><a href=\"https:\/\/sicei.iztacala.unam.mx\/idiomas_adm\/index.php\/php\/login\" target=\"_blank\" rel=\"noreferrer noopener\">I<\/a>.<\/p>\n\n\n\n<h5 class=\"wp-block-heading has-accent-color has-text-color has-link-color wp-elements-cf4b63bdaea05ebdc1e465858663fc64\"><strong>Fechas de inscripci\u00f3n:<\/strong><\/h5>\n\n\n\n<figure class=\"wp-block-table is-style-stripes\"><table class=\"has-blush-light-purple-gradient-background has-background has-fixed-layout\"><thead><tr><th class=\"has-text-align-center\" data-align=\"center\"><strong>Fechas de Inscripci\u00f3n<\/strong> (en l\u00ednea)<\/th><th class=\"has-text-align-center\" data-align=\"center\"><strong>Fecha de aplicaci\u00f3n<\/strong> (presencial)<\/th><\/tr><\/thead><tbody><tr><td class=\"has-text-align-center\" data-align=\"center\"><strong>14 y 15 de abril 2026<\/strong><\/td><td class=\"has-text-align-center\" data-align=\"center\"><strong>24 de abril 2026<\/strong><\/td><\/tr><\/tbody><\/table><\/figure>\n\n\n\n<p>Inscripci\u00f3n disponible a partir de las 10 horas<\/p>\n\n\n\n<h5 class=\"wp-block-heading has-accent-color has-text-color has-link-color wp-elements-b1c1cc18a8494dd61c845da04dca2d27\"><strong>Costo:<\/strong><\/h5>\n\n\n\n<figure class=\"wp-block-table is-style-regular\"><table class=\"has-base-background-color has-background has-fixed-layout\"><thead><tr><th><strong>Concepto<\/strong><\/th><th>Alumnos FESI<br>(tira materias vigente)<\/th><th>Alumnos UNAM<br>(otros planteles)<br>y Posgrado<\/th><th>Exalumnos<br>(con credencial de exalumnos vigentes)<\/th><th>Externos<\/th><\/tr><\/thead><tbody><tr><td>Examen de acreditaci\u00f3n&nbsp;<\/td><td>Sin costo<\/td><td>$490<\/td><td>$490<\/td><td>$490<\/td><\/tr><\/tbody><\/table><\/figure>\n\n\n\n<h5 class=\"wp-block-heading has-accent-color has-text-color has-link-color wp-elements-ccbb7ac4cb81b42297ed005dba097ea9\"><strong>Consideraciones importantes:<\/strong><\/h5>\n\n\n\n<p>La aplicaci\u00f3n del examen ser\u00e1&nbsp;<strong>PRESENCIAL<\/strong>, recibir\u00e1s un correo con las especificaciones correspondientes un d\u00eda antes de la aplicaci\u00f3n.<\/p>\n\n\n\n<ul class=\"wp-block-list\">\n<li>No se permite el uso de diccionario.<\/li>\n\n\n\n<li>No se permite el uso de tel\u00e9fono celular ni dispositivos electr\u00f3nicos durante la aplicaci\u00f3n.<\/li>\n\n\n\n<li>Es necesario presentar una identificaci\u00f3n oficial para realizar el examen.&nbsp;<\/li>\n<\/ul>\n","protected":false},"excerpt":{"rendered":"<p>Informaci\u00f3n general Los ex\u00e1menes de acreditaci\u00f3n de comprensi\u00f3n de lectura en ingl\u00e9s y franc\u00e9s est\u00e1n disponibles para las \u00e1reas de&nbsp;medicina, odontolog\u00eda, enfermer\u00eda, optometr\u00eda, biolog\u00eda, ecolog\u00eda, psicolog\u00eda y Posgrados&nbsp;afines a estas carreras. El examen se aplica de manera presencial y tiene una duraci\u00f3n de 1 hora con 45 minutos. S\u00f3lo tienes 3 oportunidades para acreditar por &#8230; <a title=\"Examen de Acreditaci\u00f3n\" class=\"read-more\" href=\"https:\/\/sitios.iztacala.unam.mx\/idiomas\/exa-acreditacion\/\" aria-label=\"Leer m\u00e1s sobre Examen de Acreditaci\u00f3n\">Read more<\/a><\/p>\n","protected":false},"author":27,"featured_media":0,"parent":0,"menu_order":0,"comment_status":"closed","ping_status":"closed","template":"","meta":{"footnotes":""},"class_list":["post-69","page","type-page","status-publish"],"jetpack_sharing_enabled":true,"_links":{"self":[{"href":"https:\/\/sitios.iztacala.unam.mx\/idiomas\/wp-json\/wp\/v2\/pages\/69","targetHints":{"allow":["GET"]}}],"collection":[{"href":"https:\/\/sitios.iztacala.unam.mx\/idiomas\/wp-json\/wp\/v2\/pages"}],"about":[{"href":"https:\/\/sitios.iztacala.unam.mx\/idiomas\/wp-json\/wp\/v2\/types\/page"}],"author":[{"embeddable":true,"href":"https:\/\/sitios.iztacala.unam.mx\/idiomas\/wp-json\/wp\/v2\/users\/27"}],"replies":[{"embeddable":true,"href":"https:\/\/sitios.iztacala.unam.mx\/idiomas\/wp-json\/wp\/v2\/comments?post=69"}],"version-history":[{"count":23,"href":"https:\/\/sitios.iztacala.unam.mx\/idiomas\/wp-json\/wp\/v2\/pages\/69\/revisions"}],"predecessor-version":[{"id":1520,"href":"https:\/\/sitios.iztacala.unam.mx\/idiomas\/wp-json\/wp\/v2\/pages\/69\/revisions\/1520"}],"wp:attachment":[{"href":"https:\/\/sitios.iztacala.unam.mx\/idiomas\/wp-json\/wp\/v2\/media?parent=69"}],"curies":[{"name":"wp","href":"https:\/\/api.w.org\/{rel}","templated":true}]}}