{"id":66,"date":"2024-02-05T22:21:48","date_gmt":"2024-02-05T22:21:48","guid":{"rendered":"https:\/\/sitios.iztacala.unam.mx\/idiomas\/?page_id=66"},"modified":"2026-02-28T21:04:08","modified_gmt":"2026-02-28T21:04:08","slug":"cl-semestral","status":"publish","type":"page","link":"https:\/\/sitios.iztacala.unam.mx\/idiomas\/cl-semestral\/","title":{"rendered":"Comprensi\u00f3n de Lectura Semestral"},"content":{"rendered":"\n<h5 class=\"wp-block-heading has-accent-color has-text-color has-link-color wp-elements-64d235affd3b4392ad59d6537e3295e4\"><strong>Informaci\u00f3n general<\/strong><\/h5>\n\n\n\n<h6 class=\"wp-block-heading\">El curso de comprensi\u00f3n de lectura de ingl\u00e9s en modalidad semi-presencial semanal ha sido dise\u00f1ado para alumnos que han tomado cursos b\u00e1sicos de ingl\u00e9s y que desean comprender y extraer la informaci\u00f3n correctamente de art\u00edculos cient\u00edficos.<\/h6>\n\n\n\n<p>En esta modalidad los alumnos deber\u00e1n asistir durante un semestre a dos sesiones semanales de hora y media, y dedicar 5 horas a la semana para realizar las actividades en el aula virtual. Las sesiones presenciales se llevan a cabo con alumnos de diferentes carreras, sin embargo el trabajo en las aulas virtuales se realiza&nbsp;con lecturas enfocadas a las \u00e1reas&nbsp;de Biolog\u00eda, Medicina y Psicolog\u00eda. A los alumnos de otras \u00e1reas como&nbsp;Enfermer\u00eda, Odontolog\u00eda y posgrados de \u00e1rea m\u00e9dica&nbsp;los integramos en el aula virtual de Medicina.<\/p>\n\n\n\n<hr class=\"wp-block-separator has-alpha-channel-opacity\" \/>\n\n\n\n<p><strong>Modalidad:<\/strong>&nbsp;3 horas presenciales (2 sesiones) + 5 horas actividades en aula virtual.<br><strong>Duraci\u00f3n<\/strong>:&nbsp;1 Semestre (110 horas)<\/p>\n\n\n\n<h5 class=\"wp-block-heading has-accent-color has-text-color has-link-color wp-elements-4db5f69d294f809431d94f1e73242e34\"><strong>Horarios<\/strong><\/h5>\n\n\n\n<ul class=\"wp-block-list\">\n<li>Martes y Jueves 10:30-12:00<\/li>\n\n\n\n<li>Martes y Jueves 15:30-17:00<\/li>\n<\/ul>\n\n\n\n<h5 class=\"wp-block-heading has-accent-color has-text-color has-link-color wp-elements-3cb2e49e9356f096101b334a7eaee207\"><strong>Costo<\/strong><\/h5>\n\n\n\n<figure class=\"wp-block-table\"><table class=\"has-fixed-layout\"><thead><tr><th><strong>Concepto<\/strong><br>PG = Plan Global<br>CL = Comprensi\u00f3n Lectora<\/th><th>Alumnos FESI<br>(tira materias vigente)<\/th><th>Alumnos UNAM<br>(otros planteles)<br>y Posgrado<\/th><th>Exalumnos<br>(con credencial de exalumnos vigente)<\/th><th>Externos<\/th><\/tr><\/thead><tbody><tr><td>Curso Comprensi\u00f3n de lectura semipresencial \u2013 Semestral<\/td><td>Sin costo<\/td><td>$2,180<\/td><td>$2,180<\/td><td>$2,900<\/td><\/tr><\/tbody><\/table><\/figure>\n\n\n\n<p><\/p>\n\n\n\n<h5 class=\"wp-block-heading has-accent-color has-text-color has-link-color wp-elements-12b3056d7946931f6937dea93215258d\"><strong>Inscripciones<\/strong><\/h5>\n\n\n\n<figure class=\"wp-block-table is-style-stripes\"><table class=\"has-blush-light-purple-gradient-background has-background has-fixed-layout\"><thead><tr><th class=\"has-text-align-center\" data-align=\"center\">Periodo<\/th><th class=\"has-text-align-center\" data-align=\"center\">Fechas de inscripci\u00f3n<\/th><th class=\"has-text-align-center\" data-align=\"center\">Lugar de inscripci\u00f3n<\/th><th class=\"has-text-align-center\" data-align=\"center\">Fechas de inicio<\/th><\/tr><\/thead><tbody><tr><td class=\"has-text-align-center\" data-align=\"center\">2026-2<\/td><td class=\"has-text-align-center\" data-align=\"center\">28 al 30 de julio 2026<\/td><td class=\"has-text-align-center\" data-align=\"center\">En l\u00ednea<\/td><td class=\"has-text-align-center\" data-align=\"center\">10 de agosto 2026<\/td><\/tr><\/tbody><\/table><figcaption class=\"wp-element-caption\"><strong>Inscripciones disponibles desde las 10 AM del d\u00eda se\u00f1alado<\/strong><\/figcaption><\/figure>\n\n\n\n<p><strong>Examen de colocaci\u00f3n<\/strong><\/p>\n\n\n\n<p>Si no cuentas con un comprobante de 120 horas o no has cursado los primeros 3 niveles, es necesario hacer el examen para conocer tu nivel y cumplir con el requisito de inscripci\u00f3n al curso.&nbsp;<a href=\"https:\/\/sitios.iztacala.unam.mx\/idiomas\/exa-colocacion\/\"><em><strong>Ver la informaci\u00f3n del exam<\/strong><\/em><\/a><em><strong><a href=\"#\">en<\/a><\/strong><\/em><\/p>\n\n\n\n<div style=\"height:100px\" aria-hidden=\"true\" class=\"wp-block-spacer\"><\/div>\n\n\n\n<hr class=\"wp-block-separator has-alpha-channel-opacity\" \/>\n\n\n<div class=\"wp-block-image\">\n<figure class=\"aligncenter is-resized\"><a href=\"https:\/\/sicei.iztacala.unam.mx\/idiomas_adm\/index.php\/php\/login\" target=\"_blank\" rel=\"noreferrer noopener\"><img data-recalc-dims=\"1\" loading=\"lazy\" decoding=\"async\" width=\"500\" height=\"170\" src=\"https:\/\/i0.wp.com\/sitios.iztacala.unam.mx\/idiomas\/wp-content\/uploads\/sites\/26\/2024\/02\/SICEI_logo.png?resize=500%2C170&#038;ssl=1\" alt=\"\" class=\"wp-image-247\" style=\"width:330px;height:auto\" srcset=\"https:\/\/i0.wp.com\/sitios.iztacala.unam.mx\/idiomas\/wp-content\/uploads\/sites\/26\/2024\/02\/SICEI_logo.png?w=500&amp;ssl=1 500w, https:\/\/i0.wp.com\/sitios.iztacala.unam.mx\/idiomas\/wp-content\/uploads\/sites\/26\/2024\/02\/SICEI_logo.png?resize=300%2C102&amp;ssl=1 300w\" sizes=\"auto, (max-width: 500px) 100vw, 500px\" \/><\/a><\/figure>\n<\/div>\n\n\n<p class=\"has-text-align-center\"><a href=\"https:\/\/sitios.iztacala.unam.mx\/idiomas\/inscripcion-generales\/\"><strong>Instrucciones generales inscripci\u00f3n<\/strong><\/a><br><a href=\"https:\/\/sicei.iztacala.unam.mx\/idiomas_adm\/index.php\/php\/alta_alumnos_externos\"><strong>Registro de 1ra vez Externos<\/strong><\/a><br><strong><a href=\"https:\/\/sitios.iztacala.unam.mx\/idiomas\/inscripcion-externos\/\">Gu\u00eda inscripci\u00f3n para Externos<\/a><\/strong><br><a href=\"https:\/\/sitios.iztacala.unam.mx\/idiomas\/inscripciones-unam\/\"><strong>Gu\u00eda inscripci\u00f3n UNAM otros Planteles<\/strong><\/a><br><a href=\"https:\/\/sitios.iztacala.unam.mx\/idiomas\/inscripcion-fesi\/\"><strong>Gu\u00eda inscripci\u00f3n alumnos FESI<\/strong><\/a><br><strong><a href=\"https:\/\/sitios.iztacala.unam.mx\/idiomas\/wp-content\/uploads\/sites\/26\/2024\/02\/Pago-con-app-BBVA.pdf\" target=\"_blank\" rel=\"noreferrer noopener\">Gu\u00eda Pago APP BBVA<\/a><\/strong><\/p>\n","protected":false},"excerpt":{"rendered":"<p>Informaci\u00f3n general El curso de comprensi\u00f3n de lectura de ingl\u00e9s en modalidad semi-presencial semanal ha sido dise\u00f1ado para alumnos que han tomado cursos b\u00e1sicos de ingl\u00e9s y que desean comprender y extraer la informaci\u00f3n correctamente de art\u00edculos cient\u00edficos. En esta modalidad los alumnos deber\u00e1n asistir durante un semestre a dos sesiones semanales de hora y &#8230; <a title=\"Comprensi\u00f3n de Lectura Semestral\" class=\"read-more\" href=\"https:\/\/sitios.iztacala.unam.mx\/idiomas\/cl-semestral\/\" aria-label=\"Leer m\u00e1s sobre Comprensi\u00f3n de Lectura Semestral\">Read more<\/a><\/p>\n","protected":false},"author":27,"featured_media":0,"parent":0,"menu_order":0,"comment_status":"closed","ping_status":"closed","template":"","meta":{"footnotes":""},"class_list":["post-66","page","type-page","status-publish"],"jetpack_sharing_enabled":true,"_links":{"self":[{"href":"https:\/\/sitios.iztacala.unam.mx\/idiomas\/wp-json\/wp\/v2\/pages\/66","targetHints":{"allow":["GET"]}}],"collection":[{"href":"https:\/\/sitios.iztacala.unam.mx\/idiomas\/wp-json\/wp\/v2\/pages"}],"about":[{"href":"https:\/\/sitios.iztacala.unam.mx\/idiomas\/wp-json\/wp\/v2\/types\/page"}],"author":[{"embeddable":true,"href":"https:\/\/sitios.iztacala.unam.mx\/idiomas\/wp-json\/wp\/v2\/users\/27"}],"replies":[{"embeddable":true,"href":"https:\/\/sitios.iztacala.unam.mx\/idiomas\/wp-json\/wp\/v2\/comments?post=66"}],"version-history":[{"count":17,"href":"https:\/\/sitios.iztacala.unam.mx\/idiomas\/wp-json\/wp\/v2\/pages\/66\/revisions"}],"predecessor-version":[{"id":1529,"href":"https:\/\/sitios.iztacala.unam.mx\/idiomas\/wp-json\/wp\/v2\/pages\/66\/revisions\/1529"}],"wp:attachment":[{"href":"https:\/\/sitios.iztacala.unam.mx\/idiomas\/wp-json\/wp\/v2\/media?parent=66"}],"curies":[{"name":"wp","href":"https:\/\/api.w.org\/{rel}","templated":true}]}}