{"id":595,"date":"2024-06-06T03:30:05","date_gmt":"2024-06-06T03:30:05","guid":{"rendered":"https:\/\/sitios.iztacala.unam.mx\/idiomas\/?page_id=595"},"modified":"2026-03-17T17:39:23","modified_gmt":"2026-03-17T17:39:23","slug":"conversacion","status":"publish","type":"page","link":"https:\/\/sitios.iztacala.unam.mx\/idiomas\/conversacion\/","title":{"rendered":"Taller de conversaci\u00f3n"},"content":{"rendered":"<div class=\"gb-container gb-container-235e297a\">\n\n<h5 class=\"wp-block-heading has-accent-color has-text-color has-link-color has-large-font-size wp-elements-c9cfb2fe4a7354f306b767c8b7909304\"><strong>Informaci\u00f3n general<\/strong><\/h5>\n\n\n\n<p>Los talleres de conversaci\u00f3n son un espacio donde podr\u00e1s practicar la habilidad de conversaci\u00f3n en el idioma ingl\u00e9s, est\u00e1n disponibles para las \u00e1reas de&nbsp;medicina, odontolog\u00eda, enfermer\u00eda, optometr\u00eda, biolog\u00eda, ecolog\u00eda, psicolog\u00eda, posgrados y comunidad externa.<\/p>\n\n<\/div>\n\n\n<p>El taller se imparte en la modalidad presencial, cuatro d\u00edas a la semana (Lunes a Jueves) y tiene como requisito de inscripci\u00f3n haber cursado hasta el nivel 7 o superior de plan global de ingl\u00e9s en cualquiera de sus modalidades, o tener una constancia que sea equivalente al nivel A2 de acuerdo con el MCERL.<\/p>\n\n\n\n<p>S\u00ed est\u00e1s tomando otro curso en el departamento de idiomas, puedes inscribirte al curso de conversaci\u00f3n con un 50% de descuento, el cual se ve reflejado al momento de tu inscripci\u00f3n.<\/p>\n\n\n\n<p>La inscripci\u00f3n al&nbsp;<strong>Curso de conversaci\u00f3n<\/strong>&nbsp;se realiza a trav\u00e9s de <a href=\"https:\/\/sicei.iztacala.unam.mx\/idiomas_adm\/index.php\/php\/login\">SICE<\/a><a href=\"https:\/\/sicei.iztacala.unam.mx\/idiomas_adm\/index.php\/php\/login\" target=\"_blank\" rel=\"noreferrer noopener\">I<\/a>.<\/p>\n\n\n\n<p><strong>Horarios:<\/strong><\/p>\n\n\n\n<p>Lunes a jueves 17:00 a 18:30 hrs<\/p>\n\n\n\n<p>Lunes a jueves 18:30 a 20:00 hrs<\/p>\n\n\n\n<h5 class=\"wp-block-heading has-accent-color has-text-color has-link-color has-large-font-size wp-elements-26a775f03da4281026711ef14fb31040\"><strong>Fechas de inscripci\u00f3n:<\/strong><\/h5>\n\n\n\n<figure class=\"wp-block-table is-style-stripes\"><table class=\"has-blush-light-purple-gradient-background has-background has-fixed-layout\"><thead><tr><th class=\"has-text-align-center\" data-align=\"center\"><strong>Fechas de Inscripci\u00f3n<\/strong><\/th><th class=\"has-text-align-center\" data-align=\"center\"><strong>Fecha de <\/strong>inicio del curso<\/th><\/tr><\/thead><tbody><tr><td class=\"has-text-align-center\" data-align=\"center\">5 al 7 de mayo 2026<\/td><td class=\"has-text-align-center\" data-align=\"center\">9 de mayo 2026<\/td><\/tr><\/tbody><\/table><figcaption class=\"wp-element-caption\">Inscripci\u00f3n disponible a partir de las 10 horas de la fecha se\u00f1alada<\/figcaption><\/figure>\n\n\n\n<p><\/p>\n\n\n\n<h5 class=\"wp-block-heading has-accent-color has-text-color has-link-color has-large-font-size wp-elements-8526003773c9402b352fba6ec56a7c9a\"><strong>Costo:<\/strong><\/h5>\n\n\n\n<figure class=\"wp-block-table\"><table class=\"has-fixed-layout\"><thead><tr><th><strong>Concepto<\/strong><\/th><th class=\"has-text-align-center\" data-align=\"center\">Alumnos FESI<br>(tira materias vigente)<\/th><th class=\"has-text-align-center\" data-align=\"center\">Alumnos UNAM<br>(otros planteles)<br>y Posgrado<\/th><th class=\"has-text-align-center\" data-align=\"center\">Exalumnos<br>(con credencial de exalumnos vigentes)<\/th><th class=\"has-text-align-center\" data-align=\"center\">Externos<\/th><\/tr><\/thead><tbody><tr><td>Curso de conversaci\u00f3n&nbsp;<\/td><td class=\"has-text-align-center\" data-align=\"center\">$ 490<\/td><td class=\"has-text-align-center\" data-align=\"center\">$1320<\/td><td class=\"has-text-align-center\" data-align=\"center\">$ 1320<\/td><td class=\"has-text-align-center\" data-align=\"center\">$ 1450<\/td><\/tr><\/tbody><\/table><\/figure>\n\n\n\n<p><strong>Nota<\/strong>: Si eres externo y tomas alg\u00fan otro curso de ingl\u00e9s, conversaci\u00f3n s\u00f3lo tiene costo de $490. Acude a idiomas para tu descuento.<\/p>\n\n\n\n<p><\/p>\n","protected":false},"excerpt":{"rendered":"<p>Informaci\u00f3n general Los talleres de conversaci\u00f3n son un espacio donde podr\u00e1s practicar la habilidad de conversaci\u00f3n en el idioma ingl\u00e9s, est\u00e1n disponibles para las \u00e1reas de&nbsp;medicina, odontolog\u00eda, enfermer\u00eda, optometr\u00eda, biolog\u00eda, ecolog\u00eda, psicolog\u00eda, posgrados y comunidad externa. El taller se imparte en la modalidad presencial, cuatro d\u00edas a la semana (Lunes a Jueves) y tiene como &#8230; <a title=\"Taller de conversaci\u00f3n\" class=\"read-more\" href=\"https:\/\/sitios.iztacala.unam.mx\/idiomas\/conversacion\/\" aria-label=\"Leer m\u00e1s sobre Taller de conversaci\u00f3n\">Read more<\/a><\/p>\n","protected":false},"author":27,"featured_media":0,"parent":0,"menu_order":0,"comment_status":"closed","ping_status":"closed","template":"","meta":{"footnotes":""},"class_list":["post-595","page","type-page","status-publish"],"jetpack_sharing_enabled":true,"_links":{"self":[{"href":"https:\/\/sitios.iztacala.unam.mx\/idiomas\/wp-json\/wp\/v2\/pages\/595","targetHints":{"allow":["GET"]}}],"collection":[{"href":"https:\/\/sitios.iztacala.unam.mx\/idiomas\/wp-json\/wp\/v2\/pages"}],"about":[{"href":"https:\/\/sitios.iztacala.unam.mx\/idiomas\/wp-json\/wp\/v2\/types\/page"}],"author":[{"embeddable":true,"href":"https:\/\/sitios.iztacala.unam.mx\/idiomas\/wp-json\/wp\/v2\/users\/27"}],"replies":[{"embeddable":true,"href":"https:\/\/sitios.iztacala.unam.mx\/idiomas\/wp-json\/wp\/v2\/comments?post=595"}],"version-history":[{"count":18,"href":"https:\/\/sitios.iztacala.unam.mx\/idiomas\/wp-json\/wp\/v2\/pages\/595\/revisions"}],"predecessor-version":[{"id":1559,"href":"https:\/\/sitios.iztacala.unam.mx\/idiomas\/wp-json\/wp\/v2\/pages\/595\/revisions\/1559"}],"wp:attachment":[{"href":"https:\/\/sitios.iztacala.unam.mx\/idiomas\/wp-json\/wp\/v2\/media?parent=595"}],"curies":[{"name":"wp","href":"https:\/\/api.w.org\/{rel}","templated":true}]}}