{"id":58,"date":"2024-02-05T22:00:42","date_gmt":"2024-02-05T22:00:42","guid":{"rendered":"https:\/\/sitios.iztacala.unam.mx\/idiomas\/?page_id=58"},"modified":"2026-03-17T17:35:55","modified_gmt":"2026-03-17T17:35:55","slug":"cl-bimestral","status":"publish","type":"page","link":"https:\/\/sitios.iztacala.unam.mx\/idiomas\/cl-bimestral\/","title":{"rendered":"Comprensi\u00f3n de Lectura Bimestral"},"content":{"rendered":"\n<h5 class=\"wp-block-heading has-accent-color has-text-color has-link-color has-large-font-size wp-elements-c9cfb2fe4a7354f306b767c8b7909304\"><strong>Informaci\u00f3n general<\/strong><\/h5>\n\n\n\n<p>El curso bimestral de comprensi\u00f3n de lectura de ingl\u00e9s se imparte en l\u00ednea los d\u00edas s\u00e1bados. Ha sido dise\u00f1ado para alumnos que ya tienen conocimientos b\u00e1sicos de ingl\u00e9s (3 niveles de PG de Iztacala \u00f3 120 horas de clase en otra escuela) y que requieren acreditar en corto tiempo.<\/p>\n\n\n\n<p>Esta modalidad requiere que los alumnos asistan cinco horas de sesiones por videoconferencia cada s\u00e1bado durante dos meses y que dediquen cinco horas a la semana para realizar las actividades pr\u00e1ctica en el aula virtual. A fin de maximizar el tiempo de estudio, se han enfocado las actividades a la comprensi\u00f3n de textos espec\u00edficos para las \u00e1reas de Biolog\u00eda, Medicina y Psicolog\u00eda, sin embargo, a los alumnos de otras \u00e1reas como Enfermer\u00eda, Odontolog\u00eda y posgrados de \u00e1rea m\u00e9dica les ofrecemos integrarse al curso de Medicina.<\/p>\n\n\n\n<hr class=\"wp-block-separator has-alpha-channel-opacity\" \/>\n\n\n\n<p><strong>Requisito<\/strong>:&nbsp;3 niveles de Plan Global FESI \u00f3 120 horas de clase comprobables.<br><strong>Modalidad:<\/strong>&nbsp;5 horas de sesiones sincr\u00f3nicas + 5 horas de actividades en plataforma<br><strong>Duraci\u00f3n<\/strong>:&nbsp;1 Bimestre (90 horas)<br><strong>Nota<\/strong>:&nbsp;Cupo limitado<\/p>\n\n\n\n<p><strong>Horario<\/strong>:&nbsp;S\u00e1bados 08:30 a 14:00 hrs<\/p>\n\n\n\n<h5 class=\"wp-block-heading has-accent-color has-text-color has-link-color has-large-font-size wp-elements-9e0b93f8ad852ac972f84e3808f74008\"><strong>Inscripciones<\/strong><\/h5>\n\n\n\n<figure class=\"wp-block-table is-style-stripes has-medium-font-size\"><table class=\"has-blush-light-purple-gradient-background has-background\"><thead><tr><th class=\"has-text-align-center\" data-align=\"center\">Periodo<\/th><th class=\"has-text-align-center\" data-align=\"center\">Fechas de inscripci\u00f3n<\/th><th class=\"has-text-align-center\" data-align=\"center\">Lugar<\/th><th class=\"has-text-align-center\" data-align=\"center\">Inicia curso<\/th><\/tr><\/thead><tbody><tr><td class=\"has-text-align-center\" data-align=\"center\">2026-3<\/td><td class=\"has-text-align-center\" data-align=\"center\">5 al 7 de mayo 2026<br><strong>Cupo limitado<\/strong><\/td><td class=\"has-text-align-center\" data-align=\"center\">En l\u00ednea<\/td><td class=\"has-text-align-center\" data-align=\"center\">9 de mayo 2026<\/td><\/tr><\/tbody><\/table><figcaption class=\"wp-element-caption\"><strong>Inscripciones disponibles desde las 10 AM del d\u00eda se\u00f1alado<\/strong><\/figcaption><\/figure>\n\n\n\n<p><\/p>\n\n\n\n<h5 class=\"wp-block-heading has-accent-color has-text-color has-link-color has-large-font-size wp-elements-3306b645bba6900a0f6f21e396ba34ee\"><strong>Cuotas<\/strong><\/h5>\n\n\n\n<p class=\"has-text-align-center has-text-color has-link-color has-medium-font-size wp-elements-97a82fc3e9975a4493dd33dda00ae3dd\" style=\"color:#c57efb\"><strong>Vigentes a partir de julio de 2024<\/strong><\/p>\n\n\n\n<figure class=\"wp-block-table is-style-stripes has-medium-font-size\"><table class=\"has-background\" style=\"background-color:#bfdce9\"><thead><tr><th class=\"has-text-align-center\" data-align=\"center\"><strong>Alumnos FESI<br>(vigentes)<\/strong><\/th><th class=\"has-text-align-center\" data-align=\"center\"><strong>Alumnos UNAM<br>(Otros planteles y posgrado)<\/strong><\/th><th class=\"has-text-align-center\" data-align=\"center\"><strong>Exalumnos<br>(credencial exalumnos)<\/strong><\/th><th class=\"has-text-align-center\" data-align=\"center\"><strong>Externos<\/strong><\/th><\/tr><\/thead><tbody><tr><td class=\"has-text-align-center\" data-align=\"center\">$1,320<\/td><td class=\"has-text-align-center\" data-align=\"center\">$2,900<\/td><td class=\"has-text-align-center\" data-align=\"center\">$2,180<\/td><td class=\"has-text-align-center\" data-align=\"center\">$2,900<\/td><\/tr><\/tbody><\/table><\/figure>\n\n\n\n<p class=\"has-accent-color has-text-color has-link-color has-large-font-size wp-elements-35a59aed54ce4e28e35160687489c168\"><strong>Examen de colocaci\u00f3n<\/strong><\/p>\n\n\n<div class=\"gb-container gb-container-26c4e904\">\n\n<p>Si no cuentas con un comprobante de 120 horas o no has cursado los primeros 3 niveles, es necesario hacer el examen para conocer tu nivel y cumplir con el requisito de inscripci\u00f3n al curso.&nbsp;<em><strong><a href=\"https:\/\/sitios.iztacala.unam.mx\/idiomas\/exa-colocacion\/\">Ver la informaci\u00f3n del examen<\/a><\/strong><\/em><\/p>\n\n<\/div>\n\n\n<div style=\"height:100px\" aria-hidden=\"true\" class=\"wp-block-spacer\"><\/div>\n\n\n\n<hr class=\"wp-block-separator has-alpha-channel-opacity\" \/>\n\n\n<div class=\"wp-block-image\">\n<figure class=\"aligncenter size-full is-resized\"><a href=\"https:\/\/sicei.iztacala.unam.mx\/idiomas_adm\/index.php\/php\/login\" target=\"_blank\" rel=\"noreferrer noopener\"><img data-recalc-dims=\"1\" loading=\"lazy\" decoding=\"async\" width=\"500\" height=\"170\" src=\"https:\/\/i0.wp.com\/sitios.iztacala.unam.mx\/idiomas\/wp-content\/uploads\/sites\/26\/2024\/02\/SICEI_logo.png?resize=500%2C170&#038;ssl=1\" alt=\"\" class=\"wp-image-247\" style=\"width:320px;height:auto\" srcset=\"https:\/\/i0.wp.com\/sitios.iztacala.unam.mx\/idiomas\/wp-content\/uploads\/sites\/26\/2024\/02\/SICEI_logo.png?w=500&amp;ssl=1 500w, https:\/\/i0.wp.com\/sitios.iztacala.unam.mx\/idiomas\/wp-content\/uploads\/sites\/26\/2024\/02\/SICEI_logo.png?resize=300%2C102&amp;ssl=1 300w\" sizes=\"auto, (max-width: 500px) 100vw, 500px\" \/><\/a><\/figure>\n<\/div>\n\n\n<p class=\"has-text-align-center\"><a href=\"https:\/\/sitios.iztacala.unam.mx\/idiomas\/inscripcion-generales\/\"><strong>Instrucciones generales inscripci\u00f3n<\/strong><\/a><br><a href=\"https:\/\/sicei.iztacala.unam.mx\/idiomas_adm\/index.php\/php\/alta_alumnos_externos\"><strong>Registro de 1ra vez Externos<\/strong><\/a><br><strong><a href=\"https:\/\/sitios.iztacala.unam.mx\/idiomas\/inscripcion-externos\/\">Gu\u00eda inscripci\u00f3n para Externos<\/a><\/strong><br><a href=\"https:\/\/sitios.iztacala.unam.mx\/idiomas\/inscripciones-unam\/\"><strong>Gu\u00eda inscripci\u00f3n UNAM otros Planteles<\/strong><\/a><br><a href=\"https:\/\/sitios.iztacala.unam.mx\/idiomas\/inscripcion-fesi\/\"><strong>Gu\u00eda inscripci\u00f3n alumnos FESI<\/strong><\/a><br><strong><a href=\"https:\/\/sitios.iztacala.unam.mx\/idiomas\/wp-content\/uploads\/sites\/26\/2024\/02\/Pago-con-app-BBVA.pdf\" target=\"_blank\" rel=\"noreferrer noopener\">Gu\u00eda Pago APP BBVA<\/a><\/strong><\/p>\n","protected":false},"excerpt":{"rendered":"<p>Informaci\u00f3n general El curso bimestral de comprensi\u00f3n de lectura de ingl\u00e9s se imparte en l\u00ednea los d\u00edas s\u00e1bados. Ha sido dise\u00f1ado para alumnos que ya tienen conocimientos b\u00e1sicos de ingl\u00e9s (3 niveles de PG de Iztacala \u00f3 120 horas de clase en otra escuela) y que requieren acreditar en corto tiempo. Esta modalidad requiere que &#8230; <a title=\"Comprensi\u00f3n de Lectura Bimestral\" class=\"read-more\" href=\"https:\/\/sitios.iztacala.unam.mx\/idiomas\/cl-bimestral\/\" aria-label=\"Leer m\u00e1s sobre Comprensi\u00f3n de Lectura Bimestral\">Read more<\/a><\/p>\n","protected":false},"author":27,"featured_media":0,"parent":0,"menu_order":0,"comment_status":"closed","ping_status":"closed","template":"","meta":{"footnotes":""},"class_list":["post-58","page","type-page","status-publish"],"jetpack_sharing_enabled":true,"_links":{"self":[{"href":"https:\/\/sitios.iztacala.unam.mx\/idiomas\/wp-json\/wp\/v2\/pages\/58","targetHints":{"allow":["GET"]}}],"collection":[{"href":"https:\/\/sitios.iztacala.unam.mx\/idiomas\/wp-json\/wp\/v2\/pages"}],"about":[{"href":"https:\/\/sitios.iztacala.unam.mx\/idiomas\/wp-json\/wp\/v2\/types\/page"}],"author":[{"embeddable":true,"href":"https:\/\/sitios.iztacala.unam.mx\/idiomas\/wp-json\/wp\/v2\/users\/27"}],"replies":[{"embeddable":true,"href":"https:\/\/sitios.iztacala.unam.mx\/idiomas\/wp-json\/wp\/v2\/comments?post=58"}],"version-history":[{"count":42,"href":"https:\/\/sitios.iztacala.unam.mx\/idiomas\/wp-json\/wp\/v2\/pages\/58\/revisions"}],"predecessor-version":[{"id":1556,"href":"https:\/\/sitios.iztacala.unam.mx\/idiomas\/wp-json\/wp\/v2\/pages\/58\/revisions\/1556"}],"wp:attachment":[{"href":"https:\/\/sitios.iztacala.unam.mx\/idiomas\/wp-json\/wp\/v2\/media?parent=58"}],"curies":[{"name":"wp","href":"https:\/\/api.w.org\/{rel}","templated":true}]}}