{"id":56,"date":"2024-02-05T21:33:47","date_gmt":"2024-02-05T21:33:47","guid":{"rendered":"https:\/\/sitios.iztacala.unam.mx\/idiomas\/?page_id=56"},"modified":"2025-08-05T13:52:17","modified_gmt":"2025-08-05T13:52:17","slug":"comprensionlectura","status":"publish","type":"page","link":"https:\/\/sitios.iztacala.unam.mx\/idiomas\/comprensionlectura\/","title":{"rendered":"Comprensi\u00f3n de Lectura"},"content":{"rendered":"\n<h5 class=\"wp-block-heading\"><strong>Cursos de Comprensi\u00f3n de Lectura para alumnos del sistema escolarizado y SUA<\/strong><\/h5>\n\n\n\n<p>Este curso se centra s\u00f3lo en la habilidad de comprensi\u00f3n de lectura. Comprender y extraer la informaci\u00f3n correctamente de art\u00edculos cient\u00edficos en otro idioma es parte integral de la formaci\u00f3n profesional; por lo que el curso se enfoca en que los alumnos comprendan el lenguaje cient\u00edfico extranjero de su \u00e1rea de estudio y tengan con ello acceso a la informaci\u00f3n en su forma original. En estos cursos tendr\u00e1s una asesor que te ayudar\u00e1 a completar tus tareas y a quien podr\u00e1s consultar en el aula virtual.<\/p>\n\n\n\n<p>Por lo anterior, ofrecemos&nbsp;cursos espec\u00edficos para las \u00e1reas&nbsp;de Biolog\u00eda, Medicina y Psicolog\u00eda. A los alumnos de otras \u00e1reas como&nbsp;Enfermer\u00eda, Odontolog\u00eda y posgrados de \u00e1rea m\u00e9dica&nbsp;les ofrecemos&nbsp;integrarse&nbsp;al&nbsp;curso de Medicina.<\/p>\n\n\n\n<p>En el caso de los cursos de ingl\u00e9s es requisito indispensable&nbsp;haber tomado un m\u00ednimo de 120 horas de clase en modalidad de Plan Global. Esto se puede validar mediante el examen de colocaci\u00f3n o constancias oficiales de estudio de otras escuelas con el equivalente en n\u00famero de horas.<\/p>\n\n\n\n<p>En el caso de franc\u00e9s, no es necesario tener conocimientos previos del idioma.<\/p>\n\n\n\n<p class=\"has-accent-color has-text-color has-link-color has-large-font-size wp-elements-f32fb67e1f65ad8e905e59072e412c67\">Modalidades<\/p>\n\n\n\n<p><strong>Bimestral sabatino en l\u00ednea<\/strong> <a href=\"https:\/\/sitios.iztacala.unam.mx\/idiomas\/cl-bimestral\/\" target=\"_blank\" rel=\"noreferrer noopener\"><em>Ver informaci\u00f3n<\/em><\/a><\/p>\n\n\n\n<p><strong>Cuatrimestral semanal en l\u00ednea<\/strong> <em><a href=\"https:\/\/sitios.iztacala.unam.mx\/idiomas\/cl-cuatrimestral\/\" target=\"_blank\" rel=\"noreferrer noopener\">Ver informaci\u00f3n<\/a><\/em><\/p>\n\n\n\n<p><strong>Semestral semanal semipresencial<\/strong> <a href=\"https:\/\/sitios.iztacala.unam.mx\/idiomas\/cl-semestral\/\" target=\"_blank\" rel=\"noreferrer noopener\"><em>Ver informaci\u00f3n<\/em><\/a><\/p>\n\n\n\n<div style=\"height:100px\" aria-hidden=\"true\" class=\"wp-block-spacer\"><\/div>\n\n\n\n<hr class=\"wp-block-separator has-alpha-channel-opacity\" \/>\n\n\n<div class=\"wp-block-image\">\n<figure class=\"aligncenter size-full is-resized\"><a href=\"https:\/\/sicei.iztacala.unam.mx\/idiomas_adm\/index.php\/php\/login\" target=\"_blank\" rel=\"noreferrer noopener\"><img data-recalc-dims=\"1\" loading=\"lazy\" decoding=\"async\" width=\"500\" height=\"170\" src=\"https:\/\/i0.wp.com\/sitios.iztacala.unam.mx\/idiomas\/wp-content\/uploads\/sites\/26\/2024\/02\/SICEI_logo.png?resize=500%2C170&#038;ssl=1\" alt=\"\" class=\"wp-image-247\" style=\"width:296px;height:auto\" srcset=\"https:\/\/i0.wp.com\/sitios.iztacala.unam.mx\/idiomas\/wp-content\/uploads\/sites\/26\/2024\/02\/SICEI_logo.png?w=500&amp;ssl=1 500w, https:\/\/i0.wp.com\/sitios.iztacala.unam.mx\/idiomas\/wp-content\/uploads\/sites\/26\/2024\/02\/SICEI_logo.png?resize=300%2C102&amp;ssl=1 300w\" sizes=\"auto, (max-width: 500px) 100vw, 500px\" \/><\/a><\/figure>\n<\/div>\n\n\n<p class=\"has-text-align-center\"><a href=\"https:\/\/sitios.iztacala.unam.mx\/idiomas\/inscripcion-generales\/\"><strong>Instrucciones generales inscripci\u00f3n<\/strong><\/a><br><a href=\"https:\/\/sicei.iztacala.unam.mx\/idiomas_adm\/index.php\/php\/alta_alumnos_externos\"><strong>Registro de 1ra vez Externos<\/strong><\/a><br><strong><a href=\"https:\/\/sitios.iztacala.unam.mx\/idiomas\/inscripcion-externos\/\">Gu\u00eda inscripci\u00f3n para Externos<\/a><\/strong><br><a href=\"https:\/\/sitios.iztacala.unam.mx\/idiomas\/inscripciones-unam\/\"><strong>Gu\u00eda inscripci\u00f3n UNAM otros Planteles<\/strong><\/a><br><a href=\"https:\/\/sitios.iztacala.unam.mx\/idiomas\/inscripcion-fesi\/\"><strong>Gu\u00eda inscripci\u00f3n alumnos FESI<\/strong><\/a><br><strong><a href=\"https:\/\/sitios.iztacala.unam.mx\/idiomas\/wp-content\/uploads\/sites\/26\/2024\/02\/Pago-con-app-BBVA.pdf\" target=\"_blank\" rel=\"noreferrer noopener\">Gu\u00eda Pago APP BBVA<\/a><\/strong><\/p>\n","protected":false},"excerpt":{"rendered":"<p>Cursos de Comprensi\u00f3n de Lectura para alumnos del sistema escolarizado y SUA Este curso se centra s\u00f3lo en la habilidad de comprensi\u00f3n de lectura. Comprender y extraer la informaci\u00f3n correctamente de art\u00edculos cient\u00edficos en otro idioma es parte integral de la formaci\u00f3n profesional; por lo que el curso se enfoca en que los alumnos comprendan &#8230; <a title=\"Comprensi\u00f3n de Lectura\" class=\"read-more\" href=\"https:\/\/sitios.iztacala.unam.mx\/idiomas\/comprensionlectura\/\" aria-label=\"Leer m\u00e1s sobre Comprensi\u00f3n de Lectura\">Read more<\/a><\/p>\n","protected":false},"author":27,"featured_media":0,"parent":0,"menu_order":0,"comment_status":"closed","ping_status":"closed","template":"","meta":{"footnotes":""},"class_list":["post-56","page","type-page","status-publish"],"jetpack_sharing_enabled":true,"_links":{"self":[{"href":"https:\/\/sitios.iztacala.unam.mx\/idiomas\/wp-json\/wp\/v2\/pages\/56","targetHints":{"allow":["GET"]}}],"collection":[{"href":"https:\/\/sitios.iztacala.unam.mx\/idiomas\/wp-json\/wp\/v2\/pages"}],"about":[{"href":"https:\/\/sitios.iztacala.unam.mx\/idiomas\/wp-json\/wp\/v2\/types\/page"}],"author":[{"embeddable":true,"href":"https:\/\/sitios.iztacala.unam.mx\/idiomas\/wp-json\/wp\/v2\/users\/27"}],"replies":[{"embeddable":true,"href":"https:\/\/sitios.iztacala.unam.mx\/idiomas\/wp-json\/wp\/v2\/comments?post=56"}],"version-history":[{"count":5,"href":"https:\/\/sitios.iztacala.unam.mx\/idiomas\/wp-json\/wp\/v2\/pages\/56\/revisions"}],"predecessor-version":[{"id":1206,"href":"https:\/\/sitios.iztacala.unam.mx\/idiomas\/wp-json\/wp\/v2\/pages\/56\/revisions\/1206"}],"wp:attachment":[{"href":"https:\/\/sitios.iztacala.unam.mx\/idiomas\/wp-json\/wp\/v2\/media?parent=56"}],"curies":[{"name":"wp","href":"https:\/\/api.w.org\/{rel}","templated":true}]}}