{"id":54,"date":"2024-02-05T21:29:00","date_gmt":"2024-02-05T21:29:00","guid":{"rendered":"https:\/\/sitios.iztacala.unam.mx\/idiomas\/?page_id=54"},"modified":"2026-05-07T19:30:09","modified_gmt":"2026-05-07T19:30:09","slug":"pg-presencial","status":"publish","type":"page","link":"https:\/\/sitios.iztacala.unam.mx\/idiomas\/pg-presencial\/","title":{"rendered":"Plan Global Presencial"},"content":{"rendered":"\n<h5 class=\"wp-block-heading has-accent-color has-text-color has-link-color has-large-font-size wp-elements-c9cfb2fe4a7354f306b767c8b7909304\"><strong>Informaci\u00f3n general<\/strong><\/h5>\n\n\n<div class=\"gb-container gb-container-79ea9a62\">\n\n<p>La inscripci\u00f3n a los Cursos de Plan Global de ingl\u00e9s y franc\u00e9s presenciales se realiza por Internet en la p\u00e1gina principal de idiomas, a trav\u00e9s de el Sistema de Control Escolar de Idiomas SICEI, y para aclaraciones debes llamar a los n\u00fameros que aparecer\u00e1n publicados en las fechas de inscripci\u00f3n. La inscripci\u00f3n en l\u00ednea tambi\u00e9n est\u00e1 disponible para los alumnos de la UNAM de otros planteles.<\/p>\n\n<\/div>\n\n\n<p>En esta modalidad, es necesario el libro de texto, el cual podr\u00e1s adquirir en tu librer\u00eda de preferencia. El uso de cada libro abarca el contenido de 3 niveles.<\/p>\n\n\n\n<p class=\"has-text-align-center has-text-color has-link-color wp-elements-0f5f00f848eb17fbd976239de8369c29\" style=\"color:#fb0101\"><strong>Importante: \u00danicamente se aceptan alumnos mayores de 18 a\u00f1os en esta modalidad.<\/strong><\/p>\n\n\n\n<h5 class=\"wp-block-heading has-accent-color has-text-color has-link-color has-large-font-size wp-elements-e032cc912aca1ac5457c430b114e3024\"><strong>&nbsp;Fechas de inscripci\u00f3n<\/strong><\/h5>\n\n\n\n<figure class=\"wp-block-table is-style-stripes\"><table class=\"has-contrast-color has-blush-light-purple-gradient-background has-text-color has-background has-link-color has-fixed-layout\"><thead><tr><th class=\"has-text-align-center\" data-align=\"center\">Inscripci\u00f3n<\/th><th class=\"has-text-align-center\" data-align=\"center\">Inicio del curso<\/th><\/tr><\/thead><tbody><tr><td class=\"has-text-align-center\" data-align=\"center\">4 al 13 de mayo 2026<\/td><td class=\"has-text-align-center\" data-align=\"center\">Sabatino: 16 de mayo 2026<\/td><\/tr><\/tbody><\/table><figcaption class=\"wp-element-caption\">&nbsp;Para ver el procedimiento de inscripci\u00f3n da clic&nbsp;<em><a href=\"https:\/\/sitios.iztacala.unam.mx\/idiomas\/inscripcion-generales\/\" data-type=\"link\" data-id=\"https:\/\/sitios.iztacala.unam.mx\/idiomas\/inscripcion-generales\/\" target=\"_blank\" rel=\"noreferrer noopener\">AQU\u00cd<\/a><\/em>. La inscripci\u00f3n <strong>se habilita a las 10 AM<\/strong> de la fecha se\u00f1alada<\/figcaption><\/figure>\n\n\n\n<p><\/p>\n\n\n\n<h5 class=\"wp-block-heading has-accent-color has-text-color has-link-color has-large-font-size wp-elements-6a6add2a03c52fa70c0eeb3e0a19c943\"><strong>Horario<\/strong><\/h5>\n\n\n\n<p><strong>S\u00e1bado de 08:30-14:00 horas<\/strong><\/p>\n\n\n\n<h5 class=\"wp-block-heading has-accent-color has-text-color has-link-color has-large-font-size wp-elements-4f218226fd27012ed860e1643e185842\"><strong>Cuotas bimestrales<\/strong><\/h5>\n\n\n\n<iframe loading=\"lazy\" frameborder=\"0\" width=\"800\" height=\"380\" src=\"https:\/\/view.genially.com\/66737b2672a57000138bac58\" allowfullscreen=\"true\"><\/iframe>\n\n\n\n<p><\/p>\n\n\n\n<h6 class=\"wp-block-heading has-accent-color has-text-color has-link-color has-large-font-size wp-elements-f2662313f09d77200933508b37033a37\"><strong>Examen de Colocaci\u00f3n<\/strong><\/h6>\n\n\n\n<p>Si ya tienes conocimientos del idiomas es necesario hacer el examen para conocer tu nivel antes de realizar tu inscripci\u00f3n al curso.&nbsp;<em><a href=\"https:\/\/sitios.iztacala.unam.mx\/idiomas\/exa-colocacion\/\">Ver la informaci\u00f3n del examen<\/a><\/em><\/p>\n\n\n\n<h2 class=\"wp-block-heading has-large-font-size\"><strong><em>Notas:<\/em><\/strong><\/h2>\n\n\n\n<ol class=\"wp-block-list\">\n<li>Los alumnos con Beca&nbsp;<strong>AAPAUNAM<\/strong>&nbsp;y&nbsp;<strong>STUNAM<\/strong>&nbsp;deben solicitar su inscripci\u00f3n llenando el formulario que se encuentra en la siguiente p\u00e1gina:&nbsp;<a href=\"https:\/\/sitios.iztacala.unam.mx\/idiomas\/becas\/\">Alumnos FESI \u2013 Becas<\/a><\/li>\n\n\n\n<li>Los alumnos de&nbsp;<strong>POSGRADO<\/strong>&nbsp;que deseen obtener descuento deber\u00e1n solicitar que se actualice su situaci\u00f3n acad\u00e9mica enviando un correo a infoidiomas@iztacala.unam.mx adjuntando su comprobante de inscripci\u00f3n del posgrado que est\u00e1n cursando.<\/li>\n\n\n\n<li>Solo se aceptar\u00e1n alumnos de nueva inscripci\u00f3n&nbsp;<strong><em>a partir de 15 a\u00f1os de edad<\/em><\/strong> (excepto en cursos sabatinos). Todos los alumnos menores de edad deber\u00e1n entregar su carta responsiva al inscribirse.&nbsp;<a href=\"https:\/\/sitios.iztacala.unam.mx\/idiomas\/wp-content\/uploads\/sites\/26\/2024\/03\/Carta_responsiva_menores_edad_2024.pdf\" target=\"_blank\" rel=\"noreferrer noopener\">Descarga el formato de carta responsiva<\/a><\/li>\n<\/ol>\n\n\n\n<p>Consulta nuestro aviso de privacidad:<br><a href=\"https:\/\/www.iztacala.unam.mx\/avisoprivacidad.php\">https:\/\/www.iztacala.unam.mx\/ap.php<\/a><\/p>\n\n\n\n<div style=\"height:100px\" aria-hidden=\"true\" class=\"wp-block-spacer\"><\/div>\n\n\n\n<hr class=\"wp-block-separator has-alpha-channel-opacity\" \/>\n\n\n<div class=\"wp-block-image\">\n<figure class=\"aligncenter size-full is-resized\"><a href=\"https:\/\/sicei.iztacala.unam.mx\/idiomas_adm\/index.php\/php\/login\" target=\"_blank\" rel=\"noreferrer noopener\"><img data-recalc-dims=\"1\" loading=\"lazy\" decoding=\"async\" width=\"500\" height=\"170\" src=\"https:\/\/i0.wp.com\/sitios.iztacala.unam.mx\/idiomas\/wp-content\/uploads\/sites\/26\/2024\/02\/SICEI_logo.png?resize=500%2C170&#038;ssl=1\" alt=\"\" class=\"wp-image-247\" style=\"width:330px;height:auto\" srcset=\"https:\/\/i0.wp.com\/sitios.iztacala.unam.mx\/idiomas\/wp-content\/uploads\/sites\/26\/2024\/02\/SICEI_logo.png?w=500&amp;ssl=1 500w, https:\/\/i0.wp.com\/sitios.iztacala.unam.mx\/idiomas\/wp-content\/uploads\/sites\/26\/2024\/02\/SICEI_logo.png?resize=300%2C102&amp;ssl=1 300w\" sizes=\"auto, (max-width: 500px) 100vw, 500px\" \/><\/a><\/figure>\n<\/div>\n\n\n<p class=\"has-text-align-center\"><a href=\"https:\/\/sitios.iztacala.unam.mx\/idiomas\/inscripcion-generales\/\"><strong>Instrucciones generales inscripci\u00f3n<\/strong><\/a><br><a href=\"https:\/\/sicei.iztacala.unam.mx\/idiomas_adm\/index.php\/php\/alta_alumnos_externos\"><strong>Registro de 1ra vez Externos<\/strong><\/a><br><strong><a href=\"https:\/\/sitios.iztacala.unam.mx\/idiomas\/inscripcion-externos\/\">Gu\u00eda inscripci\u00f3n para Externos<\/a><\/strong><br><a href=\"https:\/\/sitios.iztacala.unam.mx\/idiomas\/inscripciones-unam\/\"><strong>Gu\u00eda inscripci\u00f3n UNAM otros Planteles<\/strong><\/a><br><a href=\"https:\/\/sitios.iztacala.unam.mx\/idiomas\/inscripcion-fesi\/\"><strong>Gu\u00eda inscripci\u00f3n alumnos FESI<\/strong><\/a><br><strong><a href=\"https:\/\/sitios.iztacala.unam.mx\/idiomas\/wp-content\/uploads\/sites\/26\/2024\/02\/Pago-con-app-BBVA.pdf\" target=\"_blank\" rel=\"noreferrer noopener\">Gu\u00eda Pago APP BBVA<\/a><\/strong><\/p>\n","protected":false},"excerpt":{"rendered":"<p>Informaci\u00f3n general La inscripci\u00f3n a los Cursos de Plan Global de ingl\u00e9s y franc\u00e9s presenciales se realiza por Internet en la p\u00e1gina principal de idiomas, a trav\u00e9s de el Sistema de Control Escolar de Idiomas SICEI, y para aclaraciones debes llamar a los n\u00fameros que aparecer\u00e1n publicados en las fechas de inscripci\u00f3n. La inscripci\u00f3n en &#8230; <a title=\"Plan Global Presencial\" class=\"read-more\" href=\"https:\/\/sitios.iztacala.unam.mx\/idiomas\/pg-presencial\/\" aria-label=\"Leer m\u00e1s sobre Plan Global Presencial\">Read more<\/a><\/p>\n","protected":false},"author":27,"featured_media":0,"parent":0,"menu_order":0,"comment_status":"closed","ping_status":"closed","template":"","meta":{"footnotes":""},"class_list":["post-54","page","type-page","status-publish"],"jetpack_sharing_enabled":true,"_links":{"self":[{"href":"https:\/\/sitios.iztacala.unam.mx\/idiomas\/wp-json\/wp\/v2\/pages\/54","targetHints":{"allow":["GET"]}}],"collection":[{"href":"https:\/\/sitios.iztacala.unam.mx\/idiomas\/wp-json\/wp\/v2\/pages"}],"about":[{"href":"https:\/\/sitios.iztacala.unam.mx\/idiomas\/wp-json\/wp\/v2\/types\/page"}],"author":[{"embeddable":true,"href":"https:\/\/sitios.iztacala.unam.mx\/idiomas\/wp-json\/wp\/v2\/users\/27"}],"replies":[{"embeddable":true,"href":"https:\/\/sitios.iztacala.unam.mx\/idiomas\/wp-json\/wp\/v2\/comments?post=54"}],"version-history":[{"count":81,"href":"https:\/\/sitios.iztacala.unam.mx\/idiomas\/wp-json\/wp\/v2\/pages\/54\/revisions"}],"predecessor-version":[{"id":1694,"href":"https:\/\/sitios.iztacala.unam.mx\/idiomas\/wp-json\/wp\/v2\/pages\/54\/revisions\/1694"}],"wp:attachment":[{"href":"https:\/\/sitios.iztacala.unam.mx\/idiomas\/wp-json\/wp\/v2\/media?parent=54"}],"curies":[{"name":"wp","href":"https:\/\/api.w.org\/{rel}","templated":true}]}}