{"id":50,"date":"2024-02-05T21:20:16","date_gmt":"2024-02-05T21:20:16","guid":{"rendered":"https:\/\/sitios.iztacala.unam.mx\/idiomas\/?page_id=50"},"modified":"2026-03-18T22:27:51","modified_gmt":"2026-03-18T22:27:51","slug":"pg-online","status":"publish","type":"page","link":"https:\/\/sitios.iztacala.unam.mx\/idiomas\/pg-online\/","title":{"rendered":"Plan Global en L\u00ednea"},"content":{"rendered":"\n<h5 class=\"wp-block-heading has-accent-color has-text-color has-link-color has-large-font-size wp-elements-c9cfb2fe4a7354f306b767c8b7909304\"><strong>Informaci\u00f3n general<\/strong><\/h5>\n\n\n\n<p>En los cursos de Plan Global (4 habilidades) en modalidad EN L\u00cdNEA no es necesario asistir a las instalaciones de Iztacala. Es indispensable conectarse a las dos sesiones sincr\u00f3nicas por videoconferencia (revisar horarios) y realizar las lecciones en l\u00ednea a trav\u00e9s de la plataforma de aprendizaje <a href=\"https:\/\/idiomas.iztacala.unam.mx\/moodle\/\" target=\"_blank\" rel=\"noreferrer noopener\">IztaClassroom Online<\/a>. El avance en estos cursos es bimestral y actualmente ofertamos hasta nivel 12 en esta modalidad.<br>A fin de tener mejores resultados en esta modalidad, se recomienda tener buen manejo de computadoras y\/o dispositivos m\u00f3viles, tener acceso a Internet y disponer de una hora diaria para trabajo en casa.<br>En estos cursos no es necesario comprar libros de texto para las clases, ya que el material de aprendizaje y pr\u00e1ctica se encuentran en la plataforma.<\/p>\n\n\n\n<h5 class=\"wp-block-heading has-accent-color has-text-color has-link-color has-large-font-size wp-elements-643dce16e6db9ce0ae4c36e2380604ac\"><strong>\u00a1Importante!<\/strong><\/h5>\n\n\n\n<ul class=\"wp-block-list\">\n<li><strong>El curso tiene de 4 sesiones de trabajo<\/strong><br><ul><li>2 d\u00edas de sesiones de videoconferencia (con profesor en el aula).<\/li><\/ul>\n<ul class=\"wp-block-list\">\n<li>2 d\u00edas de sesiones en l\u00ednea (trabajo en plataforma).<\/li>\n<\/ul>\n<\/li>\n\n\n\n<li>Asistir al 80% de las sesiones por videoconferencia.<\/li>\n\n\n\n<li>Contar con equipo de c\u00f3mputo y acceso a Internet para las actividades en casa.<\/li>\n\n\n\n<li>Realizar las actividades de la plataforma en&nbsp;los tiempos establecidos.<\/li>\n<\/ul>\n\n\n\n<h5 class=\"wp-block-heading has-accent-color has-text-color has-link-color has-large-font-size wp-elements-7da47bf911b55b91eb6b3584ebf60919\"><strong>Horarios<\/strong><\/h5>\n\n\n\n<p><strong>\u2605<\/strong><strong>&nbsp;<\/strong><strong>Horarios&nbsp;de las sesiones sincr\u00f3nicas (2 sesiones cada semana)<\/strong><\/p>\n\n\n\n<p>\u25ba Martes y jueves&nbsp; de 07:00 a 08:30<br>\u25ba Martes y jueves de 17:00 a 18:30<br>\u25ba Martes y jueves de 18:30 a 20:00<br>\u25ba Martes y jueves de 20:00 a 21:30<\/p>\n\n\n\n<p>\u25ba Sabatino de 9:00 a 14:00.<\/p>\n\n\n\n<h5 class=\"wp-block-heading has-accent-color has-text-color has-link-color has-large-font-size wp-elements-e032cc912aca1ac5457c430b114e3024\"><strong>&nbsp;Fechas de inscripci\u00f3n<\/strong><\/h5>\n\n\n\n<figure class=\"wp-block-table is-style-stripes\"><table class=\"has-blush-light-purple-gradient-background has-background has-fixed-layout\"><thead><tr><th class=\"has-text-align-center\" data-align=\"center\">Inscripci\u00f3n<\/th><th class=\"has-text-align-center\" data-align=\"center\">Inicio del curso<\/th><\/tr><\/thead><tbody><tr><td class=\"has-text-align-center\" data-align=\"center\">5 al 7 de mayo 2026<\/td><td class=\"has-text-align-center\" data-align=\"center\">Sabatino: 9 de mayo 2026<br>Semanal: 11 de mayo 2026<\/td><\/tr><\/tbody><\/table><figcaption class=\"wp-element-caption\">&nbsp;Para ver el procedimiento de inscripci\u00f3n da clic&nbsp;<em><a href=\"https:\/\/sitios.iztacala.unam.mx\/idiomas\/inscripcion-generales\/\" target=\"_blank\" rel=\"noreferrer noopener\">AQU\u00cd<\/a><\/em>. La inscripci\u00f3n <strong>se habilita a las 10 AM<\/strong> de la fecha se\u00f1alada<\/figcaption><\/figure>\n\n\n\n<p><\/p>\n\n\n\n<h5 class=\"wp-block-heading has-accent-color has-text-color has-link-color has-large-font-size wp-elements-4f218226fd27012ed860e1643e185842\"><strong>Cuotas bimestrales<\/strong><\/h5>\n\n\n\n<iframe loading=\"lazy\" frameborder=\"0\" width=\"800\" height=\"640\" src=\"https:\/\/view.genially.com\/66749e648df4490014e19cfe\" allowfullscreen=\"true\"><\/iframe>\n\n\n\n<h5 class=\"wp-block-heading has-accent-color has-text-color has-link-color has-large-font-size wp-elements-9a3ed41b4ba1efff70f138d66606cf2c\">Examen de colocaci\u00f3n<\/h5>\n\n\n\n<p>&nbsp;Si ya tienes conocimientos del idiomas es necesario hacer el examen para conocer tu nivel antes de realizar tu inscripci\u00f3n al curso.&nbsp;<em><a href=\"https:\/\/sitios.iztacala.unam.mx\/idiomas\/exa-colocacion\/\" target=\"_blank\" rel=\"noreferrer noopener\">Ver la informaci\u00f3n del examen<\/a><\/em><\/p>\n\n\n\n<h2 class=\"wp-block-heading\"><strong><em>Notas:<\/em><\/strong><\/h2>\n\n\n\n<ol class=\"wp-block-list\">\n<li>Los alumnos con Beca&nbsp;<strong>AAPAUNAM<\/strong>&nbsp;y&nbsp;<strong>STUNAM<\/strong>&nbsp;deben solicitar su inscripci\u00f3n llenando el formulario que se encuentra en la siguiente p\u00e1gina:&nbsp;<a href=\"https:\/\/sitios.iztacala.unam.mx\/idiomas\/becas\/\">Alumnos FESI \u2013 Becas<\/a><\/li>\n\n\n\n<li>Los alumnos de&nbsp;<strong>POSGRADO<\/strong>&nbsp;que deseen obtener descuento deber\u00e1n solicitar que se actualice su situaci\u00f3n acad\u00e9mica enviando un correo a infoidiomas@iztacala.unam.mx adjuntando su comprobante de inscripci\u00f3n del posgrado que est\u00e1n cursando.<\/li>\n\n\n\n<li>Solo se aceptar\u00e1n alumnos de nueva inscripci\u00f3n&nbsp;<strong><em>a partir de 15 a\u00f1os de edad<\/em><\/strong>. Todos los alumnos menores de edad deber\u00e1n entregar su carta responsiva al inscribirse.&nbsp;<a href=\"https:\/\/sitios.iztacala.unam.mx\/idiomas\/wp-content\/uploads\/sites\/26\/2024\/03\/Carta_responsiva_menores_edad_2024.pdf\" target=\"_blank\" rel=\"noreferrer noopener\">Descarga el formato de carta responsiva<\/a><\/li>\n<\/ol>\n\n\n\n<p>Consulta nuestro aviso de privacidad:<br><a href=\"https:\/\/www.iztacala.unam.mx\/avisoprivacidad.php\">https:\/\/www.iztacala.unam.mx\/ap.php<\/a><\/p>\n\n\n\n<div style=\"height:100px\" aria-hidden=\"true\" class=\"wp-block-spacer\"><\/div>\n\n\n\n<hr class=\"wp-block-separator has-alpha-channel-opacity\" \/>\n\n\n<div class=\"wp-block-image\">\n<figure class=\"aligncenter size-full is-resized\"><a href=\"https:\/\/sicei.iztacala.unam.mx\/idiomas_adm\/index.php\/php\/login\" target=\"_blank\" rel=\"noreferrer noopener\"><img data-recalc-dims=\"1\" loading=\"lazy\" decoding=\"async\" width=\"500\" height=\"170\" src=\"https:\/\/i0.wp.com\/sitios.iztacala.unam.mx\/idiomas\/wp-content\/uploads\/sites\/26\/2024\/02\/SICEI_logo.png?resize=500%2C170&#038;ssl=1\" alt=\"\" class=\"wp-image-247\" style=\"width:326px;height:auto\" srcset=\"https:\/\/i0.wp.com\/sitios.iztacala.unam.mx\/idiomas\/wp-content\/uploads\/sites\/26\/2024\/02\/SICEI_logo.png?w=500&amp;ssl=1 500w, https:\/\/i0.wp.com\/sitios.iztacala.unam.mx\/idiomas\/wp-content\/uploads\/sites\/26\/2024\/02\/SICEI_logo.png?resize=300%2C102&amp;ssl=1 300w\" sizes=\"auto, (max-width: 500px) 100vw, 500px\" \/><\/a><\/figure>\n<\/div>\n\n\n<p class=\"has-text-align-center\"><a href=\"https:\/\/sitios.iztacala.unam.mx\/idiomas\/inscripcion-generales\/\"><strong>Instrucciones generales inscripci\u00f3n<\/strong><\/a><br><a href=\"https:\/\/sicei.iztacala.unam.mx\/idiomas_adm\/index.php\/php\/alta_alumnos_externos\"><strong>Registro de 1ra vez Externos<\/strong><\/a><br><strong><a href=\"https:\/\/sitios.iztacala.unam.mx\/idiomas\/inscripcion-externos\/\">Gu\u00eda inscripci\u00f3n para Externos<\/a><\/strong><br><a href=\"https:\/\/sitios.iztacala.unam.mx\/idiomas\/inscripciones-unam\/\"><strong>Gu\u00eda inscripci\u00f3n UNAM otros Planteles<\/strong><\/a><br><a href=\"https:\/\/sitios.iztacala.unam.mx\/idiomas\/inscripcion-fesi\/\"><strong>Gu\u00eda inscripci\u00f3n alumnos FESI<\/strong><\/a><br><strong><a href=\"https:\/\/sitios.iztacala.unam.mx\/idiomas\/wp-content\/uploads\/sites\/26\/2024\/02\/Pago-con-app-BBVA.pdf\" target=\"_blank\" rel=\"noreferrer noopener\">Gu\u00eda Pago APP BBVA<\/a><\/strong><\/p>\n","protected":false},"excerpt":{"rendered":"<p>Informaci\u00f3n general En los cursos de Plan Global (4 habilidades) en modalidad EN L\u00cdNEA no es necesario asistir a las instalaciones de Iztacala. Es indispensable conectarse a las dos sesiones sincr\u00f3nicas por videoconferencia (revisar horarios) y realizar las lecciones en l\u00ednea a trav\u00e9s de la plataforma de aprendizaje IztaClassroom Online. El avance en estos cursos &#8230; <a title=\"Plan Global en L\u00ednea\" class=\"read-more\" href=\"https:\/\/sitios.iztacala.unam.mx\/idiomas\/pg-online\/\" aria-label=\"Leer m\u00e1s sobre Plan Global en L\u00ednea\">Read more<\/a><\/p>\n","protected":false},"author":27,"featured_media":0,"parent":0,"menu_order":0,"comment_status":"closed","ping_status":"closed","template":"","meta":{"footnotes":""},"class_list":["post-50","page","type-page","status-publish"],"jetpack_sharing_enabled":true,"_links":{"self":[{"href":"https:\/\/sitios.iztacala.unam.mx\/idiomas\/wp-json\/wp\/v2\/pages\/50","targetHints":{"allow":["GET"]}}],"collection":[{"href":"https:\/\/sitios.iztacala.unam.mx\/idiomas\/wp-json\/wp\/v2\/pages"}],"about":[{"href":"https:\/\/sitios.iztacala.unam.mx\/idiomas\/wp-json\/wp\/v2\/types\/page"}],"author":[{"embeddable":true,"href":"https:\/\/sitios.iztacala.unam.mx\/idiomas\/wp-json\/wp\/v2\/users\/27"}],"replies":[{"embeddable":true,"href":"https:\/\/sitios.iztacala.unam.mx\/idiomas\/wp-json\/wp\/v2\/comments?post=50"}],"version-history":[{"count":38,"href":"https:\/\/sitios.iztacala.unam.mx\/idiomas\/wp-json\/wp\/v2\/pages\/50\/revisions"}],"predecessor-version":[{"id":1616,"href":"https:\/\/sitios.iztacala.unam.mx\/idiomas\/wp-json\/wp\/v2\/pages\/50\/revisions\/1616"}],"wp:attachment":[{"href":"https:\/\/sitios.iztacala.unam.mx\/idiomas\/wp-json\/wp\/v2\/media?parent=50"}],"curies":[{"name":"wp","href":"https:\/\/api.w.org\/{rel}","templated":true}]}}