{"id":47,"date":"2024-02-05T21:14:54","date_gmt":"2024-02-05T21:14:54","guid":{"rendered":"https:\/\/sitios.iztacala.unam.mx\/idiomas\/?page_id=47"},"modified":"2026-05-07T19:37:27","modified_gmt":"2026-05-07T19:37:27","slug":"pg-semipresencial","status":"publish","type":"page","link":"https:\/\/sitios.iztacala.unam.mx\/idiomas\/pg-semipresencial\/","title":{"rendered":"Plan Global Semipresencial"},"content":{"rendered":"\n<h5 class=\"wp-block-heading has-accent-color has-text-color has-link-color has-large-font-size wp-elements-c9cfb2fe4a7354f306b767c8b7909304\"><strong>Informaci\u00f3n general<\/strong><\/h5>\n\n\n\n<p>En&nbsp;los cursos de Plan Global (4 habilidades) en&nbsp;modalidad&nbsp;semipresencial&nbsp;es necesario asistir dos&nbsp;d\u00edas a la semana a las instalaciones de la facultad (consultar horarios) y realizar las lecciones en l\u00ednea a&nbsp;trav\u00e9s de la plataforma de aprendizaje&nbsp;<a href=\"https:\/\/idiomas.iztacala.unam.mx\/\" target=\"_blank\" rel=\"noreferrer noopener\">IztaClassroom Online<\/a>. El avance en estos cursos es bimestral.<\/p>\n\n\n\n<p>A fin de tener mejores resultados en esta&nbsp;modalidad, se recomienda tener buen manejo de computadoras y\/o dispositivos&nbsp;m\u00f3viles, tener&nbsp; acceso a Internet y disponer de por los menos 4 horas a la&nbsp;semana para trabajo en casa.<\/p>\n\n\n\n<p>Esta modalidad es recomendada para alumnos a los que se les dificulta aprender ingl\u00e9s, que requieren asesor\u00eda constante y que sin embargo s\u00f3lo pueden asistir dos veces a la semana a las instalaciones de Iztacala. Adicionalmente, en estos cursos no es necesario comprar libros&nbsp;de texto para las clases, ya que el material de aprendizaje y&nbsp;&nbsp;pr\u00e1ctica se encuentran en la plataforma.<\/p>\n\n\n\n<h5 class=\"wp-block-heading has-accent-color has-text-color has-link-color has-large-font-size wp-elements-e032cc912aca1ac5457c430b114e3024\"><strong>&nbsp;Fechas de inscripci\u00f3n<\/strong><\/h5>\n\n\n\n<figure class=\"wp-block-table is-style-stripes\"><table class=\"has-blush-light-purple-gradient-background has-background has-fixed-layout\"><thead><tr><th class=\"has-text-align-center\" data-align=\"center\">Inscripci\u00f3n<\/th><th class=\"has-text-align-center\" data-align=\"center\">Inicio del curso<\/th><\/tr><\/thead><tbody><tr><td class=\"has-text-align-center\" data-align=\"center\">4 al 13 de mayo 2026<\/td><td class=\"has-text-align-center\" data-align=\"center\">Semanal: 16 de mayo 2026<\/td><\/tr><\/tbody><\/table><figcaption class=\"wp-element-caption\">Para ver el procedimientos de inscripci\u00f3n da clic&nbsp;<em><a href=\"https:\/\/sitios.iztacala.unam.mx\/idiomas\/sicei\/\">AQU\u00cd<\/a><\/em>. La inscripci\u00f3n <strong>se habilita a las 10 AM de la fecha se\u00f1alada<\/strong><\/figcaption><\/figure>\n\n\n\n<h5 class=\"wp-block-heading has-accent-color has-text-color has-link-color has-large-font-size wp-elements-32888f85dbd2c8a82c75afb0c2a167d2\"><strong>Sesiones<\/strong><\/h5>\n\n\n\n<ul class=\"wp-block-list\">\n<li class=\"has-medium-font-size\"><strong>El curso consta de 4 sesiones de trabajo<\/strong><br><ul><li>2 d\u00edas de sesiones presenciales (con profesor en el aula).<\/li><\/ul>\n<ul class=\"wp-block-list\">\n<li>2 d\u00edas de sesiones no presenciales (trabajo en plataforma).<\/li>\n<\/ul>\n<\/li>\n\n\n\n<li>Tenemos grupos desde nivel 1 a nivel 15.<\/li>\n\n\n\n<li>Se requiere ssistir al 80% de las sesiones presenciales en las instalaciones de la facultad.<\/li>\n\n\n\n<li>Contar con equipo de c\u00f3mputo y acceso a Internet para las actividades en casa.<\/li>\n\n\n\n<li>Realizar las actividades de la plataforma en&nbsp;los tiempos establecidos.<\/li>\n<\/ul>\n\n\n\n<p class=\"has-medium-font-size\"><strong>\u2b50&nbsp;Horarios de las sesiones presenciales (2 sesiones cada semana)<\/strong><\/p>\n\n\n\n<figure class=\"wp-block-table\"><table><tbody><tr><td>\u25ba Lunes y mi\u00e9rcoles 07:00 a 08:30<br>\u25ba Lunes y mi\u00e9rcoles 09:00 a 10:30<br>\u25ba Lunes y mi\u00e9rcoles 10:30 a 12:00<br>\u25ba Lunes y mi\u00e9rcoles 12:00 a 13:30<br>\u25ba Lunes y mi\u00e9rcoles 14:00 a 15:30<br>\u25ba Lunes y mi\u00e9rcoles 15:30 a 17:00<br>\u25ba Lunes y mi\u00e9rcoles 17:00 a 18:30<br>\u25ba Lunes y mi\u00e9rcoles 18:30 a 20:00<\/td><td>\u25ba Martes y jueves de 07:00 a 08:30<br>\u25ba Martes y jueves de 09:00 a 10:30<br>\u25ba Martes y jueves de 10:30 a 12:00<br>\u25ba Martes y jueves de 12:00 a 13:30<br>\u25ba Martes y jueves de 14:00 a 15:30<br>\u25ba Martes y jueves de 15:30 a 17:00<br>\u25ba Martes y jueves de 17:00 a 18:30<br>\u25ba Martes y jueves de 18:30 a 20:00<\/td><\/tr><\/tbody><\/table><\/figure>\n\n\n\n<h5 class=\"wp-block-heading has-accent-color has-text-color has-link-color has-large-font-size wp-elements-4f218226fd27012ed860e1643e185842\"><strong>Cuotas bimestrales<\/strong><\/h5>\n\n\n\n<iframe loading=\"lazy\" frameborder=\"0\" width=\"800\" height=\"640\" src=\"https:\/\/view.genially.com\/6674706ecf79ca00141f9b20\" allowfullscreen=\"true\"><\/iframe>\n\n\n\n<h5 class=\"wp-block-heading has-accent-color has-text-color has-link-color has-large-font-size wp-elements-adf89af8460d8ee9966c59a8afe54852\"><strong>Examen de colocaci\u00f3n<\/strong><\/h5>\n\n\n\n<p>&nbsp;Si ya tienes conocimientos del idiomas es necesario hacer el examen para conocer tu nivel antes de realizar tu inscripci\u00f3n al curso.&nbsp;<em><a href=\"https:\/\/sitios.iztacala.unam.mx\/idiomas\/exa-colocacion\/\">Ver la informaci\u00f3n del examen<\/a><\/em><\/p>\n\n\n\n<h2 class=\"wp-block-heading\"><strong><em>Notas:<\/em><\/strong><\/h2>\n\n\n\n<ol class=\"wp-block-list\">\n<li>Los alumnos con Beca&nbsp;<strong>AAPAUNAM<\/strong>&nbsp;y&nbsp;<strong>STUNAM<\/strong>&nbsp;deben solicitar su inscripci\u00f3n llenando el formulario que se encuentra en la siguiente p\u00e1gina:&nbsp;<a href=\"https:\/\/sitios.iztacala.unam.mx\/idiomas\/becas\/\">Alumnos FESI \u2013 Becas<\/a><\/li>\n\n\n\n<li>Los alumnos de&nbsp;<strong>POSGRADO<\/strong>&nbsp;que deseen obtener descuento deber\u00e1n solicitar que se actualice su situaci\u00f3n acad\u00e9mica enviando un correo a infoidiomas@iztacala.unam.mx adjuntando su comprobante de inscripci\u00f3n del posgrado que est\u00e1n cursando.<\/li>\n\n\n\n<li>Solo se aceptar\u00e1n alumnos de nueva inscripci\u00f3n&nbsp;<strong><em>a partir de 15 a\u00f1os de edad<\/em><\/strong>. Todos los alumnos menores de edad deber\u00e1n entregar su carta responsiva al inscribirse.&nbsp;<a href=\"https:\/\/sitios.iztacala.unam.mx\/idiomas\/wp-content\/uploads\/sites\/26\/2024\/03\/Carta_responsiva_menores_edad_2024.pdf\" target=\"_blank\" rel=\"noreferrer noopener\">Descarga el formato de carta responsiva<\/a><\/li>\n<\/ol>\n\n\n\n<p class=\"has-text-align-center\">Consulta nuestro aviso de privacidad:<br><a href=\"https:\/\/www.iztacala.unam.mx\/avisoprivacidad.php\">https:\/\/www.iztacala.unam.mx\/ap.php<\/a><\/p>\n\n\n\n<div style=\"height:100px\" aria-hidden=\"true\" class=\"wp-block-spacer\"><\/div>\n\n\n\n<hr class=\"wp-block-separator has-alpha-channel-opacity\" \/>\n\n\n<div class=\"wp-block-image\">\n<figure class=\"aligncenter size-full is-resized\"><a href=\"https:\/\/sicei.iztacala.unam.mx\/idiomas_adm\/index.php\/php\/login\" target=\"_blank\" rel=\"noreferrer noopener\"><img data-recalc-dims=\"1\" loading=\"lazy\" decoding=\"async\" width=\"500\" height=\"170\" src=\"https:\/\/i0.wp.com\/sitios.iztacala.unam.mx\/idiomas\/wp-content\/uploads\/sites\/26\/2024\/02\/SICEI_logo.png?resize=500%2C170&#038;ssl=1\" alt=\"\" class=\"wp-image-247\" style=\"width:332px;height:auto\" srcset=\"https:\/\/i0.wp.com\/sitios.iztacala.unam.mx\/idiomas\/wp-content\/uploads\/sites\/26\/2024\/02\/SICEI_logo.png?w=500&amp;ssl=1 500w, https:\/\/i0.wp.com\/sitios.iztacala.unam.mx\/idiomas\/wp-content\/uploads\/sites\/26\/2024\/02\/SICEI_logo.png?resize=300%2C102&amp;ssl=1 300w\" sizes=\"auto, (max-width: 500px) 100vw, 500px\" \/><\/a><\/figure>\n<\/div>\n\n\n<p class=\"has-text-align-center\"><a href=\"https:\/\/sitios.iztacala.unam.mx\/idiomas\/inscripcion-generales\/\"><strong>Instrucciones generales inscripci\u00f3n<\/strong><\/a><br><a href=\"https:\/\/sicei.iztacala.unam.mx\/idiomas_adm\/index.php\/php\/alta_alumnos_externos\"><strong>Registro de 1ra vez Externos<\/strong><\/a><br><strong><a href=\"https:\/\/sitios.iztacala.unam.mx\/idiomas\/inscripcion-externos\/\">Gu\u00eda inscripci\u00f3n para Externos<\/a><\/strong><br><a href=\"https:\/\/sitios.iztacala.unam.mx\/idiomas\/inscripciones-unam\/\"><strong>Gu\u00eda inscripci\u00f3n UNAM otros Planteles<\/strong><\/a><br><a href=\"https:\/\/sitios.iztacala.unam.mx\/idiomas\/inscripcion-fesi\/\"><strong>Gu\u00eda inscripci\u00f3n alumnos FESI<\/strong><\/a><br><strong><a href=\"https:\/\/sitios.iztacala.unam.mx\/idiomas\/wp-content\/uploads\/sites\/26\/2024\/02\/Pago-con-app-BBVA.pdf\" target=\"_blank\" rel=\"noreferrer noopener\">Gu\u00eda Pago APP BBVA<\/a><\/strong><\/p>\n","protected":false},"excerpt":{"rendered":"<p>Informaci\u00f3n general En&nbsp;los cursos de Plan Global (4 habilidades) en&nbsp;modalidad&nbsp;semipresencial&nbsp;es necesario asistir dos&nbsp;d\u00edas a la semana a las instalaciones de la facultad (consultar horarios) y realizar las lecciones en l\u00ednea a&nbsp;trav\u00e9s de la plataforma de aprendizaje&nbsp;IztaClassroom Online. El avance en estos cursos es bimestral. A fin de tener mejores resultados en esta&nbsp;modalidad, se recomienda tener &#8230; <a title=\"Plan Global Semipresencial\" class=\"read-more\" href=\"https:\/\/sitios.iztacala.unam.mx\/idiomas\/pg-semipresencial\/\" aria-label=\"Leer m\u00e1s sobre Plan Global Semipresencial\">Read more<\/a><\/p>\n","protected":false},"author":27,"featured_media":0,"parent":0,"menu_order":0,"comment_status":"closed","ping_status":"closed","template":"","meta":{"footnotes":""},"class_list":["post-47","page","type-page","status-publish"],"jetpack_sharing_enabled":true,"_links":{"self":[{"href":"https:\/\/sitios.iztacala.unam.mx\/idiomas\/wp-json\/wp\/v2\/pages\/47","targetHints":{"allow":["GET"]}}],"collection":[{"href":"https:\/\/sitios.iztacala.unam.mx\/idiomas\/wp-json\/wp\/v2\/pages"}],"about":[{"href":"https:\/\/sitios.iztacala.unam.mx\/idiomas\/wp-json\/wp\/v2\/types\/page"}],"author":[{"embeddable":true,"href":"https:\/\/sitios.iztacala.unam.mx\/idiomas\/wp-json\/wp\/v2\/users\/27"}],"replies":[{"embeddable":true,"href":"https:\/\/sitios.iztacala.unam.mx\/idiomas\/wp-json\/wp\/v2\/comments?post=47"}],"version-history":[{"count":80,"href":"https:\/\/sitios.iztacala.unam.mx\/idiomas\/wp-json\/wp\/v2\/pages\/47\/revisions"}],"predecessor-version":[{"id":1695,"href":"https:\/\/sitios.iztacala.unam.mx\/idiomas\/wp-json\/wp\/v2\/pages\/47\/revisions\/1695"}],"wp:attachment":[{"href":"https:\/\/sitios.iztacala.unam.mx\/idiomas\/wp-json\/wp\/v2\/media?parent=47"}],"curies":[{"name":"wp","href":"https:\/\/api.w.org\/{rel}","templated":true}]}}