{"id":388,"date":"2024-03-04T00:37:02","date_gmt":"2024-03-04T00:37:02","guid":{"rendered":"https:\/\/sitios.iztacala.unam.mx\/idiomas\/?page_id=388"},"modified":"2024-03-04T00:40:04","modified_gmt":"2024-03-04T00:40:04","slug":"iztaclassroom","status":"publish","type":"page","link":"https:\/\/sitios.iztacala.unam.mx\/idiomas\/iztaclassroom\/","title":{"rendered":"Aulas virtuales &#8211; IztaClassroom"},"content":{"rendered":"\n<div class=\"wp-block-columns is-layout-flex wp-container-core-columns-is-layout-9d6595d7 wp-block-columns-is-layout-flex\">\n<div class=\"wp-block-column is-layout-flow wp-block-column-is-layout-flow\" style=\"flex-basis:33.33%\">\n<figure class=\"gb-block-image gb-block-image-d517190b\"><a href=\"https:\/\/idiomas.iztacala.unam.mx\/moodle\/\" target=\"_blank\" rel=\"noopener noreferrer\"><img data-recalc-dims=\"1\" loading=\"lazy\" decoding=\"async\" width=\"481\" height=\"207\" class=\"gb-image gb-image-d517190b\" src=\"https:\/\/i0.wp.com\/sitios.iztacala.unam.mx\/idiomas\/wp-content\/uploads\/sites\/26\/2024\/03\/iztaclassroom.png?resize=481%2C207&#038;ssl=1\" alt=\"\" title=\"iztaclassroom\" srcset=\"https:\/\/i0.wp.com\/sitios.iztacala.unam.mx\/idiomas\/wp-content\/uploads\/sites\/26\/2024\/03\/iztaclassroom.png?w=481&amp;ssl=1 481w, https:\/\/i0.wp.com\/sitios.iztacala.unam.mx\/idiomas\/wp-content\/uploads\/sites\/26\/2024\/03\/iztaclassroom.png?resize=300%2C129&amp;ssl=1 300w\" sizes=\"auto, (max-width: 481px) 100vw, 481px\" \/><\/a><\/figure>\n<\/div>\n\n\n\n<div class=\"wp-block-column is-layout-flow wp-block-column-is-layout-flow\" style=\"flex-basis:66.66%\">\n<p>IztaClassroom son las aulas virtuales del Departamento de Idiomas de la FES Iztacala. A trav\u00e9s de esta plataforma podr\u00e1s acceder a los contenidos de los cursos en l\u00ednea. Actualmente contamos con 12 niveles de ingl\u00e9s y 1 nivel de franc\u00e9s en l\u00ednea. La plataforma ha sido dise\u00f1ada para que practiques tu ritmo con las actividades interactivas y autogestivas. Adem\u00e1s de la practica en plataforma, tenemos clases en vivo, ya sea en videoconferencia o de manera presencial, as\u00ed que siempre tendr\u00e1s un profesor asignado que te ayudar\u00e1 con tu aprendizaje. <\/p>\n\n\n\n<p>Da clic <a href=\"https:\/\/idiomas.iztacala.unam.mx\/moodle\/\" target=\"_blank\" rel=\"noreferrer noopener\"><strong>AQU\u00cd<\/strong><\/a> para acceder<\/p>\n<\/div>\n<\/div>\n","protected":false},"excerpt":{"rendered":"<p>IztaClassroom son las aulas virtuales del Departamento de Idiomas de la FES Iztacala. A trav\u00e9s de esta plataforma podr\u00e1s acceder a los contenidos de los cursos en l\u00ednea. Actualmente contamos con 12 niveles de ingl\u00e9s y 1 nivel de franc\u00e9s en l\u00ednea. La plataforma ha sido dise\u00f1ada para que practiques tu ritmo con las actividades &#8230; <a title=\"Aulas virtuales &#8211; IztaClassroom\" class=\"read-more\" href=\"https:\/\/sitios.iztacala.unam.mx\/idiomas\/iztaclassroom\/\" aria-label=\"Leer m\u00e1s sobre Aulas virtuales &#8211; IztaClassroom\">Read more<\/a><\/p>\n","protected":false},"author":27,"featured_media":0,"parent":0,"menu_order":0,"comment_status":"closed","ping_status":"closed","template":"","meta":{"footnotes":""},"class_list":["post-388","page","type-page","status-publish"],"jetpack_sharing_enabled":true,"_links":{"self":[{"href":"https:\/\/sitios.iztacala.unam.mx\/idiomas\/wp-json\/wp\/v2\/pages\/388","targetHints":{"allow":["GET"]}}],"collection":[{"href":"https:\/\/sitios.iztacala.unam.mx\/idiomas\/wp-json\/wp\/v2\/pages"}],"about":[{"href":"https:\/\/sitios.iztacala.unam.mx\/idiomas\/wp-json\/wp\/v2\/types\/page"}],"author":[{"embeddable":true,"href":"https:\/\/sitios.iztacala.unam.mx\/idiomas\/wp-json\/wp\/v2\/users\/27"}],"replies":[{"embeddable":true,"href":"https:\/\/sitios.iztacala.unam.mx\/idiomas\/wp-json\/wp\/v2\/comments?post=388"}],"version-history":[{"count":3,"href":"https:\/\/sitios.iztacala.unam.mx\/idiomas\/wp-json\/wp\/v2\/pages\/388\/revisions"}],"predecessor-version":[{"id":392,"href":"https:\/\/sitios.iztacala.unam.mx\/idiomas\/wp-json\/wp\/v2\/pages\/388\/revisions\/392"}],"wp:attachment":[{"href":"https:\/\/sitios.iztacala.unam.mx\/idiomas\/wp-json\/wp\/v2\/media?parent=388"}],"curies":[{"name":"wp","href":"https:\/\/api.w.org\/{rel}","templated":true}]}}