{"id":372,"date":"2024-03-03T23:19:40","date_gmt":"2024-03-03T23:19:40","guid":{"rendered":"https:\/\/sitios.iztacala.unam.mx\/idiomas\/?page_id=372"},"modified":"2026-04-30T00:38:09","modified_gmt":"2026-04-30T00:38:09","slug":"becas","status":"publish","type":"page","link":"https:\/\/sitios.iztacala.unam.mx\/idiomas\/becas\/","title":{"rendered":"Becas para la comunidad FES Iztacala"},"content":{"rendered":"\n<p class=\"has-contrast-color has-text-color has-link-color has-medium-font-size wp-elements-692533302cb54a3ee2abd5047c699dd2\"><strong>BECA &#8211; VERANO IDIOMAS<\/strong><\/p>\n\n\n\n<div class=\"wp-block-columns is-layout-flex wp-container-core-columns-is-layout-9d6595d7 wp-block-columns-is-layout-flex\">\n<div class=\"wp-block-column is-layout-flow wp-block-column-is-layout-flow\" style=\"flex-basis:16.33%\">\n<figure class=\"gb-block-image gb-block-image-77949a69\"><a href=\"https:\/\/forms.gle\/PguNSB2sfpN7HMy4A\" target=\"_blank\" rel=\"noopener noreferrer\"><img data-recalc-dims=\"1\" loading=\"lazy\" decoding=\"async\" width=\"840\" height=\"840\" class=\"gb-image gb-image-77949a69\" src=\"https:\/\/i0.wp.com\/sitios.iztacala.unam.mx\/idiomas\/wp-content\/uploads\/sites\/26\/2026\/04\/Logo-Idiomas3.png?resize=840%2C840&#038;ssl=1\" alt=\"\" title=\"Logo-Idiomas3\" srcset=\"https:\/\/i0.wp.com\/sitios.iztacala.unam.mx\/idiomas\/wp-content\/uploads\/sites\/26\/2026\/04\/Logo-Idiomas3.png?w=840&amp;ssl=1 840w, https:\/\/i0.wp.com\/sitios.iztacala.unam.mx\/idiomas\/wp-content\/uploads\/sites\/26\/2026\/04\/Logo-Idiomas3.png?resize=300%2C300&amp;ssl=1 300w, https:\/\/i0.wp.com\/sitios.iztacala.unam.mx\/idiomas\/wp-content\/uploads\/sites\/26\/2026\/04\/Logo-Idiomas3.png?resize=150%2C150&amp;ssl=1 150w, https:\/\/i0.wp.com\/sitios.iztacala.unam.mx\/idiomas\/wp-content\/uploads\/sites\/26\/2026\/04\/Logo-Idiomas3.png?resize=768%2C768&amp;ssl=1 768w\" sizes=\"auto, (max-width: 840px) 100vw, 840px\" \/><\/a><\/figure>\n<\/div>\n\n\n\n<div class=\"wp-block-column is-layout-flow wp-block-column-is-layout-flow\" style=\"flex-basis:66.66%\">\n<p>Eres alumno FESI con tira de materias vigente y tomaste tu \u00faltimo curso en la modalidad semipresencial. Puedes cambiar de modalidad en el periodo intersemestral de mayo-junio, aprovecha el descuento de verano que te ofrecemos, paga s\u00f3lo 700 pesos por el bimestre en el curso en l\u00ednea y sabatino presencial. Llena el formulario y te notificaremos cuando puedas inscribirte con el descuento de verano-idiomas.<\/p>\n\n\n\n<p>Da clic <em><strong><a href=\"https:\/\/forms.gle\/PguNSB2sfpN7HMy4A\" target=\"_blank\" rel=\"noreferrer noopener\">AQU\u00cd<\/a><\/strong><\/em> para llenar el formulario de solicitud.<\/p>\n<\/div>\n<\/div>\n\n\n\n<hr class=\"wp-block-separator has-alpha-channel-opacity\" \/>\n\n\n\n<h2 class=\"wp-block-heading has-medium-font-size\"><strong>Beca &#8211; CL\u00cdNICAS ODONTOL\u00d3GICAS<\/strong><\/h2>\n\n\n\n<div class=\"wp-block-columns is-layout-flex wp-container-core-columns-is-layout-9d6595d7 wp-block-columns-is-layout-flex\">\n<div class=\"wp-block-column is-layout-flow wp-block-column-is-layout-flow\" style=\"flex-basis:33.33%\">\n<figure class=\"wp-block-image size-full is-resized\"><a href=\"https:\/\/sitios.iztacala.unam.mx\/idiomas\/clinicas-cd\/\" target=\"_blank\" rel=\" noreferrer noopener\"><img data-recalc-dims=\"1\" loading=\"lazy\" decoding=\"async\" width=\"500\" height=\"500\" src=\"https:\/\/i0.wp.com\/sitios.iztacala.unam.mx\/idiomas\/wp-content\/uploads\/sites\/26\/2025\/07\/odo-clinicas.png?resize=500%2C500&#038;ssl=1\" alt=\"\" class=\"wp-image-1164\" style=\"width:224px;height:auto\" srcset=\"https:\/\/i0.wp.com\/sitios.iztacala.unam.mx\/idiomas\/wp-content\/uploads\/sites\/26\/2025\/07\/odo-clinicas.png?w=500&amp;ssl=1 500w, https:\/\/i0.wp.com\/sitios.iztacala.unam.mx\/idiomas\/wp-content\/uploads\/sites\/26\/2025\/07\/odo-clinicas.png?resize=300%2C300&amp;ssl=1 300w, https:\/\/i0.wp.com\/sitios.iztacala.unam.mx\/idiomas\/wp-content\/uploads\/sites\/26\/2025\/07\/odo-clinicas.png?resize=150%2C150&amp;ssl=1 150w\" sizes=\"auto, (max-width: 500px) 100vw, 500px\" \/><\/a><\/figure>\n<\/div>\n\n\n\n<div class=\"wp-block-column is-layout-flow wp-block-column-is-layout-flow\" style=\"flex-basis:100%\">\n<p><\/p>\n\n\n\n<p>Eres alumno de la carrera de Cirujano Dentista y tomas clases en alguna cl\u00ednica odontol\u00f3gica, esta beca es para ti para tomar los cursos en l\u00ednea y sabatino presencial a un costo muy bajo. Es necesario contar con la tira de materias al momento de solicitar la beca en el formulario de solicitud.<\/p>\n\n\n\n<p>Da clic para <em><strong><a href=\"https:\/\/sitios.iztacala.unam.mx\/idiomas\/clinicas-cd\/\" target=\"_blank\" rel=\"noreferrer noopener\">VER M\u00c1S INFORMACI\u00d3N<\/a><\/strong><\/em> y accede al formulario de solicitud.<\/p>\n<\/div>\n<\/div>\n\n\n\n<hr class=\"wp-block-separator has-alpha-channel-opacity\" \/>\n\n\n\n<p class=\"has-contrast-color has-text-color has-link-color has-medium-font-size wp-elements-34e51ae98cf011c7370f11da4972c373\"><strong>BECA AAPAUNAM<\/strong><\/p>\n\n\n\n<div class=\"wp-block-columns is-layout-flex wp-container-core-columns-is-layout-9d6595d7 wp-block-columns-is-layout-flex\">\n<div class=\"wp-block-column is-layout-flow wp-block-column-is-layout-flow\" style=\"flex-basis:16.33%\">\n<figure class=\"gb-block-image gb-block-image-60c2c15f\"><a href=\"https:\/\/forms.gle\/pySmFjyBjSnba49c8\" target=\"_blank\" rel=\"noopener noreferrer\"><img data-recalc-dims=\"1\" loading=\"lazy\" decoding=\"async\" width=\"176\" height=\"176\" class=\"gb-image gb-image-60c2c15f\" src=\"https:\/\/i0.wp.com\/sitios.iztacala.unam.mx\/idiomas\/wp-content\/uploads\/sites\/26\/2024\/03\/images.png?resize=176%2C176&#038;ssl=1\" alt=\"\" title=\"images\" srcset=\"https:\/\/i0.wp.com\/sitios.iztacala.unam.mx\/idiomas\/wp-content\/uploads\/sites\/26\/2024\/03\/images.png?w=176&amp;ssl=1 176w, https:\/\/i0.wp.com\/sitios.iztacala.unam.mx\/idiomas\/wp-content\/uploads\/sites\/26\/2024\/03\/images.png?resize=150%2C150&amp;ssl=1 150w\" sizes=\"auto, (max-width: 176px) 100vw, 176px\" \/><\/a><\/figure>\n<\/div>\n\n\n\n<div class=\"wp-block-column is-layout-flow wp-block-column-is-layout-flow\" style=\"flex-basis:66.66%\">\n<p>El personal acad\u00e9mico y sus familiares directos podr\u00e1n registrar las solicitudes de beca para los cursos de idiomas, llenando el formulario de esta secci\u00f3n y posteriormente entregando el oficio que del AAPAUNAM en las oficinas de idiomas.<\/p>\n\n\n\n<p>De clic <em><strong><a href=\"https:\/\/forms.gle\/pySmFjyBjSnba49c8\" target=\"_blank\" rel=\"noreferrer noopener\">AQU\u00cd<\/a><\/strong><\/em> para llenar el formulario AAPAUNAM<\/p>\n<\/div>\n<\/div>\n\n\n\n<hr class=\"wp-block-separator has-alpha-channel-opacity\" \/>\n\n\n\n<p class=\"has-contrast-color has-text-color has-link-color has-medium-font-size wp-elements-1d45badc8ffb501541c8a65372ab3673\"><strong>BECA STUNAM<\/strong><\/p>\n\n\n\n<div class=\"wp-block-columns is-layout-flex wp-container-core-columns-is-layout-9d6595d7 wp-block-columns-is-layout-flex\">\n<div class=\"wp-block-column is-layout-flow wp-block-column-is-layout-flow\" style=\"flex-basis:16%\">\n<figure class=\"gb-block-image gb-block-image-48f3233d\"><a href=\"https:\/\/forms.gle\/r16aReGHmGqbHn4U7\" target=\"_blank\" rel=\"noopener noreferrer\"><img data-recalc-dims=\"1\" loading=\"lazy\" decoding=\"async\" width=\"204\" height=\"204\" class=\"gb-image gb-image-48f3233d\" src=\"https:\/\/i0.wp.com\/sitios.iztacala.unam.mx\/idiomas\/wp-content\/uploads\/sites\/26\/2024\/03\/images-1.png?resize=204%2C204&#038;ssl=1\" alt=\"\" title=\"images-1\" srcset=\"https:\/\/i0.wp.com\/sitios.iztacala.unam.mx\/idiomas\/wp-content\/uploads\/sites\/26\/2024\/03\/images-1.png?w=204&amp;ssl=1 204w, https:\/\/i0.wp.com\/sitios.iztacala.unam.mx\/idiomas\/wp-content\/uploads\/sites\/26\/2024\/03\/images-1.png?resize=150%2C150&amp;ssl=1 150w\" sizes=\"auto, (max-width: 204px) 100vw, 204px\" \/><\/a><\/figure>\n<\/div>\n\n\n\n<div class=\"wp-block-column is-layout-flow wp-block-column-is-layout-flow\"><div class=\"gb-container gb-container-78b0650f\">\n\n<p class=\"o-typing-delay-100ms o-typing-fast\">Los trabajadores de base y sus familiares directos podr\u00e1n registrar las solicitudes de beca para los cursos de idiomas, llenando el formulario de esta secci\u00f3n y haciendo el tr\u00e1mite con sus comisionados de capacitaci\u00f3n del STUNAM, quienes entregar\u00e1n el oficio correspondiente en las oficinas de idiomas.<\/p>\n\n<\/div>\n\n\n<p>Da clic <em><strong><a href=\"https:\/\/forms.gle\/r16aReGHmGqbHn4U7\" data-type=\"link\" data-id=\"https:\/\/forms.gle\/r16aReGHmGqbHn4U7\" target=\"_blank\" rel=\"noreferrer noopener\">AQU\u00cd<\/a><\/strong><\/em> para llenar el formulario STUNAM<\/p>\n<\/div>\n<\/div>\n\n\n\n<hr class=\"wp-block-separator has-alpha-channel-opacity\" \/>\n\n\n\n<p class=\"has-contrast-color has-text-color has-link-color has-medium-font-size wp-elements-08b96389de31972cb3ab69b9bbe50120\"><strong>OTRAS BECAS FESI<\/strong><\/p>\n\n\n\n<div class=\"wp-block-columns is-layout-flex wp-container-core-columns-is-layout-9d6595d7 wp-block-columns-is-layout-flex\">\n<div class=\"wp-block-column is-layout-flow wp-block-column-is-layout-flow\" style=\"flex-basis:16.33%\">\n<figure class=\"gb-block-image gb-block-image-4f646ad9\"><a href=\"https:\/\/forms.gle\/K6kiiLJn4AQfnETp7\" target=\"_blank\" rel=\"noopener noreferrer\"><img data-recalc-dims=\"1\" loading=\"lazy\" decoding=\"async\" width=\"185\" height=\"161\" class=\"gb-image gb-image-4f646ad9\" src=\"https:\/\/i0.wp.com\/sitios.iztacala.unam.mx\/idiomas\/wp-content\/uploads\/sites\/26\/2024\/03\/Untitled-1.png?resize=185%2C161&#038;ssl=1\" alt=\"\" title=\"Untitled-1\" \/><\/a><\/figure>\n<\/div>\n\n\n\n<div class=\"wp-block-column is-layout-flow wp-block-column-is-layout-flow\" style=\"flex-basis:66.66%\">\n<p>Para trabajadores o profesores que ya tengan autorizadas otro tipo de becas o descuentos, podr\u00e1n registrar sus solicitudes para los cursos de idiomas, llenando el formulario de esta secci\u00f3n y entregando una copia del oficio correspondiente en las oficinas del departamento de idiomas.<\/p>\n\n\n\n<p>Da clic <em><strong><a href=\"https:\/\/forms.gle\/K6kiiLJn4AQfnETp7\" target=\"_blank\" rel=\"noreferrer noopener\">AQU\u00cd<\/a><\/strong><\/em> para llenar el formulario OTRAS BECAS FESI<\/p>\n<\/div>\n<\/div>\n\n\n\n<hr class=\"wp-block-separator has-alpha-channel-opacity\" \/>\n\n\n<div class=\"wp-block-image\">\n<figure class=\"aligncenter size-full is-resized\"><a href=\"https:\/\/sicei.iztacala.unam.mx\/idiomas_adm\/index.php\/php\/login\" target=\"_blank\" rel=\"noreferrer noopener\"><img data-recalc-dims=\"1\" loading=\"lazy\" decoding=\"async\" width=\"500\" height=\"170\" src=\"https:\/\/i0.wp.com\/sitios.iztacala.unam.mx\/idiomas\/wp-content\/uploads\/sites\/26\/2024\/02\/SICEI_logo.png?resize=500%2C170&#038;ssl=1\" alt=\"\" class=\"wp-image-247\" style=\"aspect-ratio:2.9415041782729805;width:336px;height:auto\" srcset=\"https:\/\/i0.wp.com\/sitios.iztacala.unam.mx\/idiomas\/wp-content\/uploads\/sites\/26\/2024\/02\/SICEI_logo.png?w=500&amp;ssl=1 500w, https:\/\/i0.wp.com\/sitios.iztacala.unam.mx\/idiomas\/wp-content\/uploads\/sites\/26\/2024\/02\/SICEI_logo.png?resize=300%2C102&amp;ssl=1 300w\" sizes=\"auto, (max-width: 500px) 100vw, 500px\" \/><\/a><\/figure>\n<\/div>\n\n\n<p class=\"has-text-align-center\"><a href=\"https:\/\/sitios.iztacala.unam.mx\/idiomas\/inscripcion-generales\/\"><strong>Instrucciones generales inscripci\u00f3n<\/strong><\/a><br><a href=\"https:\/\/sicei.iztacala.unam.mx\/idiomas_adm\/index.php\/php\/alta_alumnos_externos\"><strong>Registro de 1ra vez Externos<\/strong><\/a><br><strong><a href=\"https:\/\/sitios.iztacala.unam.mx\/idiomas\/inscripcion-externos\/\">Gu\u00eda inscripci\u00f3n para Externos<\/a><\/strong><br><a href=\"https:\/\/sitios.iztacala.unam.mx\/idiomas\/inscripciones-unam\/\"><strong>Gu\u00eda inscripci\u00f3n UNAM otros Planteles<\/strong><\/a><br><a href=\"https:\/\/sitios.iztacala.unam.mx\/idiomas\/inscripcion-fesi\/\"><strong>Gu\u00eda inscripci\u00f3n alumnos FESI<\/strong><\/a><br><strong><a href=\"https:\/\/sitios.iztacala.unam.mx\/idiomas\/wp-content\/uploads\/sites\/26\/2024\/02\/Pago-con-app-BBVA.pdf\" target=\"_blank\" rel=\"noreferrer noopener\">Gu\u00eda Pago APP BBVA<\/a><\/strong><\/p>\n","protected":false},"excerpt":{"rendered":"<p>BECA &#8211; VERANO IDIOMAS Eres alumno FESI con tira de materias vigente y tomaste tu \u00faltimo curso en la modalidad semipresencial. Puedes cambiar de modalidad en el periodo intersemestral de mayo-junio, aprovecha el descuento de verano que te ofrecemos, paga s\u00f3lo 700 pesos por el bimestre en el curso en l\u00ednea y sabatino presencial. Llena &#8230; <a title=\"Becas para la comunidad FES Iztacala\" class=\"read-more\" href=\"https:\/\/sitios.iztacala.unam.mx\/idiomas\/becas\/\" aria-label=\"Leer m\u00e1s sobre Becas para la comunidad FES Iztacala\">Read more<\/a><\/p>\n","protected":false},"author":27,"featured_media":0,"parent":0,"menu_order":0,"comment_status":"closed","ping_status":"closed","template":"","meta":{"footnotes":""},"class_list":["post-372","page","type-page","status-publish"],"jetpack_sharing_enabled":true,"_links":{"self":[{"href":"https:\/\/sitios.iztacala.unam.mx\/idiomas\/wp-json\/wp\/v2\/pages\/372","targetHints":{"allow":["GET"]}}],"collection":[{"href":"https:\/\/sitios.iztacala.unam.mx\/idiomas\/wp-json\/wp\/v2\/pages"}],"about":[{"href":"https:\/\/sitios.iztacala.unam.mx\/idiomas\/wp-json\/wp\/v2\/types\/page"}],"author":[{"embeddable":true,"href":"https:\/\/sitios.iztacala.unam.mx\/idiomas\/wp-json\/wp\/v2\/users\/27"}],"replies":[{"embeddable":true,"href":"https:\/\/sitios.iztacala.unam.mx\/idiomas\/wp-json\/wp\/v2\/comments?post=372"}],"version-history":[{"count":62,"href":"https:\/\/sitios.iztacala.unam.mx\/idiomas\/wp-json\/wp\/v2\/pages\/372\/revisions"}],"predecessor-version":[{"id":1678,"href":"https:\/\/sitios.iztacala.unam.mx\/idiomas\/wp-json\/wp\/v2\/pages\/372\/revisions\/1678"}],"wp:attachment":[{"href":"https:\/\/sitios.iztacala.unam.mx\/idiomas\/wp-json\/wp\/v2\/media?parent=372"}],"curies":[{"name":"wp","href":"https:\/\/api.w.org\/{rel}","templated":true}]}}