{"id":315,"date":"2024-02-19T16:58:09","date_gmt":"2024-02-19T16:58:09","guid":{"rendered":"https:\/\/sitios.iztacala.unam.mx\/idiomas\/?page_id=315"},"modified":"2024-02-19T17:30:11","modified_gmt":"2024-02-19T17:30:11","slug":"inscripciones-unam","status":"publish","type":"page","link":"https:\/\/sitios.iztacala.unam.mx\/idiomas\/inscripciones-unam\/","title":{"rendered":"Inscripciones UNAM otros planteles"},"content":{"rendered":"\n<p><strong>PROCEDIMIENTO DE INSCRIPCI\u00d3N<br>PARA ALUMNOS\u00a0Y EXALUMNOS UNAM DE OTROS PLANTELES<\/strong><\/p>\n\n\n\n<p>1.- Considera que si ya has tomado alg\u00fan curso o examen en Idiomas Iztacala, tu NUMERO DE CUENTA UNAM YA ESTA REGISTRADO, util\u00edzalo como usuario y contrase\u00f1a, si cambiaste la contrase\u00f1a y la olvidaste, utiliza la opci\u00f3n \u201crecuperar contrase\u00f1a\u201d.<\/p>\n\n\n\n<p>2.- Si es tu primera vez en Idiomas Iztacala, primero debes REGISTRAR TU N\u00daMERO DE CUENTA UNAM y tus datos personales en la p\u00e1gina:<\/p>\n\n\n\n<p><a href=\"https:\/\/sicei.iztacala.unam.mx\/idiomas_adm\/index.php\/php\/alta_alumnos_externos\">https:\/\/sicei.iztacala.unam.mx\/idiomas_adm\/index.php\/php\/alta_alumnos_externos<\/a><\/p>\n\n\n\n<figure class=\"wp-block-image size-full\"><img data-recalc-dims=\"1\" loading=\"lazy\" decoding=\"async\" width=\"639\" height=\"377\" src=\"https:\/\/i0.wp.com\/sitios.iztacala.unam.mx\/idiomas\/wp-content\/uploads\/sites\/26\/2024\/02\/1.png?resize=639%2C377&#038;ssl=1\" alt=\"\" class=\"wp-image-316\" srcset=\"https:\/\/i0.wp.com\/sitios.iztacala.unam.mx\/idiomas\/wp-content\/uploads\/sites\/26\/2024\/02\/1.png?w=639&amp;ssl=1 639w, https:\/\/i0.wp.com\/sitios.iztacala.unam.mx\/idiomas\/wp-content\/uploads\/sites\/26\/2024\/02\/1.png?resize=300%2C177&amp;ssl=1 300w\" sizes=\"auto, (max-width: 639px) 100vw, 639px\" \/><\/figure>\n\n\n\n<p><a href=\"http:\/\/antares.iztacala.unam.mx\/idiomas\/wp-content\/uploads\/2014\/08\/pinscr_unamop_001.png\"><\/a><\/p>\n\n\n\n<p>3.- Una vez que has registrado tu n\u00famero de cuenta UNAM, ingresa al SICEI (Sistema de Control Escolar de Idiomas) en la p\u00e1gina&nbsp;<a href=\"http:\/\/sicei.iztacala.unam.mx\/idiomas_adm\/index.php\/php\/login\">http:\/\/sicei.iztacala.unam.mx\/idiomas_adm\/index.php\/php\/login<\/a>.<\/p>\n\n\n\n<ul class=\"wp-block-list\">\n<li>Para cursos de&nbsp;<strong>Plan Global por niveles<\/strong>&nbsp;selecciona Tipo de Curso \u201cPlan Global\u201d.<\/li>\n\n\n\n<li>Para&nbsp;<strong>Examen de colocaci\u00f3n<\/strong>&nbsp;selecciona Tipo de curso \u201cColocaci\u00f3n\u201d.<\/li>\n\n\n\n<li>Para los&nbsp;<strong>Cursos de Conversaci\u00f3n<\/strong>&nbsp;selecciona Tipo de curso \u201cConversaci\u00f3n\u201d.<\/li>\n\n\n\n<li>Para los cursos de&nbsp;<strong>Comprensi\u00f3n de Lectura bimestral\/semestral<\/strong>&nbsp;selecciona Tipo de curso \u201cComprensi\u00f3n Lectura\u201d.<\/li>\n\n\n\n<li>Para los&nbsp;<strong>Cursos de comprensi\u00f3n de lectura Cuatrimestral<\/strong>&nbsp;selecciona Tipo de curso \u201cCursos SUA CL\u201d.<\/li>\n\n\n\n<li>Para los&nbsp;<strong>Examen de Acreditaci\u00f3n<\/strong>&nbsp;selecciona Tipo de curso \u201cExamen de Acreditaci\u00f3n\u201d.<\/li>\n<\/ul>\n\n\n\n<figure class=\"wp-block-image size-full\"><img data-recalc-dims=\"1\" loading=\"lazy\" decoding=\"async\" width=\"355\" height=\"226\" src=\"https:\/\/i0.wp.com\/sitios.iztacala.unam.mx\/idiomas\/wp-content\/uploads\/sites\/26\/2024\/02\/pinscr_fesi_001.png?resize=355%2C226&#038;ssl=1\" alt=\"\" class=\"wp-image-258\" srcset=\"https:\/\/i0.wp.com\/sitios.iztacala.unam.mx\/idiomas\/wp-content\/uploads\/sites\/26\/2024\/02\/pinscr_fesi_001.png?w=355&amp;ssl=1 355w, https:\/\/i0.wp.com\/sitios.iztacala.unam.mx\/idiomas\/wp-content\/uploads\/sites\/26\/2024\/02\/pinscr_fesi_001.png?resize=300%2C191&amp;ssl=1 300w\" sizes=\"auto, (max-width: 355px) 100vw, 355px\" \/><\/figure>\n\n\n\n<p><a href=\"http:\/\/antares.iztacala.unam.mx\/idiomas\/wp-content\/uploads\/2014\/09\/pinscr_fesi_001.png\"><\/a><\/p>\n\n\n\n<p>4.- La primera vez que ingresas, utiliza tu N\u00daMERO DE CUENTA COMO USUARIO Y CONTRASE\u00d1A, posteriormente debes cambiar tu contrase\u00f1a dando clic en actualizar datos.<\/p>\n\n\n\n<p>5.- Una vez que has ingresado, debes dar clic en la opci\u00f3n de \u201cinscripci\u00f3n\u201d.<\/p>\n\n\n\n<figure class=\"wp-block-image size-full\"><img data-recalc-dims=\"1\" loading=\"lazy\" decoding=\"async\" width=\"556\" height=\"210\" src=\"https:\/\/i0.wp.com\/sitios.iztacala.unam.mx\/idiomas\/wp-content\/uploads\/sites\/26\/2024\/02\/pinscr_ext_004.png?resize=556%2C210&#038;ssl=1\" alt=\"\" class=\"wp-image-259\" srcset=\"https:\/\/i0.wp.com\/sitios.iztacala.unam.mx\/idiomas\/wp-content\/uploads\/sites\/26\/2024\/02\/pinscr_ext_004.png?w=556&amp;ssl=1 556w, https:\/\/i0.wp.com\/sitios.iztacala.unam.mx\/idiomas\/wp-content\/uploads\/sites\/26\/2024\/02\/pinscr_ext_004.png?resize=300%2C113&amp;ssl=1 300w\" sizes=\"auto, (max-width: 556px) 100vw, 556px\" \/><\/figure>\n\n\n\n<p>6.- Selecciona el idioma y el horario de tu preferencia y da clic en \u201crealizar inscripci\u00f3n\u201d.<\/p>\n\n\n\n<figure class=\"wp-block-image size-full\"><img data-recalc-dims=\"1\" loading=\"lazy\" decoding=\"async\" width=\"705\" height=\"215\" src=\"https:\/\/i0.wp.com\/sitios.iztacala.unam.mx\/idiomas\/wp-content\/uploads\/sites\/26\/2024\/02\/pinscr_ext_005.png?resize=705%2C215&#038;ssl=1\" alt=\"\" class=\"wp-image-260\" srcset=\"https:\/\/i0.wp.com\/sitios.iztacala.unam.mx\/idiomas\/wp-content\/uploads\/sites\/26\/2024\/02\/pinscr_ext_005.png?w=705&amp;ssl=1 705w, https:\/\/i0.wp.com\/sitios.iztacala.unam.mx\/idiomas\/wp-content\/uploads\/sites\/26\/2024\/02\/pinscr_ext_005.png?resize=300%2C91&amp;ssl=1 300w\" sizes=\"auto, (max-width: 705px) 100vw, 705px\" \/><\/figure>\n\n\n\n<p><a href=\"http:\/\/antares.iztacala.unam.mx\/idiomas\/wp-content\/uploads\/2014\/08\/pinscr_unamop_004.png\"><\/a><\/p>\n\n\n\n<p>7.- Podr\u00e1s seleccionar la opci\u00f3n para pagar en las cajas de la Facultad o para pagar a trav\u00e9s de BBVA. El sistema te generara un archivo PDF con la informaci\u00f3n para realizar tu pago, que DEBER\u00c1S REALIZAR DENTRO DE LAS 24 HORAS siguientes.<\/p>\n\n\n\n<p>En caso de que sea PAGO DE EXAMEN DE COLOCACI\u00d3N s\u00f3lo tendr\u00e1s hasta el siguiente d\u00eda a las 14:00 para subir tu ficha de dep\u00f3sito.<\/p>\n\n\n\n<figure class=\"wp-block-image size-full\"><img data-recalc-dims=\"1\" loading=\"lazy\" decoding=\"async\" width=\"572\" height=\"361\" src=\"https:\/\/i0.wp.com\/sitios.iztacala.unam.mx\/idiomas\/wp-content\/uploads\/sites\/26\/2024\/02\/pinscr_ext_006.png?resize=572%2C361&#038;ssl=1\" alt=\"\" class=\"wp-image-261\" srcset=\"https:\/\/i0.wp.com\/sitios.iztacala.unam.mx\/idiomas\/wp-content\/uploads\/sites\/26\/2024\/02\/pinscr_ext_006.png?w=572&amp;ssl=1 572w, https:\/\/i0.wp.com\/sitios.iztacala.unam.mx\/idiomas\/wp-content\/uploads\/sites\/26\/2024\/02\/pinscr_ext_006.png?resize=300%2C189&amp;ssl=1 300w\" sizes=\"auto, (max-width: 572px) 100vw, 572px\" \/><\/figure>\n\n\n<div class=\"gb-container gb-container-28276652\">\n\n<figure class=\"wp-block-image size-full\"><img data-recalc-dims=\"1\" loading=\"lazy\" decoding=\"async\" width=\"573\" height=\"357\" src=\"https:\/\/i0.wp.com\/sitios.iztacala.unam.mx\/idiomas\/wp-content\/uploads\/sites\/26\/2024\/02\/pinscr_ext_007.png?resize=573%2C357&#038;ssl=1\" alt=\"\" class=\"wp-image-262\" srcset=\"https:\/\/i0.wp.com\/sitios.iztacala.unam.mx\/idiomas\/wp-content\/uploads\/sites\/26\/2024\/02\/pinscr_ext_007.png?w=573&amp;ssl=1 573w, https:\/\/i0.wp.com\/sitios.iztacala.unam.mx\/idiomas\/wp-content\/uploads\/sites\/26\/2024\/02\/pinscr_ext_007.png?resize=300%2C187&amp;ssl=1 300w\" sizes=\"auto, (max-width: 573px) 100vw, 573px\" \/><\/figure>\n\n\n\n<p>8.- Una vez que REALIZASTE EL PAGO, accede nuevamente al SICEI (Sistema Escolar de Idiomas), da clic en \u201cenv\u00edo comprobante\u201d.<\/p>\n\n<\/div>\n\n\n<figure class=\"wp-block-image size-full\"><img data-recalc-dims=\"1\" loading=\"lazy\" decoding=\"async\" width=\"664\" height=\"113\" src=\"https:\/\/i0.wp.com\/sitios.iztacala.unam.mx\/idiomas\/wp-content\/uploads\/sites\/26\/2024\/02\/pinscr_ext_008.jpg?resize=664%2C113&#038;ssl=1\" alt=\"\" class=\"wp-image-263\" srcset=\"https:\/\/i0.wp.com\/sitios.iztacala.unam.mx\/idiomas\/wp-content\/uploads\/sites\/26\/2024\/02\/pinscr_ext_008.jpg?w=664&amp;ssl=1 664w, https:\/\/i0.wp.com\/sitios.iztacala.unam.mx\/idiomas\/wp-content\/uploads\/sites\/26\/2024\/02\/pinscr_ext_008.jpg?resize=300%2C51&amp;ssl=1 300w\" sizes=\"auto, (max-width: 664px) 100vw, 664px\" \/><\/figure>\n\n\n\n<p><a href=\"http:\/\/antares.iztacala.unam.mx\/idiomas\/wp-content\/uploads\/2014\/08\/pinscr_unamop_007.jpg\"><\/a><\/p>\n\n\n\n<p>9.- ANOTA TU NOMBRE EN LA FICHA DE DEP\u00d3SITO, escan\u00e9ala&nbsp; y adjunta la imagen dando clic sobre \u201cenv\u00edo comprobante\u201d. Debes anotar la Gu\u00eda CIE seg\u00fan se muestra en la imagen.<\/p>\n\n\n\n<figure class=\"wp-block-image size-full is-resized\"><img data-recalc-dims=\"1\" loading=\"lazy\" decoding=\"async\" width=\"854\" height=\"369\" src=\"https:\/\/i0.wp.com\/sitios.iztacala.unam.mx\/idiomas\/wp-content\/uploads\/sites\/26\/2024\/02\/pinscr_ext_009.jpg?resize=854%2C369&#038;ssl=1\" alt=\"\" class=\"wp-image-264\" style=\"width:664px;height:auto\" srcset=\"https:\/\/i0.wp.com\/sitios.iztacala.unam.mx\/idiomas\/wp-content\/uploads\/sites\/26\/2024\/02\/pinscr_ext_009.jpg?w=854&amp;ssl=1 854w, https:\/\/i0.wp.com\/sitios.iztacala.unam.mx\/idiomas\/wp-content\/uploads\/sites\/26\/2024\/02\/pinscr_ext_009.jpg?resize=300%2C130&amp;ssl=1 300w, https:\/\/i0.wp.com\/sitios.iztacala.unam.mx\/idiomas\/wp-content\/uploads\/sites\/26\/2024\/02\/pinscr_ext_009.jpg?resize=768%2C332&amp;ssl=1 768w\" sizes=\"auto, (max-width: 854px) 100vw, 854px\" \/><\/figure>\n\n\n\n<p><a href=\"http:\/\/antares.iztacala.unam.mx\/idiomas\/wp-content\/uploads\/2014\/08\/pinscr_unamop_008.jpg\"><\/a><\/p>\n\n\n\n<p>10.- Una vez que adjuntas la imagen de tu pago el sistema te generar\u00e1 un archivo PDF como COMPROBANTE DE INSCRIPCI\u00d3N.<\/p>\n\n\n\n<figure class=\"wp-block-image size-full\"><img data-recalc-dims=\"1\" loading=\"lazy\" decoding=\"async\" width=\"492\" height=\"296\" src=\"https:\/\/i0.wp.com\/sitios.iztacala.unam.mx\/idiomas\/wp-content\/uploads\/sites\/26\/2024\/02\/pinscr_ext_010.jpg?resize=492%2C296&#038;ssl=1\" alt=\"\" class=\"wp-image-265\" srcset=\"https:\/\/i0.wp.com\/sitios.iztacala.unam.mx\/idiomas\/wp-content\/uploads\/sites\/26\/2024\/02\/pinscr_ext_010.jpg?w=492&amp;ssl=1 492w, https:\/\/i0.wp.com\/sitios.iztacala.unam.mx\/idiomas\/wp-content\/uploads\/sites\/26\/2024\/02\/pinscr_ext_010.jpg?resize=300%2C180&amp;ssl=1 300w\" sizes=\"auto, (max-width: 492px) 100vw, 492px\" \/><\/figure>\n\n\n\n<p><a href=\"http:\/\/antares.iztacala.unam.mx\/idiomas\/wp-content\/uploads\/2014\/08\/pinscr_unamop_009.jpg\"><\/a><\/p>\n\n\n\n<figure class=\"wp-block-image size-full is-resized\"><img data-recalc-dims=\"1\" loading=\"lazy\" decoding=\"async\" width=\"803\" height=\"850\" src=\"https:\/\/i0.wp.com\/sitios.iztacala.unam.mx\/idiomas\/wp-content\/uploads\/sites\/26\/2024\/02\/pinscr_ext_011.jpg?resize=803%2C850&#038;ssl=1\" alt=\"\" class=\"wp-image-266\" style=\"width:498px;height:auto\" srcset=\"https:\/\/i0.wp.com\/sitios.iztacala.unam.mx\/idiomas\/wp-content\/uploads\/sites\/26\/2024\/02\/pinscr_ext_011.jpg?w=803&amp;ssl=1 803w, https:\/\/i0.wp.com\/sitios.iztacala.unam.mx\/idiomas\/wp-content\/uploads\/sites\/26\/2024\/02\/pinscr_ext_011.jpg?resize=283%2C300&amp;ssl=1 283w, https:\/\/i0.wp.com\/sitios.iztacala.unam.mx\/idiomas\/wp-content\/uploads\/sites\/26\/2024\/02\/pinscr_ext_011.jpg?resize=768%2C813&amp;ssl=1 768w\" sizes=\"auto, (max-width: 803px) 100vw, 803px\" \/><\/figure>\n\n\n\n<p><a href=\"http:\/\/antares.iztacala.unam.mx\/idiomas\/wp-content\/uploads\/2014\/08\/pinscr_unamop_010.png\"><\/a><\/p>\n\n\n\n<p>11.- Para los cursos presenciales, el PRIMER D\u00cdA DE CLASES deber\u00e1s presentar:<\/p>\n\n\n\n<ul class=\"wp-block-list\">\n<li>Comprobante de Inscripci\u00f3n impreso.<\/li>\n\n\n\n<li>Comprobante de pago.<\/li>\n\n\n\n<li>Tira de materias vigente.<\/li>\n<\/ul>\n\n\n\n<p>12.- Para examen, el&nbsp;&nbsp;<strong>D\u00cdA DEL EXAMEN<\/strong>&nbsp;deber\u00e1s presentar:<\/p>\n\n\n\n<ul class=\"wp-block-list\">\n<li>Comprobante de Inscripci\u00f3n impreso.<\/li>\n\n\n\n<li>Ficha de dep\u00f3sito original o ficha de pago de caja.<\/li>\n\n\n\n<li>Presentar INE, pasaporte o credencial de alumno original.<\/li>\n<\/ul>\n\n\n\n<p><strong>Importante:<\/strong>&nbsp;Si no presentas todos los documentos indicados no se te permitir\u00e1 el acceso al sal\u00f3n<\/p>\n","protected":false},"excerpt":{"rendered":"<p>PROCEDIMIENTO DE INSCRIPCI\u00d3NPARA ALUMNOS\u00a0Y EXALUMNOS UNAM DE OTROS PLANTELES 1.- Considera que si ya has tomado alg\u00fan curso o examen en Idiomas Iztacala, tu NUMERO DE CUENTA UNAM YA ESTA REGISTRADO, util\u00edzalo como usuario y contrase\u00f1a, si cambiaste la contrase\u00f1a y la olvidaste, utiliza la opci\u00f3n \u201crecuperar contrase\u00f1a\u201d. 2.- Si es tu primera vez en &#8230; <a title=\"Inscripciones UNAM otros planteles\" class=\"read-more\" href=\"https:\/\/sitios.iztacala.unam.mx\/idiomas\/inscripciones-unam\/\" aria-label=\"Leer m\u00e1s sobre Inscripciones UNAM otros planteles\">Read more<\/a><\/p>\n","protected":false},"author":27,"featured_media":0,"parent":0,"menu_order":0,"comment_status":"closed","ping_status":"closed","template":"","meta":{"footnotes":""},"class_list":["post-315","page","type-page","status-publish"],"jetpack_sharing_enabled":true,"_links":{"self":[{"href":"https:\/\/sitios.iztacala.unam.mx\/idiomas\/wp-json\/wp\/v2\/pages\/315","targetHints":{"allow":["GET"]}}],"collection":[{"href":"https:\/\/sitios.iztacala.unam.mx\/idiomas\/wp-json\/wp\/v2\/pages"}],"about":[{"href":"https:\/\/sitios.iztacala.unam.mx\/idiomas\/wp-json\/wp\/v2\/types\/page"}],"author":[{"embeddable":true,"href":"https:\/\/sitios.iztacala.unam.mx\/idiomas\/wp-json\/wp\/v2\/users\/27"}],"replies":[{"embeddable":true,"href":"https:\/\/sitios.iztacala.unam.mx\/idiomas\/wp-json\/wp\/v2\/comments?post=315"}],"version-history":[{"count":4,"href":"https:\/\/sitios.iztacala.unam.mx\/idiomas\/wp-json\/wp\/v2\/pages\/315\/revisions"}],"predecessor-version":[{"id":323,"href":"https:\/\/sitios.iztacala.unam.mx\/idiomas\/wp-json\/wp\/v2\/pages\/315\/revisions\/323"}],"wp:attachment":[{"href":"https:\/\/sitios.iztacala.unam.mx\/idiomas\/wp-json\/wp\/v2\/media?parent=315"}],"curies":[{"name":"wp","href":"https:\/\/api.w.org\/{rel}","templated":true}]}}