{"id":255,"date":"2024-02-12T18:48:27","date_gmt":"2024-02-12T18:48:27","guid":{"rendered":"https:\/\/sitios.iztacala.unam.mx\/idiomas\/?page_id=255"},"modified":"2025-10-01T00:22:54","modified_gmt":"2025-10-01T00:22:54","slug":"inscripcion-externos","status":"publish","type":"page","link":"https:\/\/sitios.iztacala.unam.mx\/idiomas\/inscripcion-externos\/","title":{"rendered":"Inscripciones para externos"},"content":{"rendered":"\n<p class=\"has-accent-color has-text-color has-link-color wp-elements-096391d73ae4edead50326ec7abcd48f\"><strong>PROCEDIMIENTO DE INSCRIPCI\u00d3N PARA ALUMNOS EXTERNOS<\/strong><\/p>\n\n\n\n<p><strong>1.- Considera que si ya has tomado alg\u00fan curso o examen en Idiomas Iztacala, YA TIENES UN NUMERO DE CUENTA asignado, solic\u00edtalo por WhatsApp (55 3068-8811) o v\u00eda telef\u00f3nica (55 5623-1162) o acude a las oficinas de idiomas.<\/strong><\/p>\n\n\n\n<p><strong>2.- Si es tu primera vez en Idiomas Iztacala, primero debes REGISTRAR TUS DATOS PERSONALES (debes tener a la mano tu CURP) en la p\u00e1gina:<\/strong><\/p>\n\n\n\n<p style=\"text-decoration:underline\"><a href=\"http:\/\/sicei.iztacala.unam.mx\/idiomas_adm\/index.php\/php\/alta_alumnos_externos\" target=\"_blank\" rel=\"noreferrer noopener\"><em>http:\/\/sicei.iztacala.unam.mx\/idiomas_adm\/index.php\/php\/alta_alumnos_externos<\/em><\/a><\/p>\n\n\n\n<figure class=\"wp-block-image size-full\"><img data-recalc-dims=\"1\" loading=\"lazy\" decoding=\"async\" width=\"673\" height=\"325\" src=\"https:\/\/i0.wp.com\/sitios.iztacala.unam.mx\/idiomas\/wp-content\/uploads\/sites\/26\/2024\/02\/pinscr_ext_001.png?resize=673%2C325&#038;ssl=1\" alt=\"\" class=\"wp-image-256\" srcset=\"https:\/\/i0.wp.com\/sitios.iztacala.unam.mx\/idiomas\/wp-content\/uploads\/sites\/26\/2024\/02\/pinscr_ext_001.png?w=673&amp;ssl=1 673w, https:\/\/i0.wp.com\/sitios.iztacala.unam.mx\/idiomas\/wp-content\/uploads\/sites\/26\/2024\/02\/pinscr_ext_001.png?resize=300%2C145&amp;ssl=1 300w\" sizes=\"auto, (max-width: 673px) 100vw, 673px\" \/><\/figure>\n\n\n\n<p><strong>3.- Una vez que te registres, EL SISTEMA TE ASIGNAR\u00c1 UN N\u00daMERO DE CUENTA que te servir\u00e1 de usuario y contrase\u00f1a para realizar la inscripci\u00f3n.<\/strong><\/p>\n\n\n\n<figure class=\"wp-block-image size-full\"><img data-recalc-dims=\"1\" loading=\"lazy\" decoding=\"async\" width=\"673\" height=\"344\" src=\"https:\/\/i0.wp.com\/sitios.iztacala.unam.mx\/idiomas\/wp-content\/uploads\/sites\/26\/2024\/02\/pinscr_ext_002.png?resize=673%2C344&#038;ssl=1\" alt=\"\" class=\"wp-image-257\" srcset=\"https:\/\/i0.wp.com\/sitios.iztacala.unam.mx\/idiomas\/wp-content\/uploads\/sites\/26\/2024\/02\/pinscr_ext_002.png?w=673&amp;ssl=1 673w, https:\/\/i0.wp.com\/sitios.iztacala.unam.mx\/idiomas\/wp-content\/uploads\/sites\/26\/2024\/02\/pinscr_ext_002.png?resize=300%2C153&amp;ssl=1 300w\" sizes=\"auto, (max-width: 673px) 100vw, 673px\" \/><\/figure>\n\n\n\n<p><strong>4.- Ya que se te ha asignado un n\u00famero de cuenta, debes acceder a la p\u00e1gina <a href=\"http:\/\/sicei.iztacala.unam.mx\/idiomas_adm\/index.php\/php\/login\" target=\"_blank\" rel=\"noreferrer noopener\">http:\/\/sicei.iztacala.unam.mx\/idiomas_adm\/index.php\/php\/login<\/a>.<\/strong><\/p>\n\n\n\n<p>\u25ba Para cursos de Plan Global (Ingl\u00e9s, franc\u00e9s o alem\u00e1n) por niveles selecciona Tipo de Curso \u201cPlan Global\u201d.<br>\u25ba Para Examen de colocaci\u00f3n selecciona Tipo de curso \u201cColocaci\u00f3n\u201d.<br>\u25ba Para los Cursos de Conversaci\u00f3n selecciona Tipo de curso \u201cConversaci\u00f3n\u201d.<br>\u25ba Para los cursos de Comprensi\u00f3n de Lectura selecciona Tipo de curso \u201cComprensi\u00f3n Lectura\u201d.<br>\u25ba Para los Cursos de comprensi\u00f3n de lectura Cuatrimestral selecciona Tipo de curso \u201cCursos SUA CL\u201d.<br>\u25ba Para los Examen de Acreditaci\u00f3n selecciona Tipo de curso \u201cExamen de Acreditaci\u00f3n\u201d.<\/p>\n\n\n\n<figure class=\"wp-block-image size-full\"><img data-recalc-dims=\"1\" loading=\"lazy\" decoding=\"async\" width=\"355\" height=\"226\" src=\"https:\/\/i0.wp.com\/sitios.iztacala.unam.mx\/idiomas\/wp-content\/uploads\/sites\/26\/2024\/02\/pinscr_fesi_001.png?resize=355%2C226&#038;ssl=1\" alt=\"\" class=\"wp-image-258\" srcset=\"https:\/\/i0.wp.com\/sitios.iztacala.unam.mx\/idiomas\/wp-content\/uploads\/sites\/26\/2024\/02\/pinscr_fesi_001.png?w=355&amp;ssl=1 355w, https:\/\/i0.wp.com\/sitios.iztacala.unam.mx\/idiomas\/wp-content\/uploads\/sites\/26\/2024\/02\/pinscr_fesi_001.png?resize=300%2C191&amp;ssl=1 300w\" sizes=\"auto, (max-width: 355px) 100vw, 355px\" \/><\/figure>\n\n\n\n<p><strong>5.- Utiliza tu N\u00daMERO DE CUENTA COMO USUARIO Y CONTRASE\u00d1A.<\/strong><\/p>\n\n\n\n<p><strong>6.- Una vez que has ingresado, debes dar clic en la opci\u00f3n de \u201cinscripci\u00f3n\u201d.<\/strong><\/p>\n\n\n\n<figure class=\"wp-block-image size-full\"><img data-recalc-dims=\"1\" loading=\"lazy\" decoding=\"async\" width=\"556\" height=\"210\" src=\"https:\/\/i0.wp.com\/sitios.iztacala.unam.mx\/idiomas\/wp-content\/uploads\/sites\/26\/2024\/02\/pinscr_ext_004.png?resize=556%2C210&#038;ssl=1\" alt=\"\" class=\"wp-image-259\" srcset=\"https:\/\/i0.wp.com\/sitios.iztacala.unam.mx\/idiomas\/wp-content\/uploads\/sites\/26\/2024\/02\/pinscr_ext_004.png?w=556&amp;ssl=1 556w, https:\/\/i0.wp.com\/sitios.iztacala.unam.mx\/idiomas\/wp-content\/uploads\/sites\/26\/2024\/02\/pinscr_ext_004.png?resize=300%2C113&amp;ssl=1 300w\" sizes=\"auto, (max-width: 556px) 100vw, 556px\" \/><\/figure>\n\n\n\n<p><strong>7.- Selecciona el idioma y el horario de tu preferencia y da clic en \u201crealizar inscripci\u00f3n\u201d.<\/strong><\/p>\n\n\n\n<figure class=\"wp-block-image size-full\"><img data-recalc-dims=\"1\" loading=\"lazy\" decoding=\"async\" width=\"705\" height=\"215\" src=\"https:\/\/i0.wp.com\/sitios.iztacala.unam.mx\/idiomas\/wp-content\/uploads\/sites\/26\/2024\/02\/pinscr_ext_005.png?resize=705%2C215&#038;ssl=1\" alt=\"\" class=\"wp-image-260\" srcset=\"https:\/\/i0.wp.com\/sitios.iztacala.unam.mx\/idiomas\/wp-content\/uploads\/sites\/26\/2024\/02\/pinscr_ext_005.png?w=705&amp;ssl=1 705w, https:\/\/i0.wp.com\/sitios.iztacala.unam.mx\/idiomas\/wp-content\/uploads\/sites\/26\/2024\/02\/pinscr_ext_005.png?resize=300%2C91&amp;ssl=1 300w\" sizes=\"auto, (max-width: 705px) 100vw, 705px\" \/><\/figure>\n\n\n\n<p><strong>8.- Podr\u00e1s seleccionar la opci\u00f3n para pagar en las cajas de la Facultad o para pagar a trav\u00e9s de BBVA. El sistema te generara un archivo PDF con la informaci\u00f3n para realizar tu pago, que DEBER\u00c1S REALIZAR DENTRO DE LAS 24 HORAS siguientes.<\/strong><\/p>\n\n\n\n<p>En caso de que sea PAGO DE EXAMEN DE COLOCACI\u00d3N s\u00f3lo tendr\u00e1s hasta el siguiente d\u00eda a las 14:00 horas para subir tu ficha de dep\u00f3sito.<\/p>\n\n\n\n<figure class=\"wp-block-image size-full\"><img data-recalc-dims=\"1\" loading=\"lazy\" decoding=\"async\" width=\"572\" height=\"361\" src=\"https:\/\/i0.wp.com\/sitios.iztacala.unam.mx\/idiomas\/wp-content\/uploads\/sites\/26\/2024\/02\/pinscr_ext_006.png?resize=572%2C361&#038;ssl=1\" alt=\"\" class=\"wp-image-261\" srcset=\"https:\/\/i0.wp.com\/sitios.iztacala.unam.mx\/idiomas\/wp-content\/uploads\/sites\/26\/2024\/02\/pinscr_ext_006.png?w=572&amp;ssl=1 572w, https:\/\/i0.wp.com\/sitios.iztacala.unam.mx\/idiomas\/wp-content\/uploads\/sites\/26\/2024\/02\/pinscr_ext_006.png?resize=300%2C189&amp;ssl=1 300w\" sizes=\"auto, (max-width: 572px) 100vw, 572px\" \/><\/figure>\n\n\n\n<figure class=\"wp-block-image size-full\"><img data-recalc-dims=\"1\" loading=\"lazy\" decoding=\"async\" width=\"573\" height=\"357\" src=\"https:\/\/i0.wp.com\/sitios.iztacala.unam.mx\/idiomas\/wp-content\/uploads\/sites\/26\/2024\/02\/pinscr_ext_007.png?resize=573%2C357&#038;ssl=1\" alt=\"\" class=\"wp-image-262\" srcset=\"https:\/\/i0.wp.com\/sitios.iztacala.unam.mx\/idiomas\/wp-content\/uploads\/sites\/26\/2024\/02\/pinscr_ext_007.png?w=573&amp;ssl=1 573w, https:\/\/i0.wp.com\/sitios.iztacala.unam.mx\/idiomas\/wp-content\/uploads\/sites\/26\/2024\/02\/pinscr_ext_007.png?resize=300%2C187&amp;ssl=1 300w\" sizes=\"auto, (max-width: 573px) 100vw, 573px\" \/><\/figure>\n\n\n\n<p><strong>9.- Una vez que REALIZASTE EL PAGO, accede nuevamente al SICEI (Sistema Escolar de Idiomas), da clic en \u201cenv\u00edo comprobante\u201d.<\/strong><\/p>\n\n\n\n<figure class=\"wp-block-image size-full\"><img data-recalc-dims=\"1\" loading=\"lazy\" decoding=\"async\" width=\"664\" height=\"113\" src=\"https:\/\/i0.wp.com\/sitios.iztacala.unam.mx\/idiomas\/wp-content\/uploads\/sites\/26\/2024\/02\/pinscr_ext_008.jpg?resize=664%2C113&#038;ssl=1\" alt=\"\" class=\"wp-image-263\" srcset=\"https:\/\/i0.wp.com\/sitios.iztacala.unam.mx\/idiomas\/wp-content\/uploads\/sites\/26\/2024\/02\/pinscr_ext_008.jpg?w=664&amp;ssl=1 664w, https:\/\/i0.wp.com\/sitios.iztacala.unam.mx\/idiomas\/wp-content\/uploads\/sites\/26\/2024\/02\/pinscr_ext_008.jpg?resize=300%2C51&amp;ssl=1 300w\" sizes=\"auto, (max-width: 664px) 100vw, 664px\" \/><\/figure>\n\n\n\n<p><strong>10.- ANOTA TU NOMBRE EN LA FICHA DE DEP\u00d3SITO, escan\u00e9ala y adjunta la imagen dando clic sobre \u201cenv\u00edo comprobante\u201d. Debes anotar la Gu\u00eda CIE seg\u00fan se muestra en la imagen.<\/strong><\/p>\n\n\n\n<figure class=\"wp-block-image size-full\"><img data-recalc-dims=\"1\" loading=\"lazy\" decoding=\"async\" width=\"854\" height=\"369\" src=\"https:\/\/i0.wp.com\/sitios.iztacala.unam.mx\/idiomas\/wp-content\/uploads\/sites\/26\/2024\/02\/pinscr_ext_009.jpg?resize=854%2C369&#038;ssl=1\" alt=\"\" class=\"wp-image-264\" srcset=\"https:\/\/i0.wp.com\/sitios.iztacala.unam.mx\/idiomas\/wp-content\/uploads\/sites\/26\/2024\/02\/pinscr_ext_009.jpg?w=854&amp;ssl=1 854w, https:\/\/i0.wp.com\/sitios.iztacala.unam.mx\/idiomas\/wp-content\/uploads\/sites\/26\/2024\/02\/pinscr_ext_009.jpg?resize=300%2C130&amp;ssl=1 300w, https:\/\/i0.wp.com\/sitios.iztacala.unam.mx\/idiomas\/wp-content\/uploads\/sites\/26\/2024\/02\/pinscr_ext_009.jpg?resize=768%2C332&amp;ssl=1 768w\" sizes=\"auto, (max-width: 854px) 100vw, 854px\" \/><\/figure>\n\n\n\n<p><strong>11.- Una vez que adjuntas la imagen de tu pago el sistema te generar\u00e1 un archivo PDF como COMPROBANTE DE INSCRIPCI\u00d3N.<\/strong><\/p>\n\n\n\n<figure class=\"wp-block-image size-full\"><img data-recalc-dims=\"1\" loading=\"lazy\" decoding=\"async\" width=\"492\" height=\"296\" src=\"https:\/\/i0.wp.com\/sitios.iztacala.unam.mx\/idiomas\/wp-content\/uploads\/sites\/26\/2024\/02\/pinscr_ext_010.jpg?resize=492%2C296&#038;ssl=1\" alt=\"\" class=\"wp-image-265\" srcset=\"https:\/\/i0.wp.com\/sitios.iztacala.unam.mx\/idiomas\/wp-content\/uploads\/sites\/26\/2024\/02\/pinscr_ext_010.jpg?w=492&amp;ssl=1 492w, https:\/\/i0.wp.com\/sitios.iztacala.unam.mx\/idiomas\/wp-content\/uploads\/sites\/26\/2024\/02\/pinscr_ext_010.jpg?resize=300%2C180&amp;ssl=1 300w\" sizes=\"auto, (max-width: 492px) 100vw, 492px\" \/><\/figure>\n\n\n\n<figure class=\"wp-block-image size-full is-resized\"><img data-recalc-dims=\"1\" loading=\"lazy\" decoding=\"async\" width=\"803\" height=\"850\" src=\"https:\/\/i0.wp.com\/sitios.iztacala.unam.mx\/idiomas\/wp-content\/uploads\/sites\/26\/2024\/02\/pinscr_ext_011.jpg?resize=803%2C850&#038;ssl=1\" alt=\"\" class=\"wp-image-266\" style=\"width:487px;height:auto\" srcset=\"https:\/\/i0.wp.com\/sitios.iztacala.unam.mx\/idiomas\/wp-content\/uploads\/sites\/26\/2024\/02\/pinscr_ext_011.jpg?w=803&amp;ssl=1 803w, https:\/\/i0.wp.com\/sitios.iztacala.unam.mx\/idiomas\/wp-content\/uploads\/sites\/26\/2024\/02\/pinscr_ext_011.jpg?resize=283%2C300&amp;ssl=1 283w, https:\/\/i0.wp.com\/sitios.iztacala.unam.mx\/idiomas\/wp-content\/uploads\/sites\/26\/2024\/02\/pinscr_ext_011.jpg?resize=768%2C813&amp;ssl=1 768w\" sizes=\"auto, (max-width: 803px) 100vw, 803px\" \/><\/figure>\n\n\n\n<p><strong>12.- Para los cursos, el PRIMER D\u00cdA DE CLASES PRESENCIALES deber\u00e1s presentar:<\/strong><\/p>\n\n\n\n<p>1. Comprobante de Inscripci\u00f3n impreso<br>2. Comprobante de pago (ficha de dep\u00f3sito o de pago de caja)<\/p>\n\n\n\n<p><br><strong>13.- Para examen, el D\u00cdA DEL EXAMEN DE ACREDITACI\u00d3N deber\u00e1s presentar:<\/strong><\/p>\n\n\n\n<p>1. Comprobante de Inscripci\u00f3n impreso.<br>2. Ficha de dep\u00f3sito original o ficha de pago de caja.<br>3. Presentar INE, pasaporte o identificaci\u00f3n oficial con fotograf\u00eda original.<br>Importante: Si no presentas todos los documentos indicados no se te permitir\u00e1 el acceso al sal\u00f3n.<\/p>\n","protected":false},"excerpt":{"rendered":"<p>PROCEDIMIENTO DE INSCRIPCI\u00d3N PARA ALUMNOS EXTERNOS 1.- Considera que si ya has tomado alg\u00fan curso o examen en Idiomas Iztacala, YA TIENES UN NUMERO DE CUENTA asignado, solic\u00edtalo por WhatsApp (55 3068-8811) o v\u00eda telef\u00f3nica (55 5623-1162) o acude a las oficinas de idiomas. 2.- Si es tu primera vez en Idiomas Iztacala, primero debes &#8230; <a title=\"Inscripciones para externos\" class=\"read-more\" href=\"https:\/\/sitios.iztacala.unam.mx\/idiomas\/inscripcion-externos\/\" aria-label=\"Leer m\u00e1s sobre Inscripciones para externos\">Read more<\/a><\/p>\n","protected":false},"author":27,"featured_media":0,"parent":0,"menu_order":0,"comment_status":"closed","ping_status":"closed","template":"","meta":{"footnotes":""},"class_list":["post-255","page","type-page","status-publish"],"jetpack_sharing_enabled":true,"_links":{"self":[{"href":"https:\/\/sitios.iztacala.unam.mx\/idiomas\/wp-json\/wp\/v2\/pages\/255","targetHints":{"allow":["GET"]}}],"collection":[{"href":"https:\/\/sitios.iztacala.unam.mx\/idiomas\/wp-json\/wp\/v2\/pages"}],"about":[{"href":"https:\/\/sitios.iztacala.unam.mx\/idiomas\/wp-json\/wp\/v2\/types\/page"}],"author":[{"embeddable":true,"href":"https:\/\/sitios.iztacala.unam.mx\/idiomas\/wp-json\/wp\/v2\/users\/27"}],"replies":[{"embeddable":true,"href":"https:\/\/sitios.iztacala.unam.mx\/idiomas\/wp-json\/wp\/v2\/comments?post=255"}],"version-history":[{"count":3,"href":"https:\/\/sitios.iztacala.unam.mx\/idiomas\/wp-json\/wp\/v2\/pages\/255\/revisions"}],"predecessor-version":[{"id":1302,"href":"https:\/\/sitios.iztacala.unam.mx\/idiomas\/wp-json\/wp\/v2\/pages\/255\/revisions\/1302"}],"wp:attachment":[{"href":"https:\/\/sitios.iztacala.unam.mx\/idiomas\/wp-json\/wp\/v2\/media?parent=255"}],"curies":[{"name":"wp","href":"https:\/\/api.w.org\/{rel}","templated":true}]}}