{"id":2,"date":"2024-02-02T19:51:58","date_gmt":"2024-02-02T19:51:58","guid":{"rendered":"https:\/\/sitios.iztacala.unam.mx\/idiomas\/?page_id=2"},"modified":"2025-04-07T17:35:53","modified_gmt":"2025-04-07T17:35:53","slug":"plan-global","status":"publish","type":"page","link":"https:\/\/sitios.iztacala.unam.mx\/idiomas\/plan-global\/","title":{"rendered":"Cursos de Plan Global"},"content":{"rendered":"\n<h5 class=\"wp-block-heading has-accent-color has-text-color has-link-color has-large-font-size wp-elements-a0c34b0aeba0a3f20531b699d1381e6c\"><strong>Generalidades<\/strong><\/h5>\n\n\n\n<p>Plan Global es un curso por niveles dise\u00f1ado para dominar el idioma al desarrollar de manera simult\u00e1nea la comprensi\u00f3n auditiva y de lectura, as\u00ed como la producci\u00f3n oral y escrita. As\u00ed mismo los alumnos aprenden gram\u00e1tica para lograr precisi\u00f3n en la ejecuci\u00f3n de las habiliades mencionadas. Este curso se recomienda a quienes no tienen conocimientos del idioma y deseen aprenderlo desde cero.<\/p>\n\n\n\n<p>El curso incluye sesiones de video y de mediateca, que son parte de los programas para reforzar la pr\u00e1ctica. Adicionalmente se puede tomar el curso de conversaci\u00f3n, al cual se puede ingresar una vez terminado el nivel b\u00e1sico, en el cual se corrige la pronunciaci\u00f3n, se adquiere vocabulario y se ayuda al alumno a mejorar su fluidez y pronunciaci\u00f3n.<\/p>\n\n\n\n<p>Los cursos de Plan Global de Ingl\u00e9s y Franc\u00e9s los puede tomar alumnos de la FES Iztacala, alumnos de la UNAM y la comunidad externa.&nbsp;Los cursos tienen una duraci\u00f3n de 15 bimestres distribuidos de la siguiente manera:<\/p>\n\n\n\n<figure class=\"wp-block-table\"><table><tbody><tr><td>&nbsp;NIVELES<\/td><td>INGL\u00c9S<\/td><td>FRANC\u00c9S<\/td><\/tr><tr><td>B\u00c1SICO<\/td><td>6 Bimestres<\/td><td>5 Bimestres<\/td><\/tr><tr><td>INTERMEDIO<\/td><td>6 Bimestres<\/td><td>5 Bimestres<\/td><\/tr><tr><td>AVANZADO<\/td><td>3 Bimestres<\/td><td>5 Bimestres<\/td><\/tr><\/tbody><\/table><\/figure>\n\n\n\n<p class=\"has-accent-color has-text-color has-link-color has-large-font-size wp-elements-b9c0d8da994bd9de646cac91fb14a273\"><strong>Modalidades de Plan global<\/strong><\/p>\n\n\n\n<ul class=\"wp-block-list\">\n<li><a href=\"https:\/\/sitios.iztacala.unam.mx\/idiomas\/pg-presencial\/\">Presencial Sabatino<\/a><\/li>\n\n\n\n<li><a href=\"https:\/\/sitios.iztacala.unam.mx\/idiomas\/pg-semipresencial\/\">Semipresencial Semanal<\/a><\/li>\n\n\n\n<li><a href=\"https:\/\/sitios.iztacala.unam.mx\/idiomas\/pg-online\/\">En l\u00ednea Semanal o Sabatino<\/a><\/li>\n\n\n\n<li><a href=\"https:\/\/sitios.iztacala.unam.mx\/idiomas\/pg-frances\/\">Plan Global Franc\u00e9s<\/a><\/li>\n<\/ul>\n\n\n\n<p><strong>\u00bfPlan Global me sirve para liberar el requisito de la carrera?<\/strong><\/p>\n\n\n\n<p>Si te sirve para acreditar el requisito. Para aprobar cada nivel&nbsp;es necesario tener calificaci\u00f3n aprobatoria en todos los ex\u00e1menes de cada habilidad.<\/p>\n\n\n\n<p><strong>Para liberar ingl\u00e9s:<\/strong><\/p>\n\n\n\n<ul class=\"wp-block-list\">\n<li>Tomar los 3 niveles b\u00e1sicos + 1 curso de Comprensi\u00f3n de Lectura.<\/li>\n\n\n\n<li>Puedes terminar los 6 bimestres del b\u00e1sico.<\/li>\n<\/ul>\n\n\n\n<p><strong>Para liberar franc\u00e9s<\/strong>&nbsp;tienes que aprobar los 5 niveles b\u00e1sicos (s\u00f3lo para biolog\u00eda).<\/p>\n\n\n\n<h2 class=\"wp-block-heading\"><strong><em>Notas importantes:<\/em><\/strong><\/h2>\n\n\n\n<ol class=\"wp-block-list\">\n<li>Los alumnos con Beca&nbsp;<strong>AAPAUNAM<\/strong>&nbsp;y&nbsp;<strong>STUNAM<\/strong>&nbsp;deben solicitar su inscripci\u00f3n llenando el formulario que se encuentra en la siguiente p\u00e1gina:&nbsp;<a href=\"https:\/\/sitios.iztacala.unam.mx\/idiomas\/becas\/\">Alumnos FESI &#8211; Becas<\/a><\/li>\n\n\n\n<li>Los alumnos de&nbsp;<strong>POSGRADO<\/strong>&nbsp;que deseen obtener descuento deber\u00e1n solicitar que se actualice su situaci\u00f3n acad\u00e9mica enviando un correo a infoidiomas@iztacala.unam.mx adjuntando su comprobante de inscripci\u00f3n del posgrado que est\u00e1n cursando.<\/li>\n\n\n\n<li>Solo se aceptar\u00e1n alumnos de nueva inscripci\u00f3n&nbsp;<strong><em>a partir de 15 a\u00f1os de edad<\/em><\/strong>. Todos los alumnos menores de edad deber\u00e1n entregar su carta responsiva al inscribirse. <a href=\"https:\/\/sitios.iztacala.unam.mx\/idiomas\/wp-content\/uploads\/sites\/26\/2024\/03\/Carta_responsiva_menores_edad_2024.pdf\" target=\"_blank\" rel=\"noreferrer noopener\">Descarga la carta responsiva AQU\u00cd.<\/a><\/li>\n<\/ol>\n\n\n\n<p class=\"has-text-align-center\">Consulta nuestro aviso de privacidad:<br><a href=\"https:\/\/www.iztacala.unam.mx\/avisoprivacidad.php\">https:\/\/www.iztacala.unam.mx\/ap.php<\/a><\/p>\n\n\n\n<div style=\"height:100px\" aria-hidden=\"true\" class=\"wp-block-spacer\"><\/div>\n\n\n\n<hr class=\"wp-block-separator has-alpha-channel-opacity\" \/>\n\n\n<div class=\"wp-block-image\">\n<figure class=\"aligncenter size-full is-resized\"><a href=\"https:\/\/sicei.iztacala.unam.mx\/idiomas_adm\/index.php\/php\/login\" target=\"_blank\" rel=\"noreferrer noopener\"><img data-recalc-dims=\"1\" loading=\"lazy\" decoding=\"async\" width=\"500\" height=\"170\" src=\"https:\/\/i0.wp.com\/sitios.iztacala.unam.mx\/idiomas\/wp-content\/uploads\/sites\/26\/2024\/02\/SICEI_logo.png?resize=500%2C170&#038;ssl=1\" alt=\"\" class=\"wp-image-247\" style=\"width:500px;height:auto\" srcset=\"https:\/\/i0.wp.com\/sitios.iztacala.unam.mx\/idiomas\/wp-content\/uploads\/sites\/26\/2024\/02\/SICEI_logo.png?w=500&amp;ssl=1 500w, https:\/\/i0.wp.com\/sitios.iztacala.unam.mx\/idiomas\/wp-content\/uploads\/sites\/26\/2024\/02\/SICEI_logo.png?resize=300%2C102&amp;ssl=1 300w\" sizes=\"auto, (max-width: 500px) 100vw, 500px\" \/><\/a><\/figure>\n<\/div>\n\n\n<p class=\"has-text-align-center\"><a href=\"https:\/\/sitios.iztacala.unam.mx\/idiomas\/inscripcion-generales\/\"><strong>Instrucciones generales inscripci\u00f3n<\/strong><\/a><br><a href=\"https:\/\/sicei.iztacala.unam.mx\/idiomas_adm\/index.php\/php\/alta_alumnos_externos\"><strong>Registro de 1ra vez Externos<\/strong><\/a><br><strong><a href=\"https:\/\/sitios.iztacala.unam.mx\/idiomas\/inscripcion-externos\/\">Gu\u00eda inscripci\u00f3n para Externos<\/a><\/strong><br><a href=\"https:\/\/sitios.iztacala.unam.mx\/idiomas\/inscripciones-unam\/\"><strong>Gu\u00eda inscripci\u00f3n UNAM otros Planteles<\/strong><\/a><br><a href=\"https:\/\/sitios.iztacala.unam.mx\/idiomas\/inscripcion-fesi\/\"><strong>Gu\u00eda inscripci\u00f3n alumnos FESI<\/strong><\/a><br><strong><a href=\"https:\/\/sitios.iztacala.unam.mx\/idiomas\/wp-content\/uploads\/sites\/26\/2024\/02\/Pago-con-app-BBVA.pdf\" target=\"_blank\" rel=\"noreferrer noopener\">Gu\u00eda Pago APP BBVA<\/a><\/strong><\/p>\n","protected":false},"excerpt":{"rendered":"<p>Generalidades Plan Global es un curso por niveles dise\u00f1ado para dominar el idioma al desarrollar de manera simult\u00e1nea la comprensi\u00f3n auditiva y de lectura, as\u00ed como la producci\u00f3n oral y escrita. As\u00ed mismo los alumnos aprenden gram\u00e1tica para lograr precisi\u00f3n en la ejecuci\u00f3n de las habiliades mencionadas. Este curso se recomienda a quienes no tienen &#8230; <a title=\"Cursos de Plan Global\" class=\"read-more\" href=\"https:\/\/sitios.iztacala.unam.mx\/idiomas\/plan-global\/\" aria-label=\"Leer m\u00e1s sobre Cursos de Plan Global\">Read more<\/a><\/p>\n","protected":false},"author":27,"featured_media":0,"parent":0,"menu_order":0,"comment_status":"closed","ping_status":"open","template":"","meta":{"footnotes":""},"class_list":["post-2","page","type-page","status-publish"],"jetpack_sharing_enabled":true,"_links":{"self":[{"href":"https:\/\/sitios.iztacala.unam.mx\/idiomas\/wp-json\/wp\/v2\/pages\/2","targetHints":{"allow":["GET"]}}],"collection":[{"href":"https:\/\/sitios.iztacala.unam.mx\/idiomas\/wp-json\/wp\/v2\/pages"}],"about":[{"href":"https:\/\/sitios.iztacala.unam.mx\/idiomas\/wp-json\/wp\/v2\/types\/page"}],"author":[{"embeddable":true,"href":"https:\/\/sitios.iztacala.unam.mx\/idiomas\/wp-json\/wp\/v2\/users\/27"}],"replies":[{"embeddable":true,"href":"https:\/\/sitios.iztacala.unam.mx\/idiomas\/wp-json\/wp\/v2\/comments?post=2"}],"version-history":[{"count":10,"href":"https:\/\/sitios.iztacala.unam.mx\/idiomas\/wp-json\/wp\/v2\/pages\/2\/revisions"}],"predecessor-version":[{"id":1073,"href":"https:\/\/sitios.iztacala.unam.mx\/idiomas\/wp-json\/wp\/v2\/pages\/2\/revisions\/1073"}],"wp:attachment":[{"href":"https:\/\/sitios.iztacala.unam.mx\/idiomas\/wp-json\/wp\/v2\/media?parent=2"}],"curies":[{"name":"wp","href":"https:\/\/api.w.org\/{rel}","templated":true}]}}