{"id":182,"date":"2024-02-06T23:38:09","date_gmt":"2024-02-06T23:38:09","guid":{"rendered":"https:\/\/sitios.iztacala.unam.mx\/idiomas\/?page_id=182"},"modified":"2026-05-07T19:39:51","modified_gmt":"2026-05-07T19:39:51","slug":"pg-frances","status":"publish","type":"page","link":"https:\/\/sitios.iztacala.unam.mx\/idiomas\/pg-frances\/","title":{"rendered":"Plan Global Franc\u00e9s"},"content":{"rendered":"\n<h5 class=\"wp-block-heading has-accent-color has-text-color has-link-color has-large-font-size wp-elements-c9cfb2fe4a7354f306b767c8b7909304\"><strong>Informaci\u00f3n general<\/strong><\/h5>\n\n\n\n<p>En los Cursos de Plan Global de Franc\u00e9s puedes aprender de&nbsp;manera din\u00e1mica y efectiva hasta alcanzar un nivel de certificaci\u00f3n internacional. Nuestro programa de estudio y&nbsp;profesores te ayudan a desarrollar tus habilidades comunicativas desde las&nbsp;primeras clases. Iztacala te brinda oportunidades de tomar las clases en 3 modalidades: Presencial, semipresencial y en l\u00ednea.<\/p>\n\n\n\n<p>Recuerda que el idioma franc\u00e9s te da acceso a un gran repertorio cultural y cient\u00edfico, ya que es el idioma oficial de 33 pa\u00edses en el mundo y es la segunda lengua m\u00e1s aprendida despu\u00e9s de ingl\u00e9s. No olvides que&nbsp;aprender franc\u00e9s tambi\u00e9n puede abrirte las puertas a oportunidades laborales, en M\u00e9xico hay m\u00e1s de 1,500 empresas franc\u00f3fonas.<\/p>\n\n\n\n<h5 class=\"wp-block-heading has-accent-color has-text-color has-link-color has-large-font-size wp-elements-adf89af8460d8ee9966c59a8afe54852\"><strong>Examen de colocaci\u00f3n<\/strong><\/h5>\n\n\n\n<p>Si ya tienes conocimientos del idioma es necesario hacer el examen para conocer tu nivel antes de realizar tu inscripci\u00f3n al curso.&nbsp;<em><a href=\"https:\/\/sitios.iztacala.unam.mx\/idiomas\/exa-colocacion\/\">Ver la informaci\u00f3n del examen<\/a><\/em><\/p>\n\n\n\n<h5 class=\"wp-block-heading has-accent-color has-text-color has-link-color wp-elements-c265815ab3b93c85d2f3f6f80fb52dcf\"><strong>Fechas de inscripci\u00f3n<\/strong><\/h5>\n\n\n\n<figure class=\"wp-block-table is-style-stripes\"><table class=\"has-blush-light-purple-gradient-background has-background has-fixed-layout\"><thead><tr><th class=\"has-text-align-center\" data-align=\"center\">Inscripci\u00f3n<\/th><th class=\"has-text-align-center\" data-align=\"center\">Inicia curso<\/th><\/tr><\/thead><tbody><tr><td class=\"has-text-align-center\" data-align=\"center\">4 al 13 de mayo 2026<\/td><td class=\"has-text-align-center\" data-align=\"center\">Sabatino: 16 de mayo 2026<br>Semanal: 18 de mayo 2026<\/td><\/tr><\/tbody><\/table><figcaption class=\"wp-element-caption\">&nbsp;Para ver el procedimiento de inscripci\u00f3n da clic&nbsp;<a href=\"https:\/\/sitios.iztacala.unam.mx\/idiomas\/inscripcion-generales\/\" target=\"_blank\" rel=\"noreferrer noopener\"><em>AQU\u00cd<\/em><\/a>. La inscripci\u00f3n <strong>se habilita a las 10 AM<\/strong> de la fecha se\u00f1alada<\/figcaption><\/figure>\n\n\n\n<h5 class=\"wp-block-heading has-accent-color has-text-color has-link-color has-large-font-size wp-elements-26c047818f6369a900bfbbee8594748e\"><strong><br>Cuotas bimestrales<\/strong><\/h5>\n\n\n\n<figure class=\"wp-block-table is-style-stripes\"><table class=\"has-background has-fixed-layout\" style=\"background-color:#d9f4f0\"><thead><tr><th><strong>Concepto<\/strong><br>PG = Plan Global<\/th><th class=\"has-text-align-center\" data-align=\"center\">Alumnos FESI<br>(tira materias vigente)<\/th><th class=\"has-text-align-center\" data-align=\"center\">Alumnos UNAM<br>(otros planteles)<br>y Posgrado<\/th><th class=\"has-text-align-center\" data-align=\"center\">Exalumnos<br> y Externos<\/th><\/tr><\/thead><tbody><tr><td>Curso semipresencial PG semanal \u2013 Franc\u00e9s<\/td><td class=\"has-text-align-center\" data-align=\"center\">$490<\/td><td class=\"has-text-align-center\" data-align=\"center\">$580<\/td><td class=\"has-text-align-center\" data-align=\"center\"><s>$2,180<\/s> costo regular<br>$900 (promoci\u00f3n\/convenio)<\/td><\/tr><tr><td>Curso PG presencial<br>sabatino \u2013 Franc\u00e9s<\/td><td class=\"has-text-align-center\" data-align=\"center\">$580<\/td><td class=\"has-text-align-center\" data-align=\"center\">$700<\/td><td class=\"has-text-align-center\" data-align=\"center\"><s>$2,180<\/s> costo regular<br>$900 (promoci\u00f3n\/convenio)<\/td><\/tr><tr><td>Curso PG en l\u00ednea sabatino &#8211; Franc\u00e9s<\/td><td class=\"has-text-align-center\" data-align=\"center\">$580<\/td><td class=\"has-text-align-center\" data-align=\"center\">$700<\/td><td class=\"has-text-align-center\" data-align=\"center\"><s>$2,180<\/s> costo regular<br>$900 (promoci\u00f3n\/convenio)<\/td><\/tr><\/tbody><\/table><\/figure>\n\n\n\n<h5 class=\"wp-block-heading has-accent-color has-text-color has-link-color has-large-font-size wp-elements-7da47bf911b55b91eb6b3584ebf60919\"><strong>Horarios<\/strong><\/h5>\n\n\n\n<p><strong>Sabatino en presencial o en l\u00ednea<\/strong><\/p>\n\n\n\n<p>08:30 \u2013 14:00 horas<\/p>\n\n\n\n<p><strong>Semanales en semipresencial o en l\u00ednea<\/strong><\/p>\n\n\n\n<figure class=\"wp-block-table\"><table><tbody><tr><td>Lunes y mi\u00e9rcoles 12:00 \u2013 13:30<br>Lunes y mi\u00e9rcoles&nbsp;14:00 \u2013 15:30<br>Lunes y mi\u00e9rcoles&nbsp;15:30 \u2013 17:00<br>Lunes y mi\u00e9rcoles&nbsp;17:00 \u2013 18:30<br>Lunes y mi\u00e9rcoles&nbsp;18:30 \u2013 20:00<\/td><td>Martes y jueves 12:00 \u2013 13:30<br>Martes y jueves 14:00 \u2013 15:30<br>Martes y jueves 15:30 \u2013 17:00<br>Martes y jueves 17:00 \u2013 18:30<br>Martes y jueves 18:30 \u2013 20:00<\/td><\/tr><\/tbody><\/table><\/figure>\n\n\n\n<p> <h2 class=\"wp-block-heading\"><strong><em>Notas importantes:<\/em><\/strong><\/h2><ol> <li>Los alumnos con Beca\u00a0<strong>AAPAUNAM<\/strong>\u00a0y\u00a0<strong>STUNAM<\/strong>\u00a0deben solicitar su inscripci\u00f3n llenando el formulario que se encuentra en la siguiente p\u00e1gina:\u00a0<a href=\"https:\/\/sitios.iztacala.unam.mx\/idiomas\/becas\/\">Alumnos FESI \u2013 Becas<\/a><\/li>   <li>Los alumnos de\u00a0<strong>POSGRADO<\/strong>\u00a0que deseen obtener descuento deber\u00e1n solicitar que se actualice su situaci\u00f3n acad\u00e9mica enviando un correo a infoidiomas@iztacala.unam.mx adjuntando su comprobante de inscripci\u00f3n del posgrado que est\u00e1n cursando.<\/li>   <li>Solo se aceptar\u00e1n alumnos de nueva inscripci\u00f3n\u00a0<strong><em>a partir de 15 a\u00f1os de edad<\/em><\/strong>. Todos los alumnos menores de edad deber\u00e1n entregar su carta responsiva al inscribirse.\u00a0<a href=\"https:\/\/sitios.iztacala.unam.mx\/idiomas\/wp-content\/uploads\/sites\/26\/2024\/03\/Carta_responsiva_menores_edad_2024.pdf\" target=\"_blank\" rel=\"noreferrer noopener\">Descarga el formato de carta responsiva<\/a><\/li><\/ol><\/p>\n\n\n\n<div style=\"height:100px\" aria-hidden=\"true\" class=\"wp-block-spacer\"><\/div>\n\n\n\n<hr class=\"wp-block-separator has-alpha-channel-opacity\" \/>\n\n\n<div class=\"wp-block-image\">\n<figure class=\"aligncenter size-full is-resized\"><a href=\"https:\/\/sicei.iztacala.unam.mx\/idiomas_adm\/index.php\/php\/login\" target=\"_blank\" rel=\"noreferrer noopener\"><img data-recalc-dims=\"1\" loading=\"lazy\" decoding=\"async\" width=\"500\" height=\"170\" src=\"https:\/\/i0.wp.com\/sitios.iztacala.unam.mx\/idiomas\/wp-content\/uploads\/sites\/26\/2024\/02\/SICEI_logo.png?resize=500%2C170&#038;ssl=1\" alt=\"\" class=\"wp-image-247\" style=\"width:324px;height:auto\" srcset=\"https:\/\/i0.wp.com\/sitios.iztacala.unam.mx\/idiomas\/wp-content\/uploads\/sites\/26\/2024\/02\/SICEI_logo.png?w=500&amp;ssl=1 500w, https:\/\/i0.wp.com\/sitios.iztacala.unam.mx\/idiomas\/wp-content\/uploads\/sites\/26\/2024\/02\/SICEI_logo.png?resize=300%2C102&amp;ssl=1 300w\" sizes=\"auto, (max-width: 500px) 100vw, 500px\" \/><\/a><\/figure>\n<\/div>\n\n\n<p class=\"has-text-align-center\"><a href=\"https:\/\/sitios.iztacala.unam.mx\/idiomas\/inscripcion-generales\/\"><strong>Instrucciones generales inscripci\u00f3n<\/strong><\/a><br><a href=\"https:\/\/sicei.iztacala.unam.mx\/idiomas_adm\/index.php\/php\/alta_alumnos_externos\"><strong>Registro de 1ra vez Externos<\/strong><\/a><br><strong><a href=\"https:\/\/sitios.iztacala.unam.mx\/idiomas\/inscripcion-externos\/\">Gu\u00eda inscripci\u00f3n para Externos<\/a><\/strong><br><a href=\"https:\/\/sitios.iztacala.unam.mx\/idiomas\/inscripciones-unam\/\"><strong>Gu\u00eda inscripci\u00f3n UNAM otros Planteles<\/strong><\/a><br><a href=\"https:\/\/sitios.iztacala.unam.mx\/idiomas\/inscripcion-fesi\/\"><strong>Gu\u00eda inscripci\u00f3n alumnos FESI<\/strong><\/a><br><strong><a href=\"https:\/\/sitios.iztacala.unam.mx\/idiomas\/wp-content\/uploads\/sites\/26\/2024\/02\/Pago-con-app-BBVA.pdf\" target=\"_blank\" rel=\"noreferrer noopener\">Gu\u00eda Pago APP BBVA<\/a><\/strong><\/p>\n","protected":false},"excerpt":{"rendered":"<p>Informaci\u00f3n general En los Cursos de Plan Global de Franc\u00e9s puedes aprender de&nbsp;manera din\u00e1mica y efectiva hasta alcanzar un nivel de certificaci\u00f3n internacional. Nuestro programa de estudio y&nbsp;profesores te ayudan a desarrollar tus habilidades comunicativas desde las&nbsp;primeras clases. Iztacala te brinda oportunidades de tomar las clases en 3 modalidades: Presencial, semipresencial y en l\u00ednea. Recuerda &#8230; <a title=\"Plan Global Franc\u00e9s\" class=\"read-more\" href=\"https:\/\/sitios.iztacala.unam.mx\/idiomas\/pg-frances\/\" aria-label=\"Leer m\u00e1s sobre Plan Global Franc\u00e9s\">Read more<\/a><\/p>\n","protected":false},"author":27,"featured_media":0,"parent":0,"menu_order":0,"comment_status":"closed","ping_status":"closed","template":"","meta":{"footnotes":""},"class_list":["post-182","page","type-page","status-publish"],"jetpack_sharing_enabled":true,"_links":{"self":[{"href":"https:\/\/sitios.iztacala.unam.mx\/idiomas\/wp-json\/wp\/v2\/pages\/182","targetHints":{"allow":["GET"]}}],"collection":[{"href":"https:\/\/sitios.iztacala.unam.mx\/idiomas\/wp-json\/wp\/v2\/pages"}],"about":[{"href":"https:\/\/sitios.iztacala.unam.mx\/idiomas\/wp-json\/wp\/v2\/types\/page"}],"author":[{"embeddable":true,"href":"https:\/\/sitios.iztacala.unam.mx\/idiomas\/wp-json\/wp\/v2\/users\/27"}],"replies":[{"embeddable":true,"href":"https:\/\/sitios.iztacala.unam.mx\/idiomas\/wp-json\/wp\/v2\/comments?post=182"}],"version-history":[{"count":36,"href":"https:\/\/sitios.iztacala.unam.mx\/idiomas\/wp-json\/wp\/v2\/pages\/182\/revisions"}],"predecessor-version":[{"id":1697,"href":"https:\/\/sitios.iztacala.unam.mx\/idiomas\/wp-json\/wp\/v2\/pages\/182\/revisions\/1697"}],"wp:attachment":[{"href":"https:\/\/sitios.iztacala.unam.mx\/idiomas\/wp-json\/wp\/v2\/media?parent=182"}],"curies":[{"name":"wp","href":"https:\/\/api.w.org\/{rel}","templated":true}]}}