{"id":1358,"date":"2025-11-14T00:15:46","date_gmt":"2025-11-14T00:15:46","guid":{"rendered":"https:\/\/sitios.iztacala.unam.mx\/idiomas\/?page_id=1358"},"modified":"2026-05-07T19:44:45","modified_gmt":"2026-05-07T19:44:45","slug":"plan-global-chino","status":"publish","type":"page","link":"https:\/\/sitios.iztacala.unam.mx\/idiomas\/plan-global-chino\/","title":{"rendered":"Plan Global Chino"},"content":{"rendered":"\n<p class=\"has-accent-color has-text-color has-link-color has-large-font-size wp-elements-39e1d26ccd7d4af5d6d30db1f81d0eb1\"><strong>Informaci\u00f3n general<\/strong><\/p>\n\n\n\n<p>En los Cursos de Plan Global de Chino puedes aprender de&nbsp;manera din\u00e1mica y efectiva hasta alcanzar un nivel de certificaci\u00f3n internacional. Nuestro programa de estudio y&nbsp;profesores te ayudan a desarrollar tus habilidades comunicativas desde las&nbsp;primeras clases. Iztacala te brinda oportunidades de tomar las clases en modalidad Presencial.<\/p>\n\n\n\n<h5 class=\"wp-block-heading has-accent-color has-text-color has-link-color has-large-font-size wp-elements-e032cc912aca1ac5457c430b114e3024\"><strong>&nbsp;Fechas de inscripci\u00f3n<\/strong><\/h5>\n\n\n\n<figure class=\"wp-block-table is-style-stripes\"><table class=\"has-blush-light-purple-gradient-background has-background has-fixed-layout\"><thead><tr><th class=\"has-text-align-center\" data-align=\"center\">Inscripci\u00f3n<\/th><th class=\"has-text-align-center\" data-align=\"center\">Inicio del curso<\/th><\/tr><\/thead><tbody><tr><td class=\"has-text-align-center\" data-align=\"center\">4 al 13 de mayo 2026<\/td><td class=\"has-text-align-center\" data-align=\"center\">Sabatino: 16 de mayo 2026<\/td><\/tr><\/tbody><\/table><figcaption class=\"wp-element-caption\">Para ver el procedimientos de inscripci\u00f3n da clic&nbsp;<em><a href=\"https:\/\/sitios.iztacala.unam.mx\/idiomas\/sicei\/\">AQU\u00cd<\/a><\/em>. La inscripci\u00f3n <strong>se habilita a las 10 AM de la fecha se\u00f1alada<\/strong><\/figcaption><\/figure>\n\n\n\n<p class=\"has-accent-color has-text-color has-link-color has-large-font-size wp-elements-54e7ffdf305004da7a4a36589d1fdf67\"><strong>Cuotas bimestrales<\/strong><\/p>\n\n\n\n<figure class=\"wp-block-table is-style-stripes\"><table class=\"has-background has-fixed-layout\" style=\"background-color:#d9f4f0\"><thead><tr><th><strong>Concepto<\/strong><br>PG = Plan Global<\/th><th class=\"has-text-align-center\" data-align=\"center\">Alumnos FESI<br>(tira materias vigente)<\/th><th class=\"has-text-align-center\" data-align=\"center\">Alumnos UNAM<br>(otros planteles),Posgrado y Exalumnos<\/th><th class=\"has-text-align-center\" data-align=\"center\">Externos (promoci\u00f3n)<\/th><\/tr><\/thead><tbody><tr><td>Curso PG presencial<br>sabatino \u2013 Chino<\/td><td class=\"has-text-align-center\" data-align=\"center\">$580<\/td><td class=\"has-text-align-center\" data-align=\"center\">$700<\/td><td class=\"has-text-align-center\" data-align=\"center\"><s>$2,180<\/s> costo regular<br>$900 (Promoci\u00f3n\/convenio)<\/td><\/tr><\/tbody><\/table><\/figure>\n\n\n\n<p class=\"has-accent-color has-text-color has-link-color has-large-font-size wp-elements-c3b0e7d52de1eb81f2fc0dc106fe63b2\"><strong>Horarios<\/strong> <strong>sabatino<\/strong><\/p>\n\n\n\n<p class=\"has-medium-font-size\"><strong>Presencial<\/strong><\/p>\n\n\n\n<p class=\"has-medium-font-size\">08:30 \u2013 14:00 horas (Receso de 11:00-11:30)<\/p>\n\n\n\n<p class=\"has-accent-color has-text-color has-link-color has-large-font-size wp-elements-5026a37a20e8c55d03b4c31e1d2c7d73\"><strong><em>Notas importantes:<\/em><\/strong><\/p>\n\n\n\n<p>Solo se aceptar\u00e1n alumnos de nueva inscripci\u00f3n&nbsp;<strong><em>a partir de 15 a\u00f1os de edad<\/em><\/strong>. Todos los alumnos menores de edad deber\u00e1n entregar su carta responsiva al inscribirse.&nbsp;<a href=\"https:\/\/sitios.iztacala.unam.mx\/idiomas\/wp-content\/uploads\/sites\/26\/2024\/03\/Carta_responsiva_menores_edad_2024.pdf\" target=\"_blank\" rel=\"noreferrer noopener\">Descarga el formato de carta responsiva<\/a><\/p>\n\n\n\n<p>Los alumnos con Beca&nbsp;<strong>AAPAUNAM<\/strong>&nbsp;y&nbsp;<strong>STUNAM<\/strong>&nbsp;deben solicitar su inscripci\u00f3n llenando el formulario que se encuentra en la siguiente p\u00e1gina:&nbsp;<a href=\"https:\/\/sitios.iztacala.unam.mx\/idiomas\/becas\/\">Alumnos FESI \u2013 Becas<\/a><\/p>\n\n\n\n<p>Los alumnos de&nbsp;<strong>POSGRADO<\/strong>&nbsp;que deseen obtener descuento deber\u00e1n solicitar que se actualice su situaci\u00f3n acad\u00e9mica enviando un correo a infoidiomas@iztacala.unam.mx adjuntando su comprobante de inscripci\u00f3n del posgrado que est\u00e1n cursando.<\/p>\n\n\n\n<p class=\"has-text-align-center has-accent-color has-text-color has-link-color has-large-font-size wp-elements-eda5049f87c5c4a1d1943283560d2ae8\"><strong>Inscripci\u00f3n en l\u00ednea en<\/strong><\/p>\n\n\n<div class=\"wp-block-image\">\n<figure class=\"aligncenter is-resized\"><a href=\"https:\/\/sicei.iztacala.unam.mx\/idiomas_adm\/index.php\/php\/login\" target=\"_blank\" rel=\"noreferrer noopener\"><img loading=\"lazy\" decoding=\"async\" width=\"500\" height=\"170\" src=\"https:\/\/i0.wp.com\/sitios.iztacala.unam.mx\/idiomas\/wp-content\/uploads\/sites\/26\/2024\/02\/SICEI_logo.png?resize=500%2C170&amp;ssl=1\" alt=\"\" class=\"wp-image-247\" style=\"width:336px;height:auto\" srcset=\"https:\/\/i0.wp.com\/sitios.iztacala.unam.mx\/idiomas\/wp-content\/uploads\/sites\/26\/2024\/02\/SICEI_logo.png?w=500&amp;ssl=1 500w, https:\/\/i0.wp.com\/sitios.iztacala.unam.mx\/idiomas\/wp-content\/uploads\/sites\/26\/2024\/02\/SICEI_logo.png?resize=300%2C102&amp;ssl=1 300w\" sizes=\"auto, (max-width: 500px) 100vw, 500px\" \/><\/a><\/figure>\n<\/div>\n\n\n<p class=\"has-text-align-center\"><a href=\"https:\/\/sitios.iztacala.unam.mx\/idiomas\/inscripcion-generales\/\"><strong>Instrucciones generales inscripci\u00f3n<\/strong><\/a><br><a href=\"https:\/\/sicei.iztacala.unam.mx\/idiomas_adm\/index.php\/php\/alta_alumnos_externos\"><strong>Registro de 1ra vez Externos<\/strong><\/a><br><strong><a href=\"https:\/\/sitios.iztacala.unam.mx\/idiomas\/inscripcion-externos\/\">Gu\u00eda inscripci\u00f3n para Externos<\/a><\/strong><br><a href=\"https:\/\/sitios.iztacala.unam.mx\/idiomas\/inscripciones-unam\/\"><strong>Gu\u00eda inscripci\u00f3n UNAM otros Planteles<\/strong><\/a><br><a href=\"https:\/\/sitios.iztacala.unam.mx\/idiomas\/inscripcion-fesi\/\"><strong>Gu\u00eda inscripci\u00f3n alumnos<\/strong><\/a><\/p>\n\n\n\n<p><\/p>\n","protected":false},"excerpt":{"rendered":"<p>Informaci\u00f3n general En los Cursos de Plan Global de Chino puedes aprender de&nbsp;manera din\u00e1mica y efectiva hasta alcanzar un nivel de certificaci\u00f3n internacional. Nuestro programa de estudio y&nbsp;profesores te ayudan a desarrollar tus habilidades comunicativas desde las&nbsp;primeras clases. Iztacala te brinda oportunidades de tomar las clases en modalidad Presencial. &nbsp;Fechas de inscripci\u00f3n Inscripci\u00f3n Inicio del &#8230; <a title=\"Plan Global Chino\" class=\"read-more\" href=\"https:\/\/sitios.iztacala.unam.mx\/idiomas\/plan-global-chino\/\" aria-label=\"Leer m\u00e1s sobre Plan Global Chino\">Read more<\/a><\/p>\n","protected":false},"author":27,"featured_media":0,"parent":0,"menu_order":0,"comment_status":"closed","ping_status":"closed","template":"","meta":{"footnotes":""},"class_list":["post-1358","page","type-page","status-publish"],"jetpack_sharing_enabled":true,"_links":{"self":[{"href":"https:\/\/sitios.iztacala.unam.mx\/idiomas\/wp-json\/wp\/v2\/pages\/1358","targetHints":{"allow":["GET"]}}],"collection":[{"href":"https:\/\/sitios.iztacala.unam.mx\/idiomas\/wp-json\/wp\/v2\/pages"}],"about":[{"href":"https:\/\/sitios.iztacala.unam.mx\/idiomas\/wp-json\/wp\/v2\/types\/page"}],"author":[{"embeddable":true,"href":"https:\/\/sitios.iztacala.unam.mx\/idiomas\/wp-json\/wp\/v2\/users\/27"}],"replies":[{"embeddable":true,"href":"https:\/\/sitios.iztacala.unam.mx\/idiomas\/wp-json\/wp\/v2\/comments?post=1358"}],"version-history":[{"count":12,"href":"https:\/\/sitios.iztacala.unam.mx\/idiomas\/wp-json\/wp\/v2\/pages\/1358\/revisions"}],"predecessor-version":[{"id":1701,"href":"https:\/\/sitios.iztacala.unam.mx\/idiomas\/wp-json\/wp\/v2\/pages\/1358\/revisions\/1701"}],"wp:attachment":[{"href":"https:\/\/sitios.iztacala.unam.mx\/idiomas\/wp-json\/wp\/v2\/media?parent=1358"}],"curies":[{"name":"wp","href":"https:\/\/api.w.org\/{rel}","templated":true}]}}