{"id":13,"date":"2024-02-05T20:13:59","date_gmt":"2024-02-05T20:13:59","guid":{"rendered":"https:\/\/sitios.iztacala.unam.mx\/idiomas\/?page_id=13"},"modified":"2024-02-19T20:29:00","modified_gmt":"2024-02-19T20:29:00","slug":"inicio","status":"publish","type":"page","link":"https:\/\/sitios.iztacala.unam.mx\/idiomas\/","title":{"rendered":"Inicio"},"content":{"rendered":"<div class=\"gb-container gb-container-b91e962e\">\n\n<div class=\"alignnormal\"><div id=\"metaslider-id-15\" style=\"width: 100%;\" class=\"ml-slider-3-107-0 ml-slider-pro-2-53-0 metaslider metaslider-flex metaslider-15 ml-slider has-dots-nav ms-theme-default\" role=\"region\" aria-label=\"Principal\" data-height=\"600\" data-width=\"1400\">\n    <div id=\"metaslider_container_15\">\n        <div id=\"metaslider_15\">\n            <ul class='slides'>\n                <li style=\"display: block; width: 100%;\" class=\"slide-1049 ms-image \" aria-roledescription=\"slide\" data-date=\"2025-04-01 07:09:56\" data-filename=\"1-1.png\" data-slide-type=\"image\"><a href=\"https:\/\/sitios.iztacala.unam.mx\/idiomas\/plan-global\/\" target=\"_blank\" aria-label=\"View Slide Details\" class=\"metaslider_image_link\"><img data-recalc-dims=\"1\" loading=\"lazy\" decoding=\"async\" src=\"https:\/\/i0.wp.com\/sitios.iztacala.unam.mx\/idiomas\/wp-content\/uploads\/sites\/26\/2026\/03\/1-1.png?resize=1200%2C514&#038;ssl=1\" height=\"514\" width=\"1200\" alt=\"\" class=\"slider-15 slide-1049 msDefaultImage\" title=\"1\" \/><\/a><\/li>\n                <li style=\"display: none; width: 100%;\" class=\"slide-1051 ms-image \" aria-roledescription=\"slide\" data-date=\"2025-04-01 07:11:07\" data-filename=\"UNAM-FES-IZTACALA-18.png\" data-slide-type=\"image\"><a href=\"https:\/\/sitios.iztacala.unam.mx\/idiomas\/exa-colocacion\/\" target=\"_blank\" aria-label=\"View Slide Details\" class=\"metaslider_image_link\"><img data-recalc-dims=\"1\" loading=\"lazy\" decoding=\"async\" src=\"https:\/\/i0.wp.com\/sitios.iztacala.unam.mx\/idiomas\/wp-content\/uploads\/sites\/26\/2026\/03\/UNAM-FES-IZTACALA-18.png?resize=1200%2C514&#038;ssl=1\" height=\"514\" width=\"1200\" alt=\"\" class=\"slider-15 slide-1051 msDefaultImage\" title=\"UNAM FES IZTACALA (18)\" \/><\/a><\/li>\n                <li style=\"display: none; width: 100%;\" class=\"slide-1047 ms-image \" aria-roledescription=\"slide\" data-date=\"2025-04-01 07:06:25\" data-filename=\"UNAM-FES-IZTACALA-16.png\" data-slide-type=\"image\"><a href=\"https:\/\/sitios.iztacala.unam.mx\/idiomas\/exa-acreditacion\/\" target=\"_blank\" aria-label=\"View Slide Details\" class=\"metaslider_image_link\"><img data-recalc-dims=\"1\" loading=\"lazy\" decoding=\"async\" src=\"https:\/\/i0.wp.com\/sitios.iztacala.unam.mx\/idiomas\/wp-content\/uploads\/sites\/26\/2026\/03\/UNAM-FES-IZTACALA-16.png?resize=1200%2C514&#038;ssl=1\" height=\"514\" width=\"1200\" alt=\"\" class=\"slider-15 slide-1047 msDefaultImage\" title=\"UNAM FES IZTACALA (16)\" \/><\/a><\/li>\n                <li style=\"display: none; width: 100%;\" class=\"slide-1612 ms-image \" aria-roledescription=\"slide\" data-date=\"2026-03-18 19:02:32\" data-filename=\"UNAM-FES-IZTACALA-33.png\" data-slide-type=\"image\"><img data-recalc-dims=\"1\" loading=\"lazy\" decoding=\"async\" src=\"https:\/\/i0.wp.com\/sitios.iztacala.unam.mx\/idiomas\/wp-content\/uploads\/sites\/26\/2026\/03\/UNAM-FES-IZTACALA-33.png?resize=1200%2C514&#038;ssl=1\" height=\"514\" width=\"1200\" alt=\"\" class=\"slider-15 slide-1612 msDefaultImage\" title=\"UNAM FES IZTACALA (33)\" \/><\/li>\n                <li style=\"display: none; width: 100%;\" class=\"slide-1053 ms-image \" aria-roledescription=\"slide\" data-date=\"2025-04-01 07:12:18\" data-filename=\"UNAM-FES-IZTACALA-26.png\" data-slide-type=\"image\"><a href=\"https:\/\/sitios.iztacala.unam.mx\/idiomas\/pg-frances\/\" target=\"_blank\" aria-label=\"View Slide Details\" class=\"metaslider_image_link\"><img data-recalc-dims=\"1\" loading=\"lazy\" decoding=\"async\" src=\"https:\/\/i0.wp.com\/sitios.iztacala.unam.mx\/idiomas\/wp-content\/uploads\/sites\/26\/2026\/03\/UNAM-FES-IZTACALA-26.png?resize=1200%2C514&#038;ssl=1\" height=\"514\" width=\"1200\" alt=\"\" class=\"slider-15 slide-1053 msDefaultImage\" title=\"UNAM FES IZTACALA (26)\" \/><\/a><\/li>\n                <li style=\"display: none; width: 100%;\" class=\"slide-1526 ms-image \" aria-roledescription=\"slide\" data-date=\"2026-02-28 20:39:20\" data-filename=\"UNAM-FES-IZTACALA-32.png\" data-slide-type=\"image\"><a href=\"https:\/\/sitios.iztacala.unam.mx\/idiomas\/cl-bimestral\/\" target=\"_self\" aria-label=\"View Slide Details\" class=\"metaslider_image_link\"><img data-recalc-dims=\"1\" loading=\"lazy\" decoding=\"async\" src=\"https:\/\/i0.wp.com\/sitios.iztacala.unam.mx\/idiomas\/wp-content\/uploads\/sites\/26\/2026\/03\/UNAM-FES-IZTACALA-32.png?resize=1200%2C514&#038;ssl=1\" height=\"514\" width=\"1200\" alt=\"\" class=\"slider-15 slide-1526 msDefaultImage\" title=\"UNAM FES IZTACALA (32)\" \/><\/a><\/li>\n                <li style=\"display: none; width: 100%;\" class=\"slide-1409 ms-image \" aria-roledescription=\"slide\" data-date=\"2026-01-19 23:00:58\" data-filename=\"UNAM-FES-IZTACALA-24.png\" data-slide-type=\"image\"><a href=\"https:\/\/sitios.iztacala.unam.mx\/idiomas\/cl-cuatrimestral\/\" target=\"_blank\" aria-label=\"View Slide Details\" class=\"metaslider_image_link\"><img data-recalc-dims=\"1\" loading=\"lazy\" decoding=\"async\" src=\"https:\/\/i0.wp.com\/sitios.iztacala.unam.mx\/idiomas\/wp-content\/uploads\/sites\/26\/2026\/03\/UNAM-FES-IZTACALA-24.png?resize=1200%2C514&#038;ssl=1\" height=\"514\" width=\"1200\" alt=\"\" class=\"slider-15 slide-1409 msDefaultImage\" title=\"UNAM FES IZTACALA (24)\" \/><\/a><\/li>\n                <li style=\"display: none; width: 100%;\" class=\"slide-1080 ms-image \" aria-roledescription=\"slide\" data-date=\"2025-04-25 01:37:30\" data-filename=\"UNAM-FES-IZTACALA-19.png\" data-slide-type=\"image\"><a href=\"https:\/\/sitios.iztacala.unam.mx\/idiomas\/cl-bimestral\/\" target=\"_blank\" aria-label=\"View Slide Details\" class=\"metaslider_image_link\"><img data-recalc-dims=\"1\" loading=\"lazy\" decoding=\"async\" src=\"https:\/\/i0.wp.com\/sitios.iztacala.unam.mx\/idiomas\/wp-content\/uploads\/sites\/26\/2026\/03\/UNAM-FES-IZTACALA-19.png?resize=1200%2C514&#038;ssl=1\" height=\"514\" width=\"1200\" alt=\"\" class=\"slider-15 slide-1080 msDefaultImage\" title=\"UNAM FES IZTACALA (19)\" \/><\/a><\/li>\n                <li style=\"display: none; width: 100%;\" class=\"slide-1055 ms-image \" aria-roledescription=\"slide\" data-date=\"2025-04-01 07:13:30\" data-filename=\"UNAM-FES-IZTACALA-27.png\" data-slide-type=\"image\"><a href=\"https:\/\/sitios.iztacala.unam.mx\/idiomas\/curso-teens\/\" target=\"_blank\" aria-label=\"View Slide Details\" class=\"metaslider_image_link\"><img data-recalc-dims=\"1\" loading=\"lazy\" decoding=\"async\" src=\"https:\/\/i0.wp.com\/sitios.iztacala.unam.mx\/idiomas\/wp-content\/uploads\/sites\/26\/2026\/03\/UNAM-FES-IZTACALA-27.png?resize=1200%2C514&#038;ssl=1\" height=\"514\" width=\"1200\" alt=\"\" class=\"slider-15 slide-1055 msDefaultImage\" title=\"UNAM FES IZTACALA (27)\" \/><\/a><\/li>\n                <li style=\"display: none; width: 100%;\" class=\"slide-1172 ms-image \" aria-roledescription=\"slide\" data-date=\"2025-07-29 00:14:40\" data-filename=\"UNAM-FES-IZTACALA-15.png\" data-slide-type=\"image\"><a href=\"https:\/\/sitios.iztacala.unam.mx\/idiomas\/conversacion\/\" target=\"_blank\" aria-label=\"View Slide Details\" class=\"metaslider_image_link\"><img data-recalc-dims=\"1\" loading=\"lazy\" decoding=\"async\" src=\"https:\/\/i0.wp.com\/sitios.iztacala.unam.mx\/idiomas\/wp-content\/uploads\/sites\/26\/2026\/03\/UNAM-FES-IZTACALA-15.png?resize=1200%2C514&#038;ssl=1\" height=\"514\" width=\"1200\" alt=\"\" class=\"slider-15 slide-1172 msDefaultImage\" title=\"UNAM FES IZTACALA (15)\" \/><\/a><\/li>\n                <li style=\"display: none; width: 100%;\" class=\"slide-1155 ms-image \" aria-roledescription=\"slide\" data-date=\"2025-06-23 20:18:58\" data-filename=\"UNAM-FES-IZTACALA-31.png\" data-slide-type=\"image\"><a href=\"https:\/\/sitios.iztacala.unam.mx\/idiomas\/aleman\/\" target=\"_blank\" aria-label=\"View Slide Details\" class=\"metaslider_image_link\"><img data-recalc-dims=\"1\" loading=\"lazy\" decoding=\"async\" src=\"https:\/\/i0.wp.com\/sitios.iztacala.unam.mx\/idiomas\/wp-content\/uploads\/sites\/26\/2026\/03\/UNAM-FES-IZTACALA-31.png?resize=1200%2C514&#038;ssl=1\" height=\"514\" width=\"1200\" alt=\"\" class=\"slider-15 slide-1155 msDefaultImage\" title=\"UNAM FES IZTACALA (31)\" \/><\/a><\/li>\n                <li style=\"display: none; width: 100%;\" class=\"slide-1373 ms-image \" aria-roledescription=\"slide\" data-date=\"2025-11-19 17:29:19\" data-filename=\"UNAM-FES-IZTACALA-29.png\" data-slide-type=\"image\"><a href=\"https:\/\/sitios.iztacala.unam.mx\/idiomas\/plan-global-chino\/\" target=\"_blank\" aria-label=\"View Slide Details\" class=\"metaslider_image_link\"><img data-recalc-dims=\"1\" loading=\"lazy\" decoding=\"async\" src=\"https:\/\/i0.wp.com\/sitios.iztacala.unam.mx\/idiomas\/wp-content\/uploads\/sites\/26\/2026\/03\/UNAM-FES-IZTACALA-29.png?resize=1200%2C514&#038;ssl=1\" height=\"514\" width=\"1200\" alt=\"\" class=\"slider-15 slide-1373 msDefaultImage\" title=\"UNAM FES IZTACALA (29)\" \/><\/a><\/li>\n                <li style=\"display: none; width: 100%;\" class=\"slide-151 ms-image \" aria-roledescription=\"slide\" data-date=\"2024-02-06 19:11:29\" data-filename=\"Slide_SICEI.jpg\" data-slide-type=\"image\"><a href=\"https:\/\/sicei.iztacala.unam.mx\/idiomas_adm\/index.php\/php\/login\" target=\"_blank\" aria-label=\"View Slide Details\" class=\"metaslider_image_link\"><img data-recalc-dims=\"1\" loading=\"lazy\" decoding=\"async\" src=\"https:\/\/i0.wp.com\/sitios.iztacala.unam.mx\/idiomas\/wp-content\/uploads\/sites\/26\/2024\/02\/Slide_SICEI.jpg?resize=1200%2C514&#038;ssl=1\" height=\"514\" width=\"1200\" alt=\"\" class=\"slider-15 slide-151 msDefaultImage\" title=\"Slide_SICEI\" \/><\/a><div class=\"caption-wrap\"><div class=\"caption\"><div><span style=\"vertical-align:inherit;\"><span style=\"vertical-align:inherit;\"><span style=\"vertical-align:inherit;\"><span style=\"vertical-align:inherit;\">Sistema de control del idioma escolar<\/span><\/span><\/span><\/span><\/div><\/div><\/div><\/li>\n                <li style=\"display: none; width: 100%;\" class=\"slide-157 ms-image \" aria-roledescription=\"slide\" data-date=\"2024-02-06 20:47:21\" data-filename=\"\u00bfTienes-una-duda.png\" data-slide-type=\"image\"><a href=\"https:\/\/api.whatsapp.com\/send?phone=525530688811\" target=\"_blank\" aria-label=\"View Slide Details\" class=\"metaslider_image_link\"><img data-recalc-dims=\"1\" loading=\"lazy\" decoding=\"async\" src=\"https:\/\/i0.wp.com\/sitios.iztacala.unam.mx\/idiomas\/wp-content\/uploads\/sites\/26\/2026\/02\/%C2%BFTienes-una-duda.png?resize=1200%2C514&#038;ssl=1\" height=\"514\" width=\"1200\" alt=\"\" class=\"slider-15 slide-157 msDefaultImage\" title=\"\u00bfTienes una duda\" \/><\/a><div class=\"caption-wrap\"><div class=\"caption\"><div><span style=\"vertical-align:inherit;\"><span style=\"vertical-align:inherit;\"><span style=\"vertical-align:inherit;\"><span style=\"vertical-align:inherit;\"><span style=\"vertical-align:inherit;\"><span style=\"vertical-align:inherit;\">WhatsApp<\/span><\/span><\/span><\/span><\/span><\/span><\/div><\/div><\/div><\/li>\n                <li style=\"display: none; width: 100%;\" class=\"slide-493 ms-image \" aria-roledescription=\"slide\" data-date=\"2024-04-11 22:25:44\" data-filename=\"Paga-tu-curso-en-la-app-de.png\" data-slide-type=\"image\"><img data-recalc-dims=\"1\" loading=\"lazy\" decoding=\"async\" src=\"https:\/\/i0.wp.com\/sitios.iztacala.unam.mx\/idiomas\/wp-content\/uploads\/sites\/26\/2026\/02\/Paga-tu-curso-en-la-app-de.png?resize=1200%2C514&#038;ssl=1\" height=\"514\" width=\"1200\" alt=\"\" class=\"slider-15 slide-493 msDefaultImage\" title=\"Paga tu curso en la app de\" \/><\/li>\n            <\/ul>\n        <\/div>\n        \n    <\/div>\n<\/div><\/div>\n\n\n\n<hr class=\"wp-block-separator has-alpha-channel-opacity\" \/>\n\n\n\n<h2 class=\"wp-block-heading\">Bienvenidos<\/h2>\n\n\n\n<p>Bienvenidos al Departamento de idiomas de la FES Iztacala. Nos da gusto recibirte para ayudarte en tu preparaci\u00f3n profesional y personal. Ser\u00e1 un placer tenerte con nosotros en tu proceso de formaci\u00f3n, nuestro equipo de trabajo estar\u00e1 disponible para ti en l\u00ednea o de manera presencial.<br>Nos ubicamos en el primer piso de la Unidad Acad\u00e9mica de Tutor\u00edas y Educaci\u00f3n a Distancia, de la Facultad de Estudios Superiores Iztacala. Av. de Los Barrios #1, Col. Los Reyes Iztacala, Tlalnepantla Estado de M\u00e9xico. C.P. 54090.<\/p>\n\n\n\n<p class=\"has-text-align-center\"><strong>Atenci\u00f3n de 09:00-14:00 horas<\/strong><br>(55) 5623 1183<br>(55) 5623 1333 (ext 39846)<br><strong>Atenci\u00f3n de 09:00-19:00 horas<\/strong><br>(55) 5623 1162<br><strong>WhatsApp<\/strong> <strong>de 09:00-19:00 horas<\/strong><br>(55) 3068 8811<br>idiomasiztacala@unam.mx<\/p>\n\n<\/div>\n\n\n<div style=\"height:100px\" aria-hidden=\"true\" class=\"wp-block-spacer\"><\/div>\n\n\n\n<hr class=\"wp-block-separator has-alpha-channel-opacity\" \/>\n\n\n<div class=\"wp-block-image\">\n<figure class=\"aligncenter size-full is-resized\"><a href=\"https:\/\/sicei.iztacala.unam.mx\/idiomas_adm\/index.php\/php\/login\" target=\"_blank\" rel=\"noreferrer noopener\"><img data-recalc-dims=\"1\" loading=\"lazy\" decoding=\"async\" width=\"500\" height=\"170\" src=\"https:\/\/i0.wp.com\/sitios.iztacala.unam.mx\/idiomas\/wp-content\/uploads\/sites\/26\/2024\/02\/SICEI_logo.png?resize=500%2C170&#038;ssl=1\" alt=\"\" class=\"wp-image-247\" style=\"width:500px;height:auto\" srcset=\"https:\/\/i0.wp.com\/sitios.iztacala.unam.mx\/idiomas\/wp-content\/uploads\/sites\/26\/2024\/02\/SICEI_logo.png?w=500&amp;ssl=1 500w, https:\/\/i0.wp.com\/sitios.iztacala.unam.mx\/idiomas\/wp-content\/uploads\/sites\/26\/2024\/02\/SICEI_logo.png?resize=300%2C102&amp;ssl=1 300w\" sizes=\"auto, (max-width: 500px) 100vw, 500px\" \/><\/a><\/figure>\n<\/div>\n\n\n<p class=\"has-text-align-center\"><a href=\"https:\/\/sitios.iztacala.unam.mx\/idiomas\/inscripcion-generales\/\"><strong>Instrucciones generales inscripci\u00f3n<\/strong><\/a><br><a href=\"https:\/\/sicei.iztacala.unam.mx\/idiomas_adm\/index.php\/php\/alta_alumnos_externos\"><strong>Registro de 1ra vez Externos<\/strong><\/a><br><strong><a href=\"https:\/\/sitios.iztacala.unam.mx\/idiomas\/inscripcion-externos\/\">Gu\u00eda inscripci\u00f3n para Externos<\/a><\/strong><br><a href=\"https:\/\/sitios.iztacala.unam.mx\/idiomas\/inscripciones-unam\/\"><strong>Gu\u00eda inscripci\u00f3n UNAM otros Planteles<\/strong><\/a><br><a href=\"https:\/\/sitios.iztacala.unam.mx\/idiomas\/inscripcion-fesi\/\"><strong>Gu\u00eda inscripci\u00f3n alumnos FESI<\/strong><\/a><br><strong><a href=\"https:\/\/sitios.iztacala.unam.mx\/idiomas\/wp-content\/uploads\/sites\/26\/2024\/02\/Pago-con-app-BBVA.pdf\" target=\"_blank\" rel=\"noreferrer noopener\">Gu\u00eda Pago APP BBVA<\/a><\/strong><\/p>\n","protected":false},"excerpt":{"rendered":"<p>Bienvenidos Bienvenidos al Departamento de idiomas de la FES Iztacala. Nos da gusto recibirte para ayudarte en tu preparaci\u00f3n profesional y personal. Ser\u00e1 un placer tenerte con nosotros en tu proceso de formaci\u00f3n, nuestro equipo de trabajo estar\u00e1 disponible para ti en l\u00ednea o de manera presencial.Nos ubicamos en el primer piso de la Unidad &#8230; <a title=\"Inicio\" class=\"read-more\" href=\"https:\/\/sitios.iztacala.unam.mx\/idiomas\/\" aria-label=\"Leer m\u00e1s sobre Inicio\">Read more<\/a><\/p>\n","protected":false},"author":27,"featured_media":0,"parent":0,"menu_order":0,"comment_status":"closed","ping_status":"closed","template":"","meta":{"footnotes":""},"class_list":["post-13","page","type-page","status-publish"],"jetpack_sharing_enabled":true,"_links":{"self":[{"href":"https:\/\/sitios.iztacala.unam.mx\/idiomas\/wp-json\/wp\/v2\/pages\/13","targetHints":{"allow":["GET"]}}],"collection":[{"href":"https:\/\/sitios.iztacala.unam.mx\/idiomas\/wp-json\/wp\/v2\/pages"}],"about":[{"href":"https:\/\/sitios.iztacala.unam.mx\/idiomas\/wp-json\/wp\/v2\/types\/page"}],"author":[{"embeddable":true,"href":"https:\/\/sitios.iztacala.unam.mx\/idiomas\/wp-json\/wp\/v2\/users\/27"}],"replies":[{"embeddable":true,"href":"https:\/\/sitios.iztacala.unam.mx\/idiomas\/wp-json\/wp\/v2\/comments?post=13"}],"version-history":[{"count":24,"href":"https:\/\/sitios.iztacala.unam.mx\/idiomas\/wp-json\/wp\/v2\/pages\/13\/revisions"}],"predecessor-version":[{"id":942,"href":"https:\/\/sitios.iztacala.unam.mx\/idiomas\/wp-json\/wp\/v2\/pages\/13\/revisions\/942"}],"wp:attachment":[{"href":"https:\/\/sitios.iztacala.unam.mx\/idiomas\/wp-json\/wp\/v2\/media?parent=13"}],"curies":[{"name":"wp","href":"https:\/\/api.w.org\/{rel}","templated":true}]}}