{"id":1226,"date":"2025-08-07T22:13:15","date_gmt":"2025-08-07T22:13:15","guid":{"rendered":"https:\/\/sitios.iztacala.unam.mx\/idiomas\/?page_id=1226"},"modified":"2026-05-08T23:18:30","modified_gmt":"2026-05-08T23:18:30","slug":"clinicas-cd","status":"publish","type":"page","link":"https:\/\/sitios.iztacala.unam.mx\/idiomas\/clinicas-cd\/","title":{"rendered":"Beca para alumnos en cl\u00ednicas odontol\u00f3gicas"},"content":{"rendered":"\n<p class=\"has-accent-color has-text-color has-link-color has-large-font-size wp-elements-39e1d26ccd7d4af5d6d30db1f81d0eb1\"><strong>Informaci\u00f3n general<\/strong><\/p>\n\n\n\n<p>Si deseas tomar los cursos de ingl\u00e9s para titulaci\u00f3n y acudes a clases en cl\u00ednicas odontol\u00f3gicas <strong>\u00a1esta beca es para ti!<\/strong><\/p>\n\n\n\n<p>Con el objetivo de facilitar el cumplimiento de tu requisito de titulaci\u00f3n e impulsar tus competencias en el dominio del ingl\u00e9s, el Departamento de Idiomas de la FES Iztacala te ofrece inscribirte en el horario m\u00e1s adecuado a tus necesidades. El costo preferencial es para las <strong>modalidades en l\u00ednea <\/strong>o<strong> presencial<\/strong>, recuerda que la modalidad semipresencial es sin costo y puedes inscribirte directamente desde en SICEI.<\/p>\n\n\n\n<h4 class=\"wp-block-heading has-accent-color has-text-color has-link-color has-large-font-size wp-elements-64a5414581417a1dc8dbca0291e1313e\"><strong>Costo preferencial:<\/strong><\/h4>\n\n\n\n<p>$700 pesos bimestrales (Debes tener inscripci\u00f3n vigente en cl\u00ednica)<\/p>\n\n\n\n<h4 class=\"wp-block-heading has-accent-color has-text-color has-link-color has-large-font-size wp-elements-5255f60dc7b1e1bb6f449020a3de604e\"><strong>Proceso de inscripci\u00f3n:<\/strong><\/h4>\n\n\n\n<ol class=\"wp-block-list\">\n<li class=\"has-contrast-color has-text-color has-link-color wp-elements-7431bb3681b2142c07fa4e812260bdf9\">Durante las fechas de inscripci\u00f3n del Departamento de Idiomas, proximamente del 4-13 de mayo. Deber\u00e1s ingresar al siguiente formulario de solicitud: <strong><a href=\"https:\/\/forms.gle\/wEwQWUBTQLSLemwt7\" data-type=\"link\" data-id=\"https:\/\/docs.google.com\/forms\/d\/138nssZKLPGT2B68uDOIw48nzSOIkEjnRwKLcbCqA1R8\/edit\" target=\"_blank\" rel=\"noreferrer noopener\">HAZ CLIC AQU\u00cd<\/a><\/strong><\/li>\n\n\n\n<li>Registra la informaci\u00f3n solicitada en el formulario y adjunta tu tira de materias vigente para comprobar tu inscripci\u00f3n como alumno de cl\u00ednicas odontol\u00f3gicas.<\/li>\n\n\n\n<li>Una vez enviado el formulario, recibir\u00e1s un correo de respuesta con las indicaciones para tu inscripci\u00f3n en <strong>SICEI<\/strong>.<\/li>\n<\/ol>\n\n\n\n<h4 class=\"wp-block-heading has-accent-color has-text-color has-link-color has-large-font-size wp-elements-a5dc3a9a8839a658b6517ae014850d37\"><strong>Informaci\u00f3n para redes:<\/strong><\/h4>\n\n\n\n<div class=\"wp-block-columns is-layout-flex wp-container-core-columns-is-layout-9d6595d7 wp-block-columns-is-layout-flex\">\n<div class=\"wp-block-column is-layout-flow wp-block-column-is-layout-flow\"><div class=\"wp-block-image\">\n<figure class=\"alignleft size-full\"><img data-recalc-dims=\"1\" loading=\"lazy\" decoding=\"async\" width=\"940\" height=\"788\" src=\"https:\/\/i0.wp.com\/sitios.iztacala.unam.mx\/idiomas\/wp-content\/uploads\/sites\/26\/2025\/08\/beca_clinicas_cd.png?resize=940%2C788&#038;ssl=1\" alt=\"\" class=\"wp-image-1236\" srcset=\"https:\/\/i0.wp.com\/sitios.iztacala.unam.mx\/idiomas\/wp-content\/uploads\/sites\/26\/2025\/08\/beca_clinicas_cd.png?w=940&amp;ssl=1 940w, https:\/\/i0.wp.com\/sitios.iztacala.unam.mx\/idiomas\/wp-content\/uploads\/sites\/26\/2025\/08\/beca_clinicas_cd.png?resize=300%2C251&amp;ssl=1 300w, https:\/\/i0.wp.com\/sitios.iztacala.unam.mx\/idiomas\/wp-content\/uploads\/sites\/26\/2025\/08\/beca_clinicas_cd.png?resize=768%2C644&amp;ssl=1 768w\" sizes=\"auto, (max-width: 940px) 100vw, 940px\" \/><\/figure>\n<\/div><\/div>\n\n\n\n<div class=\"wp-block-column is-layout-flow wp-block-column-is-layout-flow\">\n<figure class=\"wp-block-image size-full\"><a href=\"https:\/\/forms.gle\/ntLnDDv1NHvdf3WP8\" target=\"_blank\" rel=\" noreferrer noopener\"><img data-recalc-dims=\"1\" loading=\"lazy\" decoding=\"async\" width=\"705\" height=\"591\" src=\"https:\/\/i0.wp.com\/sitios.iztacala.unam.mx\/idiomas\/wp-content\/uploads\/sites\/26\/2026\/05\/Inscripciones-2026-3-redes.png?resize=705%2C591&#038;ssl=1\" alt=\"\" class=\"wp-image-1680\" srcset=\"https:\/\/i0.wp.com\/sitios.iztacala.unam.mx\/idiomas\/wp-content\/uploads\/sites\/26\/2026\/05\/Inscripciones-2026-3-redes.png?w=705&amp;ssl=1 705w, https:\/\/i0.wp.com\/sitios.iztacala.unam.mx\/idiomas\/wp-content\/uploads\/sites\/26\/2026\/05\/Inscripciones-2026-3-redes.png?resize=300%2C251&amp;ssl=1 300w\" sizes=\"auto, (max-width: 705px) 100vw, 705px\" \/><\/a><\/figure>\n<\/div>\n<\/div>\n\n\n\n<h4 class=\"wp-block-heading has-text-color has-link-color has-large-font-size wp-elements-8bb0b3bb4e327bb900d4d41df680e532\" style=\"color:#d550e6\"><strong>Importante:<\/strong><\/h4>\n\n\n\n<ul class=\"wp-block-list\">\n<li>A partir del mes de mayo, una vez que recibas la respuesta de tu solicitud, <strong>podr\u00e1s realizar directamente en el SICEI tu inscripci\u00f3n con el descuento de cl\u00ednicas<\/strong>, ya no se les enviar\u00e1 la ficha para pagar por correo.<\/li>\n\n\n\n<li>Toda persona que llene el formulario se compromete a pagar ($700) dentro del periodo de inscripci\u00f3n, de lo contrario puede perder el .<\/li>\n<\/ul>\n\n\n\n<p class=\"has-text-align-center\">Consulta nuestro aviso de privacidad:<br><a href=\"https:\/\/www.iztacala.unam.mx\/ap.php\">https:\/\/www.iztacala.unam.mx\/ap.php<\/a><\/p>\n\n\n\n<p><\/p>\n","protected":false},"excerpt":{"rendered":"<p>Informaci\u00f3n general Si deseas tomar los cursos de ingl\u00e9s para titulaci\u00f3n y acudes a clases en cl\u00ednicas odontol\u00f3gicas \u00a1esta beca es para ti! Con el objetivo de facilitar el cumplimiento de tu requisito de titulaci\u00f3n e impulsar tus competencias en el dominio del ingl\u00e9s, el Departamento de Idiomas de la FES Iztacala te ofrece inscribirte &#8230; <a title=\"Beca para alumnos en cl\u00ednicas odontol\u00f3gicas\" class=\"read-more\" href=\"https:\/\/sitios.iztacala.unam.mx\/idiomas\/clinicas-cd\/\" aria-label=\"Leer m\u00e1s sobre Beca para alumnos en cl\u00ednicas odontol\u00f3gicas\">Read more<\/a><\/p>\n","protected":false},"author":27,"featured_media":0,"parent":0,"menu_order":0,"comment_status":"closed","ping_status":"closed","template":"","meta":{"footnotes":""},"class_list":["post-1226","page","type-page","status-publish"],"jetpack_sharing_enabled":true,"_links":{"self":[{"href":"https:\/\/sitios.iztacala.unam.mx\/idiomas\/wp-json\/wp\/v2\/pages\/1226","targetHints":{"allow":["GET"]}}],"collection":[{"href":"https:\/\/sitios.iztacala.unam.mx\/idiomas\/wp-json\/wp\/v2\/pages"}],"about":[{"href":"https:\/\/sitios.iztacala.unam.mx\/idiomas\/wp-json\/wp\/v2\/types\/page"}],"author":[{"embeddable":true,"href":"https:\/\/sitios.iztacala.unam.mx\/idiomas\/wp-json\/wp\/v2\/users\/27"}],"replies":[{"embeddable":true,"href":"https:\/\/sitios.iztacala.unam.mx\/idiomas\/wp-json\/wp\/v2\/comments?post=1226"}],"version-history":[{"count":31,"href":"https:\/\/sitios.iztacala.unam.mx\/idiomas\/wp-json\/wp\/v2\/pages\/1226\/revisions"}],"predecessor-version":[{"id":1726,"href":"https:\/\/sitios.iztacala.unam.mx\/idiomas\/wp-json\/wp\/v2\/pages\/1226\/revisions\/1726"}],"wp:attachment":[{"href":"https:\/\/sitios.iztacala.unam.mx\/idiomas\/wp-json\/wp\/v2\/media?parent=1226"}],"curies":[{"name":"wp","href":"https:\/\/api.w.org\/{rel}","templated":true}]}}