{"id":119,"date":"2024-02-06T18:09:13","date_gmt":"2024-02-06T18:09:13","guid":{"rendered":"https:\/\/sitios.iztacala.unam.mx\/idiomas\/?page_id=119"},"modified":"2025-08-27T22:17:26","modified_gmt":"2025-08-27T22:17:26","slug":"mediateca","status":"publish","type":"page","link":"https:\/\/sitios.iztacala.unam.mx\/idiomas\/mediateca\/","title":{"rendered":"Mediateca"},"content":{"rendered":"\n<h5 class=\"wp-block-heading has-accent-color has-text-color has-link-color wp-elements-ba0863d589f91712e2fc861ab8ac1280\"><strong>Presentaci\u00f3n<\/strong><\/h5>\n\n\n\n<p>Es un lugar donde podr\u00e1s practicar tu ingl\u00e9s o franc\u00e9s utilizando materiales multimedia para que la pr\u00e1ctica del idioma sea divertida. Podr\u00e1s desarrollar tus habilidades de lectura, pronunciaci\u00f3n, aprender\u00e1s gram\u00e1tica, incrementar\u00e1s tu vocabulario y podr\u00e1s hacer diversas actividades que te ayudar\u00e1n a dominar el idioma. Acude y solicita la ayuda de un asesor.<\/p>\n\n\n\n<p>La mediateca cuenta con computadoras con las que podr\u00e1s tener acceso a todos los materiales disponibles de audio, video, juegos, diccionarios y programas interactivos. Con ellos podr\u00e1s practicar seg\u00fan el nivel en que te encuentres, ya que todas las actividades est\u00e1n divididas en los 15 niveles del curso. Puedes acudir tambi\u00e9n para hacer tus actividades de la plataforma Iztaclassroom.<\/p>\n\n\n\n<p class=\"has-accent-color has-text-color has-link-color has-medium-font-size wp-elements-a591d8069ab6eeb7b6dacb55e6ed0561\"><strong>Asesor\u00eda<\/strong><\/p>\n\n\n\n<p>Si requieres de asesor\u00eda o m\u00e1s pr\u00e1ctica del idioma, puedes acudir con los asesores de mediateca en el horario de atenci\u00f3n. Ellos pueden darte asesor\u00eda personalizada, resolver tus dudas y guiarte en la pr\u00e1ctica de tu nivel <strong>sin costo adicional<\/strong>.<\/p>\n\n\n\n<p class=\"has-accent-color has-text-color has-link-color has-medium-font-size wp-elements-d4cc773cf2ce24fa43b452470d3f6b34\"><strong>Ubicaci\u00f3n<\/strong><\/p>\n\n\n\n<p>Primer piso de la Unidad Acad\u00e9mica de Tutor\u00edas y Educaci\u00f3n a Distancia (detr\u00e1s de la biblioteca)<\/p>\n\n\n\n<p class=\"has-accent-color has-text-color has-link-color has-medium-font-size wp-elements-d66ff5ad04a77df2bf285558dd65ecb6\"><strong>Horario de atenci\u00f3n<\/strong><\/p>\n\n\n\n<p>Lunes a jueves de 9:00 a 18:30 horas<\/p>\n\n\n\n<figure class=\"wp-block-image size-large is-resized\"><img data-recalc-dims=\"1\" loading=\"lazy\" decoding=\"async\" width=\"1024\" height=\"684\" src=\"https:\/\/i0.wp.com\/sitios.iztacala.unam.mx\/idiomas\/wp-content\/uploads\/sites\/26\/2024\/04\/Mediateca.jpeg?resize=1024%2C684&#038;ssl=1\" alt=\"\" class=\"wp-image-497\" style=\"width:729px;height:auto\" srcset=\"https:\/\/i0.wp.com\/sitios.iztacala.unam.mx\/idiomas\/wp-content\/uploads\/sites\/26\/2024\/04\/Mediateca.jpeg?resize=1024%2C684&amp;ssl=1 1024w, https:\/\/i0.wp.com\/sitios.iztacala.unam.mx\/idiomas\/wp-content\/uploads\/sites\/26\/2024\/04\/Mediateca.jpeg?resize=300%2C200&amp;ssl=1 300w, https:\/\/i0.wp.com\/sitios.iztacala.unam.mx\/idiomas\/wp-content\/uploads\/sites\/26\/2024\/04\/Mediateca.jpeg?resize=768%2C513&amp;ssl=1 768w, https:\/\/i0.wp.com\/sitios.iztacala.unam.mx\/idiomas\/wp-content\/uploads\/sites\/26\/2024\/04\/Mediateca.jpeg?w=1280&amp;ssl=1 1280w\" sizes=\"auto, (max-width: 1024px) 100vw, 1024px\" \/><\/figure>\n\n\n\n<div style=\"height:100px\" aria-hidden=\"true\" class=\"wp-block-spacer\"><\/div>\n\n\n\n<p class=\"has-accent-color has-text-color has-link-color wp-elements-b2dcdfe0bc69fcfc5c8a971df991e304\"><strong>Reglamento<\/strong><\/p>\n\n\n\n<p>Los usuarios de la mediateca:<\/p>\n\n\n\n<ol class=\"wp-block-list\">\n<li>Podr\u00e1n hacer uso de la mediateca si est\u00e1n inscritos en los cursos de Plan Global de Ingl\u00e9s o Franc\u00e9s del Departamento de Idiomas.<\/li>\n\n\n\n<li>El periodo de uso del equipo podr\u00e1 extenderse hasta por 1.5 hrs.<\/li>\n\n\n\n<li>Deber\u00e1n abstenerse de introducir alimentos y bebidas.<\/li>\n\n\n\n<li>Deber\u00e1n apagar su celular o mantenerlo en modo de vibraci\u00f3n.<\/li>\n\n\n\n<li>Deber\u00e1n guardar silencio, respeto y una adecuada conducta al hacer uso de las instalaciones y equipo.<\/li>\n\n\n\n<li>No deben introducir unidades extra\u00edbles a los equipos de c\u00f3mputo, en caso de ser sorprendido copiando archivos, se le restringir\u00e1 el acceso indefinidamente.<\/li>\n\n\n\n<li>No pueden instalar ning\u00fan tipo de software.<\/li>\n\n\n\n<li>No podr\u00e1n realizarse en este espacio actividades distintas a la pr\u00e1ctica del idioma.<\/li>\n\n\n\n<li>Deber\u00e1n reportar cualquier falla del equipo a los asesores.<\/li>\n\n\n\n<li>En caso de causar alg\u00fan da\u00f1o al equipo de c\u00f3mputo y\/o accesorios, o hacer mal uso de \u00e9stos, causar\u00e1 baja del curso de idiomas y se aplicar\u00e1n las sanciones determinadas por la unidad jur\u00eddica de la facultad.<\/li>\n\n\n\n<li>Deben respetar la decisi\u00f3n de los asesores, que por motivos t\u00e9cnicos o de saturaci\u00f3n de servicios, tengan que restringir la entrada.<\/li>\n\n\n\n<li>En periodo de aplicaci\u00f3n de ex\u00e1menes parciales o finales, el ingreso deber\u00e1 realizarse estrictamente en el horario de la clase.<\/li>\n\n\n\n<li>Para las asesor\u00edas personalizadas deber\u00e1s agendar una cita.<\/li>\n<\/ol>\n","protected":false},"excerpt":{"rendered":"<p>Presentaci\u00f3n Es un lugar donde podr\u00e1s practicar tu ingl\u00e9s o franc\u00e9s utilizando materiales multimedia para que la pr\u00e1ctica del idioma sea divertida. Podr\u00e1s desarrollar tus habilidades de lectura, pronunciaci\u00f3n, aprender\u00e1s gram\u00e1tica, incrementar\u00e1s tu vocabulario y podr\u00e1s hacer diversas actividades que te ayudar\u00e1n a dominar el idioma. Acude y solicita la ayuda de un asesor. La &#8230; <a title=\"Mediateca\" class=\"read-more\" href=\"https:\/\/sitios.iztacala.unam.mx\/idiomas\/mediateca\/\" aria-label=\"Leer m\u00e1s sobre Mediateca\">Read more<\/a><\/p>\n","protected":false},"author":27,"featured_media":0,"parent":0,"menu_order":0,"comment_status":"closed","ping_status":"closed","template":"","meta":{"footnotes":""},"class_list":["post-119","page","type-page","status-publish"],"jetpack_sharing_enabled":true,"_links":{"self":[{"href":"https:\/\/sitios.iztacala.unam.mx\/idiomas\/wp-json\/wp\/v2\/pages\/119","targetHints":{"allow":["GET"]}}],"collection":[{"href":"https:\/\/sitios.iztacala.unam.mx\/idiomas\/wp-json\/wp\/v2\/pages"}],"about":[{"href":"https:\/\/sitios.iztacala.unam.mx\/idiomas\/wp-json\/wp\/v2\/types\/page"}],"author":[{"embeddable":true,"href":"https:\/\/sitios.iztacala.unam.mx\/idiomas\/wp-json\/wp\/v2\/users\/27"}],"replies":[{"embeddable":true,"href":"https:\/\/sitios.iztacala.unam.mx\/idiomas\/wp-json\/wp\/v2\/comments?post=119"}],"version-history":[{"count":6,"href":"https:\/\/sitios.iztacala.unam.mx\/idiomas\/wp-json\/wp\/v2\/pages\/119\/revisions"}],"predecessor-version":[{"id":1271,"href":"https:\/\/sitios.iztacala.unam.mx\/idiomas\/wp-json\/wp\/v2\/pages\/119\/revisions\/1271"}],"wp:attachment":[{"href":"https:\/\/sitios.iztacala.unam.mx\/idiomas\/wp-json\/wp\/v2\/media?parent=119"}],"curies":[{"name":"wp","href":"https:\/\/api.w.org\/{rel}","templated":true}]}}