{"id":116,"date":"2024-02-06T18:08:20","date_gmt":"2024-02-06T18:08:20","guid":{"rendered":"https:\/\/sitios.iztacala.unam.mx\/idiomas\/?page_id=116"},"modified":"2026-02-28T00:06:07","modified_gmt":"2026-02-28T00:06:07","slug":"certificacionfce","status":"publish","type":"page","link":"https:\/\/sitios.iztacala.unam.mx\/idiomas\/certificacionfce\/","title":{"rendered":"Cursos para certificaci\u00f3n FCE"},"content":{"rendered":"\n<h5 class=\"wp-block-heading\"><strong>Preparaci\u00f3n FCE en la FES Iztacala<\/strong><\/h5>\n\n\n\n<p>El \u00ab<strong>First Certificate in English\u00bb<\/strong>&nbsp;es uno de los ex\u00e1menes de certificaci\u00f3n del dominio de ingl\u00e9s correspondiente al nivel intermedio-alto del Marco Com\u00fan Europeo. De acuerdo con la Universidad de Cambridge, aprobar este examen es&nbsp;<em>\u201cprueba de que se poseen las destrezas ling\u00fc\u00edsticas para vivir y estudiar en un pa\u00eds angl\u00f3fono\u201d<\/em>.<\/p>\n\n\n\n<p>Si poses nivel B2 o los 15 niveles de la FES Iztacala, te preparamos para que presentes el FCE en un cuatrimestre.<\/p>\n\n\n\n<h4 class=\"gb-headline gb-headline-a9c51c7c gb-headline-text\"><strong>Duraci\u00f3n y Horario<\/strong><\/h4>\n\n\n\n<p><strong>Duraci\u00f3n<\/strong>: cuatrimestral<\/p>\n\n\n\n<p><strong>Horario<\/strong>: S\u00e1bados de 09:00 a 14:00 hrs<\/p>\n\n\n\n<p><strong>Modalidad<\/strong>: presencial<\/p>\n\n\n\n<p><strong>Costo<\/strong>: $4,800<\/p>\n\n\n\n<h4 class=\"gb-headline gb-headline-8bde6db1 gb-headline-text\"><strong>Fechas de inscripci\u00f3n:<\/strong><\/h4>\n\n\n\n<figure class=\"wp-block-table\"><table><tbody><tr><td>Periodo<\/td><td>Pre-registro<\/td><td>Fechas<br>de entrevista<\/td><td>Inscripciones<\/td><td>Inicio<\/td><\/tr><tr><td>&nbsp;2026-2<\/td><td>Abierto hasta el 3 de marzo<\/td><td><br>4 y 5 de marzo<br><\/td><td>6 de marzo<\/td><td>7 de marzo<\/td><\/tr><\/tbody><\/table><figcaption class=\"wp-element-caption\">Para realizar tu pre- registro, da clic en el bot\u00f3n<\/figcaption><\/figure>\n\n\n\n<a class=\"gb-button gb-button-82b4d826 gb-button-text\" href=\"https:\/\/forms.gle\/W3oNdJNNrvoVz9y86\" target=\"_blank\" rel=\"noopener noreferrer\">Registro para entrevista<\/a>\n\n\n\n<p><\/p>\n","protected":false},"excerpt":{"rendered":"<p>Preparaci\u00f3n FCE en la FES Iztacala El \u00abFirst Certificate in English\u00bb&nbsp;es uno de los ex\u00e1menes de certificaci\u00f3n del dominio de ingl\u00e9s correspondiente al nivel intermedio-alto del Marco Com\u00fan Europeo. De acuerdo con la Universidad de Cambridge, aprobar este examen es&nbsp;\u201cprueba de que se poseen las destrezas ling\u00fc\u00edsticas para vivir y estudiar en un pa\u00eds angl\u00f3fono\u201d. &#8230; <a title=\"Cursos para certificaci\u00f3n FCE\" class=\"read-more\" href=\"https:\/\/sitios.iztacala.unam.mx\/idiomas\/certificacionfce\/\" aria-label=\"Leer m\u00e1s sobre Cursos para certificaci\u00f3n FCE\">Read more<\/a><\/p>\n","protected":false},"author":27,"featured_media":0,"parent":0,"menu_order":0,"comment_status":"closed","ping_status":"closed","template":"","meta":{"footnotes":""},"class_list":["post-116","page","type-page","status-publish"],"jetpack_sharing_enabled":true,"_links":{"self":[{"href":"https:\/\/sitios.iztacala.unam.mx\/idiomas\/wp-json\/wp\/v2\/pages\/116","targetHints":{"allow":["GET"]}}],"collection":[{"href":"https:\/\/sitios.iztacala.unam.mx\/idiomas\/wp-json\/wp\/v2\/pages"}],"about":[{"href":"https:\/\/sitios.iztacala.unam.mx\/idiomas\/wp-json\/wp\/v2\/types\/page"}],"author":[{"embeddable":true,"href":"https:\/\/sitios.iztacala.unam.mx\/idiomas\/wp-json\/wp\/v2\/users\/27"}],"replies":[{"embeddable":true,"href":"https:\/\/sitios.iztacala.unam.mx\/idiomas\/wp-json\/wp\/v2\/comments?post=116"}],"version-history":[{"count":21,"href":"https:\/\/sitios.iztacala.unam.mx\/idiomas\/wp-json\/wp\/v2\/pages\/116\/revisions"}],"predecessor-version":[{"id":1523,"href":"https:\/\/sitios.iztacala.unam.mx\/idiomas\/wp-json\/wp\/v2\/pages\/116\/revisions\/1523"}],"wp:attachment":[{"href":"https:\/\/sitios.iztacala.unam.mx\/idiomas\/wp-json\/wp\/v2\/media?parent=116"}],"curies":[{"name":"wp","href":"https:\/\/api.w.org\/{rel}","templated":true}]}}