{"id":1011,"date":"2025-02-26T20:00:59","date_gmt":"2025-02-26T20:00:59","guid":{"rendered":"https:\/\/sitios.iztacala.unam.mx\/idiomas\/?page_id=1011"},"modified":"2026-05-07T19:45:56","modified_gmt":"2026-05-07T19:45:56","slug":"curso-teens","status":"publish","type":"page","link":"https:\/\/sitios.iztacala.unam.mx\/idiomas\/curso-teens\/","title":{"rendered":"Curso para adolescentes (TEENS)"},"content":{"rendered":"\n<h2 class=\"wp-block-heading\">Alumnos de 12-14 a\u00f1os<\/h2>\n\n\n\n<h5 class=\"wp-block-heading has-accent-color has-text-color has-link-color has-large-font-size wp-elements-c9cfb2fe4a7354f306b767c8b7909304\"><strong>Informaci\u00f3n general<\/strong><\/h5>\n\n\n\n<h3 class=\"wp-block-heading\"><strong>\u00a1Bienvenido a tu curso de ingl\u00e9s  para Teens!<\/strong> \ud83c\udf89<\/h3>\n\n\n\n<p>Sabemos que aprender ingl\u00e9s es una de las habilidades m\u00e1s importantes para tu futuro, \u00a1y queremos hacerlo divertido y f\u00e1cil para ti! En este curso, mejorar\u00e1s tu ingl\u00e9s a trav\u00e9s de actividades interactivas, juegos, videos y clases en vivo con profesores expertos.<\/p>\n\n\n\n<p>\ud83c\udf0d <strong>\u00bfQu\u00e9 te espera en este curso?<\/strong><br>\u2705 Clases din\u00e1micas presenciales los s\u00e1bados con profesores expertos<br>\u2705 Actividades y juegos para aprender mientras te diviertes<br>\u2705 Pr\u00e1ctica de conversaci\u00f3n en situaciones reales con tus conpa\u00f1eros de grupo<\/p>\n\n\n\n<p>El programa de estudio ha sido dise\u00f1ado para la aplicaci\u00f3n pr\u00e1ctica del idioma, promoviendo situaciones de comunicaci\u00f3n real y el desarrollo de la confianza necesaria para interactuar en contextos cotidianos. Adem\u00e1s, este programa para j\u00f3venes de 12-14 a\u00f1os ha sido dosificado de manera diferente al curso de adultos, a fin de que promover un avance gradual sin saturar de contenido al alumno.<\/p>\n\n\n\n<p>Nuestro compromiso es brindar una experiencia de aprendizaje de alta calidad que prepare a los j\u00f3venes para enfrentar los desaf\u00edos del mundo globalizado, ampliando sus horizontes y abriendo nuevas oportunidades en el \u00e1mbito acad\u00e9mico y profesional.<\/p>\n\n\n\n<h5 class=\"wp-block-heading has-accent-color has-text-color has-link-color has-large-font-size wp-elements-e032cc912aca1ac5457c430b114e3024\"><strong>&nbsp;Fechas de inscripci\u00f3n<\/strong><\/h5>\n\n\n\n<figure class=\"wp-block-table is-style-stripes\"><table class=\"has-blush-light-purple-gradient-background has-background has-fixed-layout\"><thead><tr><th class=\"has-text-align-center\" data-align=\"center\">Inscripci\u00f3n<\/th><th class=\"has-text-align-center\" data-align=\"center\">Inicio del curso<\/th><\/tr><\/thead><tbody><tr><td class=\"has-text-align-center\" data-align=\"center\">4 al 13 de mayo 2026<\/td><td class=\"has-text-align-center\" data-align=\"center\">Sabatino: 16 de mayo 2026<\/td><\/tr><\/tbody><\/table><figcaption class=\"wp-element-caption\">Para ver el procedimientos de inscripci\u00f3n da clic&nbsp;<em><a href=\"https:\/\/sitios.iztacala.unam.mx\/idiomas\/sicei\/\">AQU\u00cd<\/a><\/em>. La inscripci\u00f3n <strong>se habilita a las 10 AM de la fecha se\u00f1alada<\/strong><\/figcaption><\/figure>\n\n\n\n<h5 class=\"wp-block-heading has-accent-color has-text-color has-link-color has-large-font-size wp-elements-cc16621677f7f281450222e8267348f3\"><strong>Modalidad<\/strong><\/h5>\n\n\n\n<p><strong>Presencial<\/strong> : S\u00e1bado de 9:00 a 13:00 horas<\/p>\n\n\n\n<p><\/p>\n\n\n\n<p class=\"has-accent-color has-text-color has-link-color has-large-font-size wp-elements-1e154f495f7b712082b62a9287fb9365\"><strong>Costo Bimestral<\/strong>: $1,730<\/p>\n\n\n\n<p class=\"has-text-color has-link-color has-large-font-size wp-elements-75c38a8dde1b68ca75dec546751177b1\" style=\"color:#be7ad7\"><strong>Costo con descuento<\/strong> con credencial de secundaria $1,320 (inscripci\u00f3n y pago en FES Iztacala)<\/p>\n\n\n\n<h5 class=\"wp-block-heading has-accent-color has-text-color has-link-color has-large-font-size wp-elements-adf89af8460d8ee9966c59a8afe54852\"><strong>Examen de colocaci\u00f3n<\/strong><\/h5>\n\n\n\n<p>&nbsp;Si ya tienes conocimientos del idiomas es necesario hacer el examen para conocer tu nivel antes de realizar tu inscripci\u00f3n al curso.&nbsp;<em><a href=\"https:\/\/sitios.iztacala.unam.mx\/idiomas\/exa-colocacion\/\">Ver la informaci\u00f3n del examen<\/a><\/em><\/p>\n\n\n\n<h2 class=\"wp-block-heading\"><strong><em>Notas:<\/em><\/strong><\/h2>\n\n\n\n<p><br>Los alumnos con Beca&nbsp;<strong>AAPAUNAM<\/strong>&nbsp;y&nbsp;<strong>STUNAM<\/strong>&nbsp;deben solicitar su inscripci\u00f3n llenando el formulario que se encuentra en la siguiente p\u00e1gina:&nbsp;<a href=\"https:\/\/sitios.iztacala.unam.mx\/idiomas\/becas\/\">Alumnos FESI \u2013 Becas<\/a><br><\/p>\n\n\n\n<p class=\"has-text-align-center\">Consulta nuestro aviso de privacidad:<br><a href=\"https:\/\/www.iztacala.unam.mx\/avisoprivacidad.php\">https:\/\/www.iztacala.unam.mx\/ap.php<\/a><\/p>\n\n\n\n<p><\/p>\n","protected":false},"excerpt":{"rendered":"<p>Alumnos de 12-14 a\u00f1os Informaci\u00f3n general \u00a1Bienvenido a tu curso de ingl\u00e9s para Teens! \ud83c\udf89 Sabemos que aprender ingl\u00e9s es una de las habilidades m\u00e1s importantes para tu futuro, \u00a1y queremos hacerlo divertido y f\u00e1cil para ti! En este curso, mejorar\u00e1s tu ingl\u00e9s a trav\u00e9s de actividades interactivas, juegos, videos y clases en vivo con &#8230; <a title=\"Curso para adolescentes (TEENS)\" class=\"read-more\" href=\"https:\/\/sitios.iztacala.unam.mx\/idiomas\/curso-teens\/\" aria-label=\"Leer m\u00e1s sobre Curso para adolescentes (TEENS)\">Read more<\/a><\/p>\n","protected":false},"author":27,"featured_media":0,"parent":0,"menu_order":0,"comment_status":"closed","ping_status":"closed","template":"","meta":{"footnotes":""},"class_list":["post-1011","page","type-page","status-publish"],"jetpack_sharing_enabled":true,"_links":{"self":[{"href":"https:\/\/sitios.iztacala.unam.mx\/idiomas\/wp-json\/wp\/v2\/pages\/1011","targetHints":{"allow":["GET"]}}],"collection":[{"href":"https:\/\/sitios.iztacala.unam.mx\/idiomas\/wp-json\/wp\/v2\/pages"}],"about":[{"href":"https:\/\/sitios.iztacala.unam.mx\/idiomas\/wp-json\/wp\/v2\/types\/page"}],"author":[{"embeddable":true,"href":"https:\/\/sitios.iztacala.unam.mx\/idiomas\/wp-json\/wp\/v2\/users\/27"}],"replies":[{"embeddable":true,"href":"https:\/\/sitios.iztacala.unam.mx\/idiomas\/wp-json\/wp\/v2\/comments?post=1011"}],"version-history":[{"count":21,"href":"https:\/\/sitios.iztacala.unam.mx\/idiomas\/wp-json\/wp\/v2\/pages\/1011\/revisions"}],"predecessor-version":[{"id":1702,"href":"https:\/\/sitios.iztacala.unam.mx\/idiomas\/wp-json\/wp\/v2\/pages\/1011\/revisions\/1702"}],"wp:attachment":[{"href":"https:\/\/sitios.iztacala.unam.mx\/idiomas\/wp-json\/wp\/v2\/media?parent=1011"}],"curies":[{"name":"wp","href":"https:\/\/api.w.org\/{rel}","templated":true}]}}