{"id":408,"date":"2023-03-24T15:24:53","date_gmt":"2023-03-24T15:24:53","guid":{"rendered":"https:\/\/sitios.iztacala.unam.mx\/cinig\/?page_id=408"},"modified":"2025-09-07T05:04:38","modified_gmt":"2025-09-07T05:04:38","slug":"directorio","status":"publish","type":"page","link":"https:\/\/sitios.iztacala.unam.mx\/cinig\/directorio\/","title":{"rendered":"INTEGRANTES"},"content":{"rendered":"\n<p><strong>Dra. Mar\u00eda del Coro Arizmendi Arriaga<\/strong><br>Directora de la Facultad de Estudios Superiores Iztacala y titular de la CInIG.<\/p>\n\n\n\n<p><strong>Dra. Betsy Flores Atilano<\/strong><br>Jefa de la Carrera de Enfermer\u00eda y Representante de la titular<\/p>\n\n\n\n<p><strong><strong>Lic. Itzel Sarah\u00ed Cruz P\u00e9rez<\/strong><\/strong><br>Secretaria de la CInIG y Representante del Sector Acad\u00e9mico.<\/p>\n\n\n\n<p><strong><strong><strong>Mtra. Dinora Valadez D\u00edaz<\/strong><\/strong><\/strong><br>Representante del Honorable Consejo T\u00e9cnico (HCT).<\/p>\n\n\n\n<p><strong><strong><strong>Lic. Karla Sof\u00eda Arvizu Becerra<\/strong><\/strong><\/strong><br>Representante del Sector Administrativo, v\u00ednculo con la Comisi\u00f3n Local de Seguridad y con la Secretar\u00eda de Desarrollo y Relaciones Institucionales (SDRI).<\/p>\n\n\n\n<p><strong><strong><strong><strong>Mtra. Danae Soriano Valtierra<\/strong><\/strong><\/strong><\/strong><br>Coordinadora de la Estrategia de Orientaci\u00f3n en la Diversidad Sexual del Centro de Apoyo y Orientaci\u00f3n para Estudiantes (CAOPE) y Acad\u00e9mica.<\/p>\n\n\n\n<p><strong><strong><strong><strong>Mtra. Analaura Reyes P\u00e9rez<\/strong><\/strong><\/strong><\/strong><br>Responsable de la Sala de Lactancia Iztacala y Acad\u00e9mica.<\/p>\n\n\n\n<p><strong><strong><strong><strong><strong>Mtro. Guillermo Antonio Morales Escobedo<\/strong><\/strong><\/strong><\/strong><\/strong><br>Acad\u00e9mico.<\/p>\n\n\n\n<p><strong><strong><strong><strong><strong><strong>Mtra. Mar\u00eda Del Rosario Guzm\u00e1n Rodr\u00edguez<\/strong><\/strong><\/strong><\/strong><\/strong><\/strong><br>Integrante del Programa Institucional de Investigaci\u00f3n y Atenci\u00f3n a la Violencia (PIIAV), Coordinadora del \u00c1rea de Servicio Social y Pr\u00e1ctica Profesional y Formaci\u00f3n y Capacitaci\u00f3n de Terapeutas Especializados y Acad\u00e9mica.<\/p>\n\n\n\n<p><strong><strong><strong><strong><strong><strong>Dra. Montserrat Soriano Chavero<\/strong><\/strong><\/strong><\/strong><\/strong><\/strong><br>Acad\u00e9mica.<\/p>\n\n\n\n<p><strong><strong><strong><strong><strong><strong><strong>Mtro. Oscar Sotomayor Flores<\/strong><\/strong><\/strong><\/strong><\/strong><\/strong><\/strong><br>Integrante del Laboratorio de Investigaci\u00f3n Interdisciplinaria sobre Cuerpo, Emociones y G\u00e9nero (LIICEG) y Acad\u00e9mico.<\/p>\n\n\n\n<p><strong><strong><strong><strong><strong><strong><strong>Dra. Mar\u00eda Alejandra Salguero Vel\u00e1zquez<\/strong><\/strong><\/strong><\/strong><\/strong><\/strong><\/strong><br>Acad\u00e9mica y Experta invitada.<\/p>\n\n\n\n<p><strong><strong><strong><strong><strong><strong><strong><strong>Dra. Mar\u00eda Antonieta Dorantes G\u00f3mez<\/strong><\/strong><\/strong><\/strong><\/strong><\/strong><\/strong><\/strong><br>Coordinadora del Programa Institucional de Estudios de G\u00e9nero de la FES Iztacala (PIEGI).<\/p>\n\n\n\n<p><strong><strong><strong><strong><strong><strong><strong><strong><strong>Dra. Alba Luz Robles Mendoza<\/strong><\/strong><\/strong><\/strong><\/strong><\/strong><\/strong><\/strong><\/strong><br>Persona Orientadora Comunitaria (POC). Acad\u00e9mica e Integrante del Programa Institucional de Estudios de G\u00e9nero de la FES Iztacala (PIEGI).<\/p>\n\n\n\n<p><strong><strong><strong><strong><strong><strong><strong><strong><strong>Mtra. Norma Rodr\u00edguez Cort\u00e9s<\/strong><\/strong><\/strong><\/strong><\/strong><\/strong><\/strong><\/strong><\/strong><br>Integrante del Programa Institucional de Estudios de G\u00e9nero de la FES Iztacala (PIEGI), Integrante del Programa Humanistas, G\u00e9nero y Diversidades (HumaGenDi) y Acad\u00e9mica.<\/p>\n\n\n\n<p><strong><strong><strong>Dra. Mar\u00eda Kenia Porras Oropeza<\/strong><\/strong><\/strong><br>Coordinadora de la Estrategia C\u00edrculos de Aprendizaje Interpersonal para mujeres (CAI Mujeres), integrante del Programa Humanistas, G\u00e9nero y Diversidades (HumaGenDi), miembro del Programa Institucional de Estudios de G\u00e9nero de la FES Iztacala (PIEGI) y Acad\u00e9mica.<\/p>\n\n\n\n<p><strong><strong><strong>Dra. Laura Evelia Torres Vel\u00e1zquez<\/strong><\/strong><\/strong><br>Acad\u00e9mica y Experta invitada.<\/p>\n\n\n\n<p><strong><strong><strong><strong>Dra. Oliva L\u00f3pez S\u00e1nchez<\/strong><\/strong><\/strong><\/strong><br>Integrante del Laboratorio de Investigaci\u00f3n Interdisciplinaria sobre Cuerpo, Emociones y G\u00e9nero (LIICEG) y Acad\u00e9mica.<\/p>\n\n\n\n<p><strong><strong><strong><strong>Mtra. Karla Mar\u00eda Gonz\u00e1lez Mancera<\/strong><\/strong><\/strong><\/strong><br>Integrante del Programa Institucional de Estudios de G\u00e9nero de la FES Iztacala (PIEGI) y Acad\u00e9mica.<\/p>\n\n\n\n<p><strong><strong><strong><strong><strong>Mtra. Brenda Admin Gonz\u00e1lez Mu\u00f1oz<\/strong><\/strong><\/strong><\/strong><\/strong><br>Integrante del Programa Institucional de Investigaci\u00f3n y Atenci\u00f3n a la Violencia (PIIAV) y Acad\u00e9mica.<\/p>\n\n\n\n<p><strong><strong><strong><strong><strong><strong>Mtra. Rosalba Hern\u00e1ndez Valdivia<\/strong><\/strong><\/strong><\/strong><\/strong><\/strong><br>Responsable del Grupo Institucional de Diversidad Sexual, integrante del Programa Humanistas, G\u00e9nero y Diversidades (HumaGenDi) y Acad\u00e9mica.<\/p>\n\n\n\n<p><strong><strong><strong><strong><strong><strong><strong>Mtra. Ver\u00f3nica Flores Huerta<\/strong><\/strong><\/strong><\/strong><\/strong><\/strong><\/strong><br>Integrante del Laboratorio de Investigaci\u00f3n Interdisciplinaria sobre Cuerpo, Emociones y G\u00e9nero (LIICEG) y Acad\u00e9mica.<\/p>\n\n\n\n<p><strong><strong><strong><strong><strong><strong><strong><strong>Lic. Karina Araiza Chanona<\/strong><\/strong><\/strong><\/strong><\/strong><\/strong><\/strong><\/strong><br>Integrante de Coordinaci\u00f3n de Promoci\u00f3n Cultural y Divulgaci\u00f3n de la Ciencia.<\/p>\n\n\n\n<p><strong><strong><strong><strong><strong><strong><strong><strong><strong>Lic. Rosa Hilda Rivera Garc\u00eda<\/strong><\/strong><\/strong><\/strong><\/strong><\/strong><\/strong><\/strong><\/strong><br>Integrante de Coordinaci\u00f3n de Promoci\u00f3n Cultural y Divulgaci\u00f3n de la Ciencia<\/p>\n\n\n\n<p><strong><strong><strong><strong><strong><strong><strong><strong>P.S.S. Jennyfer Nahomy Hern\u00e1ndez Medina<\/strong><\/strong><\/strong><\/strong><\/strong><\/strong><\/strong><\/strong><br>Prestadora de Servicio Social del Programa Institucional de Investigaci\u00f3n y Atenci\u00f3n a la Violencia (PIIAV) (Sector estudiantil).<\/p>\n\n\n\n<div class=\"wp-block-columns has-background is-layout-flex wp-container-core-columns-is-layout-9d6595d7 wp-block-columns-is-layout-flex\" style=\"background-color:#fff1ff\">\n<div class=\"wp-block-column is-layout-flow wp-block-column-is-layout-flow\" style=\"flex-basis:66.66%\">\n<p><strong>Pen\u00e9lope Mariana Amador M\u00e1rquez<\/strong><\/p>\n\n\n\n<p>Representante del Sector Estudiantil<\/p>\n<\/div>\n\n\n\n<div class=\"wp-block-column is-layout-flow wp-block-column-is-layout-flow\" style=\"flex-basis:33.33%\">\n<p class=\"has-text-align-center\"><a href=\"https:\/\/sitios.iztacala.unam.mx\/cinig\/representantes-del-sector-estudiantil\/\">CON\u00d3CENOS<\/a><\/p>\n<\/div>\n<\/div>\n\n\n\n<div class=\"wp-block-columns has-background is-layout-flex wp-container-core-columns-is-layout-9d6595d7 wp-block-columns-is-layout-flex\" style=\"background-color:#fff1ff\">\n<div class=\"wp-block-column is-layout-flow wp-block-column-is-layout-flow\" style=\"flex-basis:66.66%\">\n<p><strong>Luis Arturo Jasso Dom\u00ednguez<\/strong><\/p>\n\n\n\n<p>Representante del Sector Estudiantil, Carrera de Cirujano Dentista.<\/p>\n<\/div>\n\n\n\n<div class=\"wp-block-column is-layout-flow wp-block-column-is-layout-flow\" style=\"flex-basis:33.33%\">\n<p class=\"has-text-align-center\"><a href=\"https:\/\/sitios.iztacala.unam.mx\/cinig\/representantes-del-sector-estudiantil\/\">CON\u00d3CENOS<\/a><\/p>\n<\/div>\n<\/div>\n\n\n\n<div class=\"wp-block-columns has-background is-layout-flex wp-container-core-columns-is-layout-9d6595d7 wp-block-columns-is-layout-flex\" style=\"background-color:#fff1ff\">\n<div class=\"wp-block-column is-layout-flow wp-block-column-is-layout-flow\" style=\"flex-basis:66.66%\">\n<p><strong>Kelly L\u00f3pez Gonz\u00e1lez<\/strong><\/p>\n\n\n\n<p>Representante del Sector Estudiantil, Carrera de Enfermer\u00eda.<\/p>\n<\/div>\n\n\n\n<div class=\"wp-block-column is-layout-flow wp-block-column-is-layout-flow\" style=\"flex-basis:33.33%\">\n<p class=\"has-text-align-center\"><a href=\"https:\/\/sitios.iztacala.unam.mx\/cinig\/representantes-del-sector-estudiantil\/\">CON\u00d3CENOS<\/a><\/p>\n<\/div>\n<\/div>\n\n\n\n<div class=\"wp-block-columns has-background is-layout-flex wp-container-core-columns-is-layout-9d6595d7 wp-block-columns-is-layout-flex\" style=\"background-color:#fff1ff\">\n<div class=\"wp-block-column is-layout-flow wp-block-column-is-layout-flow\" style=\"flex-basis:66.66%\">\n<p><strong>Am\u00e9rica Luc\u00eda Col\u00edn Campos<\/strong><\/p>\n\n\n\n<p>Representante del Sector Estudiantil, Carrera de M\u00e9dico Cirujano.<\/p>\n<\/div>\n\n\n\n<div class=\"wp-block-column is-layout-flow wp-block-column-is-layout-flow\" style=\"flex-basis:33.33%\">\n<p class=\"has-text-align-center\"> <a href=\"https:\/\/sitios.iztacala.unam.mx\/cinig\/representantes-del-sector-estudiantil\/\">CON\u00d3CENOS <\/a><\/p>\n<\/div>\n<\/div>\n\n\n\n<div class=\"wp-block-columns has-background is-layout-flex wp-container-core-columns-is-layout-9d6595d7 wp-block-columns-is-layout-flex\" style=\"background-color:#fff1ff\">\n<div class=\"wp-block-column is-layout-flow wp-block-column-is-layout-flow\" style=\"flex-basis:66.66%\">\n<p><strong>Jos\u00e9 Luis Gonz\u00e1lez Arriaga<\/strong><\/p>\n\n\n\n<p>Representante del Sector Estudiantil, Carrera de Optometr\u00eda.<\/p>\n<\/div>\n\n\n\n<div class=\"wp-block-column is-layout-flow wp-block-column-is-layout-flow\" style=\"flex-basis:33.33%\">\n<p class=\"has-text-align-center\"> <a href=\"https:\/\/sitios.iztacala.unam.mx\/cinig\/representantes-del-sector-estudiantil\/\">CON\u00d3CENOS <\/a><\/p>\n<\/div>\n<\/div>\n\n\n\n<div class=\"wp-block-columns has-background is-layout-flex wp-container-core-columns-is-layout-9d6595d7 wp-block-columns-is-layout-flex\" style=\"background-color:#fff1ff\">\n<div class=\"wp-block-column is-layout-flow wp-block-column-is-layout-flow\" style=\"flex-basis:66.66%\">\n<p><strong>Ailin Villanueva Iriarte<\/strong><\/p>\n\n\n\n<p>Representante del Sector Estudiantil, Carrera de Psicolog\u00eda.<\/p>\n<\/div>\n\n\n\n<div class=\"wp-block-column is-layout-flow wp-block-column-is-layout-flow\" style=\"flex-basis:33.33%\">\n<p class=\"has-text-align-center\"> <a href=\"https:\/\/sitios.iztacala.unam.mx\/cinig\/representantes-del-sector-estudiantil\/\">CON\u00d3CENOS <\/a><\/p>\n<\/div>\n<\/div>\n\n\n\n<div class=\"wp-block-columns has-background is-layout-flex wp-container-core-columns-is-layout-9d6595d7 wp-block-columns-is-layout-flex\" style=\"background-color:#fff1ff\">\n<div class=\"wp-block-column is-layout-flow wp-block-column-is-layout-flow\" style=\"flex-basis:66.66%\">\n<p><strong>Sara Huerta Chac\u00f3n<\/strong><\/p>\n\n\n\n<p>Representante del Sector Estudiantil, Carrera de Psicolog\u00eda.<\/p>\n<\/div>\n\n\n\n<div class=\"wp-block-column is-layout-flow wp-block-column-is-layout-flow\" style=\"flex-basis:33.33%\">\n<p class=\"has-text-align-center\"> <a href=\"https:\/\/sitios.iztacala.unam.mx\/cinig\/representantes-del-sector-estudiantil\/\">CON\u00d3CENOS <\/a><\/p>\n<\/div>\n<\/div>\n","protected":false},"excerpt":{"rendered":"<p>Dra. Mar\u00eda del Coro Arizmendi ArriagaDirectora de la Facultad de Estudios Superiores Iztacala y titular de la CInIG. Dra. Betsy Flores AtilanoJefa de la Carrera de Enfermer\u00eda y Representante de la titular Lic. Itzel Sarah\u00ed Cruz P\u00e9rezSecretaria de la CInIG y Representante del Sector Acad\u00e9mico. Mtra. Dinora Valadez D\u00edazRepresentante del Honorable Consejo T\u00e9cnico (HCT). Lic. &#8230; <a title=\"INTEGRANTES\" class=\"read-more\" href=\"https:\/\/sitios.iztacala.unam.mx\/cinig\/directorio\/\" aria-label=\"Leer m\u00e1s sobre INTEGRANTES\">Read more<\/a><\/p>\n","protected":false},"author":2,"featured_media":0,"parent":0,"menu_order":0,"comment_status":"closed","ping_status":"closed","template":"","meta":{"footnotes":""},"class_list":["post-408","page","type-page","status-publish"],"jetpack_sharing_enabled":true,"_links":{"self":[{"href":"https:\/\/sitios.iztacala.unam.mx\/cinig\/wp-json\/wp\/v2\/pages\/408","targetHints":{"allow":["GET"]}}],"collection":[{"href":"https:\/\/sitios.iztacala.unam.mx\/cinig\/wp-json\/wp\/v2\/pages"}],"about":[{"href":"https:\/\/sitios.iztacala.unam.mx\/cinig\/wp-json\/wp\/v2\/types\/page"}],"author":[{"embeddable":true,"href":"https:\/\/sitios.iztacala.unam.mx\/cinig\/wp-json\/wp\/v2\/users\/2"}],"replies":[{"embeddable":true,"href":"https:\/\/sitios.iztacala.unam.mx\/cinig\/wp-json\/wp\/v2\/comments?post=408"}],"version-history":[{"count":8,"href":"https:\/\/sitios.iztacala.unam.mx\/cinig\/wp-json\/wp\/v2\/pages\/408\/revisions"}],"predecessor-version":[{"id":563,"href":"https:\/\/sitios.iztacala.unam.mx\/cinig\/wp-json\/wp\/v2\/pages\/408\/revisions\/563"}],"wp:attachment":[{"href":"https:\/\/sitios.iztacala.unam.mx\/cinig\/wp-json\/wp\/v2\/media?parent=408"}],"curies":[{"name":"wp","href":"https:\/\/api.w.org\/{rel}","templated":true}]}}