{"id":327,"date":"2022-10-18T16:53:43","date_gmt":"2022-10-18T16:53:43","guid":{"rendered":"https:\/\/sitios.iztacala.unam.mx\/cinig\/?page_id=327"},"modified":"2025-10-02T22:59:36","modified_gmt":"2025-10-02T22:59:36","slug":"documentacion","status":"publish","type":"page","link":"https:\/\/sitios.iztacala.unam.mx\/cinig\/documentacion\/","title":{"rendered":"DOCUMENTACI\u00d3N"},"content":{"rendered":"\n<div class=\"wp-block-columns is-layout-flex wp-container-core-columns-is-layout-9d6595d7 wp-block-columns-is-layout-flex\">\n<div class=\"wp-block-column is-layout-flow wp-block-column-is-layout-flow\"><div class=\"wp-block-image\">\n<figure class=\"aligncenter size-large is-resized\"><a href=\"https:\/\/sitios.iztacala.unam.mx\/cinig\/wp-content\/uploads\/sites\/13\/2023\/03\/Acciones_fesi2023.pdf\"><img loading=\"lazy\" decoding=\"async\" width=\"1024\" height=\"535\" src=\"https:\/\/sitios.iztacala.unam.mx\/cinig\/wp-content\/uploads\/sites\/13\/2023\/03\/BASE_IDs_cinig_ACCIONES-1024x535.jpg\" alt=\"\" class=\"wp-image-420\" style=\"width:256px;height:134px\" srcset=\"https:\/\/sitios.iztacala.unam.mx\/cinig\/wp-content\/uploads\/sites\/13\/2023\/03\/BASE_IDs_cinig_ACCIONES-1024x535.jpg 1024w, https:\/\/sitios.iztacala.unam.mx\/cinig\/wp-content\/uploads\/sites\/13\/2023\/03\/BASE_IDs_cinig_ACCIONES-300x157.jpg 300w, https:\/\/sitios.iztacala.unam.mx\/cinig\/wp-content\/uploads\/sites\/13\/2023\/03\/BASE_IDs_cinig_ACCIONES-768x401.jpg 768w, https:\/\/sitios.iztacala.unam.mx\/cinig\/wp-content\/uploads\/sites\/13\/2023\/03\/BASE_IDs_cinig_ACCIONES.jpg 1200w\" sizes=\"auto, (max-width: 1024px) 100vw, 1024px\" \/><\/a><figcaption class=\"wp-element-caption\"><a href=\"https:\/\/sitios.iztacala.unam.mx\/cinig\/wp-content\/uploads\/sites\/13\/2023\/03\/Acciones_fesi2023.pdf\">Reporte: Acciones realizadas para la prevenci\u00f3n, atenci\u00f3n y erradicaci\u00f3n de la violencia por razones de g\u00e9nero en la FES Iztacala<\/a><\/figcaption><\/figure>\n<\/div><\/div>\n\n\n\n<div class=\"wp-block-column is-layout-flow wp-block-column-is-layout-flow\">\n<p><\/p>\n<\/div>\n<\/div>\n\n\n\n<div class=\"wp-block-columns is-layout-flex wp-container-core-columns-is-layout-9d6595d7 wp-block-columns-is-layout-flex\">\n<div class=\"wp-block-column is-layout-flow wp-block-column-is-layout-flow\"><div class=\"wp-block-image\">\n<figure class=\"aligncenter size-large is-resized\"><img loading=\"lazy\" decoding=\"async\" width=\"1024\" height=\"535\" src=\"https:\/\/sitios.iztacala.unam.mx\/cinig\/wp-content\/uploads\/sites\/13\/2022\/10\/ID_herramientasdocentes-1024x535.jpg\" alt=\"\" class=\"wp-image-323\" style=\"width:256px;height:134px\" srcset=\"https:\/\/sitios.iztacala.unam.mx\/cinig\/wp-content\/uploads\/sites\/13\/2022\/10\/ID_herramientasdocentes-1024x535.jpg 1024w, https:\/\/sitios.iztacala.unam.mx\/cinig\/wp-content\/uploads\/sites\/13\/2022\/10\/ID_herramientasdocentes-300x157.jpg 300w, https:\/\/sitios.iztacala.unam.mx\/cinig\/wp-content\/uploads\/sites\/13\/2022\/10\/ID_herramientasdocentes-768x401.jpg 768w, https:\/\/sitios.iztacala.unam.mx\/cinig\/wp-content\/uploads\/sites\/13\/2022\/10\/ID_herramientasdocentes.jpg 1200w\" sizes=\"auto, (max-width: 1024px) 100vw, 1024px\" \/><figcaption class=\"wp-element-caption\"><a href=\"https:\/\/sitios.iztacala.unam.mx\/cinig\/wp-content\/uploads\/sites\/13\/2022\/10\/Herramientas_docentes.pdf\">Herramientas para una docencia<br>IGUALITARIA E INCLUYENTE<\/a><\/figcaption><\/figure>\n<\/div><\/div>\n\n\n\n<div class=\"wp-block-column is-layout-flow wp-block-column-is-layout-flow\"><div class=\"wp-block-image\">\n<figure class=\"aligncenter size-large is-resized\"><a href=\"https:\/\/sitios.iztacala.unam.mx\/cinig\/wp-content\/uploads\/sites\/13\/2022\/10\/Glosario_politicas.pdf\"><img loading=\"lazy\" decoding=\"async\" width=\"1024\" height=\"535\" src=\"https:\/\/sitios.iztacala.unam.mx\/cinig\/wp-content\/uploads\/sites\/13\/2022\/10\/ID_glosario-1024x535.jpg\" alt=\"\" class=\"wp-image-325\" style=\"width:256px;height:134px\" srcset=\"https:\/\/sitios.iztacala.unam.mx\/cinig\/wp-content\/uploads\/sites\/13\/2022\/10\/ID_glosario-1024x535.jpg 1024w, https:\/\/sitios.iztacala.unam.mx\/cinig\/wp-content\/uploads\/sites\/13\/2022\/10\/ID_glosario-300x157.jpg 300w, https:\/\/sitios.iztacala.unam.mx\/cinig\/wp-content\/uploads\/sites\/13\/2022\/10\/ID_glosario-768x401.jpg 768w, https:\/\/sitios.iztacala.unam.mx\/cinig\/wp-content\/uploads\/sites\/13\/2022\/10\/ID_glosario.jpg 1200w\" sizes=\"auto, (max-width: 1024px) 100vw, 1024px\" \/><\/a><figcaption class=\"wp-element-caption\"><a href=\"https:\/\/sitios.iztacala.unam.mx\/cinig\/wp-content\/uploads\/sites\/13\/2022\/10\/Glosario_politicas.pdf\">GLOSARIO:<br>IGUALDAD DE G\u00c9NERO<\/a><br><\/figcaption><\/figure>\n<\/div>\n\n\n<p><\/p>\n<\/div>\n<\/div>\n\n\n\n<div class=\"wp-block-columns is-layout-flex wp-container-core-columns-is-layout-9d6595d7 wp-block-columns-is-layout-flex\">\n<div class=\"wp-block-column is-layout-flow wp-block-column-is-layout-flow\"><div class=\"wp-block-image\">\n<figure class=\"aligncenter size-large is-resized\"><img loading=\"lazy\" decoding=\"async\" width=\"1024\" height=\"535\" src=\"https:\/\/sitios.iztacala.unam.mx\/cinig\/wp-content\/uploads\/sites\/13\/2022\/10\/ID_declaracion-1024x535.jpg\" alt=\"\" class=\"wp-image-328\" style=\"width:256px;height:134px\" srcset=\"https:\/\/sitios.iztacala.unam.mx\/cinig\/wp-content\/uploads\/sites\/13\/2022\/10\/ID_declaracion-1024x535.jpg 1024w, https:\/\/sitios.iztacala.unam.mx\/cinig\/wp-content\/uploads\/sites\/13\/2022\/10\/ID_declaracion-300x157.jpg 300w, https:\/\/sitios.iztacala.unam.mx\/cinig\/wp-content\/uploads\/sites\/13\/2022\/10\/ID_declaracion-768x401.jpg 768w, https:\/\/sitios.iztacala.unam.mx\/cinig\/wp-content\/uploads\/sites\/13\/2022\/10\/ID_declaracion.jpg 1200w\" sizes=\"auto, (max-width: 1024px) 100vw, 1024px\" \/><figcaption class=\"wp-element-caption\"><a href=\"https:\/\/sitios.iztacala.unam.mx\/cinig\/wp-content\/uploads\/sites\/13\/2022\/11\/4.-Declaratoria-Cero-Tolerancia-25N-2022-1.pdf\">DECLARACI\u00d3N<br>Tolerancia cero hacia<br>la violencia de g\u00e9nero<br>en las universidades<\/a><\/figcaption><\/figure>\n<\/div><\/div>\n\n\n\n<div class=\"wp-block-column is-layout-flow wp-block-column-is-layout-flow\"><div class=\"wp-block-image\">\n<figure class=\"aligncenter size-large is-resized\"><img loading=\"lazy\" decoding=\"async\" width=\"1024\" height=\"535\" src=\"https:\/\/sitios.iztacala.unam.mx\/cinig\/wp-content\/uploads\/sites\/13\/2022\/11\/ID_ptotocoloviolencia-1024x535.jpg\" alt=\"\" class=\"wp-image-348\" style=\"width:256px;height:134px\" srcset=\"https:\/\/sitios.iztacala.unam.mx\/cinig\/wp-content\/uploads\/sites\/13\/2022\/11\/ID_ptotocoloviolencia-1024x535.jpg 1024w, https:\/\/sitios.iztacala.unam.mx\/cinig\/wp-content\/uploads\/sites\/13\/2022\/11\/ID_ptotocoloviolencia-300x157.jpg 300w, https:\/\/sitios.iztacala.unam.mx\/cinig\/wp-content\/uploads\/sites\/13\/2022\/11\/ID_ptotocoloviolencia-768x401.jpg 768w, https:\/\/sitios.iztacala.unam.mx\/cinig\/wp-content\/uploads\/sites\/13\/2022\/11\/ID_ptotocoloviolencia.jpg 1200w\" sizes=\"auto, (max-width: 1024px) 100vw, 1024px\" \/><figcaption class=\"wp-element-caption\"><a href=\"https:\/\/sitios.iztacala.unam.mx\/cinig\/wp-content\/uploads\/sites\/13\/2025\/10\/221117-suplemento-protocolo-para-atencion-integral-de-violencia-por-razones-de-genero.pdf\" data-type=\"link\" data-id=\"https:\/\/sitios.iztacala.unam.mx\/cinig\/wp-content\/uploads\/sites\/13\/2025\/10\/221117-suplemento-protocolo-para-atencion-integral-de-violencia-por-razones-de-genero.pdf\">Protocolo: Atenci\u00f3n integral de casos de violencia por razones de genero en la UNAM.<br><\/a><\/figcaption><\/figure>\n<\/div>\n\n\n<p><\/p>\n<\/div>\n<\/div>\n\n\n\n<div class=\"wp-block-columns is-layout-flex wp-container-core-columns-is-layout-9d6595d7 wp-block-columns-is-layout-flex\">\n<div class=\"wp-block-column is-layout-flow wp-block-column-is-layout-flow\"><div class=\"wp-block-image\">\n<figure class=\"aligncenter size-large is-resized\"><a href=\"https:\/\/sitios.iztacala.unam.mx\/cinig\/wp-content\/uploads\/sites\/13\/2022\/11\/2.-Resumen-Protocolo-para-la-atencioin-Integral-de-Casos-de-Violencia-por-Razones-de-Geinero.pdf\"><img loading=\"lazy\" decoding=\"async\" width=\"1024\" height=\"535\" src=\"https:\/\/sitios.iztacala.unam.mx\/cinig\/wp-content\/uploads\/sites\/13\/2022\/11\/ID_doc2-1024x535.jpg\" alt=\"\" class=\"wp-image-366\" style=\"width:256px;height:134px\" srcset=\"https:\/\/sitios.iztacala.unam.mx\/cinig\/wp-content\/uploads\/sites\/13\/2022\/11\/ID_doc2-1024x535.jpg 1024w, https:\/\/sitios.iztacala.unam.mx\/cinig\/wp-content\/uploads\/sites\/13\/2022\/11\/ID_doc2-300x157.jpg 300w, https:\/\/sitios.iztacala.unam.mx\/cinig\/wp-content\/uploads\/sites\/13\/2022\/11\/ID_doc2-768x401.jpg 768w, https:\/\/sitios.iztacala.unam.mx\/cinig\/wp-content\/uploads\/sites\/13\/2022\/11\/ID_doc2.jpg 1200w\" sizes=\"auto, (max-width: 1024px) 100vw, 1024px\" \/><\/a><figcaption class=\"wp-element-caption\"><a href=\"https:\/\/sitios.iztacala.unam.mx\/cinig\/wp-content\/uploads\/sites\/13\/2022\/11\/2.-Resumen-Protocolo-para-la-atencioin-Integral-de-Casos-de-Violencia-por-Razones-de-Geinero.pdf\">Resumen: Protocolo para la atenci\u00f3n integral de casos de violencia por razones de genero.<\/a><\/figcaption><\/figure>\n<\/div><\/div>\n\n\n\n<div class=\"wp-block-column is-layout-flow wp-block-column-is-layout-flow\"><div class=\"wp-block-image\">\n<figure class=\"aligncenter size-large is-resized\"><a href=\"https:\/\/sitios.iztacala.unam.mx\/cinig\/wp-content\/uploads\/sites\/13\/2022\/11\/5.-Punteo-Acciones-UNAM.pdf\"><img loading=\"lazy\" decoding=\"async\" width=\"1024\" height=\"535\" src=\"https:\/\/sitios.iztacala.unam.mx\/cinig\/wp-content\/uploads\/sites\/13\/2022\/11\/ID_doc5-1024x535.jpg\" alt=\"\" class=\"wp-image-368\" style=\"width:256px;height:134px\" srcset=\"https:\/\/sitios.iztacala.unam.mx\/cinig\/wp-content\/uploads\/sites\/13\/2022\/11\/ID_doc5-1024x535.jpg 1024w, https:\/\/sitios.iztacala.unam.mx\/cinig\/wp-content\/uploads\/sites\/13\/2022\/11\/ID_doc5-300x157.jpg 300w, https:\/\/sitios.iztacala.unam.mx\/cinig\/wp-content\/uploads\/sites\/13\/2022\/11\/ID_doc5-768x401.jpg 768w, https:\/\/sitios.iztacala.unam.mx\/cinig\/wp-content\/uploads\/sites\/13\/2022\/11\/ID_doc5.jpg 1200w\" sizes=\"auto, (max-width: 1024px) 100vw, 1024px\" \/><\/a><figcaption class=\"wp-element-caption\"><a href=\"https:\/\/sitios.iztacala.unam.mx\/cinig\/wp-content\/uploads\/sites\/13\/2022\/11\/5.-Punteo-Acciones-UNAM.pdf\" target=\"_blank\" rel=\"noreferrer noopener\">BOLETIN: Acciones en favor de la igualdad de G\u00e9nero realizadas por la CIGU UNAM.<br><\/a><\/figcaption><\/figure>\n<\/div>\n\n\n<p><\/p>\n<\/div>\n<\/div>\n\n\n\n<p><\/p>\n","protected":false},"excerpt":{"rendered":"","protected":false},"author":2,"featured_media":0,"parent":0,"menu_order":0,"comment_status":"closed","ping_status":"closed","template":"","meta":{"footnotes":""},"class_list":["post-327","page","type-page","status-publish"],"jetpack_sharing_enabled":true,"_links":{"self":[{"href":"https:\/\/sitios.iztacala.unam.mx\/cinig\/wp-json\/wp\/v2\/pages\/327","targetHints":{"allow":["GET"]}}],"collection":[{"href":"https:\/\/sitios.iztacala.unam.mx\/cinig\/wp-json\/wp\/v2\/pages"}],"about":[{"href":"https:\/\/sitios.iztacala.unam.mx\/cinig\/wp-json\/wp\/v2\/types\/page"}],"author":[{"embeddable":true,"href":"https:\/\/sitios.iztacala.unam.mx\/cinig\/wp-json\/wp\/v2\/users\/2"}],"replies":[{"embeddable":true,"href":"https:\/\/sitios.iztacala.unam.mx\/cinig\/wp-json\/wp\/v2\/comments?post=327"}],"version-history":[{"count":18,"href":"https:\/\/sitios.iztacala.unam.mx\/cinig\/wp-json\/wp\/v2\/pages\/327\/revisions"}],"predecessor-version":[{"id":591,"href":"https:\/\/sitios.iztacala.unam.mx\/cinig\/wp-json\/wp\/v2\/pages\/327\/revisions\/591"}],"wp:attachment":[{"href":"https:\/\/sitios.iztacala.unam.mx\/cinig\/wp-json\/wp\/v2\/media?parent=327"}],"curies":[{"name":"wp","href":"https:\/\/api.w.org\/{rel}","templated":true}]}}