{"id":19,"date":"2022-06-07T16:26:30","date_gmt":"2022-06-07T16:26:30","guid":{"rendered":"https:\/\/sitios.iztacala.unam.mx\/cinig\/?page_id=19"},"modified":"2022-06-16T15:35:11","modified_gmt":"2022-06-16T15:35:11","slug":"ruta-de-atencion","status":"publish","type":"page","link":"https:\/\/sitios.iztacala.unam.mx\/cinig\/ruta-de-atencion\/","title":{"rendered":"RUTA DE ATENCI\u00d3N"},"content":{"rendered":"\n<div class=\"wp-block-columns is-layout-flex wp-container-core-columns-is-layout-9d6595d7 wp-block-columns-is-layout-flex\">\n<div class=\"wp-block-column is-vertically-aligned-center is-layout-flow wp-block-column-is-layout-flow\" style=\"flex-basis:33.33%\">\n<figure class=\"wp-block-embed is-type-video is-provider-youtube wp-block-embed-youtube wp-embed-aspect-16-9 wp-has-aspect-ratio\"><div class=\"wp-block-embed__wrapper\">\n<iframe loading=\"lazy\" title=\"\u00bfQui\u00e9n es qui\u00e9n por la Igualdad de G\u00e9nero en la UNAM?\" width=\"1200\" height=\"675\" src=\"https:\/\/www.youtube.com\/embed\/LszoWvkGU3A?feature=oembed\" frameborder=\"0\" allow=\"accelerometer; autoplay; clipboard-write; encrypted-media; gyroscope; picture-in-picture\" allowfullscreen><\/iframe>\n<\/div><\/figure>\n<\/div>\n\n\n\n<div class=\"wp-block-column is-vertically-aligned-center is-layout-flow wp-block-column-is-layout-flow\" style=\"flex-basis:66.66%\">\n<p class=\"has-text-align-center\"><span style=\"color:#9604ba\" class=\"has-inline-color\"><strong>\u00bfQui\u00e9n es qui\u00e9n por la Igualdad de G\u00e9nero en la UNAM?<\/strong><\/span><\/p>\n\n\n\n<p class=\"has-text-align-center\">La UNAM se est\u00e1 transformando, conoce aqu\u00ed a las instancias encargadas de trabajar en la prevenci\u00f3n y atenci\u00f3n de la violencia de g\u00e9nero en nuestra casa de estudio.<\/p>\n<\/div>\n<\/div>\n\n\n\n<p><strong>\u00bf<span style=\"color:#9604ba\" class=\"has-inline-color\">Qui\u00e9n se encarga de atender las quejas por violencia de genero en la UNAM?<\/span><\/strong><\/p>\n\n\n\n<p> La Defensor\u00eda de los Derechos Universitarios, Igualdad y Atenci\u00f3n de la Violencia de G\u00e9nero.<\/p>\n\n\n\n<ul class=\"wp-block-list\"><li>Ac\u00e9rcate a la Defensor\u00eda (antes de ir a la oficina jur\u00eddica de tu Entidad Acad\u00e9mica o Dependencia Universitaria). <\/li><li>Hablar con la Defensor\u00eda es tu derecho. Nadie te puede amenazar o intimidar si te acercas.&nbsp;<\/li><li>La Defensor\u00eda tiene la&nbsp; obligaci\u00f3n de mantener la confidencialidad. Nadie va a saber que acudiste a la Defensor\u00eda, hasta que decidas presentar tu queja y la notifiquemos a la autoridad.<\/li><\/ul>\n\n\n\n<p><\/p>\n\n\n\n<p class=\"has-text-align-center has-base-3-color has-text-color has-background has-large-font-size\" style=\"background-color:#f296f2\"><strong> Conoce la ruta de atenci\u00f3n a casos de violencia de genero en la UNAM <\/strong><\/p>\n\n\n\n<p class=\"has-background has-medium-font-size\" style=\"background-color:#add3f8\"><strong>Paso 1. Pide orientaci\u00f3n en el portal o por tel\u00e9fono:<\/strong><\/p>\n\n\n\n<p>En la p\u00e1gina de la Defensor\u00eda de los Derechos Universitarios, Igualdad y Atenci\u00f3n de la Violencia de G\u00e9nero encontrar\u00e1s un <a href=\"https:\/\/www.defensoria.unam.mx\/genero\/atencion\/orientaForm.php\">formulario para solicitar atenci\u00f3n<\/a><\/p>\n\n\n\n<p><a href=\"https:\/\/www.defensoria.unam.mx\/\" target=\"_blank\" rel=\"noreferrer noopener\">https:\/\/www.defensoria.unam.mx-7<\/a><\/p>\n\n\n\n<p>Tambi\u00e9n puedes solicitar orientaci\u00f3n en el tel\u00e9fono:<\/p>\n\n\n\n<p>55 4161 6048 (con 40 l\u00edneas de atenci\u00f3n disponibles)<br>Marca 2 para G\u00e9nero<\/p>\n\n\n\n<p class=\"has-background has-medium-font-size\" style=\"background-color:#add3f8\"><strong>Paso 2. Una psic\u00f3loga te contestar\u00e1 o contactar\u00e1 a trav\u00e9s de correo electr\u00f3nico<\/strong><\/p>\n\n\n\n<p><strong>1. En su atenci\u00f3n, la psic\u00f3loga:<\/strong><\/p>\n\n\n\n<p>a) Te escuchar\u00e1 con atenci\u00f3n e inter\u00e9s en el tema que les compartas.<\/p>\n\n\n\n<p>b) Te brindar\u00e1 contenci\u00f3n, si as\u00ed lo requieres;<\/p>\n\n\n\n<p>c) Podr\u00e1 canalizarte a un servicio de atenci\u00f3n psicol\u00f3gica en la UNAM (Facultad de Medicina, Psicolog\u00eda, de Estudios Superiores Iztacala,).<\/p>\n\n\n\n<p>d) Si quieres conocer los procedimientos legales, te comunicar\u00e1 con una abogada especializada en casos de violencia de g\u00e9nero.<\/p>\n\n\n\n<p><strong>2. Al solicitar orientaci\u00f3n, puedes pedir hablar con una abogada directamente.<\/strong><\/p>\n\n\n\n<p><strong>3. Si terceras personas informan a la Defensor\u00eda sobre un hecho relacionado con violencia de g\u00e9nero o nos enteramos por las noticias,<\/strong> trataremos de hacer contacto con quien vivi\u00f3 la violencia directamente. Para que los expedientes puedan ser \u00fatiles a las autoridades al decidir sobre los procedimientos, es necesario contar con la informaci\u00f3n de primera mano y la presentaci\u00f3n de la queja.<\/p>\n\n\n\n<p class=\"has-background has-medium-font-size\" style=\"background-color:#add3f8\"><strong>Paso 3. En su atenci\u00f3n, la abogada:<\/strong><\/p>\n\n\n\n<ul class=\"wp-block-list\"><li>Te informar\u00e1 sobre los procedimientos al interior de la UNAM;<\/li><li>Si lo decides, la abogada y psic\u00f3loga, juntas o por separado, te ayudar\u00e1n a escribir tu historia con las especificaciones que se requieren: cu\u00e1ndo, d\u00f3nde y c\u00f3mo sucedieron los hechos.<\/li><li>Si as\u00ed lo deseas, podr\u00e1 acompa\u00f1arte al Ministerio P\u00fablico, a presentar una denuncia, si de tu historia se advierten conductas que puede ser considerada un delito.<\/li><\/ul>\n\n\n\n<p class=\"has-background has-medium-font-size\" style=\"background-color:#add3f8\"><strong>Paso 4. Cuando tu historia est\u00e1 lista, la Defensor\u00eda remitir\u00e1 la documentaci\u00f3n a la autoridad:<\/strong><\/p>\n\n\n\n<ol class=\"wp-block-list\"><li>La narrativa de tu experiencia; <\/li><li>Un acta para acreditar tu identidad;<\/li><li>Peticiones tuyas para que la autoridad te informe del avance;<\/li><li>Solicitudes de informaci\u00f3n para que la autoridad mantenga a la Defensor\u00eda al tanto del asunto.<\/li><\/ol>\n\n\n\n<p class=\"has-text-align-center\"><strong>Si la abogada ve que en tu caso hay implicaciones en la vida acad\u00e9mica, la Defensor\u00eda trabajar\u00e1 junto con una abogada del \u00e1rea de Derechos Universitarios para que la situaci\u00f3n se atienda de manera integral.<\/strong><\/p>\n\n\n\n<p class=\"has-text-color\" style=\"color:#a707cf\"><strong>Mientras todo esto pasa: \u00bfQu\u00e9 apoyo hay entre el primer contacto y el final del proceso de sanci\u00f3n si te sientes en riesgo?<\/strong> <\/p>\n\n\n\n<p class=\"has-contrast-color has-text-color\">Para contener un probable riesgo, la Defensor\u00eda puede solicitar a la autoridad medidas precautorias.  <\/p>\n\n\n\n<p class=\"has-text-color\" style=\"color:#a707cf\"><strong>\u00bfY si me dicen que mi caso no implica violencia por razones de g\u00e9nero? <\/strong><\/p>\n\n\n\n<p class=\"has-contrast-color has-text-color\">Para decir si un asunto de violencia no implica violencia por razones de genero, DOS abogados deben estar de acuerdo. En esta situaci\u00f3n, unx abogadx del \u00e1rea de derechos universitarios te contactar\u00e1 para orientarte sobre el tr\u00e1mite para que la autoridad universitaria tome conocimiento del asunto. Puede haber aceros de violencia de g\u00e9nero. <\/p>\n\n\n\n<p class=\"has-text-color\" style=\"color:#a707cf\"><strong>\u00bfQu\u00e9 hace la Defensor\u00eda cuando ya se ha presentado la queja? <\/strong><\/p>\n\n\n\n<ol class=\"wp-block-list\"><li>Se remitir\u00e1 tu narraci\u00f3n para que la autoridad decida si se inicia un procedimiento de sanci\u00f3n conforme a la normativa universitaria<\/li><li>Si es necesario, se solicitar\u00e1n a la autoridad medidas precautorias.<\/li><li>Se solicitar\u00e1 informaci\u00f3n a la autoridad sobre tu proceso.<\/li><li>Seguimos pendientes de lo que pase.<\/li><\/ol>\n\n\n\n<p class=\"has-text-align-center\" style=\"font-size:22px\"><strong><em>\u00a1Por favor, inf\u00f3rmanos de<\/em> <em>cualquier evento nuevo que te haga sentir en riesgo; o que te haga sentir intimidada! <\/em><\/strong><\/p>\n\n\n\n<p class=\"has-text-color\" style=\"color:#a707cf\"><strong>\u00bfPor donde pasa la queja y con quien se comunica la defensor\u00eda si necesita tener informaci\u00f3n?  <\/strong><\/p>\n\n\n\n<ol class=\"wp-block-list\"><li>Empiezas en la Defensor\u00eda contando tu historia.<\/li><li>Se hacen los documentos legales para que la autoridad pueda conocer lo que pas\u00f3;<\/li><li>Se env\u00edan los documentos a la autoridad en donde est\u00e9 adscrita la persona se\u00f1alada como responsable (\u201cremisi\u00f3n\u201d)  <ul><li>Todas las entidades y dependencias tienen una Oficina Jur\u00eddica que se hace cargo de los procedimientos y la persona titular del \u00e1rea toma las&nbsp;&nbsp; decisiones en materia laboral o decide si consigna el asunto al Tribunal Universitario.<\/li><\/ul><\/li><li>La Defensor\u00eda se encarga de que la autoridad informe (a ti y a nosotras) del asunto hasta que termine el procedimiento.<\/li><\/ol>\n\n\n\n<p class=\"has-text-color\" style=\"color:#a707cf\"><strong>\u00bfQu\u00e9 hago si no me satisfizo el servicio que recib\u00ed en la Defensor\u00eda? <\/strong><\/p>\n\n\n\n<p>Por favor, escribe a la titular: guadalupe@defensor\u00eda.unam.mx, tambi\u00e9n puedes comunicarte con las <strong><a href=\"https:\/\/sitios.iztacala.unam.mx\/poc\/\" target=\"_blank\" rel=\"noreferrer noopener\">POC<\/a><\/strong> (Personas Orientadoras Comunitarias) <\/p>\n\n\n\n<div class=\"wp-block-group\"><div class=\"wp-block-group__inner-container is-layout-flow wp-block-group-is-layout-flow\">\n<p class=\"has-text-align-center has-text-color has-large-font-size\" style=\"color:#cb1417\"><strong>Si has sido victima de violencia de g\u00e9nero<\/strong><\/p>\n\n\n\n<p class=\"has-text-align-center has-text-color has-large-font-size\" style=\"color:#cb1417\"><strong>PRESENTA UNA QUEJA <\/strong> <\/p>\n<\/div><\/div>\n\n\n\n<div class=\"wp-block-image\"><figure class=\"aligncenter is-resized\"><img loading=\"lazy\" decoding=\"async\" src=\"https:\/\/coordinaciongenero.unam.mx\/wp-content\/uploads\/2021\/02\/unam-cigu-telefonos-atencion-violencia-de-genero-defensoria.png\" alt=\"\" width=\"1031\" height=\"323\" \/><\/figure><\/div>\n","protected":false},"excerpt":{"rendered":"<p>\u00bfQui\u00e9n es qui\u00e9n por la Igualdad de G\u00e9nero en la UNAM? La UNAM se est\u00e1 transformando, conoce aqu\u00ed a las instancias encargadas de trabajar en la prevenci\u00f3n y atenci\u00f3n de la violencia de g\u00e9nero en nuestra casa de estudio. \u00bfQui\u00e9n se encarga de atender las quejas por violencia de genero en la UNAM? La Defensor\u00eda &#8230; <a title=\"RUTA DE ATENCI\u00d3N\" class=\"read-more\" href=\"https:\/\/sitios.iztacala.unam.mx\/cinig\/ruta-de-atencion\/\" aria-label=\"Leer m\u00e1s sobre RUTA DE ATENCI\u00d3N\">Read more<\/a><\/p>\n","protected":false},"author":2,"featured_media":0,"parent":0,"menu_order":0,"comment_status":"closed","ping_status":"closed","template":"","meta":{"footnotes":""},"class_list":["post-19","page","type-page","status-publish"],"jetpack_sharing_enabled":true,"_links":{"self":[{"href":"https:\/\/sitios.iztacala.unam.mx\/cinig\/wp-json\/wp\/v2\/pages\/19","targetHints":{"allow":["GET"]}}],"collection":[{"href":"https:\/\/sitios.iztacala.unam.mx\/cinig\/wp-json\/wp\/v2\/pages"}],"about":[{"href":"https:\/\/sitios.iztacala.unam.mx\/cinig\/wp-json\/wp\/v2\/types\/page"}],"author":[{"embeddable":true,"href":"https:\/\/sitios.iztacala.unam.mx\/cinig\/wp-json\/wp\/v2\/users\/2"}],"replies":[{"embeddable":true,"href":"https:\/\/sitios.iztacala.unam.mx\/cinig\/wp-json\/wp\/v2\/comments?post=19"}],"version-history":[{"count":33,"href":"https:\/\/sitios.iztacala.unam.mx\/cinig\/wp-json\/wp\/v2\/pages\/19\/revisions"}],"predecessor-version":[{"id":259,"href":"https:\/\/sitios.iztacala.unam.mx\/cinig\/wp-json\/wp\/v2\/pages\/19\/revisions\/259"}],"wp:attachment":[{"href":"https:\/\/sitios.iztacala.unam.mx\/cinig\/wp-json\/wp\/v2\/media?parent=19"}],"curies":[{"name":"wp","href":"https:\/\/api.w.org\/{rel}","templated":true}]}}