{"id":129,"date":"2022-06-09T17:10:48","date_gmt":"2022-06-09T17:10:48","guid":{"rendered":"https:\/\/sitios.iztacala.unam.mx\/cinig\/?page_id=129"},"modified":"2022-06-16T15:31:39","modified_gmt":"2022-06-16T15:31:39","slug":"poc","status":"publish","type":"page","link":"https:\/\/sitios.iztacala.unam.mx\/cinig\/poc\/","title":{"rendered":"POC"},"content":{"rendered":"\n<div class=\"wp-block-columns is-layout-flex wp-container-core-columns-is-layout-9d6595d7 wp-block-columns-is-layout-flex\">\n<div class=\"wp-block-column is-layout-flow wp-block-column-is-layout-flow\" style=\"flex-basis:100%\">\n<div class=\"wp-block-columns is-layout-flex wp-container-core-columns-is-layout-9d6595d7 wp-block-columns-is-layout-flex\">\n<div class=\"wp-block-column is-vertically-aligned-center is-layout-flow wp-block-column-is-layout-flow\">\n<p class=\"has-text-align-center\"> <\/p>\n\n\n\n<p><\/p>\n\n\n\n<p><\/p>\n\n\n\n<p class=\"has-text-align-center\">Las personas orientadoras comunitarias (POC) son parte de la comunidad universitaria capacitadas para ser promotoras institucionales comunitarias de la igualdad sustantiva, prevenci\u00f3n y erradicaci\u00f3n de la violencia por razones de g\u00e9nero en la UNAM.  <\/p>\n<\/div>\n\n\n\n<div class=\"wp-block-column is-layout-flow wp-block-column-is-layout-flow\">\n<div class=\"wp-block-image\"><figure class=\"aligncenter is-resized\"><a href=\"https:\/\/sitios.iztacala.unam.mx\/poc\/\" target=\"_blank\" rel=\"noopener\"><img loading=\"lazy\" decoding=\"async\" src=\"https:\/\/img.genial.ly\/6188b1a029e17d001178d377\/26262606-50c9-4da4-ad6f-03bd7a8b36d5.png\" alt=\"\" width=\"237\" height=\"237\" \/><\/a><\/figure><\/div>\n<\/div>\n<\/div>\n<\/div>\n<\/div>\n\n\n\n<div class=\"wp-block-buttons is-content-justification-center is-layout-flex wp-block-buttons-is-layout-flex\">\n<div class=\"wp-block-button has-custom-width wp-block-button__width-75 has-custom-font-size is-style-fill\" style=\"font-size:25px\"><a class=\"wp-block-button__link has-contrast-color has-text-color has-background\" href=\"https:\/\/sitios.iztacala.unam.mx\/poc\/\" style=\"border-radius:24px;background-color:#fe92e1\" target=\"_blank\" rel=\"noreferrer noopener\">Conoce m\u00e1s de las POC de la FES Iztacala <\/a><\/div>\n<\/div>\n","protected":false},"excerpt":{"rendered":"<p>Las personas orientadoras comunitarias (POC) son parte de la comunidad universitaria capacitadas para ser promotoras institucionales comunitarias de la igualdad sustantiva, prevenci\u00f3n y erradicaci\u00f3n de la violencia por razones de g\u00e9nero en la UNAM.<\/p>\n","protected":false},"author":2,"featured_media":0,"parent":0,"menu_order":0,"comment_status":"closed","ping_status":"closed","template":"","meta":{"footnotes":""},"class_list":["post-129","page","type-page","status-publish"],"jetpack_sharing_enabled":true,"_links":{"self":[{"href":"https:\/\/sitios.iztacala.unam.mx\/cinig\/wp-json\/wp\/v2\/pages\/129","targetHints":{"allow":["GET"]}}],"collection":[{"href":"https:\/\/sitios.iztacala.unam.mx\/cinig\/wp-json\/wp\/v2\/pages"}],"about":[{"href":"https:\/\/sitios.iztacala.unam.mx\/cinig\/wp-json\/wp\/v2\/types\/page"}],"author":[{"embeddable":true,"href":"https:\/\/sitios.iztacala.unam.mx\/cinig\/wp-json\/wp\/v2\/users\/2"}],"replies":[{"embeddable":true,"href":"https:\/\/sitios.iztacala.unam.mx\/cinig\/wp-json\/wp\/v2\/comments?post=129"}],"version-history":[{"count":7,"href":"https:\/\/sitios.iztacala.unam.mx\/cinig\/wp-json\/wp\/v2\/pages\/129\/revisions"}],"predecessor-version":[{"id":257,"href":"https:\/\/sitios.iztacala.unam.mx\/cinig\/wp-json\/wp\/v2\/pages\/129\/revisions\/257"}],"wp:attachment":[{"href":"https:\/\/sitios.iztacala.unam.mx\/cinig\/wp-json\/wp\/v2\/media?parent=129"}],"curies":[{"name":"wp","href":"https:\/\/api.w.org\/{rel}","templated":true}]}}