{"id":10,"date":"2022-06-07T16:24:21","date_gmt":"2022-06-07T16:24:21","guid":{"rendered":"https:\/\/sitios.iztacala.unam.mx\/cinig\/?page_id=10"},"modified":"2022-06-16T15:26:08","modified_gmt":"2022-06-16T15:26:08","slug":"inicio","status":"publish","type":"page","link":"https:\/\/sitios.iztacala.unam.mx\/cinig\/","title":{"rendered":"INICIO"},"content":{"rendered":"\n<div class=\"alignnormal\"><div id=\"metaslider-id-39\" style=\"width: 100%;\" class=\"ml-slider-3-108-0 ml-slider-pro-2-53-0 metaslider metaslider-flex metaslider-39 ml-slider has-dots-nav ms-theme-default\" role=\"region\" aria-label=\"cinig\" data-height=\"350\" data-width=\"1200\">\n    <div id=\"metaslider_container_39\">\n        <div id=\"metaslider_39\">\n            <ul class='slides'>\n                <li style=\"display: block; width: 100%;\" class=\"slide-597 ms-image \" aria-roledescription=\"slide\" data-date=\"2026-01-10 23:47:28\" data-filename=\"Copia-de-25-N-27-1200x350.png\" data-slide-type=\"image\"><a href=\"https:\/\/sitios.iztacala.unam.mx\/cinig\/wp-content\/uploads\/sites\/13\/2026\/01\/Propuesta-del-documento-Recomendaciones-para-la-actuacion-docente.pdf\" target=\"_self\" aria-label=\"View Slide Details\" class=\"metaslider_image_link\"><img loading=\"lazy\" decoding=\"async\" src=\"https:\/\/sitios.iztacala.unam.mx\/cinig\/wp-content\/uploads\/sites\/13\/2026\/01\/Copia-de-25-N-27-1200x350.png\" height=\"350\" width=\"1200\" alt=\"\" class=\"slider-39 slide-597 msDefaultImage\" title=\"Copia de 25 N (27)\" \/><\/a><\/li>\n                <li style=\"display: none; width: 100%;\" class=\"slide-588 ms-image \" aria-roledescription=\"slide\" data-date=\"2025-10-02 22:03:07\" data-filename=\"Copia-de-25-N-23-1200x350.png\" data-slide-type=\"image\"><a href=\"https:\/\/sitios.iztacala.unam.mx\/cinig\/2025\/10\/02\/protocolo-para-la-atencion-integral-de-casos-de-violencia-por-razones-de-genero-en-la-universidad-nacional-autonoma-de-mexico\/\" target=\"_self\" aria-label=\"View Slide Details\" class=\"metaslider_image_link\"><img loading=\"lazy\" decoding=\"async\" src=\"https:\/\/sitios.iztacala.unam.mx\/cinig\/wp-content\/uploads\/sites\/13\/2025\/10\/Copia-de-25-N-23-1200x350.png\" height=\"350\" width=\"1200\" alt=\"\" class=\"slider-39 slide-588 msDefaultImage\" title=\"Copia de 25 N (23)\" \/><\/a><\/li>\n                <li style=\"display: none; width: 100%;\" class=\"slide-587 ms-image \" aria-roledescription=\"slide\" data-date=\"2025-10-02 22:02:35\" data-filename=\"Copia-de-25-N-22-1200x350.png\" data-slide-type=\"image\"><a href=\"https:\/\/sitios.iztacala.unam.mx\/cinig\/2025\/10\/02\/ruta-de-atencion-para-quejas-por-violencia-de-genero\/\" target=\"_self\" aria-label=\"View Slide Details\" class=\"metaslider_image_link\"><img loading=\"lazy\" decoding=\"async\" src=\"https:\/\/sitios.iztacala.unam.mx\/cinig\/wp-content\/uploads\/sites\/13\/2025\/10\/Copia-de-25-N-22-1200x350.png\" height=\"350\" width=\"1200\" alt=\"\" class=\"slider-39 slide-587 msDefaultImage\" title=\"Copia de 25 N (22)\" \/><\/a><\/li>\n                <li style=\"display: none; width: 100%;\" class=\"slide-576 ms-image \" aria-roledescription=\"slide\" data-date=\"2025-09-11 15:37:27\" data-filename=\"ID_directorioPOCS-1200x350.jpg\" data-slide-type=\"image\"><a href=\"https:\/\/view.genially.com\/64fabde2209e9900116c1975\/dossier-directorio-poc\" target=\"_self\" aria-label=\"Directorio POCs\" class=\"metaslider_image_link\"><img loading=\"lazy\" decoding=\"async\" src=\"https:\/\/sitios.iztacala.unam.mx\/cinig\/wp-content\/uploads\/sites\/13\/2025\/09\/ID_directorioPOCS-1200x350.jpg\" height=\"350\" width=\"1200\" alt=\"\" class=\"slider-39 slide-576 msDefaultImage\" title=\"ID_directorioPOCS\" \/><\/a><\/li>\n                <li style=\"display: none; width: 100%;\" class=\"slide-543 ms-image \" aria-roledescription=\"slide\" data-date=\"2024-05-27 06:14:50\" data-filename=\"Da-click-para-enterarte-de-todo1-1200x350.png\" data-slide-type=\"image\"><img loading=\"lazy\" decoding=\"async\" src=\"https:\/\/sitios.iztacala.unam.mx\/cinig\/wp-content\/uploads\/sites\/13\/2024\/05\/Da-click-para-enterarte-de-todo1-1200x350.png\" height=\"350\" width=\"1200\" alt=\"\" class=\"slider-39 slide-543 msDefaultImage\" title=\"Da click para enterarte de todo(1)\" \/><\/li>\n                <li style=\"display: none; width: 100%;\" class=\"slide-537 ms-image \" aria-roledescription=\"slide\" data-date=\"2024-05-06 18:06:02\" data-filename=\"Da-click-para-enterarte-de-todo-1200x350.png\" data-slide-type=\"image\"><a href=\"https:\/\/sitios.iztacala.unam.mx\/cinig\/wp-content\/uploads\/sites\/13\/2024\/05\/PRONUNCIAMIENTO-CINIG-FESI-ABRIL-2024-PAGINA-WEB.pdf\" target=\"_self\" aria-label=\"View Slide Details\" class=\"metaslider_image_link\"><img loading=\"lazy\" decoding=\"async\" src=\"https:\/\/sitios.iztacala.unam.mx\/cinig\/wp-content\/uploads\/sites\/13\/2024\/05\/Da-click-para-enterarte-de-todo-1200x350.png\" height=\"350\" width=\"1200\" alt=\"\" class=\"slider-39 slide-537 msDefaultImage\" title=\"Da click para enterarte de todo\" \/><\/a><\/li>\n                <li class=\"slide-280 ms-postfeed post-594 \" style=\"display: none; width: 100%;\" data-slide-type=\"post_feed\" data-date=\"2022-06-28 18:55:34\" data-filename=\"Copia-de-25-N-27.png\"><a href=\"https:\/\/sitios.iztacala.unam.mx\/cinig\/2026\/01\/10\/recomendaciones-para-la-actuacion-docente-ante-casos-de-estudiantes-involucrados-en-procesos-juridicos-por-violencia-de-genero-para-prevenir-cualquier-tipo-de-revictimizacion\/\" target=\"_self\"><img loading=\"lazy\" decoding=\"async\" src=\"https:\/\/sitios.iztacala.unam.mx\/cinig\/wp-content\/uploads\/sites\/13\/2026\/01\/Copia-de-25-N-27-1200x350.png\" height=\"350\" width=\"1200\" alt=\"\" class=\"msDefaultImage\" \/><\/a><div class='caption-wrap'><div class='caption'><div><strong><span class=\"post-feed-title\" data-title=\"Recomendaciones para la actuaci\u00f3n docente ante casos de estudiantes involucrados en procesos jur\u00eddicos por violencia de g\u00e9nero para prevenir cualquier tipo de revictimizaci\u00f3n.\" data-smartphone-length=\"100\" data-tablet-length=\"100\" data-laptop-length=\"100\" data-desktop-length=\"100\">Recomendaciones para la actuaci\u00f3n docente ante casos de estudiantes involucrados en procesos jur\u00eddicos por violencia de g\u00e9nero para prevenir cualquier tipo de revictimizaci\u00f3n.<\/span><\/strong> <em>cinig, 10 enero, 2026<\/em> <a href=\"https:\/\/sitios.iztacala.unam.mx\/cinig\/2026\/01\/10\/recomendaciones-para-la-actuacion-docente-ante-casos-de-estudiantes-involucrados-en-procesos-juridicos-por-violencia-de-genero-para-prevenir-cualquier-tipo-de-revictimizacion\/\">Read more\u2026<\/a><\/div><\/div><\/div><\/li>\n                <li class=\"slide-280 ms-postfeed post-584 \" style=\"display: none; width: 100%;\" data-slide-type=\"post_feed\" data-date=\"2022-06-28 18:55:34\" data-filename=\"Copia-de-25-N-21.png\"><a href=\"https:\/\/sitios.iztacala.unam.mx\/cinig\/2025\/10\/02\/protocolo-para-la-atencion-integral-de-casos-de-violencia-por-razones-de-genero-en-la-universidad-nacional-autonoma-de-mexico\/\" target=\"_self\"><img loading=\"lazy\" decoding=\"async\" src=\"https:\/\/sitios.iztacala.unam.mx\/cinig\/wp-content\/uploads\/sites\/13\/2025\/10\/Copia-de-25-N-21-1200x350.png\" height=\"350\" width=\"1200\" alt=\"\" class=\"msDefaultImage\" \/><\/a><div class='caption-wrap'><div class='caption'><div><strong><span class=\"post-feed-title\" data-title=\"Protocolo para la atenci\u00f3n integral de casos de violencia por razones de g\u00e9nero en la Universidad Nacional Aut\u00f3noma de M\u00e9xico\" data-smartphone-length=\"100\" data-tablet-length=\"100\" data-laptop-length=\"100\" data-desktop-length=\"100\">Protocolo para la atenci\u00f3n integral de casos de violencia por razones de g\u00e9nero en la Universidad Nacional Aut\u00f3noma de M\u00e9xico<\/span><\/strong> <em>cinig, 2 octubre, 2025<\/em> <a href=\"https:\/\/sitios.iztacala.unam.mx\/cinig\/2025\/10\/02\/protocolo-para-la-atencion-integral-de-casos-de-violencia-por-razones-de-genero-en-la-universidad-nacional-autonoma-de-mexico\/\">Read more\u2026<\/a><\/div><\/div><\/div><\/li>\n                <li class=\"slide-280 ms-postfeed post-585 \" style=\"display: none; width: 100%;\" data-slide-type=\"post_feed\" data-date=\"2022-06-28 18:55:34\" data-filename=\"Copia-de-25-N-22.png\"><a href=\"https:\/\/sitios.iztacala.unam.mx\/cinig\/2025\/10\/02\/ruta-de-atencion-para-quejas-por-violencia-de-genero\/\" target=\"_self\"><img loading=\"lazy\" decoding=\"async\" src=\"https:\/\/sitios.iztacala.unam.mx\/cinig\/wp-content\/uploads\/sites\/13\/2025\/10\/Copia-de-25-N-22-1200x350.png\" height=\"350\" width=\"1200\" alt=\"\" class=\"msDefaultImage\" \/><\/a><div class='caption-wrap'><div class='caption'><div><strong><span class=\"post-feed-title\" data-title=\"Ruta de atenci\u00f3n para quejas por violencia de g\u00e9nero\" data-smartphone-length=\"100\" data-tablet-length=\"100\" data-laptop-length=\"100\" data-desktop-length=\"100\">Ruta de atenci\u00f3n para quejas por violencia de g\u00e9nero<\/span><\/strong> <em>cinig, 2 octubre, 2025<\/em> <a href=\"https:\/\/sitios.iztacala.unam.mx\/cinig\/2025\/10\/02\/ruta-de-atencion-para-quejas-por-violencia-de-genero\/\">Read more\u2026<\/a><\/div><\/div><\/div><\/li>\n                <li style=\"display: none; width: 100%;\" class=\"slide-460 ms-image \" aria-roledescription=\"slide\" data-date=\"2023-04-20 20:00:07\" data-filename=\"ID_prescinig-1200x350.jpg\" data-slide-type=\"image\"><a href=\"https:\/\/www.iztacala.unam.mx\/avisos2023\/avisos23_prescinig.php\" target=\"_self\" aria-label=\"View Slide Details\" class=\"metaslider_image_link\"><img loading=\"lazy\" decoding=\"async\" src=\"https:\/\/sitios.iztacala.unam.mx\/cinig\/wp-content\/uploads\/sites\/13\/2023\/04\/ID_prescinig-1200x350.jpg\" height=\"350\" width=\"1200\" alt=\"\" class=\"slider-39 slide-460 msDefaultImage\" title=\"ID_prescinig\" \/><\/a><\/li>\n                <li style=\"display: none; width: 100%;\" class=\"slide-432 ms-image \" aria-roledescription=\"slide\" data-date=\"2023-03-24 18:22:17\" data-filename=\"BASE_IDs_cinig_ACCIONES-1200x350.jpg\" data-slide-type=\"image\"><a href=\"https:\/\/sitios.iztacala.unam.mx\/cinig\/wp-content\/uploads\/sites\/13\/2023\/03\/Acciones_fesi2023.pdf\" target=\"_self\" aria-label=\"View Slide Details\" class=\"metaslider_image_link\"><img loading=\"lazy\" decoding=\"async\" src=\"https:\/\/sitios.iztacala.unam.mx\/cinig\/wp-content\/uploads\/sites\/13\/2023\/03\/BASE_IDs_cinig_ACCIONES-1200x350.jpg\" height=\"350\" width=\"1200\" alt=\"\" class=\"slider-39 slide-432 msDefaultImage\" title=\"BASE_IDs_cinig_ACCIONES\" \/><\/a><\/li>\n                <li style=\"display: none; width: 100%;\" class=\"slide-337 ms-image \" aria-roledescription=\"slide\" data-date=\"2022-10-18 17:03:44\" data-filename=\"ID_declaracion-1200x350.jpg\" data-slide-type=\"image\"><a href=\"https:\/\/sitios.iztacala.unam.mx\/cinig\/wp-content\/uploads\/sites\/13\/2022\/11\/4.-Declaratoria-Cero-Tolerancia-25N-2022-1.pdf\" target=\"_self\" aria-label=\"View Slide Details\" class=\"metaslider_image_link\"><img loading=\"lazy\" decoding=\"async\" src=\"https:\/\/sitios.iztacala.unam.mx\/cinig\/wp-content\/uploads\/sites\/13\/2022\/10\/ID_declaracion-1200x350.jpg\" height=\"350\" width=\"1200\" alt=\"\" class=\"slider-39 slide-337 msDefaultImage\" title=\"ID_declaracion\" \/><\/a><\/li>\n                <li style=\"display: none; width: 100%;\" class=\"slide-365 ms-image \" aria-roledescription=\"slide\" data-date=\"2022-11-25 18:12:50\" data-filename=\"ID_25n1-1200x350.jpg\" data-slide-type=\"image\"><a href=\"https:\/\/sitios.iztacala.unam.mx\/cinig\/wp-content\/uploads\/sites\/13\/2022\/11\/6.-La-Boletina-25N.pdf\" target=\"_self\" aria-label=\"View Slide Details\" class=\"metaslider_image_link\"><img loading=\"lazy\" decoding=\"async\" src=\"https:\/\/sitios.iztacala.unam.mx\/cinig\/wp-content\/uploads\/sites\/13\/2022\/11\/ID_25n1-1200x350.jpg\" height=\"350\" width=\"1200\" alt=\"\" class=\"slider-39 slide-365 msDefaultImage\" title=\"ID_25n1\" \/><\/a><\/li>\n                <li style=\"display: none; width: 100%;\" class=\"slide-352 ms-image \" aria-roledescription=\"slide\" data-date=\"2022-11-23 17:44:15\" data-filename=\"ID_ptotocoloviolencia-1200x350.jpg\" data-slide-type=\"image\"><a href=\"https:\/\/sitios.iztacala.unam.mx\/cinig\/wp-content\/uploads\/sites\/13\/2022\/11\/Protocolo-atencion-integral-de-violencia-por-razones-de-genero_NOV2022-1.pdf\" target=\"_self\" aria-label=\"View Slide Details\" class=\"metaslider_image_link\"><img loading=\"lazy\" decoding=\"async\" src=\"https:\/\/sitios.iztacala.unam.mx\/cinig\/wp-content\/uploads\/sites\/13\/2022\/11\/ID_ptotocoloviolencia-1200x350.jpg\" height=\"350\" width=\"1200\" alt=\"\" class=\"slider-39 slide-352 msDefaultImage\" title=\"ID_ptotocoloviolencia\" \/><\/a><\/li>\n                <li style=\"display: none; width: 100%;\" class=\"slide-324 ms-image \" aria-roledescription=\"slide\" data-date=\"2022-10-18 16:36:08\" data-filename=\"ID_herramientasdocentes-1200x350.jpg\" data-slide-type=\"image\"><a href=\"https:\/\/sitios.iztacala.unam.mx\/cinig\/wp-content\/uploads\/sites\/13\/2022\/10\/Herramientas_docentes.pdf\" target=\"_self\" aria-label=\"View Slide Details\" class=\"metaslider_image_link\"><img loading=\"lazy\" decoding=\"async\" src=\"https:\/\/sitios.iztacala.unam.mx\/cinig\/wp-content\/uploads\/sites\/13\/2022\/10\/ID_herramientasdocentes-1200x350.jpg\" height=\"350\" width=\"1200\" alt=\"\" class=\"slider-39 slide-324 msDefaultImage\" title=\"ID_herramientasdocentes\" \/><\/a><\/li>\n                <li style=\"display: none; width: 100%;\" class=\"slide-326 ms-image \" aria-roledescription=\"slide\" data-date=\"2022-10-18 16:42:18\" data-filename=\"ID_glosario-1200x350.jpg\" data-slide-type=\"image\"><a href=\"https:\/\/sitios.iztacala.unam.mx\/cinig\/wp-content\/uploads\/sites\/13\/2022\/10\/Glosario_politicas.pdf\" target=\"_self\" aria-label=\"View Slide Details\" class=\"metaslider_image_link\"><img loading=\"lazy\" decoding=\"async\" src=\"https:\/\/sitios.iztacala.unam.mx\/cinig\/wp-content\/uploads\/sites\/13\/2022\/10\/ID_glosario-1200x350.jpg\" height=\"350\" width=\"1200\" alt=\"\" class=\"slider-39 slide-326 msDefaultImage\" title=\"ID_glosario\" \/><\/a><\/li>\n            <\/ul>\n        <\/div>\n        \n    <\/div>\n<\/div><\/div>\n\n\n\n<h3 class=\"wp-block-heading\">\u00bfQu\u00e9 es la CInIG-FESI?<\/h3>\n\n\n\n<p>La Comisi\u00f3n Interna para la Igualdad de G\u00e9nero es un \u00f3rgano auxiliar de la Facultad de Estudios Superiores Iztacala cuyo objetivo, es impulsar la implementaci\u00f3n de la pol\u00edtica institucional en materia de igualdad de g\u00e9nero de la Universidad y prevenir cualquier tipo de discriminaci\u00f3n y violencia por razones de g\u00e9nero, a trav\u00e9s de acciones sistem\u00e1ticas y profundas dise\u00f1adas con la participaci\u00f3n de las autoridades y la comunidad.<\/p>\n","protected":false},"excerpt":{"rendered":"<p>\u00bfQu\u00e9 es la CInIG-FESI? La Comisi\u00f3n Interna para la Igualdad de G\u00e9nero es un \u00f3rgano auxiliar de la Facultad de Estudios Superiores Iztacala cuyo objetivo, es impulsar la implementaci\u00f3n de la pol\u00edtica institucional en materia de igualdad de g\u00e9nero de la Universidad y prevenir cualquier tipo de discriminaci\u00f3n y violencia por razones de g\u00e9nero, a &#8230; <a title=\"Ruta de atenci\u00f3n para quejas por violencia de g\u00e9nero\" class=\"read-more\" href=\"https:\/\/sitios.iztacala.unam.mx\/cinig\/2025\/10\/02\/ruta-de-atencion-para-quejas-por-violencia-de-genero\/\" aria-label=\"Leer m\u00e1s sobre Ruta de atenci\u00f3n para quejas por violencia de g\u00e9nero\">Read more<\/a><\/p>\n","protected":false},"author":2,"featured_media":0,"parent":0,"menu_order":0,"comment_status":"closed","ping_status":"closed","template":"","meta":{"footnotes":""},"class_list":["post-10","page","type-page","status-publish","hentry","resize-featured-image"],"jetpack_sharing_enabled":true,"_links":{"self":[{"href":"https:\/\/sitios.iztacala.unam.mx\/cinig\/wp-json\/wp\/v2\/pages\/10","targetHints":{"allow":["GET"]}}],"collection":[{"href":"https:\/\/sitios.iztacala.unam.mx\/cinig\/wp-json\/wp\/v2\/pages"}],"about":[{"href":"https:\/\/sitios.iztacala.unam.mx\/cinig\/wp-json\/wp\/v2\/types\/page"}],"author":[{"embeddable":true,"href":"https:\/\/sitios.iztacala.unam.mx\/cinig\/wp-json\/wp\/v2\/users\/2"}],"replies":[{"embeddable":true,"href":"https:\/\/sitios.iztacala.unam.mx\/cinig\/wp-json\/wp\/v2\/comments?post=10"}],"version-history":[{"count":8,"href":"https:\/\/sitios.iztacala.unam.mx\/cinig\/wp-json\/wp\/v2\/pages\/10\/revisions"}],"predecessor-version":[{"id":255,"href":"https:\/\/sitios.iztacala.unam.mx\/cinig\/wp-json\/wp\/v2\/pages\/10\/revisions\/255"}],"wp:attachment":[{"href":"https:\/\/sitios.iztacala.unam.mx\/cinig\/wp-json\/wp\/v2\/media?parent=10"}],"curies":[{"name":"wp","href":"https:\/\/api.w.org\/{rel}","templated":true}]}}